{"id":136553,"date":"2024-02-13T15:07:04","date_gmt":"2024-02-13T13:07:04","guid":{"rendered":"https:\/\/metaltale.com\/produktas\/dexter-metala-galda-pagarinasanas-sistema-2\/"},"modified":"2024-02-13T15:07:04","modified_gmt":"2024-02-13T13:07:04","slug":"dexter-metala-galda-pagarinasanas-sistema-2","status":"publish","type":"product","link":"https:\/\/metaltale.com\/lv\/produkts\/dexter-metala-galda-pagarinasanas-sistema-2\/","title":{"rendered":"DEXTER met\u0101la galda pagarin\u0101\u0161anas sist\u0113ma"},"content":{"rendered":"<div class=\"prod_data\"><strong>Modelis<\/strong> FOR. DOS. PRGR <br \/><strong>Materi\u0101ls<\/strong> T\u0113rauds  <br \/><strong> [cm]Kop\u0113jais garums<\/strong> 70 <strong> <\/strong> <br \/><strong>Materi\u0101la biezums (cm<\/strong> ) PROFILS 4,5X4,5  <br \/><strong>Mont\u0101\u017eas skr\u016bves<\/strong> N\u0113  <br \/><strong>Kr\u0101sa<\/strong> Melna  <br \/>Apdare Pulvera p\u0101rkl\u0101jums <\/p>\n<p>Izstr\u0101d\u0101jums ir izgatavots no augst\u0101k\u0101s kvalit\u0101tes t\u0113rauda, kas garant\u0113 iztur\u012bbu.<\/p>\n<p>Papildu gulta ir izgatavota no 45&#215;45 mm profila, kas nodro\u0161ina konstrukcijas stabilit\u0101ti un iztur\u012bbu.<\/p>\n<p>Produkts palielina darba virsmas garumu no 30 l\u012bdz 55 cm.<\/p>\n<p>Pied\u0101v\u0101jum\u0101 ietilpst 2 gab. sliedes (vienai aug\u0161pus\u0113)<\/p>\n<hr>\n<p>Pied\u0101v\u0101t\u0101 papildu gulta galdam ir ide\u0101ls risin\u0101jums, kas \u013caus mums palielin\u0101t galda virsmu. Pateicoties galdu pieg\u0101d\u0101t\u0101jam, visos pas\u0101kumos &#8211; gan ar draugiem, gan \u0123imenes tik\u0161an\u0101s reiz\u0113s pie vakari\u0146\u0101m &#8211; vairs neb\u016bs vietas tr\u016bkuma probl\u0113mas. Izstr\u0101d\u0101jums ir p\u0101rkl\u0101ts ar pulverkr\u0101sas p\u0101rkl\u0101jumu, jo tas ir iztur\u012bgs pret skr\u0101p\u0113jumiem, un tas ir izgatavots no 45&#215;45 mm profila, kas to padara par \u013coti iztur\u012bgu un stabilu konstrukciju. Papildu gulta \u013caus mums pagarin\u0101t darba virsmu l\u012bdz pat 55 cm, nodro\u0161inot \u012bpa\u0161i lielu plat\u012bbu. M\u0113s pied\u0101v\u0101jam ar\u012b starpliku komplektu (8 gab.), kas ir nepiecie\u0161ami, lai izmantotu papildu gultu atkar\u012bb\u0101 no galda k\u0101ju veida.<\/p>\n<\/div>\n","protected":false},"excerpt":{"rendered":"<p>Modelis FOR. DOS. PRGR Materi\u0101ls T\u0113rauds [cm]Kop\u0113jais garums 70 Materi\u0101la biezums (cm ) PROFILS 4,5X4,5 Mont\u0101\u017eas skr\u016bves N\u0113 Kr\u0101sa Melna<\/p>\n","protected":false},"featured_media":107011,"comment_status":"open","ping_status":"closed","template":"","meta":{"_acf_changed":false,"pmpro_default_level":""},"product_brand":[],"product_cat":[24058],"product_tag":[],"class_list":{"0":"post-136553","1":"product","2":"type-product","3":"status-publish","4":"has-post-thumbnail","6":"product_cat-koka-darba-virsmas","7":"pmpro-has-access","9":"first","10":"instock","11":"shipping-taxable","12":"purchasable","13":"product-type-simple"},"acf":[],"yoast_head":"<!-- This site is optimized with the Yoast SEO plugin v24.9 - https:\/\/yoast.com\/wordpress\/plugins\/seo\/ -->\n<title>DEXTER met\u0101la galda pagarin\u0101\u0161anas sist\u0113ma - MetalTale.com<\/title>\n<meta name=\"robots\" content=\"index, follow, max-snippet:-1, max-image-preview:large, max-video-preview:-1\" \/>\n<link rel=\"canonical\" href=\"https:\/\/metaltale.com\/lv\/produkts\/dexter-metala-galda-pagarinasanas-sistema-2\/\" \/>\n<meta property=\"og:locale\" content=\"lv_LV\" \/>\n<meta property=\"og:type\" content=\"article\" \/>\n<meta property=\"og:title\" content=\"DEXTER met\u0101la galda pagarin\u0101\u0161anas sist\u0113ma - MetalTale.com\" \/>\n<meta property=\"og:description\" content=\"Modelis FOR. DOS. PRGR Materi\u0101ls T\u0113rauds [cm]Kop\u0113jais garums 70 Materi\u0101la biezums (cm ) PROFILS 4,5X4,5 Mont\u0101\u017eas skr\u016bves N\u0113 Kr\u0101sa Melna\" \/>\n<meta property=\"og:url\" content=\"https:\/\/metaltale.com\/lv\/produkts\/dexter-metala-galda-pagarinasanas-sistema-2\/\" \/>\n<meta property=\"og:site_name\" content=\"MetalTale.com\" \/>\n<meta name=\"twitter:card\" content=\"summary_large_image\" \/>\n<meta name=\"twitter:label1\" content=\"Est. reading time\" \/>\n\t<meta name=\"twitter:data1\" content=\"1 minute\" \/>\n<script type=\"application\/ld+json\" class=\"yoast-schema-graph\">{\"@context\":\"https:\/\/schema.org\",\"@graph\":[{\"@type\":\"WebPage\",\"@id\":\"https:\/\/metaltale.com\/lv\/produkts\/dexter-metala-galda-pagarinasanas-sistema-2\/\",\"url\":\"https:\/\/metaltale.com\/lv\/produkts\/dexter-metala-galda-pagarinasanas-sistema-2\/\",\"name\":\"DEXTER met\u0101la galda pagarin\u0101\u0161anas sist\u0113ma - MetalTale.com\",\"isPartOf\":{\"@id\":\"https:\/\/metaltale.com\/lv\/#website\"},\"primaryImageOfPage\":{\"@id\":\"https:\/\/metaltale.com\/lv\/produkts\/dexter-metala-galda-pagarinasanas-sistema-2\/#primaryimage\"},\"image\":{\"@id\":\"https:\/\/metaltale.com\/lv\/produkts\/dexter-metala-galda-pagarinasanas-sistema-2\/#primaryimage\"},\"thumbnailUrl\":\"https:\/\/metaltale.com\/wp-content\/uploads\/2023\/11\/Papildoma-lova-DEXTER-stalui.jpg\",\"datePublished\":\"2024-02-13T13:07:04+00:00\",\"breadcrumb\":{\"@id\":\"https:\/\/metaltale.com\/lv\/produkts\/dexter-metala-galda-pagarinasanas-sistema-2\/#breadcrumb\"},\"inLanguage\":\"lv-LV\",\"potentialAction\":[{\"@type\":\"ReadAction\",\"target\":[\"https:\/\/metaltale.com\/lv\/produkts\/dexter-metala-galda-pagarinasanas-sistema-2\/\"]}]},{\"@type\":\"ImageObject\",\"inLanguage\":\"lv-LV\",\"@id\":\"https:\/\/metaltale.com\/lv\/produkts\/dexter-metala-galda-pagarinasanas-sistema-2\/#primaryimage\",\"url\":\"https:\/\/metaltale.com\/wp-content\/uploads\/2023\/11\/Papildoma-lova-DEXTER-stalui.jpg\",\"contentUrl\":\"https:\/\/metaltale.com\/wp-content\/uploads\/2023\/11\/Papildoma-lova-DEXTER-stalui.jpg\",\"width\":800,\"height\":800},{\"@type\":\"BreadcrumbList\",\"@id\":\"https:\/\/metaltale.com\/lv\/produkts\/dexter-metala-galda-pagarinasanas-sistema-2\/#breadcrumb\",\"itemListElement\":[{\"@type\":\"ListItem\",\"position\":1,\"name\":\"Home\",\"item\":\"https:\/\/metaltale.com\/lv\/majas\/\"},{\"@type\":\"ListItem\",\"position\":2,\"name\":\"Veikals\",\"item\":\"https:\/\/metaltale.com\/lv\/shop\/\"},{\"@type\":\"ListItem\",\"position\":3,\"name\":\"DEXTER met\u0101la galda pagarin\u0101\u0161anas sist\u0113ma\"}]},{\"@type\":\"WebSite\",\"@id\":\"https:\/\/metaltale.com\/lv\/#website\",\"url\":\"https:\/\/metaltale.com\/lv\/\",\"name\":\"Metaltale.com\",\"description\":\"\",\"potentialAction\":[{\"@type\":\"SearchAction\",\"target\":{\"@type\":\"EntryPoint\",\"urlTemplate\":\"https:\/\/metaltale.com\/lv\/?s={search_term_string}\"},\"query-input\":{\"@type\":\"PropertyValueSpecification\",\"valueRequired\":true,\"valueName\":\"search_term_string\"}}],\"inLanguage\":\"lv-LV\"}]}<\/script>\n<!-- \/ Yoast SEO plugin. -->","yoast_head_json":{"title":"DEXTER met\u0101la galda pagarin\u0101\u0161anas sist\u0113ma - MetalTale.com","robots":{"index":"index","follow":"follow","max-snippet":"max-snippet:-1","max-image-preview":"max-image-preview:large","max-video-preview":"max-video-preview:-1"},"canonical":"https:\/\/metaltale.com\/lv\/produkts\/dexter-metala-galda-pagarinasanas-sistema-2\/","og_locale":"lv_LV","og_type":"article","og_title":"DEXTER met\u0101la galda pagarin\u0101\u0161anas sist\u0113ma - MetalTale.com","og_description":"Modelis FOR. DOS. PRGR Materi\u0101ls T\u0113rauds [cm]Kop\u0113jais garums 70 Materi\u0101la biezums (cm ) PROFILS 4,5X4,5 Mont\u0101\u017eas skr\u016bves N\u0113 Kr\u0101sa Melna","og_url":"https:\/\/metaltale.com\/lv\/produkts\/dexter-metala-galda-pagarinasanas-sistema-2\/","og_site_name":"MetalTale.com","twitter_card":"summary_large_image","twitter_misc":{"Est. reading time":"1 minute"},"schema":{"@context":"https:\/\/schema.org","@graph":[{"@type":"WebPage","@id":"https:\/\/metaltale.com\/lv\/produkts\/dexter-metala-galda-pagarinasanas-sistema-2\/","url":"https:\/\/metaltale.com\/lv\/produkts\/dexter-metala-galda-pagarinasanas-sistema-2\/","name":"DEXTER met\u0101la galda pagarin\u0101\u0161anas sist\u0113ma - MetalTale.com","isPartOf":{"@id":"https:\/\/metaltale.com\/lv\/#website"},"primaryImageOfPage":{"@id":"https:\/\/metaltale.com\/lv\/produkts\/dexter-metala-galda-pagarinasanas-sistema-2\/#primaryimage"},"image":{"@id":"https:\/\/metaltale.com\/lv\/produkts\/dexter-metala-galda-pagarinasanas-sistema-2\/#primaryimage"},"thumbnailUrl":"https:\/\/metaltale.com\/wp-content\/uploads\/2023\/11\/Papildoma-lova-DEXTER-stalui.jpg","datePublished":"2024-02-13T13:07:04+00:00","breadcrumb":{"@id":"https:\/\/metaltale.com\/lv\/produkts\/dexter-metala-galda-pagarinasanas-sistema-2\/#breadcrumb"},"inLanguage":"lv-LV","potentialAction":[{"@type":"ReadAction","target":["https:\/\/metaltale.com\/lv\/produkts\/dexter-metala-galda-pagarinasanas-sistema-2\/"]}]},{"@type":"ImageObject","inLanguage":"lv-LV","@id":"https:\/\/metaltale.com\/lv\/produkts\/dexter-metala-galda-pagarinasanas-sistema-2\/#primaryimage","url":"https:\/\/metaltale.com\/wp-content\/uploads\/2023\/11\/Papildoma-lova-DEXTER-stalui.jpg","contentUrl":"https:\/\/metaltale.com\/wp-content\/uploads\/2023\/11\/Papildoma-lova-DEXTER-stalui.jpg","width":800,"height":800},{"@type":"BreadcrumbList","@id":"https:\/\/metaltale.com\/lv\/produkts\/dexter-metala-galda-pagarinasanas-sistema-2\/#breadcrumb","itemListElement":[{"@type":"ListItem","position":1,"name":"Home","item":"https:\/\/metaltale.com\/lv\/majas\/"},{"@type":"ListItem","position":2,"name":"Veikals","item":"https:\/\/metaltale.com\/lv\/shop\/"},{"@type":"ListItem","position":3,"name":"DEXTER met\u0101la galda pagarin\u0101\u0161anas sist\u0113ma"}]},{"@type":"WebSite","@id":"https:\/\/metaltale.com\/lv\/#website","url":"https:\/\/metaltale.com\/lv\/","name":"Metaltale.com","description":"","potentialAction":[{"@type":"SearchAction","target":{"@type":"EntryPoint","urlTemplate":"https:\/\/metaltale.com\/lv\/?s={search_term_string}"},"query-input":{"@type":"PropertyValueSpecification","valueRequired":true,"valueName":"search_term_string"}}],"inLanguage":"lv-LV"}]}},"_links":{"self":[{"href":"https:\/\/metaltale.com\/lv\/wp-json\/wp\/v2\/product\/136553","targetHints":{"allow":["GET"]}}],"collection":[{"href":"https:\/\/metaltale.com\/lv\/wp-json\/wp\/v2\/product"}],"about":[{"href":"https:\/\/metaltale.com\/lv\/wp-json\/wp\/v2\/types\/product"}],"replies":[{"embeddable":true,"href":"https:\/\/metaltale.com\/lv\/wp-json\/wp\/v2\/comments?post=136553"}],"version-history":[{"count":0,"href":"https:\/\/metaltale.com\/lv\/wp-json\/wp\/v2\/product\/136553\/revisions"}],"wp:featuredmedia":[{"embeddable":true,"href":"https:\/\/metaltale.com\/lv\/wp-json\/wp\/v2\/media\/107011"}],"wp:attachment":[{"href":"https:\/\/metaltale.com\/lv\/wp-json\/wp\/v2\/media?parent=136553"}],"wp:term":[{"taxonomy":"product_brand","embeddable":true,"href":"https:\/\/metaltale.com\/lv\/wp-json\/wp\/v2\/product_brand?post=136553"},{"taxonomy":"product_cat","embeddable":true,"href":"https:\/\/metaltale.com\/lv\/wp-json\/wp\/v2\/product_cat?post=136553"},{"taxonomy":"product_tag","embeddable":true,"href":"https:\/\/metaltale.com\/lv\/wp-json\/wp\/v2\/product_tag?post=136553"}],"curies":[{"name":"wp","href":"https:\/\/api.w.org\/{rel}","templated":true}]}}