{"id":136538,"date":"2024-02-13T15:07:04","date_gmt":"2024-02-13T13:07:04","guid":{"rendered":"https:\/\/metaltale.com\/produktas\/knob-mebelu-rokturis\/"},"modified":"2024-02-13T15:07:04","modified_gmt":"2024-02-13T13:07:04","slug":"knob-mebelu-rokturis","status":"publish","type":"product","link":"https:\/\/metaltale.com\/lv\/produkts\/knob-mebelu-rokturis\/","title":{"rendered":"KNOB m\u0113be\u013cu rokturis"},"content":{"rendered":"<div class=\"prod_data\">\n<p><strong>Modelis<\/strong> 70.086.AC.32B<br \/>\nMateri\u0101ls Ketus<br \/>\n<strong>Kop\u0113jais diametrs (cm<\/strong> ) 3,2<br \/>\n<strong>Kop\u0113j\u0101 projekcija (cm<\/strong> ) 2,7<br \/>\n<strong>Mont\u0101\u017eas skr\u016bves<\/strong> Skr\u016bve<br \/>\n<strong>Kr\u0101sa<\/strong> Ant\u012bkais var\u0161<\/p>\n<p>Izgatavots no augst\u0101k\u0101s kvalit\u0101tes \u010duguna, kas garant\u0113 iztur\u012bbu un iztur\u012bbu.<\/p>\n<p>Klasiskas formas rokturis, kas padara to \u013coti funkcion\u0101lu<\/p>\n<p>Izstr\u0101d\u0101jumam ir pievienota skr\u016bve vieglai mont\u0101\u017eai<\/p>\n<hr>\n<p>M\u0113be\u013cu rokturi ir \u013coti svar\u012bgs elements, kad v\u0113lamies pie\u0161\u0137irt m\u0113bel\u0113m jaunu izskatu. Ir v\u0113rts atcer\u0113ties, ka pat nelielas deta\u013cas vai papildin\u0101jumi var uzlabot visas telpas vizu\u0101lo iespaidu.<\/p>\n<p>KNOB m\u0113be\u013cu poga ir klasiskas formas, ko veido plat\u0101ks korpuss, kas novietots uz pl\u0101nas k\u0101ji\u0146as, kas nodro\u0161ina vieglu satver\u0161anu un atv\u0113r\u0161anu. Pogas tekst\u016bra ir nedaudz struktur\u0113ta, un kr\u0101sas izmai\u0146as uz pogas virsmas v\u0113l vair\u0101k pasv\u012btro izstr\u0101d\u0101juma retro raksturu. Rokturis ir saglab\u0101ts ant\u012bk\u0101 vara kr\u0101s\u0101, pie\u0161\u0137irot izstr\u0101d\u0101jumam neapstr\u0101d\u0101tu, rustik\u0101lu izskatu. \u0160is izskats iepriecin\u0101s gan lauku, gan retro stila cien\u012bt\u0101jus.<\/p>\n<\/div>\n","protected":false},"excerpt":{"rendered":"<p>Modelis 70.086.AC.32B Materi\u0101ls Ketus Kop\u0113jais diametrs (cm ) 3,2 Kop\u0113j\u0101 projekcija (cm ) 2,7 Mont\u0101\u017eas skr\u016bves Skr\u016bve Kr\u0101sa Ant\u012bkais var\u0161<\/p>\n","protected":false},"featured_media":103192,"comment_status":"open","ping_status":"closed","template":"","meta":{"_acf_changed":false,"pmpro_default_level":""},"product_brand":[],"product_cat":[23864,23837,23875],"product_tag":[],"class_list":{"0":"post-136538","1":"product","2":"type-product","3":"status-publish","4":"has-post-thumbnail","6":"product_cat-baldu-rankeneles-lv","7":"product_cat-mebeles-piederumi","8":"product_cat-rankeneles-lv","9":"pmpro-has-access","11":"first","12":"instock","13":"shipping-taxable","14":"purchasable","15":"product-type-simple"},"acf":[],"yoast_head":"<!-- This site is optimized with the Yoast SEO plugin v24.9 - https:\/\/yoast.com\/wordpress\/plugins\/seo\/ -->\n<title>KNOB m\u0113be\u013cu rokturis - MetalTale.com<\/title>\n<meta name=\"robots\" content=\"index, follow, max-snippet:-1, max-image-preview:large, max-video-preview:-1\" \/>\n<link rel=\"canonical\" href=\"https:\/\/metaltale.com\/lv\/produkts\/knob-mebelu-rokturis\/\" \/>\n<meta property=\"og:locale\" content=\"lv_LV\" \/>\n<meta property=\"og:type\" content=\"article\" \/>\n<meta property=\"og:title\" content=\"KNOB m\u0113be\u013cu rokturis - MetalTale.com\" \/>\n<meta property=\"og:description\" content=\"Modelis 70.086.AC.32B Materi\u0101ls Ketus Kop\u0113jais diametrs (cm ) 3,2 Kop\u0113j\u0101 projekcija (cm ) 2,7 Mont\u0101\u017eas skr\u016bves Skr\u016bve Kr\u0101sa Ant\u012bkais var\u0161\" \/>\n<meta property=\"og:url\" content=\"https:\/\/metaltale.com\/lv\/produkts\/knob-mebelu-rokturis\/\" \/>\n<meta property=\"og:site_name\" content=\"MetalTale.com\" \/>\n<meta name=\"twitter:card\" content=\"summary_large_image\" \/>\n<meta name=\"twitter:label1\" content=\"Est. reading time\" \/>\n\t<meta name=\"twitter:data1\" content=\"1 minute\" \/>\n<script type=\"application\/ld+json\" class=\"yoast-schema-graph\">{\"@context\":\"https:\/\/schema.org\",\"@graph\":[{\"@type\":\"WebPage\",\"@id\":\"https:\/\/metaltale.com\/lv\/produkts\/knob-mebelu-rokturis\/\",\"url\":\"https:\/\/metaltale.com\/lv\/produkts\/knob-mebelu-rokturis\/\",\"name\":\"KNOB m\u0113be\u013cu rokturis - MetalTale.com\",\"isPartOf\":{\"@id\":\"https:\/\/metaltale.com\/lv\/#website\"},\"primaryImageOfPage\":{\"@id\":\"https:\/\/metaltale.com\/lv\/produkts\/knob-mebelu-rokturis\/#primaryimage\"},\"image\":{\"@id\":\"https:\/\/metaltale.com\/lv\/produkts\/knob-mebelu-rokturis\/#primaryimage\"},\"thumbnailUrl\":\"https:\/\/metaltale.com\/wp-content\/uploads\/2023\/11\/Baldx173-rankenx117lx117-RANKENx116Lx116.jpg\",\"datePublished\":\"2024-02-13T13:07:04+00:00\",\"breadcrumb\":{\"@id\":\"https:\/\/metaltale.com\/lv\/produkts\/knob-mebelu-rokturis\/#breadcrumb\"},\"inLanguage\":\"lv-LV\",\"potentialAction\":[{\"@type\":\"ReadAction\",\"target\":[\"https:\/\/metaltale.com\/lv\/produkts\/knob-mebelu-rokturis\/\"]}]},{\"@type\":\"ImageObject\",\"inLanguage\":\"lv-LV\",\"@id\":\"https:\/\/metaltale.com\/lv\/produkts\/knob-mebelu-rokturis\/#primaryimage\",\"url\":\"https:\/\/metaltale.com\/wp-content\/uploads\/2023\/11\/Baldx173-rankenx117lx117-RANKENx116Lx116.jpg\",\"contentUrl\":\"https:\/\/metaltale.com\/wp-content\/uploads\/2023\/11\/Baldx173-rankenx117lx117-RANKENx116Lx116.jpg\",\"width\":800,\"height\":800,\"caption\":\"KNOB m\u0113be\u013cu rokturis\"},{\"@type\":\"BreadcrumbList\",\"@id\":\"https:\/\/metaltale.com\/lv\/produkts\/knob-mebelu-rokturis\/#breadcrumb\",\"itemListElement\":[{\"@type\":\"ListItem\",\"position\":1,\"name\":\"Home\",\"item\":\"https:\/\/metaltale.com\/lv\/majas\/\"},{\"@type\":\"ListItem\",\"position\":2,\"name\":\"Veikals\",\"item\":\"https:\/\/metaltale.com\/lv\/shop\/\"},{\"@type\":\"ListItem\",\"position\":3,\"name\":\"KNOB m\u0113be\u013cu rokturis\"}]},{\"@type\":\"WebSite\",\"@id\":\"https:\/\/metaltale.com\/lv\/#website\",\"url\":\"https:\/\/metaltale.com\/lv\/\",\"name\":\"Metaltale.com\",\"description\":\"\",\"potentialAction\":[{\"@type\":\"SearchAction\",\"target\":{\"@type\":\"EntryPoint\",\"urlTemplate\":\"https:\/\/metaltale.com\/lv\/?s={search_term_string}\"},\"query-input\":{\"@type\":\"PropertyValueSpecification\",\"valueRequired\":true,\"valueName\":\"search_term_string\"}}],\"inLanguage\":\"lv-LV\"}]}<\/script>\n<!-- \/ Yoast SEO plugin. -->","yoast_head_json":{"title":"KNOB m\u0113be\u013cu rokturis - MetalTale.com","robots":{"index":"index","follow":"follow","max-snippet":"max-snippet:-1","max-image-preview":"max-image-preview:large","max-video-preview":"max-video-preview:-1"},"canonical":"https:\/\/metaltale.com\/lv\/produkts\/knob-mebelu-rokturis\/","og_locale":"lv_LV","og_type":"article","og_title":"KNOB m\u0113be\u013cu rokturis - MetalTale.com","og_description":"Modelis 70.086.AC.32B Materi\u0101ls Ketus Kop\u0113jais diametrs (cm ) 3,2 Kop\u0113j\u0101 projekcija (cm ) 2,7 Mont\u0101\u017eas skr\u016bves Skr\u016bve Kr\u0101sa Ant\u012bkais var\u0161","og_url":"https:\/\/metaltale.com\/lv\/produkts\/knob-mebelu-rokturis\/","og_site_name":"MetalTale.com","twitter_card":"summary_large_image","twitter_misc":{"Est. reading time":"1 minute"},"schema":{"@context":"https:\/\/schema.org","@graph":[{"@type":"WebPage","@id":"https:\/\/metaltale.com\/lv\/produkts\/knob-mebelu-rokturis\/","url":"https:\/\/metaltale.com\/lv\/produkts\/knob-mebelu-rokturis\/","name":"KNOB m\u0113be\u013cu rokturis - MetalTale.com","isPartOf":{"@id":"https:\/\/metaltale.com\/lv\/#website"},"primaryImageOfPage":{"@id":"https:\/\/metaltale.com\/lv\/produkts\/knob-mebelu-rokturis\/#primaryimage"},"image":{"@id":"https:\/\/metaltale.com\/lv\/produkts\/knob-mebelu-rokturis\/#primaryimage"},"thumbnailUrl":"https:\/\/metaltale.com\/wp-content\/uploads\/2023\/11\/Baldx173-rankenx117lx117-RANKENx116Lx116.jpg","datePublished":"2024-02-13T13:07:04+00:00","breadcrumb":{"@id":"https:\/\/metaltale.com\/lv\/produkts\/knob-mebelu-rokturis\/#breadcrumb"},"inLanguage":"lv-LV","potentialAction":[{"@type":"ReadAction","target":["https:\/\/metaltale.com\/lv\/produkts\/knob-mebelu-rokturis\/"]}]},{"@type":"ImageObject","inLanguage":"lv-LV","@id":"https:\/\/metaltale.com\/lv\/produkts\/knob-mebelu-rokturis\/#primaryimage","url":"https:\/\/metaltale.com\/wp-content\/uploads\/2023\/11\/Baldx173-rankenx117lx117-RANKENx116Lx116.jpg","contentUrl":"https:\/\/metaltale.com\/wp-content\/uploads\/2023\/11\/Baldx173-rankenx117lx117-RANKENx116Lx116.jpg","width":800,"height":800,"caption":"KNOB m\u0113be\u013cu rokturis"},{"@type":"BreadcrumbList","@id":"https:\/\/metaltale.com\/lv\/produkts\/knob-mebelu-rokturis\/#breadcrumb","itemListElement":[{"@type":"ListItem","position":1,"name":"Home","item":"https:\/\/metaltale.com\/lv\/majas\/"},{"@type":"ListItem","position":2,"name":"Veikals","item":"https:\/\/metaltale.com\/lv\/shop\/"},{"@type":"ListItem","position":3,"name":"KNOB m\u0113be\u013cu rokturis"}]},{"@type":"WebSite","@id":"https:\/\/metaltale.com\/lv\/#website","url":"https:\/\/metaltale.com\/lv\/","name":"Metaltale.com","description":"","potentialAction":[{"@type":"SearchAction","target":{"@type":"EntryPoint","urlTemplate":"https:\/\/metaltale.com\/lv\/?s={search_term_string}"},"query-input":{"@type":"PropertyValueSpecification","valueRequired":true,"valueName":"search_term_string"}}],"inLanguage":"lv-LV"}]}},"_links":{"self":[{"href":"https:\/\/metaltale.com\/lv\/wp-json\/wp\/v2\/product\/136538","targetHints":{"allow":["GET"]}}],"collection":[{"href":"https:\/\/metaltale.com\/lv\/wp-json\/wp\/v2\/product"}],"about":[{"href":"https:\/\/metaltale.com\/lv\/wp-json\/wp\/v2\/types\/product"}],"replies":[{"embeddable":true,"href":"https:\/\/metaltale.com\/lv\/wp-json\/wp\/v2\/comments?post=136538"}],"version-history":[{"count":0,"href":"https:\/\/metaltale.com\/lv\/wp-json\/wp\/v2\/product\/136538\/revisions"}],"wp:featuredmedia":[{"embeddable":true,"href":"https:\/\/metaltale.com\/lv\/wp-json\/wp\/v2\/media\/103192"}],"wp:attachment":[{"href":"https:\/\/metaltale.com\/lv\/wp-json\/wp\/v2\/media?parent=136538"}],"wp:term":[{"taxonomy":"product_brand","embeddable":true,"href":"https:\/\/metaltale.com\/lv\/wp-json\/wp\/v2\/product_brand?post=136538"},{"taxonomy":"product_cat","embeddable":true,"href":"https:\/\/metaltale.com\/lv\/wp-json\/wp\/v2\/product_cat?post=136538"},{"taxonomy":"product_tag","embeddable":true,"href":"https:\/\/metaltale.com\/lv\/wp-json\/wp\/v2\/product_tag?post=136538"}],"curies":[{"name":"wp","href":"https:\/\/api.w.org\/{rel}","templated":true}]}}