{"id":136535,"date":"2024-02-13T15:07:04","date_gmt":"2024-02-13T13:07:04","guid":{"rendered":"https:\/\/metaltale.com\/produktas\/lietus-dusa-antikais-misins-gold-glen-1\/"},"modified":"2024-02-13T15:07:04","modified_gmt":"2024-02-13T13:07:04","slug":"lietus-dusa-antikais-misins-gold-glen-1","status":"publish","type":"product","link":"https:\/\/metaltale.com\/lv\/produkts\/lietus-dusa-antikais-misins-gold-glen-1\/","title":{"rendered":"Lietus du\u0161a ant\u012bkais misi\u0146\u0161 GOLD GLEN 1"},"content":{"rendered":"<div class=\"prod_data\">WX <strong>modelis<\/strong>. SH1. GG. SHOWCASE  <br \/>Gold Glen kolekcija <br \/><strong>EAN.<\/strong>  5905369901904  <br \/><strong>Kop\u0113jais augstums (cm<\/strong> ) 11  <br \/><strong>Kop\u0113jais diametrs (cm<\/strong> ) 20  <br \/>Anti-Calc (pret ka\u013c\u0137akmens ) J\u0101 <br \/>Kr\u0101sa Ant\u012bkais misi\u0146\u0161 <br \/>Apdare M\u012bksta, sat\u012bna efekts <br \/>PAPILDU INFORM\u0100CIJA Pied\u0101v\u0101jums attiecas tikai uz du\u0161as galvi\u0146u\/ lietus du\u0161u <\/p>\n<p>apa\u013ca lietus du\u0161a ar diametru 20 cm<\/p>\n<p>lodveida savienojums<\/p>\n<p>lietus straume<\/p>\n<p>Anti-Calc &#8211; sist\u0113ma pret nos\u0113dumiem<\/p>\n<p>Lietus du\u0161a, kas piem\u0113rota kolekcijai Gold Glen<\/p>\n<p>Lietus du\u0161a bez rokas<\/p>\n<hr>\n<p>Lietus du\u0161a ar kupola izskatu no sat\u012bna misi\u0146a ir visu vannas istabu stils, kas veidotas retro, glam\u016bra vai rustik\u0101l\u0101 glam\u016bra stil\u0101. Sist\u0113ma pret akme\u0146u veido\u0161anos ne tikai padara vanno\u0161anos pat\u012bkamu, bet ar\u012b \u013cauj viegli uztur\u0113t lietus du\u0161u t\u012bru.<\/p>\n<\/div>\n","protected":false},"excerpt":{"rendered":"<p>WX modelis. SH1. GG. SHOWCASE Gold Glen kolekcija EAN. 5905369901904 Kop\u0113jais augstums (cm ) 11 Kop\u0113jais diametrs (cm ) 20<\/p>\n","protected":false},"featured_media":103207,"comment_status":"open","ping_status":"closed","template":"","meta":{"_acf_changed":false,"pmpro_default_level":""},"product_brand":[],"product_cat":[24101],"product_tag":[],"class_list":{"0":"post-136535","1":"product","2":"type-product","3":"status-publish","4":"has-post-thumbnail","6":"product_cat-lietus-dusas-un-dusas-galvinas","7":"pmpro-has-access","9":"first","10":"instock","11":"shipping-taxable","12":"purchasable","13":"product-type-simple"},"acf":[],"yoast_head":"<!-- This site is optimized with the Yoast SEO plugin v24.9 - https:\/\/yoast.com\/wordpress\/plugins\/seo\/ -->\n<title>Lietus du\u0161a ant\u012bkais misi\u0146\u0161 GOLD GLEN 1 - MetalTale.com<\/title>\n<meta name=\"robots\" content=\"index, follow, max-snippet:-1, max-image-preview:large, max-video-preview:-1\" \/>\n<link rel=\"canonical\" href=\"https:\/\/metaltale.com\/lv\/produkts\/lietus-dusa-antikais-misins-gold-glen-1\/\" \/>\n<meta property=\"og:locale\" content=\"lv_LV\" \/>\n<meta property=\"og:type\" content=\"article\" \/>\n<meta property=\"og:title\" content=\"Lietus du\u0161a ant\u012bkais misi\u0146\u0161 GOLD GLEN 1 - MetalTale.com\" \/>\n<meta property=\"og:description\" content=\"WX modelis. SH1. GG. SHOWCASE Gold Glen kolekcija EAN. 5905369901904 Kop\u0113jais augstums (cm ) 11 Kop\u0113jais diametrs (cm ) 20\" \/>\n<meta property=\"og:url\" content=\"https:\/\/metaltale.com\/lv\/produkts\/lietus-dusa-antikais-misins-gold-glen-1\/\" \/>\n<meta property=\"og:site_name\" content=\"MetalTale.com\" \/>\n<meta name=\"twitter:card\" content=\"summary_large_image\" \/>\n<meta name=\"twitter:label1\" content=\"Est. reading time\" \/>\n\t<meta name=\"twitter:data1\" content=\"1 minute\" \/>\n<script type=\"application\/ld+json\" class=\"yoast-schema-graph\">{\"@context\":\"https:\/\/schema.org\",\"@graph\":[{\"@type\":\"WebPage\",\"@id\":\"https:\/\/metaltale.com\/lv\/produkts\/lietus-dusa-antikais-misins-gold-glen-1\/\",\"url\":\"https:\/\/metaltale.com\/lv\/produkts\/lietus-dusa-antikais-misins-gold-glen-1\/\",\"name\":\"Lietus du\u0161a ant\u012bkais misi\u0146\u0161 GOLD GLEN 1 - MetalTale.com\",\"isPartOf\":{\"@id\":\"https:\/\/metaltale.com\/lv\/#website\"},\"primaryImageOfPage\":{\"@id\":\"https:\/\/metaltale.com\/lv\/produkts\/lietus-dusa-antikais-misins-gold-glen-1\/#primaryimage\"},\"image\":{\"@id\":\"https:\/\/metaltale.com\/lv\/produkts\/lietus-dusa-antikais-misins-gold-glen-1\/#primaryimage\"},\"thumbnailUrl\":\"https:\/\/metaltale.com\/wp-content\/uploads\/2023\/11\/Lietaus-dux161as-antikvarinis-x17Ealvaris-GOLD-GLEN-1.jpg\",\"datePublished\":\"2024-02-13T13:07:04+00:00\",\"breadcrumb\":{\"@id\":\"https:\/\/metaltale.com\/lv\/produkts\/lietus-dusa-antikais-misins-gold-glen-1\/#breadcrumb\"},\"inLanguage\":\"lv-LV\",\"potentialAction\":[{\"@type\":\"ReadAction\",\"target\":[\"https:\/\/metaltale.com\/lv\/produkts\/lietus-dusa-antikais-misins-gold-glen-1\/\"]}]},{\"@type\":\"ImageObject\",\"inLanguage\":\"lv-LV\",\"@id\":\"https:\/\/metaltale.com\/lv\/produkts\/lietus-dusa-antikais-misins-gold-glen-1\/#primaryimage\",\"url\":\"https:\/\/metaltale.com\/wp-content\/uploads\/2023\/11\/Lietaus-dux161as-antikvarinis-x17Ealvaris-GOLD-GLEN-1.jpg\",\"contentUrl\":\"https:\/\/metaltale.com\/wp-content\/uploads\/2023\/11\/Lietaus-dux161as-antikvarinis-x17Ealvaris-GOLD-GLEN-1.jpg\",\"width\":800,\"height\":800},{\"@type\":\"BreadcrumbList\",\"@id\":\"https:\/\/metaltale.com\/lv\/produkts\/lietus-dusa-antikais-misins-gold-glen-1\/#breadcrumb\",\"itemListElement\":[{\"@type\":\"ListItem\",\"position\":1,\"name\":\"Home\",\"item\":\"https:\/\/metaltale.com\/lv\/majas\/\"},{\"@type\":\"ListItem\",\"position\":2,\"name\":\"Veikals\",\"item\":\"https:\/\/metaltale.com\/lv\/shop\/\"},{\"@type\":\"ListItem\",\"position\":3,\"name\":\"Lietus du\u0161a ant\u012bkais misi\u0146\u0161 GOLD GLEN 1\"}]},{\"@type\":\"WebSite\",\"@id\":\"https:\/\/metaltale.com\/lv\/#website\",\"url\":\"https:\/\/metaltale.com\/lv\/\",\"name\":\"Metaltale.com\",\"description\":\"\",\"potentialAction\":[{\"@type\":\"SearchAction\",\"target\":{\"@type\":\"EntryPoint\",\"urlTemplate\":\"https:\/\/metaltale.com\/lv\/?s={search_term_string}\"},\"query-input\":{\"@type\":\"PropertyValueSpecification\",\"valueRequired\":true,\"valueName\":\"search_term_string\"}}],\"inLanguage\":\"lv-LV\"}]}<\/script>\n<!-- \/ Yoast SEO plugin. -->","yoast_head_json":{"title":"Lietus du\u0161a ant\u012bkais misi\u0146\u0161 GOLD GLEN 1 - MetalTale.com","robots":{"index":"index","follow":"follow","max-snippet":"max-snippet:-1","max-image-preview":"max-image-preview:large","max-video-preview":"max-video-preview:-1"},"canonical":"https:\/\/metaltale.com\/lv\/produkts\/lietus-dusa-antikais-misins-gold-glen-1\/","og_locale":"lv_LV","og_type":"article","og_title":"Lietus du\u0161a ant\u012bkais misi\u0146\u0161 GOLD GLEN 1 - MetalTale.com","og_description":"WX modelis. SH1. GG. SHOWCASE Gold Glen kolekcija EAN. 5905369901904 Kop\u0113jais augstums (cm ) 11 Kop\u0113jais diametrs (cm ) 20","og_url":"https:\/\/metaltale.com\/lv\/produkts\/lietus-dusa-antikais-misins-gold-glen-1\/","og_site_name":"MetalTale.com","twitter_card":"summary_large_image","twitter_misc":{"Est. reading time":"1 minute"},"schema":{"@context":"https:\/\/schema.org","@graph":[{"@type":"WebPage","@id":"https:\/\/metaltale.com\/lv\/produkts\/lietus-dusa-antikais-misins-gold-glen-1\/","url":"https:\/\/metaltale.com\/lv\/produkts\/lietus-dusa-antikais-misins-gold-glen-1\/","name":"Lietus du\u0161a ant\u012bkais misi\u0146\u0161 GOLD GLEN 1 - MetalTale.com","isPartOf":{"@id":"https:\/\/metaltale.com\/lv\/#website"},"primaryImageOfPage":{"@id":"https:\/\/metaltale.com\/lv\/produkts\/lietus-dusa-antikais-misins-gold-glen-1\/#primaryimage"},"image":{"@id":"https:\/\/metaltale.com\/lv\/produkts\/lietus-dusa-antikais-misins-gold-glen-1\/#primaryimage"},"thumbnailUrl":"https:\/\/metaltale.com\/wp-content\/uploads\/2023\/11\/Lietaus-dux161as-antikvarinis-x17Ealvaris-GOLD-GLEN-1.jpg","datePublished":"2024-02-13T13:07:04+00:00","breadcrumb":{"@id":"https:\/\/metaltale.com\/lv\/produkts\/lietus-dusa-antikais-misins-gold-glen-1\/#breadcrumb"},"inLanguage":"lv-LV","potentialAction":[{"@type":"ReadAction","target":["https:\/\/metaltale.com\/lv\/produkts\/lietus-dusa-antikais-misins-gold-glen-1\/"]}]},{"@type":"ImageObject","inLanguage":"lv-LV","@id":"https:\/\/metaltale.com\/lv\/produkts\/lietus-dusa-antikais-misins-gold-glen-1\/#primaryimage","url":"https:\/\/metaltale.com\/wp-content\/uploads\/2023\/11\/Lietaus-dux161as-antikvarinis-x17Ealvaris-GOLD-GLEN-1.jpg","contentUrl":"https:\/\/metaltale.com\/wp-content\/uploads\/2023\/11\/Lietaus-dux161as-antikvarinis-x17Ealvaris-GOLD-GLEN-1.jpg","width":800,"height":800},{"@type":"BreadcrumbList","@id":"https:\/\/metaltale.com\/lv\/produkts\/lietus-dusa-antikais-misins-gold-glen-1\/#breadcrumb","itemListElement":[{"@type":"ListItem","position":1,"name":"Home","item":"https:\/\/metaltale.com\/lv\/majas\/"},{"@type":"ListItem","position":2,"name":"Veikals","item":"https:\/\/metaltale.com\/lv\/shop\/"},{"@type":"ListItem","position":3,"name":"Lietus du\u0161a ant\u012bkais misi\u0146\u0161 GOLD GLEN 1"}]},{"@type":"WebSite","@id":"https:\/\/metaltale.com\/lv\/#website","url":"https:\/\/metaltale.com\/lv\/","name":"Metaltale.com","description":"","potentialAction":[{"@type":"SearchAction","target":{"@type":"EntryPoint","urlTemplate":"https:\/\/metaltale.com\/lv\/?s={search_term_string}"},"query-input":{"@type":"PropertyValueSpecification","valueRequired":true,"valueName":"search_term_string"}}],"inLanguage":"lv-LV"}]}},"_links":{"self":[{"href":"https:\/\/metaltale.com\/lv\/wp-json\/wp\/v2\/product\/136535","targetHints":{"allow":["GET"]}}],"collection":[{"href":"https:\/\/metaltale.com\/lv\/wp-json\/wp\/v2\/product"}],"about":[{"href":"https:\/\/metaltale.com\/lv\/wp-json\/wp\/v2\/types\/product"}],"replies":[{"embeddable":true,"href":"https:\/\/metaltale.com\/lv\/wp-json\/wp\/v2\/comments?post=136535"}],"version-history":[{"count":0,"href":"https:\/\/metaltale.com\/lv\/wp-json\/wp\/v2\/product\/136535\/revisions"}],"wp:featuredmedia":[{"embeddable":true,"href":"https:\/\/metaltale.com\/lv\/wp-json\/wp\/v2\/media\/103207"}],"wp:attachment":[{"href":"https:\/\/metaltale.com\/lv\/wp-json\/wp\/v2\/media?parent=136535"}],"wp:term":[{"taxonomy":"product_brand","embeddable":true,"href":"https:\/\/metaltale.com\/lv\/wp-json\/wp\/v2\/product_brand?post=136535"},{"taxonomy":"product_cat","embeddable":true,"href":"https:\/\/metaltale.com\/lv\/wp-json\/wp\/v2\/product_cat?post=136535"},{"taxonomy":"product_tag","embeddable":true,"href":"https:\/\/metaltale.com\/lv\/wp-json\/wp\/v2\/product_tag?post=136535"}],"curies":[{"name":"wp","href":"https:\/\/api.w.org\/{rel}","templated":true}]}}