{"id":136525,"date":"2024-02-13T15:05:46","date_gmt":"2024-02-13T13:05:46","guid":{"rendered":"https:\/\/metaltale.com\/produktas\/akis-triple-rounded-115-mm\/"},"modified":"2024-02-13T15:05:46","modified_gmt":"2024-02-13T13:05:46","slug":"akis-triple-rounded-115-mm","status":"publish","type":"product","link":"https:\/\/metaltale.com\/lv\/produkts\/akis-triple-rounded-115-mm\/","title":{"rendered":"\u0100\u0137is TRIPLE ROUNDED 115 mm"},"content":{"rendered":"<div class=\"prod_data\">\n<p><strong>Modelis<\/strong> 49.336.AC.115<br \/>\nMateri\u0101ls Ketus<br \/>\nKop\u0113jais augstums (cm ) 11<br \/>\n<strong>Kop\u0113jais platums (cm<\/strong> ) 8<br \/>\n<strong>Kop\u0113j\u0101 projekcija (cm<\/strong> ) 5,8<br \/>\n<strong>Sugu<\/strong> trijnieks<br \/>\n<strong>Att\u0101lums starp<\/strong> caurumiem (<strong>cm<\/strong> ) 2<br \/>\nMont\u0101\u017eas skr\u016bves J\u0101<br \/>\n<strong>Kr\u0101sa<\/strong> Ant\u012bkais var\u0161<\/p>\n<p>\u0100\u0137is ir izgatavots no augst\u0101k\u0101s kvalit\u0101tes \u010duguna, kas garant\u0113 ilgu kalpo\u0161anas laiku.<\/p>\n<p>Noapa\u013cotas sprauslas paaugstin\u0101tai lieto\u0161anas dro\u0161\u012bbai<\/p>\n<p>Lai atvieglotu \u0101tru un vienk\u0101r\u0161u mont\u0101\u017eu, ir iek\u013cauts skr\u016bvju komplekts.<\/p>\n<hr>\n<p>Papildus skaist\u0101m un unik\u0101l\u0101m form\u0101m lauku m\u0113be\u013cu aksesu\u0101ri var b\u016bt noder\u012bgi ar\u012b konkr\u0113tas telpas telpas organiz\u0113\u0161anai. \u012astam lauku stila cien\u012bt\u0101jam ir svar\u012bgi izv\u0113l\u0113ties pareizos interjera dizaina elementus, pat vismaz\u0101kos.<\/p>\n<p>\u0160eit att\u0113lotais m\u0113be\u013cu \u0101\u0137is ir ide\u0101li piem\u0113rots zemnieciskam vai retro stilam, pateicoties t\u0101 ant\u012bkajai vara kr\u0101sai. Nedaudz struktur\u0113t\u0101 virsma un redzam\u0101 kr\u0101sas mai\u0146a ir apzin\u0101ta noveco\u0161anas proced\u016bra, kas v\u0113l vair\u0101k izce\u013c kulona s\u0101kotn\u0113jo raksturu. Produkts ir izgatavots no augst\u0101k\u0101s kvalit\u0101tes \u010duguna, kas noz\u012bm\u0113, ka katra deta\u013ca ir izgatavota ar visliel\u0101ko precizit\u0101ti, t\u0101p\u0113c \u0101\u0137is ir iztur\u012bgs un kalpos ilgu laiku. Izstr\u0101d\u0101jumam ir stiprin\u0101juma caurumi un atbilsto\u0161as skr\u016bves, kas \u013cauj to \u0101tri un efekt\u012bvi samont\u0113t.<\/p>\n<\/div>\n","protected":false},"excerpt":{"rendered":"<p>Modelis 49.336.AC.115 Materi\u0101ls Ketus Kop\u0113jais augstums (cm ) 11 Kop\u0113jais platums (cm ) 8 Kop\u0113j\u0101 projekcija (cm ) 5,8 Sugu<\/p>\n","protected":false},"featured_media":112774,"comment_status":"open","ping_status":"closed","template":"","meta":{"_acf_changed":false,"pmpro_default_level":""},"product_brand":[],"product_cat":[23837,23862],"product_tag":[],"class_list":{"0":"post-136525","1":"product","2":"type-product","3":"status-publish","4":"has-post-thumbnail","6":"product_cat-mebeles-piederumi","7":"product_cat-pakabos-ir-kabliukai-lv","8":"pmpro-has-access","10":"first","11":"instock","12":"shipping-taxable","13":"purchasable","14":"product-type-simple"},"acf":[],"yoast_head":"<!-- This site is optimized with the Yoast SEO plugin v24.9 - https:\/\/yoast.com\/wordpress\/plugins\/seo\/ -->\n<title>\u0100\u0137is TRIPLE ROUNDED 115 mm - MetalTale.com<\/title>\n<meta name=\"robots\" content=\"index, follow, max-snippet:-1, max-image-preview:large, max-video-preview:-1\" \/>\n<link rel=\"canonical\" href=\"https:\/\/metaltale.com\/lv\/produkts\/akis-triple-rounded-115-mm\/\" \/>\n<meta property=\"og:locale\" content=\"lv_LV\" \/>\n<meta property=\"og:type\" content=\"article\" \/>\n<meta property=\"og:title\" content=\"\u0100\u0137is TRIPLE ROUNDED 115 mm - MetalTale.com\" \/>\n<meta property=\"og:description\" content=\"Modelis 49.336.AC.115 Materi\u0101ls Ketus Kop\u0113jais augstums (cm ) 11 Kop\u0113jais platums (cm ) 8 Kop\u0113j\u0101 projekcija (cm ) 5,8 Sugu\" \/>\n<meta property=\"og:url\" content=\"https:\/\/metaltale.com\/lv\/produkts\/akis-triple-rounded-115-mm\/\" \/>\n<meta property=\"og:site_name\" content=\"MetalTale.com\" \/>\n<meta name=\"twitter:card\" content=\"summary_large_image\" \/>\n<meta name=\"twitter:label1\" content=\"Est. reading time\" \/>\n\t<meta name=\"twitter:data1\" content=\"1 minute\" \/>\n<script type=\"application\/ld+json\" class=\"yoast-schema-graph\">{\"@context\":\"https:\/\/schema.org\",\"@graph\":[{\"@type\":\"WebPage\",\"@id\":\"https:\/\/metaltale.com\/lv\/produkts\/akis-triple-rounded-115-mm\/\",\"url\":\"https:\/\/metaltale.com\/lv\/produkts\/akis-triple-rounded-115-mm\/\",\"name\":\"\u0100\u0137is TRIPLE ROUNDED 115 mm - MetalTale.com\",\"isPartOf\":{\"@id\":\"https:\/\/metaltale.com\/lv\/#website\"},\"primaryImageOfPage\":{\"@id\":\"https:\/\/metaltale.com\/lv\/produkts\/akis-triple-rounded-115-mm\/#primaryimage\"},\"image\":{\"@id\":\"https:\/\/metaltale.com\/lv\/produkts\/akis-triple-rounded-115-mm\/#primaryimage\"},\"thumbnailUrl\":\"https:\/\/metaltale.com\/wp-content\/uploads\/2023\/11\/Trigubas-APVALUS-kabliukas-115cm.jpg\",\"datePublished\":\"2024-02-13T13:05:46+00:00\",\"breadcrumb\":{\"@id\":\"https:\/\/metaltale.com\/lv\/produkts\/akis-triple-rounded-115-mm\/#breadcrumb\"},\"inLanguage\":\"lv-LV\",\"potentialAction\":[{\"@type\":\"ReadAction\",\"target\":[\"https:\/\/metaltale.com\/lv\/produkts\/akis-triple-rounded-115-mm\/\"]}]},{\"@type\":\"ImageObject\",\"inLanguage\":\"lv-LV\",\"@id\":\"https:\/\/metaltale.com\/lv\/produkts\/akis-triple-rounded-115-mm\/#primaryimage\",\"url\":\"https:\/\/metaltale.com\/wp-content\/uploads\/2023\/11\/Trigubas-APVALUS-kabliukas-115cm.jpg\",\"contentUrl\":\"https:\/\/metaltale.com\/wp-content\/uploads\/2023\/11\/Trigubas-APVALUS-kabliukas-115cm.jpg\",\"width\":800,\"height\":800,\"caption\":\"\u0100\u0137is TRIPLE ROUNDED 115 mm\"},{\"@type\":\"BreadcrumbList\",\"@id\":\"https:\/\/metaltale.com\/lv\/produkts\/akis-triple-rounded-115-mm\/#breadcrumb\",\"itemListElement\":[{\"@type\":\"ListItem\",\"position\":1,\"name\":\"Home\",\"item\":\"https:\/\/metaltale.com\/lv\/majas\/\"},{\"@type\":\"ListItem\",\"position\":2,\"name\":\"Veikals\",\"item\":\"https:\/\/metaltale.com\/lv\/shop\/\"},{\"@type\":\"ListItem\",\"position\":3,\"name\":\"\u0100\u0137is TRIPLE ROUNDED 115 mm\"}]},{\"@type\":\"WebSite\",\"@id\":\"https:\/\/metaltale.com\/lv\/#website\",\"url\":\"https:\/\/metaltale.com\/lv\/\",\"name\":\"Metaltale.com\",\"description\":\"\",\"potentialAction\":[{\"@type\":\"SearchAction\",\"target\":{\"@type\":\"EntryPoint\",\"urlTemplate\":\"https:\/\/metaltale.com\/lv\/?s={search_term_string}\"},\"query-input\":{\"@type\":\"PropertyValueSpecification\",\"valueRequired\":true,\"valueName\":\"search_term_string\"}}],\"inLanguage\":\"lv-LV\"}]}<\/script>\n<!-- \/ Yoast SEO plugin. -->","yoast_head_json":{"title":"\u0100\u0137is TRIPLE ROUNDED 115 mm - MetalTale.com","robots":{"index":"index","follow":"follow","max-snippet":"max-snippet:-1","max-image-preview":"max-image-preview:large","max-video-preview":"max-video-preview:-1"},"canonical":"https:\/\/metaltale.com\/lv\/produkts\/akis-triple-rounded-115-mm\/","og_locale":"lv_LV","og_type":"article","og_title":"\u0100\u0137is TRIPLE ROUNDED 115 mm - MetalTale.com","og_description":"Modelis 49.336.AC.115 Materi\u0101ls Ketus Kop\u0113jais augstums (cm ) 11 Kop\u0113jais platums (cm ) 8 Kop\u0113j\u0101 projekcija (cm ) 5,8 Sugu","og_url":"https:\/\/metaltale.com\/lv\/produkts\/akis-triple-rounded-115-mm\/","og_site_name":"MetalTale.com","twitter_card":"summary_large_image","twitter_misc":{"Est. reading time":"1 minute"},"schema":{"@context":"https:\/\/schema.org","@graph":[{"@type":"WebPage","@id":"https:\/\/metaltale.com\/lv\/produkts\/akis-triple-rounded-115-mm\/","url":"https:\/\/metaltale.com\/lv\/produkts\/akis-triple-rounded-115-mm\/","name":"\u0100\u0137is TRIPLE ROUNDED 115 mm - MetalTale.com","isPartOf":{"@id":"https:\/\/metaltale.com\/lv\/#website"},"primaryImageOfPage":{"@id":"https:\/\/metaltale.com\/lv\/produkts\/akis-triple-rounded-115-mm\/#primaryimage"},"image":{"@id":"https:\/\/metaltale.com\/lv\/produkts\/akis-triple-rounded-115-mm\/#primaryimage"},"thumbnailUrl":"https:\/\/metaltale.com\/wp-content\/uploads\/2023\/11\/Trigubas-APVALUS-kabliukas-115cm.jpg","datePublished":"2024-02-13T13:05:46+00:00","breadcrumb":{"@id":"https:\/\/metaltale.com\/lv\/produkts\/akis-triple-rounded-115-mm\/#breadcrumb"},"inLanguage":"lv-LV","potentialAction":[{"@type":"ReadAction","target":["https:\/\/metaltale.com\/lv\/produkts\/akis-triple-rounded-115-mm\/"]}]},{"@type":"ImageObject","inLanguage":"lv-LV","@id":"https:\/\/metaltale.com\/lv\/produkts\/akis-triple-rounded-115-mm\/#primaryimage","url":"https:\/\/metaltale.com\/wp-content\/uploads\/2023\/11\/Trigubas-APVALUS-kabliukas-115cm.jpg","contentUrl":"https:\/\/metaltale.com\/wp-content\/uploads\/2023\/11\/Trigubas-APVALUS-kabliukas-115cm.jpg","width":800,"height":800,"caption":"\u0100\u0137is TRIPLE ROUNDED 115 mm"},{"@type":"BreadcrumbList","@id":"https:\/\/metaltale.com\/lv\/produkts\/akis-triple-rounded-115-mm\/#breadcrumb","itemListElement":[{"@type":"ListItem","position":1,"name":"Home","item":"https:\/\/metaltale.com\/lv\/majas\/"},{"@type":"ListItem","position":2,"name":"Veikals","item":"https:\/\/metaltale.com\/lv\/shop\/"},{"@type":"ListItem","position":3,"name":"\u0100\u0137is TRIPLE ROUNDED 115 mm"}]},{"@type":"WebSite","@id":"https:\/\/metaltale.com\/lv\/#website","url":"https:\/\/metaltale.com\/lv\/","name":"Metaltale.com","description":"","potentialAction":[{"@type":"SearchAction","target":{"@type":"EntryPoint","urlTemplate":"https:\/\/metaltale.com\/lv\/?s={search_term_string}"},"query-input":{"@type":"PropertyValueSpecification","valueRequired":true,"valueName":"search_term_string"}}],"inLanguage":"lv-LV"}]}},"_links":{"self":[{"href":"https:\/\/metaltale.com\/lv\/wp-json\/wp\/v2\/product\/136525","targetHints":{"allow":["GET"]}}],"collection":[{"href":"https:\/\/metaltale.com\/lv\/wp-json\/wp\/v2\/product"}],"about":[{"href":"https:\/\/metaltale.com\/lv\/wp-json\/wp\/v2\/types\/product"}],"replies":[{"embeddable":true,"href":"https:\/\/metaltale.com\/lv\/wp-json\/wp\/v2\/comments?post=136525"}],"version-history":[{"count":0,"href":"https:\/\/metaltale.com\/lv\/wp-json\/wp\/v2\/product\/136525\/revisions"}],"wp:featuredmedia":[{"embeddable":true,"href":"https:\/\/metaltale.com\/lv\/wp-json\/wp\/v2\/media\/112774"}],"wp:attachment":[{"href":"https:\/\/metaltale.com\/lv\/wp-json\/wp\/v2\/media?parent=136525"}],"wp:term":[{"taxonomy":"product_brand","embeddable":true,"href":"https:\/\/metaltale.com\/lv\/wp-json\/wp\/v2\/product_brand?post=136525"},{"taxonomy":"product_cat","embeddable":true,"href":"https:\/\/metaltale.com\/lv\/wp-json\/wp\/v2\/product_cat?post=136525"},{"taxonomy":"product_tag","embeddable":true,"href":"https:\/\/metaltale.com\/lv\/wp-json\/wp\/v2\/product_tag?post=136525"}],"curies":[{"name":"wp","href":"https:\/\/api.w.org\/{rel}","templated":true}]}}