{"id":136502,"date":"2024-02-13T15:05:46","date_gmt":"2024-02-13T13:05:46","guid":{"rendered":"https:\/\/metaltale.com\/produktas\/drebju-akis-label-frame-113-mm\/"},"modified":"2024-02-13T15:05:46","modified_gmt":"2024-02-13T13:05:46","slug":"drebju-akis-label-frame-113-mm","status":"publish","type":"product","link":"https:\/\/metaltale.com\/lv\/produkts\/drebju-akis-label-frame-113-mm\/","title":{"rendered":"Dr\u0113bju \u0101\u0137is LABEL FRAME 113 mm"},"content":{"rendered":"<div class=\"prod_data\">\n<p>31.336A <strong>modelis<\/strong>. AC.113.<br \/>\nMateri\u0101ls Ketus<br \/>\n<strong>Kop\u0113jais augstums (cm<\/strong> ) 11,3<br \/>\n<strong>Kop\u0113jais platums (cm<\/strong> ) 4,6<br \/>\n<strong>Kop\u0113j\u0101 projekcija (cm<\/strong> ) 6<br \/>\n<strong>Sugas<\/strong> Dubult\u0101<br \/>\n<strong>Att\u0101lums starp caurumiem (cm<\/strong> ) 3,7\/4,1<br \/>\nMont\u0101\u017eas skr\u016bves J\u0101<br \/>\n<strong>Kr\u0101sa<\/strong> Ant\u012bkais var\u0161<\/p>\n<p>\u0100\u0137is ir izgatavots no augst\u0101k\u0101s kvalit\u0101tes \u010duguna, t\u0101p\u0113c tas ir iztur\u012bgs un stabils.<\/p>\n<p>Izstr\u0101d\u0101jumam ir r\u0101mis, kur\u0101 varam ievietot embl\u0113mu, lai pal\u012bdz\u0113tu mums saglab\u0101t k\u0101rt\u012bb\u0101 atdal\u012btos priek\u0161metus.<\/p>\n<p>Komplekt\u0101 iek\u013cauts skr\u016bvju komplekts, kas atvieglo \u0101tru un vienk\u0101r\u0161u mont\u0101\u017eu.<\/p>\n<hr>\n<p>Papildus skaist\u0101m un unik\u0101l\u0101m form\u0101m lauku m\u0113be\u013cu aksesu\u0101ri var b\u016bt noder\u012bgi ar\u012b konkr\u0113tas telpas telpas organiz\u0113\u0161anai. \u012astam lauku stila cien\u012bt\u0101jam ir svar\u012bgi izv\u0113l\u0113ties pareizos interjera dizaina elementus, pat vismaz\u0101kos.<\/p>\n<p>Ierosin\u0101taj\u0101 divu \u0101\u0137u piekarin\u0101maj\u0101 \u0101\u0137\u012b ir praktiska vieta eti\u0137etei vai keramikas ieliktnim. Tas var b\u016bt \u012bpa\u0161i noder\u012bgi \u0123\u0113rbtuv\u0113s vai \u0123\u0113rbtuv\u0113s, kur j\u0101uztur pien\u0101c\u012bga k\u0101rt\u012bba. T\u0101s lauku raksturu paspilgtina ar\u012b ori\u0123in\u0101l\u0101 ant\u012bk\u0101 vara kr\u0101sa. Viegli tekstur\u0113t\u0101 virsma un redzam\u0101 kr\u0101sas mai\u0146a ir apzin\u0101ta produkta noveco\u0161anas ietekme, kas v\u0113l vair\u0101k izce\u013c t\u0101 unik\u0101lo lauku raksturu. \u0100\u0137a gali ir noapa\u013coti, kas palielina komfortu un dro\u0161\u012bbu. Komplekt\u0101 ir iek\u013cauts stiprin\u0101juma skr\u016bvju komplekts.<\/p>\n<\/div>\n","protected":false},"excerpt":{"rendered":"<p>31.336A modelis. AC.113. Materi\u0101ls Ketus Kop\u0113jais augstums (cm ) 11,3 Kop\u0113jais platums (cm ) 4,6 Kop\u0113j\u0101 projekcija (cm ) 6<\/p>\n","protected":false},"featured_media":74839,"comment_status":"open","ping_status":"closed","template":"","meta":{"_acf_changed":false,"pmpro_default_level":""},"product_brand":[],"product_cat":[23837,23862],"product_tag":[],"class_list":{"0":"post-136502","1":"product","2":"type-product","3":"status-publish","4":"has-post-thumbnail","6":"product_cat-mebeles-piederumi","7":"product_cat-pakabos-ir-kabliukai-lv","8":"pmpro-has-access","10":"first","11":"instock","12":"shipping-taxable","13":"purchasable","14":"product-type-simple"},"acf":[],"yoast_head":"<!-- This site is optimized with the Yoast SEO plugin v24.9 - https:\/\/yoast.com\/wordpress\/plugins\/seo\/ -->\n<title>Dr\u0113bju \u0101\u0137is LABEL FRAME 113 mm - MetalTale.com<\/title>\n<meta name=\"robots\" content=\"index, follow, max-snippet:-1, max-image-preview:large, max-video-preview:-1\" \/>\n<link rel=\"canonical\" href=\"https:\/\/metaltale.com\/lv\/produkts\/drebju-akis-label-frame-113-mm\/\" \/>\n<meta property=\"og:locale\" content=\"lv_LV\" \/>\n<meta property=\"og:type\" content=\"article\" \/>\n<meta property=\"og:title\" content=\"Dr\u0113bju \u0101\u0137is LABEL FRAME 113 mm - MetalTale.com\" \/>\n<meta property=\"og:description\" content=\"31.336A modelis. AC.113. Materi\u0101ls Ketus Kop\u0113jais augstums (cm ) 11,3 Kop\u0113jais platums (cm ) 4,6 Kop\u0113j\u0101 projekcija (cm ) 6\" \/>\n<meta property=\"og:url\" content=\"https:\/\/metaltale.com\/lv\/produkts\/drebju-akis-label-frame-113-mm\/\" \/>\n<meta property=\"og:site_name\" content=\"MetalTale.com\" \/>\n<meta name=\"twitter:card\" content=\"summary_large_image\" \/>\n<meta name=\"twitter:label1\" content=\"Est. reading time\" \/>\n\t<meta name=\"twitter:data1\" content=\"1 minute\" \/>\n<script type=\"application\/ld+json\" class=\"yoast-schema-graph\">{\"@context\":\"https:\/\/schema.org\",\"@graph\":[{\"@type\":\"WebPage\",\"@id\":\"https:\/\/metaltale.com\/lv\/produkts\/drebju-akis-label-frame-113-mm\/\",\"url\":\"https:\/\/metaltale.com\/lv\/produkts\/drebju-akis-label-frame-113-mm\/\",\"name\":\"Dr\u0113bju \u0101\u0137is LABEL FRAME 113 mm - MetalTale.com\",\"isPartOf\":{\"@id\":\"https:\/\/metaltale.com\/lv\/#website\"},\"primaryImageOfPage\":{\"@id\":\"https:\/\/metaltale.com\/lv\/produkts\/drebju-akis-label-frame-113-mm\/#primaryimage\"},\"image\":{\"@id\":\"https:\/\/metaltale.com\/lv\/produkts\/drebju-akis-label-frame-113-mm\/#primaryimage\"},\"thumbnailUrl\":\"https:\/\/metaltale.com\/wp-content\/uploads\/2023\/09\/Kablio-ETIKETx116S-Rx116MAS-113mm.jpg\",\"datePublished\":\"2024-02-13T13:05:46+00:00\",\"breadcrumb\":{\"@id\":\"https:\/\/metaltale.com\/lv\/produkts\/drebju-akis-label-frame-113-mm\/#breadcrumb\"},\"inLanguage\":\"lv-LV\",\"potentialAction\":[{\"@type\":\"ReadAction\",\"target\":[\"https:\/\/metaltale.com\/lv\/produkts\/drebju-akis-label-frame-113-mm\/\"]}]},{\"@type\":\"ImageObject\",\"inLanguage\":\"lv-LV\",\"@id\":\"https:\/\/metaltale.com\/lv\/produkts\/drebju-akis-label-frame-113-mm\/#primaryimage\",\"url\":\"https:\/\/metaltale.com\/wp-content\/uploads\/2023\/09\/Kablio-ETIKETx116S-Rx116MAS-113mm.jpg\",\"contentUrl\":\"https:\/\/metaltale.com\/wp-content\/uploads\/2023\/09\/Kablio-ETIKETx116S-Rx116MAS-113mm.jpg\",\"width\":800,\"height\":800,\"caption\":\"Dr\u0113bju \u0101\u0137is LABEL FRAME 113 mm\"},{\"@type\":\"BreadcrumbList\",\"@id\":\"https:\/\/metaltale.com\/lv\/produkts\/drebju-akis-label-frame-113-mm\/#breadcrumb\",\"itemListElement\":[{\"@type\":\"ListItem\",\"position\":1,\"name\":\"Home\",\"item\":\"https:\/\/metaltale.com\/lv\/majas\/\"},{\"@type\":\"ListItem\",\"position\":2,\"name\":\"Veikals\",\"item\":\"https:\/\/metaltale.com\/lv\/shop\/\"},{\"@type\":\"ListItem\",\"position\":3,\"name\":\"Dr\u0113bju \u0101\u0137is LABEL FRAME 113 mm\"}]},{\"@type\":\"WebSite\",\"@id\":\"https:\/\/metaltale.com\/lv\/#website\",\"url\":\"https:\/\/metaltale.com\/lv\/\",\"name\":\"Metaltale.com\",\"description\":\"\",\"potentialAction\":[{\"@type\":\"SearchAction\",\"target\":{\"@type\":\"EntryPoint\",\"urlTemplate\":\"https:\/\/metaltale.com\/lv\/?s={search_term_string}\"},\"query-input\":{\"@type\":\"PropertyValueSpecification\",\"valueRequired\":true,\"valueName\":\"search_term_string\"}}],\"inLanguage\":\"lv-LV\"}]}<\/script>\n<!-- \/ Yoast SEO plugin. -->","yoast_head_json":{"title":"Dr\u0113bju \u0101\u0137is LABEL FRAME 113 mm - MetalTale.com","robots":{"index":"index","follow":"follow","max-snippet":"max-snippet:-1","max-image-preview":"max-image-preview:large","max-video-preview":"max-video-preview:-1"},"canonical":"https:\/\/metaltale.com\/lv\/produkts\/drebju-akis-label-frame-113-mm\/","og_locale":"lv_LV","og_type":"article","og_title":"Dr\u0113bju \u0101\u0137is LABEL FRAME 113 mm - MetalTale.com","og_description":"31.336A modelis. AC.113. Materi\u0101ls Ketus Kop\u0113jais augstums (cm ) 11,3 Kop\u0113jais platums (cm ) 4,6 Kop\u0113j\u0101 projekcija (cm ) 6","og_url":"https:\/\/metaltale.com\/lv\/produkts\/drebju-akis-label-frame-113-mm\/","og_site_name":"MetalTale.com","twitter_card":"summary_large_image","twitter_misc":{"Est. reading time":"1 minute"},"schema":{"@context":"https:\/\/schema.org","@graph":[{"@type":"WebPage","@id":"https:\/\/metaltale.com\/lv\/produkts\/drebju-akis-label-frame-113-mm\/","url":"https:\/\/metaltale.com\/lv\/produkts\/drebju-akis-label-frame-113-mm\/","name":"Dr\u0113bju \u0101\u0137is LABEL FRAME 113 mm - MetalTale.com","isPartOf":{"@id":"https:\/\/metaltale.com\/lv\/#website"},"primaryImageOfPage":{"@id":"https:\/\/metaltale.com\/lv\/produkts\/drebju-akis-label-frame-113-mm\/#primaryimage"},"image":{"@id":"https:\/\/metaltale.com\/lv\/produkts\/drebju-akis-label-frame-113-mm\/#primaryimage"},"thumbnailUrl":"https:\/\/metaltale.com\/wp-content\/uploads\/2023\/09\/Kablio-ETIKETx116S-Rx116MAS-113mm.jpg","datePublished":"2024-02-13T13:05:46+00:00","breadcrumb":{"@id":"https:\/\/metaltale.com\/lv\/produkts\/drebju-akis-label-frame-113-mm\/#breadcrumb"},"inLanguage":"lv-LV","potentialAction":[{"@type":"ReadAction","target":["https:\/\/metaltale.com\/lv\/produkts\/drebju-akis-label-frame-113-mm\/"]}]},{"@type":"ImageObject","inLanguage":"lv-LV","@id":"https:\/\/metaltale.com\/lv\/produkts\/drebju-akis-label-frame-113-mm\/#primaryimage","url":"https:\/\/metaltale.com\/wp-content\/uploads\/2023\/09\/Kablio-ETIKETx116S-Rx116MAS-113mm.jpg","contentUrl":"https:\/\/metaltale.com\/wp-content\/uploads\/2023\/09\/Kablio-ETIKETx116S-Rx116MAS-113mm.jpg","width":800,"height":800,"caption":"Dr\u0113bju \u0101\u0137is LABEL FRAME 113 mm"},{"@type":"BreadcrumbList","@id":"https:\/\/metaltale.com\/lv\/produkts\/drebju-akis-label-frame-113-mm\/#breadcrumb","itemListElement":[{"@type":"ListItem","position":1,"name":"Home","item":"https:\/\/metaltale.com\/lv\/majas\/"},{"@type":"ListItem","position":2,"name":"Veikals","item":"https:\/\/metaltale.com\/lv\/shop\/"},{"@type":"ListItem","position":3,"name":"Dr\u0113bju \u0101\u0137is LABEL FRAME 113 mm"}]},{"@type":"WebSite","@id":"https:\/\/metaltale.com\/lv\/#website","url":"https:\/\/metaltale.com\/lv\/","name":"Metaltale.com","description":"","potentialAction":[{"@type":"SearchAction","target":{"@type":"EntryPoint","urlTemplate":"https:\/\/metaltale.com\/lv\/?s={search_term_string}"},"query-input":{"@type":"PropertyValueSpecification","valueRequired":true,"valueName":"search_term_string"}}],"inLanguage":"lv-LV"}]}},"_links":{"self":[{"href":"https:\/\/metaltale.com\/lv\/wp-json\/wp\/v2\/product\/136502","targetHints":{"allow":["GET"]}}],"collection":[{"href":"https:\/\/metaltale.com\/lv\/wp-json\/wp\/v2\/product"}],"about":[{"href":"https:\/\/metaltale.com\/lv\/wp-json\/wp\/v2\/types\/product"}],"replies":[{"embeddable":true,"href":"https:\/\/metaltale.com\/lv\/wp-json\/wp\/v2\/comments?post=136502"}],"version-history":[{"count":0,"href":"https:\/\/metaltale.com\/lv\/wp-json\/wp\/v2\/product\/136502\/revisions"}],"wp:featuredmedia":[{"embeddable":true,"href":"https:\/\/metaltale.com\/lv\/wp-json\/wp\/v2\/media\/74839"}],"wp:attachment":[{"href":"https:\/\/metaltale.com\/lv\/wp-json\/wp\/v2\/media?parent=136502"}],"wp:term":[{"taxonomy":"product_brand","embeddable":true,"href":"https:\/\/metaltale.com\/lv\/wp-json\/wp\/v2\/product_brand?post=136502"},{"taxonomy":"product_cat","embeddable":true,"href":"https:\/\/metaltale.com\/lv\/wp-json\/wp\/v2\/product_cat?post=136502"},{"taxonomy":"product_tag","embeddable":true,"href":"https:\/\/metaltale.com\/lv\/wp-json\/wp\/v2\/product_tag?post=136502"}],"curies":[{"name":"wp","href":"https:\/\/api.w.org\/{rel}","templated":true}]}}