{"id":136496,"date":"2024-02-13T15:05:05","date_gmt":"2024-02-13T13:05:05","guid":{"rendered":"https:\/\/metaltale.com\/produktas\/mebelu-rokturis-decorative-35-mm-ar-sledzeni\/"},"modified":"2024-02-13T15:05:05","modified_gmt":"2024-02-13T13:05:05","slug":"mebelu-rokturis-decorative-35-mm-ar-sledzeni","status":"publish","type":"product","link":"https:\/\/metaltale.com\/lv\/produkts\/mebelu-rokturis-decorative-35-mm-ar-sledzeni\/","title":{"rendered":"M\u0113be\u013cu rokturis DECORATIVE 35 mm ar sl\u0113dzeni"},"content":{"rendered":"<div class=\"prod_data\">\n<p><strong>Modelis<\/strong> MD.128.35.PRGR<br \/>\n<strong>Materi\u0101ls<\/strong> T\u0113rauds<br \/>\n<strong>Platums (cm<\/strong> ) 3,4<br \/>\n<strong>Augstums (cm<\/strong> ) 9,5<br \/>\n<strong>Kop\u0113j\u0101 projekcija (cm<\/strong> ) 1,4<br \/>\n<strong>Att\u0101lums starp caurumiem (cm<\/strong> ) 2\/7,6<br \/>\nMont\u0101\u017eas skr\u016bves N\u0113<br \/>\n<strong>Kr\u0101sa<\/strong> Antique gold<\/p>\n<p>Izstr\u0101d\u0101jums ir izgatavots no augst\u0101k\u0101s kvalit\u0101tes t\u0113rauda, t\u0101p\u0113c tas kalpos ilgu laiku.<\/p>\n<p>Smalkas l\u012bnijas un nelieli rot\u0101jumi padara z\u012bmi vieglu un elegantu.<\/p>\n<p>Rokturim ir stiprin\u0101juma caurumi \u0101trai un \u0113rtai uzst\u0101d\u012b\u0161anai.<\/p>\n<hr>\n<p>Rustik\u0101lo m\u0113be\u013cu aksesu\u0101ri ir lielisks veids, k\u0101 pie\u0161\u0137irt m\u016bsu m\u0113bel\u0113m retro raksturu, vienlaikus saglab\u0101jot izstr\u0101d\u0101juma funkcion\u0101l\u0101s \u012bpa\u0161\u012bbas. Ir v\u0113rts atcer\u0113ties, ka \u0161\u0137ietami maziem un nenoz\u012bm\u012bgiem elementiem ir liela ietekme uz interjera galarezult\u0101tu.<\/p>\n<p>Att\u0113l\u0101 redzamais m\u0113be\u013cu rokturis bija izgatavots no ant\u012bka zelta un rot\u0101ts ar maig\u0101m horizont\u0101l\u0101m l\u012bnij\u0101m. \u0160\u0101da izk\u0101rtne pie\u0161\u0137irs m\u016bsu m\u0113bel\u0113m ori\u0123in\u0101lu un rustik\u0101lu izskatu un nodro\u0161in\u0101s to, ka neviens gar\u0101m m\u016bsu m\u0113bel\u0113m neies gar\u0101m, neskat\u012bdamies.<\/p>\n<\/div>\n","protected":false},"excerpt":{"rendered":"<p>Modelis MD.128.35.PRGR Materi\u0101ls T\u0113rauds Platums (cm ) 3,4 Augstums (cm ) 9,5 Kop\u0113j\u0101 projekcija (cm ) 1,4 Att\u0101lums starp caurumiem<\/p>\n","protected":false},"featured_media":106815,"comment_status":"open","ping_status":"closed","template":"","meta":{"_acf_changed":false,"pmpro_default_level":""},"product_brand":[],"product_cat":[23837,23838,23843],"product_tag":[],"class_list":{"0":"post-136496","1":"product","2":"type-product","3":"status-publish","4":"has-post-thumbnail","6":"product_cat-mebeles-piederumi","7":"product_cat-mebelu-rokturi","8":"product_cat-skapju-rokturi","9":"pmpro-has-access","11":"first","12":"instock","13":"shipping-taxable","14":"purchasable","15":"product-type-simple"},"acf":[],"yoast_head":"<!-- This site is optimized with the Yoast SEO plugin v24.9 - https:\/\/yoast.com\/wordpress\/plugins\/seo\/ -->\n<title>M\u0113be\u013cu rokturis DECORATIVE 35 mm ar sl\u0113dzeni - MetalTale.com<\/title>\n<meta name=\"robots\" content=\"index, follow, max-snippet:-1, max-image-preview:large, max-video-preview:-1\" \/>\n<link rel=\"canonical\" href=\"https:\/\/metaltale.com\/lv\/produkts\/mebelu-rokturis-decorative-35-mm-ar-sledzeni\/\" \/>\n<meta property=\"og:locale\" content=\"lv_LV\" \/>\n<meta property=\"og:type\" content=\"article\" \/>\n<meta property=\"og:title\" content=\"M\u0113be\u013cu rokturis DECORATIVE 35 mm ar sl\u0113dzeni - MetalTale.com\" \/>\n<meta property=\"og:description\" content=\"Modelis MD.128.35.PRGR Materi\u0101ls T\u0113rauds Platums (cm ) 3,4 Augstums (cm ) 9,5 Kop\u0113j\u0101 projekcija (cm ) 1,4 Att\u0101lums starp caurumiem\" \/>\n<meta property=\"og:url\" content=\"https:\/\/metaltale.com\/lv\/produkts\/mebelu-rokturis-decorative-35-mm-ar-sledzeni\/\" \/>\n<meta property=\"og:site_name\" content=\"MetalTale.com\" \/>\n<meta property=\"og:image\" content=\"https:\/\/metaltale.com\/wp-content\/uploads\/2023\/11\/Baldx173-rankena-DEKORATYVINx116-paprasta-ix161kaba-35mm.jpg\" \/>\n\t<meta property=\"og:image:width\" content=\"800\" \/>\n\t<meta property=\"og:image:height\" content=\"800\" \/>\n\t<meta property=\"og:image:type\" content=\"image\/jpeg\" \/>\n<meta name=\"twitter:card\" content=\"summary_large_image\" \/>\n<meta name=\"twitter:label1\" content=\"Est. reading time\" \/>\n\t<meta name=\"twitter:data1\" content=\"1 minute\" \/>\n<script type=\"application\/ld+json\" class=\"yoast-schema-graph\">{\"@context\":\"https:\/\/schema.org\",\"@graph\":[{\"@type\":\"WebPage\",\"@id\":\"https:\/\/metaltale.com\/lv\/produkts\/mebelu-rokturis-decorative-35-mm-ar-sledzeni\/\",\"url\":\"https:\/\/metaltale.com\/lv\/produkts\/mebelu-rokturis-decorative-35-mm-ar-sledzeni\/\",\"name\":\"M\u0113be\u013cu rokturis DECORATIVE 35 mm ar sl\u0113dzeni - MetalTale.com\",\"isPartOf\":{\"@id\":\"https:\/\/metaltale.com\/lv\/#website\"},\"primaryImageOfPage\":{\"@id\":\"https:\/\/metaltale.com\/lv\/produkts\/mebelu-rokturis-decorative-35-mm-ar-sledzeni\/#primaryimage\"},\"image\":{\"@id\":\"https:\/\/metaltale.com\/lv\/produkts\/mebelu-rokturis-decorative-35-mm-ar-sledzeni\/#primaryimage\"},\"thumbnailUrl\":\"https:\/\/metaltale.com\/wp-content\/uploads\/2023\/11\/Baldx173-rankena-DEKORATYVINx116-paprasta-ix161kaba-35mm.jpg\",\"datePublished\":\"2024-02-13T13:05:05+00:00\",\"breadcrumb\":{\"@id\":\"https:\/\/metaltale.com\/lv\/produkts\/mebelu-rokturis-decorative-35-mm-ar-sledzeni\/#breadcrumb\"},\"inLanguage\":\"lv-LV\",\"potentialAction\":[{\"@type\":\"ReadAction\",\"target\":[\"https:\/\/metaltale.com\/lv\/produkts\/mebelu-rokturis-decorative-35-mm-ar-sledzeni\/\"]}]},{\"@type\":\"ImageObject\",\"inLanguage\":\"lv-LV\",\"@id\":\"https:\/\/metaltale.com\/lv\/produkts\/mebelu-rokturis-decorative-35-mm-ar-sledzeni\/#primaryimage\",\"url\":\"https:\/\/metaltale.com\/wp-content\/uploads\/2023\/11\/Baldx173-rankena-DEKORATYVINx116-paprasta-ix161kaba-35mm.jpg\",\"contentUrl\":\"https:\/\/metaltale.com\/wp-content\/uploads\/2023\/11\/Baldx173-rankena-DEKORATYVINx116-paprasta-ix161kaba-35mm.jpg\",\"width\":800,\"height\":800,\"caption\":\"M\u0113be\u013cu rokturis DECORATIVE 35 mm ar sl\u0113dzeni\"},{\"@type\":\"BreadcrumbList\",\"@id\":\"https:\/\/metaltale.com\/lv\/produkts\/mebelu-rokturis-decorative-35-mm-ar-sledzeni\/#breadcrumb\",\"itemListElement\":[{\"@type\":\"ListItem\",\"position\":1,\"name\":\"Home\",\"item\":\"https:\/\/metaltale.com\/lv\/majas\/\"},{\"@type\":\"ListItem\",\"position\":2,\"name\":\"Veikals\",\"item\":\"https:\/\/metaltale.com\/lv\/shop\/\"},{\"@type\":\"ListItem\",\"position\":3,\"name\":\"M\u0113be\u013cu rokturis DECORATIVE 35 mm ar sl\u0113dzeni\"}]},{\"@type\":\"WebSite\",\"@id\":\"https:\/\/metaltale.com\/lv\/#website\",\"url\":\"https:\/\/metaltale.com\/lv\/\",\"name\":\"Metaltale.com\",\"description\":\"\",\"potentialAction\":[{\"@type\":\"SearchAction\",\"target\":{\"@type\":\"EntryPoint\",\"urlTemplate\":\"https:\/\/metaltale.com\/lv\/?s={search_term_string}\"},\"query-input\":{\"@type\":\"PropertyValueSpecification\",\"valueRequired\":true,\"valueName\":\"search_term_string\"}}],\"inLanguage\":\"lv-LV\"}]}<\/script>\n<!-- \/ Yoast SEO plugin. -->","yoast_head_json":{"title":"M\u0113be\u013cu rokturis DECORATIVE 35 mm ar sl\u0113dzeni - MetalTale.com","robots":{"index":"index","follow":"follow","max-snippet":"max-snippet:-1","max-image-preview":"max-image-preview:large","max-video-preview":"max-video-preview:-1"},"canonical":"https:\/\/metaltale.com\/lv\/produkts\/mebelu-rokturis-decorative-35-mm-ar-sledzeni\/","og_locale":"lv_LV","og_type":"article","og_title":"M\u0113be\u013cu rokturis DECORATIVE 35 mm ar sl\u0113dzeni - MetalTale.com","og_description":"Modelis MD.128.35.PRGR Materi\u0101ls T\u0113rauds Platums (cm ) 3,4 Augstums (cm ) 9,5 Kop\u0113j\u0101 projekcija (cm ) 1,4 Att\u0101lums starp caurumiem","og_url":"https:\/\/metaltale.com\/lv\/produkts\/mebelu-rokturis-decorative-35-mm-ar-sledzeni\/","og_site_name":"MetalTale.com","og_image":[{"width":800,"height":800,"url":"https:\/\/metaltale.com\/wp-content\/uploads\/2023\/11\/Baldx173-rankena-DEKORATYVINx116-paprasta-ix161kaba-35mm.jpg","type":"image\/jpeg"}],"twitter_card":"summary_large_image","twitter_misc":{"Est. reading time":"1 minute"},"schema":{"@context":"https:\/\/schema.org","@graph":[{"@type":"WebPage","@id":"https:\/\/metaltale.com\/lv\/produkts\/mebelu-rokturis-decorative-35-mm-ar-sledzeni\/","url":"https:\/\/metaltale.com\/lv\/produkts\/mebelu-rokturis-decorative-35-mm-ar-sledzeni\/","name":"M\u0113be\u013cu rokturis DECORATIVE 35 mm ar sl\u0113dzeni - MetalTale.com","isPartOf":{"@id":"https:\/\/metaltale.com\/lv\/#website"},"primaryImageOfPage":{"@id":"https:\/\/metaltale.com\/lv\/produkts\/mebelu-rokturis-decorative-35-mm-ar-sledzeni\/#primaryimage"},"image":{"@id":"https:\/\/metaltale.com\/lv\/produkts\/mebelu-rokturis-decorative-35-mm-ar-sledzeni\/#primaryimage"},"thumbnailUrl":"https:\/\/metaltale.com\/wp-content\/uploads\/2023\/11\/Baldx173-rankena-DEKORATYVINx116-paprasta-ix161kaba-35mm.jpg","datePublished":"2024-02-13T13:05:05+00:00","breadcrumb":{"@id":"https:\/\/metaltale.com\/lv\/produkts\/mebelu-rokturis-decorative-35-mm-ar-sledzeni\/#breadcrumb"},"inLanguage":"lv-LV","potentialAction":[{"@type":"ReadAction","target":["https:\/\/metaltale.com\/lv\/produkts\/mebelu-rokturis-decorative-35-mm-ar-sledzeni\/"]}]},{"@type":"ImageObject","inLanguage":"lv-LV","@id":"https:\/\/metaltale.com\/lv\/produkts\/mebelu-rokturis-decorative-35-mm-ar-sledzeni\/#primaryimage","url":"https:\/\/metaltale.com\/wp-content\/uploads\/2023\/11\/Baldx173-rankena-DEKORATYVINx116-paprasta-ix161kaba-35mm.jpg","contentUrl":"https:\/\/metaltale.com\/wp-content\/uploads\/2023\/11\/Baldx173-rankena-DEKORATYVINx116-paprasta-ix161kaba-35mm.jpg","width":800,"height":800,"caption":"M\u0113be\u013cu rokturis DECORATIVE 35 mm ar sl\u0113dzeni"},{"@type":"BreadcrumbList","@id":"https:\/\/metaltale.com\/lv\/produkts\/mebelu-rokturis-decorative-35-mm-ar-sledzeni\/#breadcrumb","itemListElement":[{"@type":"ListItem","position":1,"name":"Home","item":"https:\/\/metaltale.com\/lv\/majas\/"},{"@type":"ListItem","position":2,"name":"Veikals","item":"https:\/\/metaltale.com\/lv\/shop\/"},{"@type":"ListItem","position":3,"name":"M\u0113be\u013cu rokturis DECORATIVE 35 mm ar sl\u0113dzeni"}]},{"@type":"WebSite","@id":"https:\/\/metaltale.com\/lv\/#website","url":"https:\/\/metaltale.com\/lv\/","name":"Metaltale.com","description":"","potentialAction":[{"@type":"SearchAction","target":{"@type":"EntryPoint","urlTemplate":"https:\/\/metaltale.com\/lv\/?s={search_term_string}"},"query-input":{"@type":"PropertyValueSpecification","valueRequired":true,"valueName":"search_term_string"}}],"inLanguage":"lv-LV"}]}},"_links":{"self":[{"href":"https:\/\/metaltale.com\/lv\/wp-json\/wp\/v2\/product\/136496","targetHints":{"allow":["GET"]}}],"collection":[{"href":"https:\/\/metaltale.com\/lv\/wp-json\/wp\/v2\/product"}],"about":[{"href":"https:\/\/metaltale.com\/lv\/wp-json\/wp\/v2\/types\/product"}],"replies":[{"embeddable":true,"href":"https:\/\/metaltale.com\/lv\/wp-json\/wp\/v2\/comments?post=136496"}],"version-history":[{"count":0,"href":"https:\/\/metaltale.com\/lv\/wp-json\/wp\/v2\/product\/136496\/revisions"}],"wp:featuredmedia":[{"embeddable":true,"href":"https:\/\/metaltale.com\/lv\/wp-json\/wp\/v2\/media\/106815"}],"wp:attachment":[{"href":"https:\/\/metaltale.com\/lv\/wp-json\/wp\/v2\/media?parent=136496"}],"wp:term":[{"taxonomy":"product_brand","embeddable":true,"href":"https:\/\/metaltale.com\/lv\/wp-json\/wp\/v2\/product_brand?post=136496"},{"taxonomy":"product_cat","embeddable":true,"href":"https:\/\/metaltale.com\/lv\/wp-json\/wp\/v2\/product_cat?post=136496"},{"taxonomy":"product_tag","embeddable":true,"href":"https:\/\/metaltale.com\/lv\/wp-json\/wp\/v2\/product_tag?post=136496"}],"curies":[{"name":"wp","href":"https:\/\/api.w.org\/{rel}","templated":true}]}}