{"id":136493,"date":"2024-02-13T15:05:05","date_gmt":"2024-02-13T13:05:05","guid":{"rendered":"https:\/\/metaltale.com\/produktas\/mebelu-viras-rustic-labas-zelta-krasa\/"},"modified":"2024-02-13T15:05:05","modified_gmt":"2024-02-13T13:05:05","slug":"mebelu-viras-rustic-labas-zelta-krasa","status":"publish","type":"product","link":"https:\/\/metaltale.com\/lv\/produkts\/mebelu-viras-rustic-labas-zelta-krasa\/","title":{"rendered":"M\u0113be\u013cu viras RUSTIC lab\u0101s, zelta kr\u0101s\u0101"},"content":{"rendered":"<div class=\"prod_data\">\n<p><strong>Modelis<\/strong> MD.1261P<br \/>\n<strong>Materi\u0101ls<\/strong> T\u0113rauds<br \/>\n<strong>Kop\u0113jais augstums (cm<\/strong> ) 8,6<br \/>\n<strong>Kop\u0113jais platums (cm<\/strong> ) 5<br \/>\nMont\u0101\u017eas skr\u016bves J\u0101<br \/>\n<strong>Kr\u0101sa<\/strong> Antique gold<\/p>\n<p>M\u0113be\u013cu viras ir izgatavotas no augst\u0101k\u0101s kvalit\u0101tes t\u0113rauda, lai garant\u0113tu izstr\u0101d\u0101juma iztur\u012bbu.<\/p>\n<p>Pieg\u0101d\u0101ts ar stiprin\u0101juma skr\u016bv\u0113m, lai atvieglotu e\u0146\u0123u uzst\u0101d\u012b\u0161anu.<\/p>\n<hr>\n<p>Skaisti un stil\u012bgi m\u0113be\u013cu baldah\u012bni ir lieliski aksesu\u0101ri. Izstr\u0101d\u0101ta iztur\u012bga un augstas kvalit\u0101tes t\u0113rauda viru ar diviem sp\u0101rniem.<\/p>\n<p>Lieliski piem\u0113rots k\u0101 neaizst\u0101jams koka m\u0113be\u013cu un l\u0101des aksesu\u0101rs.<\/p>\n<p>E\u0146\u0123\u0113m ir pievienotas stiprin\u0101juma skr\u016bves, kas atvieglo e\u0146\u0123u uzst\u0101d\u012b\u0161anu.<\/p>\n<\/div>\n","protected":false},"excerpt":{"rendered":"<p>Modelis MD.1261P Materi\u0101ls T\u0113rauds Kop\u0113jais augstums (cm ) 8,6 Kop\u0113jais platums (cm ) 5 Mont\u0101\u017eas skr\u016bves J\u0101 Kr\u0101sa Antique gold<\/p>\n","protected":false},"featured_media":124052,"comment_status":"open","ping_status":"closed","template":"","meta":{"_acf_changed":false,"pmpro_default_level":""},"product_brand":[],"product_cat":[24080,24079],"product_tag":[],"class_list":{"0":"post-136493","1":"product","2":"type-product","3":"status-publish","4":"has-post-thumbnail","6":"product_cat-mebelu-enges","7":"product_cat-viriesi","8":"pmpro-has-access","10":"first","11":"instock","12":"shipping-taxable","13":"purchasable","14":"product-type-simple"},"acf":[],"yoast_head":"<!-- This site is optimized with the Yoast SEO plugin v24.9 - https:\/\/yoast.com\/wordpress\/plugins\/seo\/ -->\n<title>M\u0113be\u013cu viras RUSTIC lab\u0101s, zelta kr\u0101s\u0101 - MetalTale.com<\/title>\n<meta name=\"robots\" content=\"index, follow, max-snippet:-1, max-image-preview:large, max-video-preview:-1\" \/>\n<link rel=\"canonical\" href=\"https:\/\/metaltale.com\/lv\/produkts\/mebelu-viras-rustic-labas-zelta-krasa\/\" \/>\n<meta property=\"og:locale\" content=\"lv_LV\" \/>\n<meta property=\"og:type\" content=\"article\" \/>\n<meta property=\"og:title\" content=\"M\u0113be\u013cu viras RUSTIC lab\u0101s, zelta kr\u0101s\u0101 - MetalTale.com\" \/>\n<meta property=\"og:description\" content=\"Modelis MD.1261P Materi\u0101ls T\u0113rauds Kop\u0113jais augstums (cm ) 8,6 Kop\u0113jais platums (cm ) 5 Mont\u0101\u017eas skr\u016bves J\u0101 Kr\u0101sa Antique gold\" \/>\n<meta property=\"og:url\" content=\"https:\/\/metaltale.com\/lv\/produkts\/mebelu-viras-rustic-labas-zelta-krasa\/\" \/>\n<meta property=\"og:site_name\" content=\"MetalTale.com\" \/>\n<meta name=\"twitter:card\" content=\"summary_large_image\" \/>\n<meta name=\"twitter:label1\" content=\"Est. reading time\" \/>\n\t<meta name=\"twitter:data1\" content=\"1 minute\" \/>\n<script type=\"application\/ld+json\" class=\"yoast-schema-graph\">{\"@context\":\"https:\/\/schema.org\",\"@graph\":[{\"@type\":\"WebPage\",\"@id\":\"https:\/\/metaltale.com\/lv\/produkts\/mebelu-viras-rustic-labas-zelta-krasa\/\",\"url\":\"https:\/\/metaltale.com\/lv\/produkts\/mebelu-viras-rustic-labas-zelta-krasa\/\",\"name\":\"M\u0113be\u013cu viras RUSTIC lab\u0101s, zelta kr\u0101s\u0101 - MetalTale.com\",\"isPartOf\":{\"@id\":\"https:\/\/metaltale.com\/lv\/#website\"},\"primaryImageOfPage\":{\"@id\":\"https:\/\/metaltale.com\/lv\/produkts\/mebelu-viras-rustic-labas-zelta-krasa\/#primaryimage\"},\"image\":{\"@id\":\"https:\/\/metaltale.com\/lv\/produkts\/mebelu-viras-rustic-labas-zelta-krasa\/#primaryimage\"},\"thumbnailUrl\":\"https:\/\/metaltale.com\/wp-content\/uploads\/2024\/01\/zawias-meblowy-stalowy-rustykalny-8871.jpg\",\"datePublished\":\"2024-02-13T13:05:05+00:00\",\"breadcrumb\":{\"@id\":\"https:\/\/metaltale.com\/lv\/produkts\/mebelu-viras-rustic-labas-zelta-krasa\/#breadcrumb\"},\"inLanguage\":\"lv-LV\",\"potentialAction\":[{\"@type\":\"ReadAction\",\"target\":[\"https:\/\/metaltale.com\/lv\/produkts\/mebelu-viras-rustic-labas-zelta-krasa\/\"]}]},{\"@type\":\"ImageObject\",\"inLanguage\":\"lv-LV\",\"@id\":\"https:\/\/metaltale.com\/lv\/produkts\/mebelu-viras-rustic-labas-zelta-krasa\/#primaryimage\",\"url\":\"https:\/\/metaltale.com\/wp-content\/uploads\/2024\/01\/zawias-meblowy-stalowy-rustykalny-8871.jpg\",\"contentUrl\":\"https:\/\/metaltale.com\/wp-content\/uploads\/2024\/01\/zawias-meblowy-stalowy-rustykalny-8871.jpg\",\"width\":800,\"height\":800,\"caption\":\"M\u0113be\u013cu viras RUSTIC lab\u0101s, zelta kr\u0101s\u0101\"},{\"@type\":\"BreadcrumbList\",\"@id\":\"https:\/\/metaltale.com\/lv\/produkts\/mebelu-viras-rustic-labas-zelta-krasa\/#breadcrumb\",\"itemListElement\":[{\"@type\":\"ListItem\",\"position\":1,\"name\":\"Home\",\"item\":\"https:\/\/metaltale.com\/lv\/majas\/\"},{\"@type\":\"ListItem\",\"position\":2,\"name\":\"Veikals\",\"item\":\"https:\/\/metaltale.com\/lv\/shop\/\"},{\"@type\":\"ListItem\",\"position\":3,\"name\":\"M\u0113be\u013cu viras RUSTIC lab\u0101s, zelta kr\u0101s\u0101\"}]},{\"@type\":\"WebSite\",\"@id\":\"https:\/\/metaltale.com\/lv\/#website\",\"url\":\"https:\/\/metaltale.com\/lv\/\",\"name\":\"Metaltale.com\",\"description\":\"\",\"potentialAction\":[{\"@type\":\"SearchAction\",\"target\":{\"@type\":\"EntryPoint\",\"urlTemplate\":\"https:\/\/metaltale.com\/lv\/?s={search_term_string}\"},\"query-input\":{\"@type\":\"PropertyValueSpecification\",\"valueRequired\":true,\"valueName\":\"search_term_string\"}}],\"inLanguage\":\"lv-LV\"}]}<\/script>\n<!-- \/ Yoast SEO plugin. -->","yoast_head_json":{"title":"M\u0113be\u013cu viras RUSTIC lab\u0101s, zelta kr\u0101s\u0101 - MetalTale.com","robots":{"index":"index","follow":"follow","max-snippet":"max-snippet:-1","max-image-preview":"max-image-preview:large","max-video-preview":"max-video-preview:-1"},"canonical":"https:\/\/metaltale.com\/lv\/produkts\/mebelu-viras-rustic-labas-zelta-krasa\/","og_locale":"lv_LV","og_type":"article","og_title":"M\u0113be\u013cu viras RUSTIC lab\u0101s, zelta kr\u0101s\u0101 - MetalTale.com","og_description":"Modelis MD.1261P Materi\u0101ls T\u0113rauds Kop\u0113jais augstums (cm ) 8,6 Kop\u0113jais platums (cm ) 5 Mont\u0101\u017eas skr\u016bves J\u0101 Kr\u0101sa Antique gold","og_url":"https:\/\/metaltale.com\/lv\/produkts\/mebelu-viras-rustic-labas-zelta-krasa\/","og_site_name":"MetalTale.com","twitter_card":"summary_large_image","twitter_misc":{"Est. reading time":"1 minute"},"schema":{"@context":"https:\/\/schema.org","@graph":[{"@type":"WebPage","@id":"https:\/\/metaltale.com\/lv\/produkts\/mebelu-viras-rustic-labas-zelta-krasa\/","url":"https:\/\/metaltale.com\/lv\/produkts\/mebelu-viras-rustic-labas-zelta-krasa\/","name":"M\u0113be\u013cu viras RUSTIC lab\u0101s, zelta kr\u0101s\u0101 - MetalTale.com","isPartOf":{"@id":"https:\/\/metaltale.com\/lv\/#website"},"primaryImageOfPage":{"@id":"https:\/\/metaltale.com\/lv\/produkts\/mebelu-viras-rustic-labas-zelta-krasa\/#primaryimage"},"image":{"@id":"https:\/\/metaltale.com\/lv\/produkts\/mebelu-viras-rustic-labas-zelta-krasa\/#primaryimage"},"thumbnailUrl":"https:\/\/metaltale.com\/wp-content\/uploads\/2024\/01\/zawias-meblowy-stalowy-rustykalny-8871.jpg","datePublished":"2024-02-13T13:05:05+00:00","breadcrumb":{"@id":"https:\/\/metaltale.com\/lv\/produkts\/mebelu-viras-rustic-labas-zelta-krasa\/#breadcrumb"},"inLanguage":"lv-LV","potentialAction":[{"@type":"ReadAction","target":["https:\/\/metaltale.com\/lv\/produkts\/mebelu-viras-rustic-labas-zelta-krasa\/"]}]},{"@type":"ImageObject","inLanguage":"lv-LV","@id":"https:\/\/metaltale.com\/lv\/produkts\/mebelu-viras-rustic-labas-zelta-krasa\/#primaryimage","url":"https:\/\/metaltale.com\/wp-content\/uploads\/2024\/01\/zawias-meblowy-stalowy-rustykalny-8871.jpg","contentUrl":"https:\/\/metaltale.com\/wp-content\/uploads\/2024\/01\/zawias-meblowy-stalowy-rustykalny-8871.jpg","width":800,"height":800,"caption":"M\u0113be\u013cu viras RUSTIC lab\u0101s, zelta kr\u0101s\u0101"},{"@type":"BreadcrumbList","@id":"https:\/\/metaltale.com\/lv\/produkts\/mebelu-viras-rustic-labas-zelta-krasa\/#breadcrumb","itemListElement":[{"@type":"ListItem","position":1,"name":"Home","item":"https:\/\/metaltale.com\/lv\/majas\/"},{"@type":"ListItem","position":2,"name":"Veikals","item":"https:\/\/metaltale.com\/lv\/shop\/"},{"@type":"ListItem","position":3,"name":"M\u0113be\u013cu viras RUSTIC lab\u0101s, zelta kr\u0101s\u0101"}]},{"@type":"WebSite","@id":"https:\/\/metaltale.com\/lv\/#website","url":"https:\/\/metaltale.com\/lv\/","name":"Metaltale.com","description":"","potentialAction":[{"@type":"SearchAction","target":{"@type":"EntryPoint","urlTemplate":"https:\/\/metaltale.com\/lv\/?s={search_term_string}"},"query-input":{"@type":"PropertyValueSpecification","valueRequired":true,"valueName":"search_term_string"}}],"inLanguage":"lv-LV"}]}},"_links":{"self":[{"href":"https:\/\/metaltale.com\/lv\/wp-json\/wp\/v2\/product\/136493","targetHints":{"allow":["GET"]}}],"collection":[{"href":"https:\/\/metaltale.com\/lv\/wp-json\/wp\/v2\/product"}],"about":[{"href":"https:\/\/metaltale.com\/lv\/wp-json\/wp\/v2\/types\/product"}],"replies":[{"embeddable":true,"href":"https:\/\/metaltale.com\/lv\/wp-json\/wp\/v2\/comments?post=136493"}],"version-history":[{"count":0,"href":"https:\/\/metaltale.com\/lv\/wp-json\/wp\/v2\/product\/136493\/revisions"}],"wp:featuredmedia":[{"embeddable":true,"href":"https:\/\/metaltale.com\/lv\/wp-json\/wp\/v2\/media\/124052"}],"wp:attachment":[{"href":"https:\/\/metaltale.com\/lv\/wp-json\/wp\/v2\/media?parent=136493"}],"wp:term":[{"taxonomy":"product_brand","embeddable":true,"href":"https:\/\/metaltale.com\/lv\/wp-json\/wp\/v2\/product_brand?post=136493"},{"taxonomy":"product_cat","embeddable":true,"href":"https:\/\/metaltale.com\/lv\/wp-json\/wp\/v2\/product_cat?post=136493"},{"taxonomy":"product_tag","embeddable":true,"href":"https:\/\/metaltale.com\/lv\/wp-json\/wp\/v2\/product_tag?post=136493"}],"curies":[{"name":"wp","href":"https:\/\/api.w.org\/{rel}","templated":true}]}}