{"id":136475,"date":"2024-02-13T15:05:05","date_gmt":"2024-02-13T13:05:05","guid":{"rendered":"https:\/\/metaltale.com\/produktas\/mebelu-atslega-simple\/"},"modified":"2024-02-13T15:05:05","modified_gmt":"2024-02-13T13:05:05","slug":"mebelu-atslega-simple","status":"publish","type":"product","link":"https:\/\/metaltale.com\/lv\/produkts\/mebelu-atslega-simple\/","title":{"rendered":"M\u0113be\u013cu atsl\u0113ga SIMPLE"},"content":{"rendered":"<div class=\"prod_data\">\n<p><strong>Modelis<\/strong> MD.1019-07<br \/>\n<strong>EAN.<\/strong>  5905369927683<br \/>\nMateri\u0101ls Ketus<br \/>\n<strong>Kop\u0113jais augstums (cm<\/strong> ) 7,6<br \/>\n<strong>Kop\u0113jais platums (cm<\/strong> ) 2,5<br \/>\n<strong>Kr\u0101sa<\/strong> Antique bronze<\/p>\n<p>Produkts ir izgatavots no augst\u0101k\u0101s kvalit\u0101tes \u010duguna sakaus\u0113juma, kas noz\u012bm\u0113, ka tas kalpos mums ilgu laiku.<\/p>\n<p>Atsl\u0113gas skaist\u0101 forma un kr\u0101sa padara to ide\u0101li piem\u0113rotu lauku vai retro stilam.<\/p>\n<p>Atsl\u0113ga ir piem\u0113rota standarta m\u0113be\u013cu sl\u0113dzen\u0113m<\/p>\n<hr>\n<p>Izmantojot \u0161\u012b stila dekorat\u012bvos aksesu\u0101rus, m\u0113s varam pie\u0161\u0137irt interjeram rustik\u0101lu raksturu. M\u016bsu veikals pied\u0101v\u0101 pla\u0161u produktu kl\u0101stu, kas \u013caus j\u016bsu interjeram pie\u0161\u0137irt rustik\u0101lu raksturu.<\/p>\n<p>\u0160\u012bs atsl\u0113gas kr\u0101sa un forma padara to ide\u0101li piem\u0113rotu lauku klimatam. Atsl\u0113gas izmanto\u0161ana \u013caus mums p\u0101rvald\u012bt m\u016bsu m\u0113be\u013cu saturu. Tas ir piem\u0113rots liel\u0101kajai da\u013cai dr\u0113bju skapju, kumodu vai skap\u012b\u0161u ar standarta m\u0113be\u013cu sl\u0113dzeni. Produkts ir izgatavots no augst\u0101k\u0101s kvalit\u0101tes \u010duguna, kas garant\u0113 produkta iztur\u012bbu.<\/p>\n<\/div>\n","protected":false},"excerpt":{"rendered":"<p>Modelis MD.1019-07 EAN. 5905369927683 Materi\u0101ls Ketus Kop\u0113jais augstums (cm ) 7,6 Kop\u0113jais platums (cm ) 2,5 Kr\u0101sa Antique bronze Produkts<\/p>\n","protected":false},"featured_media":91894,"comment_status":"open","ping_status":"closed","template":"","meta":{"_acf_changed":false,"pmpro_default_level":""},"product_brand":[],"product_cat":[24095,23837],"product_tag":[],"class_list":{"0":"post-136475","1":"product","2":"type-product","3":"status-publish","4":"has-post-thumbnail","6":"product_cat-atslegu-vacini","7":"product_cat-mebeles-piederumi","8":"pmpro-has-access","10":"first","11":"instock","12":"shipping-taxable","13":"purchasable","14":"product-type-simple"},"acf":[],"yoast_head":"<!-- This site is optimized with the Yoast SEO plugin v24.9 - https:\/\/yoast.com\/wordpress\/plugins\/seo\/ -->\n<title>M\u0113be\u013cu atsl\u0113ga SIMPLE - MetalTale.com<\/title>\n<meta name=\"robots\" content=\"index, follow, max-snippet:-1, max-image-preview:large, max-video-preview:-1\" \/>\n<link rel=\"canonical\" href=\"https:\/\/metaltale.com\/lv\/produkts\/mebelu-atslega-simple\/\" \/>\n<meta property=\"og:locale\" content=\"lv_LV\" \/>\n<meta property=\"og:type\" content=\"article\" \/>\n<meta property=\"og:title\" content=\"M\u0113be\u013cu atsl\u0113ga SIMPLE - MetalTale.com\" \/>\n<meta property=\"og:description\" content=\"Modelis MD.1019-07 EAN. 5905369927683 Materi\u0101ls Ketus Kop\u0113jais augstums (cm ) 7,6 Kop\u0113jais platums (cm ) 2,5 Kr\u0101sa Antique bronze Produkts\" \/>\n<meta property=\"og:url\" content=\"https:\/\/metaltale.com\/lv\/produkts\/mebelu-atslega-simple\/\" \/>\n<meta property=\"og:site_name\" content=\"MetalTale.com\" \/>\n<meta property=\"og:image\" content=\"https:\/\/metaltale.com\/wp-content\/uploads\/2023\/10\/Baldx173-raktas-PAPRASTAS.jpg\" \/>\n\t<meta property=\"og:image:width\" content=\"800\" \/>\n\t<meta property=\"og:image:height\" content=\"800\" \/>\n\t<meta property=\"og:image:type\" content=\"image\/jpeg\" \/>\n<meta name=\"twitter:card\" content=\"summary_large_image\" \/>\n<meta name=\"twitter:label1\" content=\"Est. reading time\" \/>\n\t<meta name=\"twitter:data1\" content=\"1 minute\" \/>\n<script type=\"application\/ld+json\" class=\"yoast-schema-graph\">{\"@context\":\"https:\/\/schema.org\",\"@graph\":[{\"@type\":\"WebPage\",\"@id\":\"https:\/\/metaltale.com\/lv\/produkts\/mebelu-atslega-simple\/\",\"url\":\"https:\/\/metaltale.com\/lv\/produkts\/mebelu-atslega-simple\/\",\"name\":\"M\u0113be\u013cu atsl\u0113ga SIMPLE - MetalTale.com\",\"isPartOf\":{\"@id\":\"https:\/\/metaltale.com\/lv\/#website\"},\"primaryImageOfPage\":{\"@id\":\"https:\/\/metaltale.com\/lv\/produkts\/mebelu-atslega-simple\/#primaryimage\"},\"image\":{\"@id\":\"https:\/\/metaltale.com\/lv\/produkts\/mebelu-atslega-simple\/#primaryimage\"},\"thumbnailUrl\":\"https:\/\/metaltale.com\/wp-content\/uploads\/2023\/10\/Baldx173-raktas-PAPRASTAS.jpg\",\"datePublished\":\"2024-02-13T13:05:05+00:00\",\"breadcrumb\":{\"@id\":\"https:\/\/metaltale.com\/lv\/produkts\/mebelu-atslega-simple\/#breadcrumb\"},\"inLanguage\":\"lv-LV\",\"potentialAction\":[{\"@type\":\"ReadAction\",\"target\":[\"https:\/\/metaltale.com\/lv\/produkts\/mebelu-atslega-simple\/\"]}]},{\"@type\":\"ImageObject\",\"inLanguage\":\"lv-LV\",\"@id\":\"https:\/\/metaltale.com\/lv\/produkts\/mebelu-atslega-simple\/#primaryimage\",\"url\":\"https:\/\/metaltale.com\/wp-content\/uploads\/2023\/10\/Baldx173-raktas-PAPRASTAS.jpg\",\"contentUrl\":\"https:\/\/metaltale.com\/wp-content\/uploads\/2023\/10\/Baldx173-raktas-PAPRASTAS.jpg\",\"width\":800,\"height\":800},{\"@type\":\"BreadcrumbList\",\"@id\":\"https:\/\/metaltale.com\/lv\/produkts\/mebelu-atslega-simple\/#breadcrumb\",\"itemListElement\":[{\"@type\":\"ListItem\",\"position\":1,\"name\":\"Home\",\"item\":\"https:\/\/metaltale.com\/lv\/majas\/\"},{\"@type\":\"ListItem\",\"position\":2,\"name\":\"Veikals\",\"item\":\"https:\/\/metaltale.com\/lv\/shop\/\"},{\"@type\":\"ListItem\",\"position\":3,\"name\":\"M\u0113be\u013cu atsl\u0113ga SIMPLE\"}]},{\"@type\":\"WebSite\",\"@id\":\"https:\/\/metaltale.com\/lv\/#website\",\"url\":\"https:\/\/metaltale.com\/lv\/\",\"name\":\"Metaltale.com\",\"description\":\"\",\"potentialAction\":[{\"@type\":\"SearchAction\",\"target\":{\"@type\":\"EntryPoint\",\"urlTemplate\":\"https:\/\/metaltale.com\/lv\/?s={search_term_string}\"},\"query-input\":{\"@type\":\"PropertyValueSpecification\",\"valueRequired\":true,\"valueName\":\"search_term_string\"}}],\"inLanguage\":\"lv-LV\"}]}<\/script>\n<!-- \/ Yoast SEO plugin. -->","yoast_head_json":{"title":"M\u0113be\u013cu atsl\u0113ga SIMPLE - MetalTale.com","robots":{"index":"index","follow":"follow","max-snippet":"max-snippet:-1","max-image-preview":"max-image-preview:large","max-video-preview":"max-video-preview:-1"},"canonical":"https:\/\/metaltale.com\/lv\/produkts\/mebelu-atslega-simple\/","og_locale":"lv_LV","og_type":"article","og_title":"M\u0113be\u013cu atsl\u0113ga SIMPLE - MetalTale.com","og_description":"Modelis MD.1019-07 EAN. 5905369927683 Materi\u0101ls Ketus Kop\u0113jais augstums (cm ) 7,6 Kop\u0113jais platums (cm ) 2,5 Kr\u0101sa Antique bronze Produkts","og_url":"https:\/\/metaltale.com\/lv\/produkts\/mebelu-atslega-simple\/","og_site_name":"MetalTale.com","og_image":[{"width":800,"height":800,"url":"https:\/\/metaltale.com\/wp-content\/uploads\/2023\/10\/Baldx173-raktas-PAPRASTAS.jpg","type":"image\/jpeg"}],"twitter_card":"summary_large_image","twitter_misc":{"Est. reading time":"1 minute"},"schema":{"@context":"https:\/\/schema.org","@graph":[{"@type":"WebPage","@id":"https:\/\/metaltale.com\/lv\/produkts\/mebelu-atslega-simple\/","url":"https:\/\/metaltale.com\/lv\/produkts\/mebelu-atslega-simple\/","name":"M\u0113be\u013cu atsl\u0113ga SIMPLE - MetalTale.com","isPartOf":{"@id":"https:\/\/metaltale.com\/lv\/#website"},"primaryImageOfPage":{"@id":"https:\/\/metaltale.com\/lv\/produkts\/mebelu-atslega-simple\/#primaryimage"},"image":{"@id":"https:\/\/metaltale.com\/lv\/produkts\/mebelu-atslega-simple\/#primaryimage"},"thumbnailUrl":"https:\/\/metaltale.com\/wp-content\/uploads\/2023\/10\/Baldx173-raktas-PAPRASTAS.jpg","datePublished":"2024-02-13T13:05:05+00:00","breadcrumb":{"@id":"https:\/\/metaltale.com\/lv\/produkts\/mebelu-atslega-simple\/#breadcrumb"},"inLanguage":"lv-LV","potentialAction":[{"@type":"ReadAction","target":["https:\/\/metaltale.com\/lv\/produkts\/mebelu-atslega-simple\/"]}]},{"@type":"ImageObject","inLanguage":"lv-LV","@id":"https:\/\/metaltale.com\/lv\/produkts\/mebelu-atslega-simple\/#primaryimage","url":"https:\/\/metaltale.com\/wp-content\/uploads\/2023\/10\/Baldx173-raktas-PAPRASTAS.jpg","contentUrl":"https:\/\/metaltale.com\/wp-content\/uploads\/2023\/10\/Baldx173-raktas-PAPRASTAS.jpg","width":800,"height":800},{"@type":"BreadcrumbList","@id":"https:\/\/metaltale.com\/lv\/produkts\/mebelu-atslega-simple\/#breadcrumb","itemListElement":[{"@type":"ListItem","position":1,"name":"Home","item":"https:\/\/metaltale.com\/lv\/majas\/"},{"@type":"ListItem","position":2,"name":"Veikals","item":"https:\/\/metaltale.com\/lv\/shop\/"},{"@type":"ListItem","position":3,"name":"M\u0113be\u013cu atsl\u0113ga SIMPLE"}]},{"@type":"WebSite","@id":"https:\/\/metaltale.com\/lv\/#website","url":"https:\/\/metaltale.com\/lv\/","name":"Metaltale.com","description":"","potentialAction":[{"@type":"SearchAction","target":{"@type":"EntryPoint","urlTemplate":"https:\/\/metaltale.com\/lv\/?s={search_term_string}"},"query-input":{"@type":"PropertyValueSpecification","valueRequired":true,"valueName":"search_term_string"}}],"inLanguage":"lv-LV"}]}},"_links":{"self":[{"href":"https:\/\/metaltale.com\/lv\/wp-json\/wp\/v2\/product\/136475","targetHints":{"allow":["GET"]}}],"collection":[{"href":"https:\/\/metaltale.com\/lv\/wp-json\/wp\/v2\/product"}],"about":[{"href":"https:\/\/metaltale.com\/lv\/wp-json\/wp\/v2\/types\/product"}],"replies":[{"embeddable":true,"href":"https:\/\/metaltale.com\/lv\/wp-json\/wp\/v2\/comments?post=136475"}],"version-history":[{"count":0,"href":"https:\/\/metaltale.com\/lv\/wp-json\/wp\/v2\/product\/136475\/revisions"}],"wp:featuredmedia":[{"embeddable":true,"href":"https:\/\/metaltale.com\/lv\/wp-json\/wp\/v2\/media\/91894"}],"wp:attachment":[{"href":"https:\/\/metaltale.com\/lv\/wp-json\/wp\/v2\/media?parent=136475"}],"wp:term":[{"taxonomy":"product_brand","embeddable":true,"href":"https:\/\/metaltale.com\/lv\/wp-json\/wp\/v2\/product_brand?post=136475"},{"taxonomy":"product_cat","embeddable":true,"href":"https:\/\/metaltale.com\/lv\/wp-json\/wp\/v2\/product_cat?post=136475"},{"taxonomy":"product_tag","embeddable":true,"href":"https:\/\/metaltale.com\/lv\/wp-json\/wp\/v2\/product_tag?post=136475"}],"curies":[{"name":"wp","href":"https:\/\/api.w.org\/{rel}","templated":true}]}}