{"id":136467,"date":"2024-02-13T15:03:58","date_gmt":"2024-02-13T13:03:58","guid":{"rendered":"https:\/\/metaltale.com\/produktas\/izliekts-mebelu-rokturis-luko\/"},"modified":"2024-02-13T15:03:58","modified_gmt":"2024-02-13T13:03:58","slug":"izliekts-mebelu-rokturis-luko","status":"publish","type":"product","link":"https:\/\/metaltale.com\/lv\/produkts\/izliekts-mebelu-rokturis-luko\/","title":{"rendered":"Izliekts m\u0113be\u013cu rokturis LUKO"},"content":{"rendered":"<div class=\"prod_data\">\n<h2>M\u0113be\u013cu aksesu\u0101rs &#8211; M\u0113be\u013cu rokturis LUKO<\/h2>\n<p><strong>Modelis:<\/strong> WSK PH.1001-ST<br \/>\n<strong>Materi\u0101ls:<\/strong> \u010duguns<br \/>\n<strong>Kop\u0113jais augstums (cm<\/strong> ): 2<br \/>\n<strong>Kop\u0113jais platums (cm<\/strong> ): 12<br \/>\n<strong>Kop\u0113j\u0101 projekcija (cm<\/strong> ): 3<br \/>\n<strong>Att\u0101lums starp<\/strong> caurumiem (<strong>cm<\/strong> ): 10<br \/>\n<strong>Mont\u0101\u017eas skr\u016bves:<\/strong> j\u0101<br \/>\n<strong>Kr\u0101sa:<\/strong> t\u0113rauda<\/p>\n<p>\u0160is rokturis ir izgatavots no augst\u0101k\u0101s kvalit\u0101tes \u010duguna un ir impregn\u0113ts, lai garant\u0113tu produkta kvalit\u0101ti un iztur\u012bbu. Izliekt\u0101 forma ir viegli lietojama, t\u0101p\u0113c \u0161is rokturis ir lieliska izv\u0113le pat m\u0113bel\u0113m, kuras tiek bie\u017ei izmantotas.<\/p>\n<p>Komplekt\u0101 iek\u013cautas stiprin\u0101juma skr\u016bves.<\/p>\n<\/div>\n","protected":false},"excerpt":{"rendered":"<p>M\u0113be\u013cu aksesu\u0101rs &#8211; M\u0113be\u013cu rokturis LUKO Modelis: WSK PH.1001-ST Materi\u0101ls: \u010duguns Kop\u0113jais augstums (cm ): 2 Kop\u0113jais platums (cm ):<\/p>\n","protected":false},"featured_media":113813,"comment_status":"open","ping_status":"closed","template":"","meta":{"_acf_changed":false,"pmpro_default_level":""},"product_brand":[],"product_cat":[23837,23838,23843],"product_tag":[],"class_list":{"0":"post-136467","1":"product","2":"type-product","3":"status-publish","4":"has-post-thumbnail","6":"product_cat-mebeles-piederumi","7":"product_cat-mebelu-rokturi","8":"product_cat-skapju-rokturi","9":"pmpro-has-access","11":"first","12":"instock","13":"shipping-taxable","14":"purchasable","15":"product-type-simple"},"acf":[],"yoast_head":"<!-- This site is optimized with the Yoast SEO plugin v24.9 - https:\/\/yoast.com\/wordpress\/plugins\/seo\/ -->\n<title>Izliekts m\u0113be\u013cu rokturis LUKO - MetalTale.com<\/title>\n<meta name=\"robots\" content=\"index, follow, max-snippet:-1, max-image-preview:large, max-video-preview:-1\" \/>\n<link rel=\"canonical\" href=\"https:\/\/metaltale.com\/lv\/produkts\/izliekts-mebelu-rokturis-luko\/\" \/>\n<meta property=\"og:locale\" content=\"lv_LV\" \/>\n<meta property=\"og:type\" content=\"article\" \/>\n<meta property=\"og:title\" content=\"Izliekts m\u0113be\u013cu rokturis LUKO - MetalTale.com\" \/>\n<meta property=\"og:description\" content=\"M\u0113be\u013cu aksesu\u0101rs &#8211; M\u0113be\u013cu rokturis LUKO Modelis: WSK PH.1001-ST Materi\u0101ls: \u010duguns Kop\u0113jais augstums (cm ): 2 Kop\u0113jais platums (cm ):\" \/>\n<meta property=\"og:url\" content=\"https:\/\/metaltale.com\/lv\/produkts\/izliekts-mebelu-rokturis-luko\/\" \/>\n<meta property=\"og:site_name\" content=\"MetalTale.com\" \/>\n<meta name=\"twitter:card\" content=\"summary_large_image\" \/>\n<script type=\"application\/ld+json\" class=\"yoast-schema-graph\">{\"@context\":\"https:\/\/schema.org\",\"@graph\":[{\"@type\":\"WebPage\",\"@id\":\"https:\/\/metaltale.com\/lv\/produkts\/izliekts-mebelu-rokturis-luko\/\",\"url\":\"https:\/\/metaltale.com\/lv\/produkts\/izliekts-mebelu-rokturis-luko\/\",\"name\":\"Izliekts m\u0113be\u013cu rokturis LUKO - MetalTale.com\",\"isPartOf\":{\"@id\":\"https:\/\/metaltale.com\/lv\/#website\"},\"primaryImageOfPage\":{\"@id\":\"https:\/\/metaltale.com\/lv\/produkts\/izliekts-mebelu-rokturis-luko\/#primaryimage\"},\"image\":{\"@id\":\"https:\/\/metaltale.com\/lv\/produkts\/izliekts-mebelu-rokturis-luko\/#primaryimage\"},\"thumbnailUrl\":\"https:\/\/metaltale.com\/wp-content\/uploads\/2023\/11\/ARC-rankena.jpg\",\"datePublished\":\"2024-02-13T13:03:58+00:00\",\"breadcrumb\":{\"@id\":\"https:\/\/metaltale.com\/lv\/produkts\/izliekts-mebelu-rokturis-luko\/#breadcrumb\"},\"inLanguage\":\"lv-LV\",\"potentialAction\":[{\"@type\":\"ReadAction\",\"target\":[\"https:\/\/metaltale.com\/lv\/produkts\/izliekts-mebelu-rokturis-luko\/\"]}]},{\"@type\":\"ImageObject\",\"inLanguage\":\"lv-LV\",\"@id\":\"https:\/\/metaltale.com\/lv\/produkts\/izliekts-mebelu-rokturis-luko\/#primaryimage\",\"url\":\"https:\/\/metaltale.com\/wp-content\/uploads\/2023\/11\/ARC-rankena.jpg\",\"contentUrl\":\"https:\/\/metaltale.com\/wp-content\/uploads\/2023\/11\/ARC-rankena.jpg\",\"width\":800,\"height\":800,\"caption\":\"Izliekts m\u0113be\u013cu rokturis LUKO\"},{\"@type\":\"BreadcrumbList\",\"@id\":\"https:\/\/metaltale.com\/lv\/produkts\/izliekts-mebelu-rokturis-luko\/#breadcrumb\",\"itemListElement\":[{\"@type\":\"ListItem\",\"position\":1,\"name\":\"Home\",\"item\":\"https:\/\/metaltale.com\/lv\/majas\/\"},{\"@type\":\"ListItem\",\"position\":2,\"name\":\"Veikals\",\"item\":\"https:\/\/metaltale.com\/lv\/shop\/\"},{\"@type\":\"ListItem\",\"position\":3,\"name\":\"Izliekts m\u0113be\u013cu rokturis LUKO\"}]},{\"@type\":\"WebSite\",\"@id\":\"https:\/\/metaltale.com\/lv\/#website\",\"url\":\"https:\/\/metaltale.com\/lv\/\",\"name\":\"Metaltale.com\",\"description\":\"\",\"potentialAction\":[{\"@type\":\"SearchAction\",\"target\":{\"@type\":\"EntryPoint\",\"urlTemplate\":\"https:\/\/metaltale.com\/lv\/?s={search_term_string}\"},\"query-input\":{\"@type\":\"PropertyValueSpecification\",\"valueRequired\":true,\"valueName\":\"search_term_string\"}}],\"inLanguage\":\"lv-LV\"}]}<\/script>\n<!-- \/ Yoast SEO plugin. -->","yoast_head_json":{"title":"Izliekts m\u0113be\u013cu rokturis LUKO - MetalTale.com","robots":{"index":"index","follow":"follow","max-snippet":"max-snippet:-1","max-image-preview":"max-image-preview:large","max-video-preview":"max-video-preview:-1"},"canonical":"https:\/\/metaltale.com\/lv\/produkts\/izliekts-mebelu-rokturis-luko\/","og_locale":"lv_LV","og_type":"article","og_title":"Izliekts m\u0113be\u013cu rokturis LUKO - MetalTale.com","og_description":"M\u0113be\u013cu aksesu\u0101rs &#8211; M\u0113be\u013cu rokturis LUKO Modelis: WSK PH.1001-ST Materi\u0101ls: \u010duguns Kop\u0113jais augstums (cm ): 2 Kop\u0113jais platums (cm ):","og_url":"https:\/\/metaltale.com\/lv\/produkts\/izliekts-mebelu-rokturis-luko\/","og_site_name":"MetalTale.com","twitter_card":"summary_large_image","schema":{"@context":"https:\/\/schema.org","@graph":[{"@type":"WebPage","@id":"https:\/\/metaltale.com\/lv\/produkts\/izliekts-mebelu-rokturis-luko\/","url":"https:\/\/metaltale.com\/lv\/produkts\/izliekts-mebelu-rokturis-luko\/","name":"Izliekts m\u0113be\u013cu rokturis LUKO - MetalTale.com","isPartOf":{"@id":"https:\/\/metaltale.com\/lv\/#website"},"primaryImageOfPage":{"@id":"https:\/\/metaltale.com\/lv\/produkts\/izliekts-mebelu-rokturis-luko\/#primaryimage"},"image":{"@id":"https:\/\/metaltale.com\/lv\/produkts\/izliekts-mebelu-rokturis-luko\/#primaryimage"},"thumbnailUrl":"https:\/\/metaltale.com\/wp-content\/uploads\/2023\/11\/ARC-rankena.jpg","datePublished":"2024-02-13T13:03:58+00:00","breadcrumb":{"@id":"https:\/\/metaltale.com\/lv\/produkts\/izliekts-mebelu-rokturis-luko\/#breadcrumb"},"inLanguage":"lv-LV","potentialAction":[{"@type":"ReadAction","target":["https:\/\/metaltale.com\/lv\/produkts\/izliekts-mebelu-rokturis-luko\/"]}]},{"@type":"ImageObject","inLanguage":"lv-LV","@id":"https:\/\/metaltale.com\/lv\/produkts\/izliekts-mebelu-rokturis-luko\/#primaryimage","url":"https:\/\/metaltale.com\/wp-content\/uploads\/2023\/11\/ARC-rankena.jpg","contentUrl":"https:\/\/metaltale.com\/wp-content\/uploads\/2023\/11\/ARC-rankena.jpg","width":800,"height":800,"caption":"Izliekts m\u0113be\u013cu rokturis LUKO"},{"@type":"BreadcrumbList","@id":"https:\/\/metaltale.com\/lv\/produkts\/izliekts-mebelu-rokturis-luko\/#breadcrumb","itemListElement":[{"@type":"ListItem","position":1,"name":"Home","item":"https:\/\/metaltale.com\/lv\/majas\/"},{"@type":"ListItem","position":2,"name":"Veikals","item":"https:\/\/metaltale.com\/lv\/shop\/"},{"@type":"ListItem","position":3,"name":"Izliekts m\u0113be\u013cu rokturis LUKO"}]},{"@type":"WebSite","@id":"https:\/\/metaltale.com\/lv\/#website","url":"https:\/\/metaltale.com\/lv\/","name":"Metaltale.com","description":"","potentialAction":[{"@type":"SearchAction","target":{"@type":"EntryPoint","urlTemplate":"https:\/\/metaltale.com\/lv\/?s={search_term_string}"},"query-input":{"@type":"PropertyValueSpecification","valueRequired":true,"valueName":"search_term_string"}}],"inLanguage":"lv-LV"}]}},"_links":{"self":[{"href":"https:\/\/metaltale.com\/lv\/wp-json\/wp\/v2\/product\/136467","targetHints":{"allow":["GET"]}}],"collection":[{"href":"https:\/\/metaltale.com\/lv\/wp-json\/wp\/v2\/product"}],"about":[{"href":"https:\/\/metaltale.com\/lv\/wp-json\/wp\/v2\/types\/product"}],"replies":[{"embeddable":true,"href":"https:\/\/metaltale.com\/lv\/wp-json\/wp\/v2\/comments?post=136467"}],"version-history":[{"count":0,"href":"https:\/\/metaltale.com\/lv\/wp-json\/wp\/v2\/product\/136467\/revisions"}],"wp:featuredmedia":[{"embeddable":true,"href":"https:\/\/metaltale.com\/lv\/wp-json\/wp\/v2\/media\/113813"}],"wp:attachment":[{"href":"https:\/\/metaltale.com\/lv\/wp-json\/wp\/v2\/media?parent=136467"}],"wp:term":[{"taxonomy":"product_brand","embeddable":true,"href":"https:\/\/metaltale.com\/lv\/wp-json\/wp\/v2\/product_brand?post=136467"},{"taxonomy":"product_cat","embeddable":true,"href":"https:\/\/metaltale.com\/lv\/wp-json\/wp\/v2\/product_cat?post=136467"},{"taxonomy":"product_tag","embeddable":true,"href":"https:\/\/metaltale.com\/lv\/wp-json\/wp\/v2\/product_tag?post=136467"}],"curies":[{"name":"wp","href":"https:\/\/api.w.org\/{rel}","templated":true}]}}