{"id":136459,"date":"2024-02-13T15:03:58","date_gmt":"2024-02-13T13:03:58","guid":{"rendered":"https:\/\/metaltale.com\/produktas\/akis-reling-sarkans\/"},"modified":"2024-02-13T15:03:58","modified_gmt":"2024-02-13T13:03:58","slug":"akis-reling-sarkans","status":"publish","type":"product","link":"https:\/\/metaltale.com\/lv\/produkts\/akis-reling-sarkans\/","title":{"rendered":"\u0100\u0137is RELING sarkans"},"content":{"rendered":"<div class=\"prod_data\">\n<p><strong>Modelis<\/strong> RS. HK.2100.PRGR<br \/>\nMateri\u0101ls Ketus<br \/>\n<strong>Biezums (cm<\/strong> ) 0,8<br \/>\n<strong>Kop\u0113jais augstums (cm<\/strong> ) 8<br \/>\n<strong>Kop\u0113jais platums (cm<\/strong> ) 2<br \/>\n<strong>Kop\u0113j\u0101 projekcija (cm<\/strong> ) 4,3<br \/>\n<strong>Veids<\/strong> Vienviet\u012bgs<br \/>\n<strong>Att\u0101lums starp<\/strong> caurumiem (<strong>cm<\/strong> ) 2<br \/>\nMont\u0101\u017eas skr\u016bves J\u0101<br \/>\n<strong>Apdare<\/strong> Lakots<br \/>\nDaudzums komplekt\u0101 1 gab.<\/p>\n<p>&#8211; \u0101\u0137is ir izgatavots no augst\u0101k\u0101s kvalit\u0101tes \u010duguna, kas garant\u0113 ilggad\u0113ju lieto\u0161anu.<br \/>\n&#8211; virtuves margu \u0101\u0137a ori\u0123in\u0101l\u0101 forma padara to ar\u012b par neparastu sienas rot\u0101jumu.<br \/>\n&#8211; izstr\u0101d\u0101jums ir apr\u012bkots ar stiprin\u0101juma skr\u016bv\u0113m, t\u0101p\u0113c to ir viegli piestiprin\u0101t pie sienas.<\/p>\n<hr>\n<p>Pat vismaz\u0101k\u0101s deta\u013cas un labi izstr\u0101d\u0101ti retro aksesu\u0101ri var iev\u0113rojami palielin\u0101t visa m\u0113r\u012bjuma vizu\u0101lo ietekmi. Pateicoties pareizajiem piederumiem, m\u0113s varam \u0101tri pie\u0161\u0137irt j\u016bsu m\u0113r\u012bjumiem tipisku lauku atmosf\u0113ru.<\/p>\n<p>\u0160is piekaramais \u0101\u0137is ar ori\u0123in\u0101lu virtuves sliedes formu, kas izgatavots no augst\u0101k\u0101s kvalit\u0101tes materi\u0101la, kalpos mums ilgu laiku. Ori\u0123in\u0101l\u0101 forma un virsma, kas rada iespaidu, ka ir nedaudz struktur\u0113ta, pie\u0161\u0137ir \u0101\u0137im retro raksturu. Tas b\u016bs lielisks papildin\u0101jums lauku, retro un b\u0113ni\u0146u interjeriem.<\/p>\n<\/div>\n","protected":false},"excerpt":{"rendered":"<p>Modelis RS. HK.2100.PRGR Materi\u0101ls Ketus Biezums (cm ) 0,8 Kop\u0113jais augstums (cm ) 8 Kop\u0113jais platums (cm ) 2 Kop\u0113j\u0101<\/p>\n","protected":false},"featured_media":131228,"comment_status":"open","ping_status":"closed","template":"","meta":{"_acf_changed":false,"pmpro_default_level":""},"product_brand":[],"product_cat":[23837,23862],"product_tag":[],"class_list":{"0":"post-136459","1":"product","2":"type-product","3":"status-publish","4":"has-post-thumbnail","6":"product_cat-mebeles-piederumi","7":"product_cat-pakabos-ir-kabliukai-lv","8":"pmpro-has-access","10":"first","11":"instock","12":"shipping-taxable","13":"purchasable","14":"product-type-simple"},"acf":[],"yoast_head":"<!-- This site is optimized with the Yoast SEO plugin v24.9 - https:\/\/yoast.com\/wordpress\/plugins\/seo\/ -->\n<title>\u0100\u0137is RELING sarkans - MetalTale.com<\/title>\n<meta name=\"robots\" content=\"index, follow, max-snippet:-1, max-image-preview:large, max-video-preview:-1\" \/>\n<link rel=\"canonical\" href=\"https:\/\/metaltale.com\/lv\/produkts\/akis-reling-sarkans\/\" \/>\n<meta property=\"og:locale\" content=\"lv_LV\" \/>\n<meta property=\"og:type\" content=\"article\" \/>\n<meta property=\"og:title\" content=\"\u0100\u0137is RELING sarkans - MetalTale.com\" \/>\n<meta property=\"og:description\" content=\"Modelis RS. HK.2100.PRGR Materi\u0101ls Ketus Biezums (cm ) 0,8 Kop\u0113jais augstums (cm ) 8 Kop\u0113jais platums (cm ) 2 Kop\u0113j\u0101\" \/>\n<meta property=\"og:url\" content=\"https:\/\/metaltale.com\/lv\/produkts\/akis-reling-sarkans\/\" \/>\n<meta property=\"og:site_name\" content=\"MetalTale.com\" \/>\n<meta property=\"og:image\" content=\"https:\/\/metaltale.com\/wp-content\/uploads\/2024\/02\/Kabliukas-RELING-raudonas.jpg\" \/>\n\t<meta property=\"og:image:width\" content=\"800\" \/>\n\t<meta property=\"og:image:height\" content=\"800\" \/>\n\t<meta property=\"og:image:type\" content=\"image\/jpeg\" \/>\n<meta name=\"twitter:card\" content=\"summary_large_image\" \/>\n<meta name=\"twitter:label1\" content=\"Est. reading time\" \/>\n\t<meta name=\"twitter:data1\" content=\"1 minute\" \/>\n<script type=\"application\/ld+json\" class=\"yoast-schema-graph\">{\"@context\":\"https:\/\/schema.org\",\"@graph\":[{\"@type\":\"WebPage\",\"@id\":\"https:\/\/metaltale.com\/lv\/produkts\/akis-reling-sarkans\/\",\"url\":\"https:\/\/metaltale.com\/lv\/produkts\/akis-reling-sarkans\/\",\"name\":\"\u0100\u0137is RELING sarkans - MetalTale.com\",\"isPartOf\":{\"@id\":\"https:\/\/metaltale.com\/lv\/#website\"},\"primaryImageOfPage\":{\"@id\":\"https:\/\/metaltale.com\/lv\/produkts\/akis-reling-sarkans\/#primaryimage\"},\"image\":{\"@id\":\"https:\/\/metaltale.com\/lv\/produkts\/akis-reling-sarkans\/#primaryimage\"},\"thumbnailUrl\":\"https:\/\/metaltale.com\/wp-content\/uploads\/2024\/02\/Kabliukas-RELING-raudonas.jpg\",\"datePublished\":\"2024-02-13T13:03:58+00:00\",\"breadcrumb\":{\"@id\":\"https:\/\/metaltale.com\/lv\/produkts\/akis-reling-sarkans\/#breadcrumb\"},\"inLanguage\":\"lv-LV\",\"potentialAction\":[{\"@type\":\"ReadAction\",\"target\":[\"https:\/\/metaltale.com\/lv\/produkts\/akis-reling-sarkans\/\"]}]},{\"@type\":\"ImageObject\",\"inLanguage\":\"lv-LV\",\"@id\":\"https:\/\/metaltale.com\/lv\/produkts\/akis-reling-sarkans\/#primaryimage\",\"url\":\"https:\/\/metaltale.com\/wp-content\/uploads\/2024\/02\/Kabliukas-RELING-raudonas.jpg\",\"contentUrl\":\"https:\/\/metaltale.com\/wp-content\/uploads\/2024\/02\/Kabliukas-RELING-raudonas.jpg\",\"width\":800,\"height\":800,\"caption\":\"\u0100\u0137is RELING sarkans\"},{\"@type\":\"BreadcrumbList\",\"@id\":\"https:\/\/metaltale.com\/lv\/produkts\/akis-reling-sarkans\/#breadcrumb\",\"itemListElement\":[{\"@type\":\"ListItem\",\"position\":1,\"name\":\"Home\",\"item\":\"https:\/\/metaltale.com\/lv\/majas\/\"},{\"@type\":\"ListItem\",\"position\":2,\"name\":\"Veikals\",\"item\":\"https:\/\/metaltale.com\/lv\/shop\/\"},{\"@type\":\"ListItem\",\"position\":3,\"name\":\"\u0100\u0137is RELING sarkans\"}]},{\"@type\":\"WebSite\",\"@id\":\"https:\/\/metaltale.com\/lv\/#website\",\"url\":\"https:\/\/metaltale.com\/lv\/\",\"name\":\"Metaltale.com\",\"description\":\"\",\"potentialAction\":[{\"@type\":\"SearchAction\",\"target\":{\"@type\":\"EntryPoint\",\"urlTemplate\":\"https:\/\/metaltale.com\/lv\/?s={search_term_string}\"},\"query-input\":{\"@type\":\"PropertyValueSpecification\",\"valueRequired\":true,\"valueName\":\"search_term_string\"}}],\"inLanguage\":\"lv-LV\"}]}<\/script>\n<!-- \/ Yoast SEO plugin. -->","yoast_head_json":{"title":"\u0100\u0137is RELING sarkans - MetalTale.com","robots":{"index":"index","follow":"follow","max-snippet":"max-snippet:-1","max-image-preview":"max-image-preview:large","max-video-preview":"max-video-preview:-1"},"canonical":"https:\/\/metaltale.com\/lv\/produkts\/akis-reling-sarkans\/","og_locale":"lv_LV","og_type":"article","og_title":"\u0100\u0137is RELING sarkans - MetalTale.com","og_description":"Modelis RS. HK.2100.PRGR Materi\u0101ls Ketus Biezums (cm ) 0,8 Kop\u0113jais augstums (cm ) 8 Kop\u0113jais platums (cm ) 2 Kop\u0113j\u0101","og_url":"https:\/\/metaltale.com\/lv\/produkts\/akis-reling-sarkans\/","og_site_name":"MetalTale.com","og_image":[{"width":800,"height":800,"url":"https:\/\/metaltale.com\/wp-content\/uploads\/2024\/02\/Kabliukas-RELING-raudonas.jpg","type":"image\/jpeg"}],"twitter_card":"summary_large_image","twitter_misc":{"Est. reading time":"1 minute"},"schema":{"@context":"https:\/\/schema.org","@graph":[{"@type":"WebPage","@id":"https:\/\/metaltale.com\/lv\/produkts\/akis-reling-sarkans\/","url":"https:\/\/metaltale.com\/lv\/produkts\/akis-reling-sarkans\/","name":"\u0100\u0137is RELING sarkans - MetalTale.com","isPartOf":{"@id":"https:\/\/metaltale.com\/lv\/#website"},"primaryImageOfPage":{"@id":"https:\/\/metaltale.com\/lv\/produkts\/akis-reling-sarkans\/#primaryimage"},"image":{"@id":"https:\/\/metaltale.com\/lv\/produkts\/akis-reling-sarkans\/#primaryimage"},"thumbnailUrl":"https:\/\/metaltale.com\/wp-content\/uploads\/2024\/02\/Kabliukas-RELING-raudonas.jpg","datePublished":"2024-02-13T13:03:58+00:00","breadcrumb":{"@id":"https:\/\/metaltale.com\/lv\/produkts\/akis-reling-sarkans\/#breadcrumb"},"inLanguage":"lv-LV","potentialAction":[{"@type":"ReadAction","target":["https:\/\/metaltale.com\/lv\/produkts\/akis-reling-sarkans\/"]}]},{"@type":"ImageObject","inLanguage":"lv-LV","@id":"https:\/\/metaltale.com\/lv\/produkts\/akis-reling-sarkans\/#primaryimage","url":"https:\/\/metaltale.com\/wp-content\/uploads\/2024\/02\/Kabliukas-RELING-raudonas.jpg","contentUrl":"https:\/\/metaltale.com\/wp-content\/uploads\/2024\/02\/Kabliukas-RELING-raudonas.jpg","width":800,"height":800,"caption":"\u0100\u0137is RELING sarkans"},{"@type":"BreadcrumbList","@id":"https:\/\/metaltale.com\/lv\/produkts\/akis-reling-sarkans\/#breadcrumb","itemListElement":[{"@type":"ListItem","position":1,"name":"Home","item":"https:\/\/metaltale.com\/lv\/majas\/"},{"@type":"ListItem","position":2,"name":"Veikals","item":"https:\/\/metaltale.com\/lv\/shop\/"},{"@type":"ListItem","position":3,"name":"\u0100\u0137is RELING sarkans"}]},{"@type":"WebSite","@id":"https:\/\/metaltale.com\/lv\/#website","url":"https:\/\/metaltale.com\/lv\/","name":"Metaltale.com","description":"","potentialAction":[{"@type":"SearchAction","target":{"@type":"EntryPoint","urlTemplate":"https:\/\/metaltale.com\/lv\/?s={search_term_string}"},"query-input":{"@type":"PropertyValueSpecification","valueRequired":true,"valueName":"search_term_string"}}],"inLanguage":"lv-LV"}]}},"_links":{"self":[{"href":"https:\/\/metaltale.com\/lv\/wp-json\/wp\/v2\/product\/136459","targetHints":{"allow":["GET"]}}],"collection":[{"href":"https:\/\/metaltale.com\/lv\/wp-json\/wp\/v2\/product"}],"about":[{"href":"https:\/\/metaltale.com\/lv\/wp-json\/wp\/v2\/types\/product"}],"replies":[{"embeddable":true,"href":"https:\/\/metaltale.com\/lv\/wp-json\/wp\/v2\/comments?post=136459"}],"version-history":[{"count":0,"href":"https:\/\/metaltale.com\/lv\/wp-json\/wp\/v2\/product\/136459\/revisions"}],"wp:featuredmedia":[{"embeddable":true,"href":"https:\/\/metaltale.com\/lv\/wp-json\/wp\/v2\/media\/131228"}],"wp:attachment":[{"href":"https:\/\/metaltale.com\/lv\/wp-json\/wp\/v2\/media?parent=136459"}],"wp:term":[{"taxonomy":"product_brand","embeddable":true,"href":"https:\/\/metaltale.com\/lv\/wp-json\/wp\/v2\/product_brand?post=136459"},{"taxonomy":"product_cat","embeddable":true,"href":"https:\/\/metaltale.com\/lv\/wp-json\/wp\/v2\/product_cat?post=136459"},{"taxonomy":"product_tag","embeddable":true,"href":"https:\/\/metaltale.com\/lv\/wp-json\/wp\/v2\/product_tag?post=136459"}],"curies":[{"name":"wp","href":"https:\/\/api.w.org\/{rel}","templated":true}]}}