{"id":136439,"date":"2024-02-13T15:03:58","date_gmt":"2024-02-13T13:03:58","guid":{"rendered":"https:\/\/metaltale.com\/produktas\/mebelu-rokturis-smooth-2\/"},"modified":"2024-02-13T15:03:58","modified_gmt":"2024-02-13T13:03:58","slug":"mebelu-rokturis-smooth-2","status":"publish","type":"product","link":"https:\/\/metaltale.com\/lv\/produkts\/mebelu-rokturis-smooth-2\/","title":{"rendered":"M\u0113be\u013cu rokturis SMOOTH 2"},"content":{"rendered":"<div class=\"prod_data\">\n<p><strong>Modelis<\/strong> RS. KB.4174-ST<br \/>\n<strong>EAN.<\/strong>  5905369902307<br \/>\nMateri\u0101ls Ketus<br \/>\n<strong>Kop\u0113jais augstums (cm<\/strong> ) 3,2<br \/>\n<strong>Kop\u0113jais diametrs (cm<\/strong> ) 3<br \/>\n<strong>Pamatnes izm\u0113ri (cm<\/strong> ) 2<br \/>\nMont\u0101\u017eas skr\u016bves J\u0101<br \/>\nT\u0113rauda <strong>kr\u0101sa<\/strong><br \/>\n<strong>Apdare<\/strong> Lakots<\/p>\n<p>&#8211; izstr\u0101d\u0101jums izgatavots no augst\u0101k\u0101s kvalit\u0101tes \u010duguna, kas garant\u0113 iztur\u012bbu un iztur\u012bbu.<br \/>\n&#8211; klasiskas formas rokturis, kas padara to funkcion\u0101lu.<br \/>\n&#8211; izstr\u0101d\u0101jumam ir pievienota skr\u016bve, kas atvieglo mont\u0101\u017eu.<\/p>\n<hr>\n<p>Pat vismaz\u0101k\u0101s deta\u013cas un pareizi veidoti lauku aksesu\u0101ri var iev\u0113rojami palielin\u0101t visa m\u0113r\u012bjuma vizu\u0101lo ietekmi. M\u0113be\u013cu rokturi ir elements, kas \u0101tri un efekt\u012bvi pie\u0161\u0137irs j\u016bsu m\u0113bel\u0113m jaunu raksturu.<\/p>\n<p>Rokturis ir vienk\u0101r\u0161as formas, t\u0101p\u0113c to ir \u013coti viegli lietot. Pla\u0161\u0101ks rokturis aug\u0161pus\u0113 un maz\u0101ks korpuss padara izstr\u0101d\u0101jumu viegli satveramu, kas palielina lieto\u0161anas \u0113rtumu. Rokturis ir izgatavots no \u010duguna sakaus\u0113juma, t\u0101p\u0113c tas ir iztur\u012bgs un ilgi kalpo. Izstr\u0101d\u0101juma virsmai piem\u012bt noveco\u0161anas efekts, kas tikai v\u0113l vair\u0101k izce\u013c roktura retro raksturu.<\/p>\n<\/div>\n","protected":false},"excerpt":{"rendered":"<p>Modelis RS. KB.4174-ST EAN. 5905369902307 Materi\u0101ls Ketus Kop\u0113jais augstums (cm ) 3,2 Kop\u0113jais diametrs (cm ) 3 Pamatnes izm\u0113ri (cm<\/p>\n","protected":false},"featured_media":98569,"comment_status":"open","ping_status":"closed","template":"","meta":{"_acf_changed":false,"pmpro_default_level":""},"product_brand":[],"product_cat":[23864,23837,23875],"product_tag":[],"class_list":{"0":"post-136439","1":"product","2":"type-product","3":"status-publish","4":"has-post-thumbnail","6":"product_cat-baldu-rankeneles-lv","7":"product_cat-mebeles-piederumi","8":"product_cat-rankeneles-lv","9":"pmpro-has-access","11":"first","12":"instock","13":"shipping-taxable","14":"purchasable","15":"product-type-simple"},"acf":[],"yoast_head":"<!-- This site is optimized with the Yoast SEO plugin v24.9 - https:\/\/yoast.com\/wordpress\/plugins\/seo\/ -->\n<title>M\u0113be\u013cu rokturis SMOOTH 2 - MetalTale.com<\/title>\n<meta name=\"robots\" content=\"index, follow, max-snippet:-1, max-image-preview:large, max-video-preview:-1\" \/>\n<link rel=\"canonical\" href=\"https:\/\/metaltale.com\/lv\/produkts\/mebelu-rokturis-smooth-2\/\" \/>\n<meta property=\"og:locale\" content=\"lv_LV\" \/>\n<meta property=\"og:type\" content=\"article\" \/>\n<meta property=\"og:title\" content=\"M\u0113be\u013cu rokturis SMOOTH 2 - MetalTale.com\" \/>\n<meta property=\"og:description\" content=\"Modelis RS. KB.4174-ST EAN. 5905369902307 Materi\u0101ls Ketus Kop\u0113jais augstums (cm ) 3,2 Kop\u0113jais diametrs (cm ) 3 Pamatnes izm\u0113ri (cm\" \/>\n<meta property=\"og:url\" content=\"https:\/\/metaltale.com\/lv\/produkts\/mebelu-rokturis-smooth-2\/\" \/>\n<meta property=\"og:site_name\" content=\"MetalTale.com\" \/>\n<meta property=\"og:image\" content=\"https:\/\/metaltale.com\/wp-content\/uploads\/2023\/11\/Lygi-rankenx117lx117-2.jpg\" \/>\n\t<meta property=\"og:image:width\" content=\"800\" \/>\n\t<meta property=\"og:image:height\" content=\"800\" \/>\n\t<meta property=\"og:image:type\" content=\"image\/jpeg\" \/>\n<meta name=\"twitter:card\" content=\"summary_large_image\" \/>\n<meta name=\"twitter:label1\" content=\"Est. reading time\" \/>\n\t<meta name=\"twitter:data1\" content=\"1 minute\" \/>\n<script type=\"application\/ld+json\" class=\"yoast-schema-graph\">{\"@context\":\"https:\/\/schema.org\",\"@graph\":[{\"@type\":\"WebPage\",\"@id\":\"https:\/\/metaltale.com\/lv\/produkts\/mebelu-rokturis-smooth-2\/\",\"url\":\"https:\/\/metaltale.com\/lv\/produkts\/mebelu-rokturis-smooth-2\/\",\"name\":\"M\u0113be\u013cu rokturis SMOOTH 2 - MetalTale.com\",\"isPartOf\":{\"@id\":\"https:\/\/metaltale.com\/lv\/#website\"},\"primaryImageOfPage\":{\"@id\":\"https:\/\/metaltale.com\/lv\/produkts\/mebelu-rokturis-smooth-2\/#primaryimage\"},\"image\":{\"@id\":\"https:\/\/metaltale.com\/lv\/produkts\/mebelu-rokturis-smooth-2\/#primaryimage\"},\"thumbnailUrl\":\"https:\/\/metaltale.com\/wp-content\/uploads\/2023\/11\/Lygi-rankenx117lx117-2.jpg\",\"datePublished\":\"2024-02-13T13:03:58+00:00\",\"breadcrumb\":{\"@id\":\"https:\/\/metaltale.com\/lv\/produkts\/mebelu-rokturis-smooth-2\/#breadcrumb\"},\"inLanguage\":\"lv-LV\",\"potentialAction\":[{\"@type\":\"ReadAction\",\"target\":[\"https:\/\/metaltale.com\/lv\/produkts\/mebelu-rokturis-smooth-2\/\"]}]},{\"@type\":\"ImageObject\",\"inLanguage\":\"lv-LV\",\"@id\":\"https:\/\/metaltale.com\/lv\/produkts\/mebelu-rokturis-smooth-2\/#primaryimage\",\"url\":\"https:\/\/metaltale.com\/wp-content\/uploads\/2023\/11\/Lygi-rankenx117lx117-2.jpg\",\"contentUrl\":\"https:\/\/metaltale.com\/wp-content\/uploads\/2023\/11\/Lygi-rankenx117lx117-2.jpg\",\"width\":800,\"height\":800,\"caption\":\"M\u0113be\u013cu rokturis SMOOTH 2\"},{\"@type\":\"BreadcrumbList\",\"@id\":\"https:\/\/metaltale.com\/lv\/produkts\/mebelu-rokturis-smooth-2\/#breadcrumb\",\"itemListElement\":[{\"@type\":\"ListItem\",\"position\":1,\"name\":\"Home\",\"item\":\"https:\/\/metaltale.com\/lv\/majas\/\"},{\"@type\":\"ListItem\",\"position\":2,\"name\":\"Veikals\",\"item\":\"https:\/\/metaltale.com\/lv\/shop\/\"},{\"@type\":\"ListItem\",\"position\":3,\"name\":\"M\u0113be\u013cu rokturis SMOOTH 2\"}]},{\"@type\":\"WebSite\",\"@id\":\"https:\/\/metaltale.com\/lv\/#website\",\"url\":\"https:\/\/metaltale.com\/lv\/\",\"name\":\"Metaltale.com\",\"description\":\"\",\"potentialAction\":[{\"@type\":\"SearchAction\",\"target\":{\"@type\":\"EntryPoint\",\"urlTemplate\":\"https:\/\/metaltale.com\/lv\/?s={search_term_string}\"},\"query-input\":{\"@type\":\"PropertyValueSpecification\",\"valueRequired\":true,\"valueName\":\"search_term_string\"}}],\"inLanguage\":\"lv-LV\"}]}<\/script>\n<!-- \/ Yoast SEO plugin. -->","yoast_head_json":{"title":"M\u0113be\u013cu rokturis SMOOTH 2 - MetalTale.com","robots":{"index":"index","follow":"follow","max-snippet":"max-snippet:-1","max-image-preview":"max-image-preview:large","max-video-preview":"max-video-preview:-1"},"canonical":"https:\/\/metaltale.com\/lv\/produkts\/mebelu-rokturis-smooth-2\/","og_locale":"lv_LV","og_type":"article","og_title":"M\u0113be\u013cu rokturis SMOOTH 2 - MetalTale.com","og_description":"Modelis RS. KB.4174-ST EAN. 5905369902307 Materi\u0101ls Ketus Kop\u0113jais augstums (cm ) 3,2 Kop\u0113jais diametrs (cm ) 3 Pamatnes izm\u0113ri (cm","og_url":"https:\/\/metaltale.com\/lv\/produkts\/mebelu-rokturis-smooth-2\/","og_site_name":"MetalTale.com","og_image":[{"width":800,"height":800,"url":"https:\/\/metaltale.com\/wp-content\/uploads\/2023\/11\/Lygi-rankenx117lx117-2.jpg","type":"image\/jpeg"}],"twitter_card":"summary_large_image","twitter_misc":{"Est. reading time":"1 minute"},"schema":{"@context":"https:\/\/schema.org","@graph":[{"@type":"WebPage","@id":"https:\/\/metaltale.com\/lv\/produkts\/mebelu-rokturis-smooth-2\/","url":"https:\/\/metaltale.com\/lv\/produkts\/mebelu-rokturis-smooth-2\/","name":"M\u0113be\u013cu rokturis SMOOTH 2 - MetalTale.com","isPartOf":{"@id":"https:\/\/metaltale.com\/lv\/#website"},"primaryImageOfPage":{"@id":"https:\/\/metaltale.com\/lv\/produkts\/mebelu-rokturis-smooth-2\/#primaryimage"},"image":{"@id":"https:\/\/metaltale.com\/lv\/produkts\/mebelu-rokturis-smooth-2\/#primaryimage"},"thumbnailUrl":"https:\/\/metaltale.com\/wp-content\/uploads\/2023\/11\/Lygi-rankenx117lx117-2.jpg","datePublished":"2024-02-13T13:03:58+00:00","breadcrumb":{"@id":"https:\/\/metaltale.com\/lv\/produkts\/mebelu-rokturis-smooth-2\/#breadcrumb"},"inLanguage":"lv-LV","potentialAction":[{"@type":"ReadAction","target":["https:\/\/metaltale.com\/lv\/produkts\/mebelu-rokturis-smooth-2\/"]}]},{"@type":"ImageObject","inLanguage":"lv-LV","@id":"https:\/\/metaltale.com\/lv\/produkts\/mebelu-rokturis-smooth-2\/#primaryimage","url":"https:\/\/metaltale.com\/wp-content\/uploads\/2023\/11\/Lygi-rankenx117lx117-2.jpg","contentUrl":"https:\/\/metaltale.com\/wp-content\/uploads\/2023\/11\/Lygi-rankenx117lx117-2.jpg","width":800,"height":800,"caption":"M\u0113be\u013cu rokturis SMOOTH 2"},{"@type":"BreadcrumbList","@id":"https:\/\/metaltale.com\/lv\/produkts\/mebelu-rokturis-smooth-2\/#breadcrumb","itemListElement":[{"@type":"ListItem","position":1,"name":"Home","item":"https:\/\/metaltale.com\/lv\/majas\/"},{"@type":"ListItem","position":2,"name":"Veikals","item":"https:\/\/metaltale.com\/lv\/shop\/"},{"@type":"ListItem","position":3,"name":"M\u0113be\u013cu rokturis SMOOTH 2"}]},{"@type":"WebSite","@id":"https:\/\/metaltale.com\/lv\/#website","url":"https:\/\/metaltale.com\/lv\/","name":"Metaltale.com","description":"","potentialAction":[{"@type":"SearchAction","target":{"@type":"EntryPoint","urlTemplate":"https:\/\/metaltale.com\/lv\/?s={search_term_string}"},"query-input":{"@type":"PropertyValueSpecification","valueRequired":true,"valueName":"search_term_string"}}],"inLanguage":"lv-LV"}]}},"_links":{"self":[{"href":"https:\/\/metaltale.com\/lv\/wp-json\/wp\/v2\/product\/136439","targetHints":{"allow":["GET"]}}],"collection":[{"href":"https:\/\/metaltale.com\/lv\/wp-json\/wp\/v2\/product"}],"about":[{"href":"https:\/\/metaltale.com\/lv\/wp-json\/wp\/v2\/types\/product"}],"replies":[{"embeddable":true,"href":"https:\/\/metaltale.com\/lv\/wp-json\/wp\/v2\/comments?post=136439"}],"version-history":[{"count":0,"href":"https:\/\/metaltale.com\/lv\/wp-json\/wp\/v2\/product\/136439\/revisions"}],"wp:featuredmedia":[{"embeddable":true,"href":"https:\/\/metaltale.com\/lv\/wp-json\/wp\/v2\/media\/98569"}],"wp:attachment":[{"href":"https:\/\/metaltale.com\/lv\/wp-json\/wp\/v2\/media?parent=136439"}],"wp:term":[{"taxonomy":"product_brand","embeddable":true,"href":"https:\/\/metaltale.com\/lv\/wp-json\/wp\/v2\/product_brand?post=136439"},{"taxonomy":"product_cat","embeddable":true,"href":"https:\/\/metaltale.com\/lv\/wp-json\/wp\/v2\/product_cat?post=136439"},{"taxonomy":"product_tag","embeddable":true,"href":"https:\/\/metaltale.com\/lv\/wp-json\/wp\/v2\/product_tag?post=136439"}],"curies":[{"name":"wp","href":"https:\/\/api.w.org\/{rel}","templated":true}]}}