{"id":136430,"date":"2024-02-13T15:03:04","date_gmt":"2024-02-13T13:03:04","guid":{"rendered":"https:\/\/metaltale.com\/produktas\/drebju-pakaramie-small-railway-sarkans\/"},"modified":"2024-02-13T15:03:04","modified_gmt":"2024-02-13T13:03:04","slug":"drebju-pakaramie-small-railway-sarkans","status":"publish","type":"product","link":"https:\/\/metaltale.com\/lv\/produkts\/drebju-pakaramie-small-railway-sarkans\/","title":{"rendered":"Dr\u0113bju pakaramie SMALL RAILWAY sarkans"},"content":{"rendered":"<div class=\"prod_data\">\n<p><strong>Modelis<\/strong> RS. HK.2015.PRGR<br \/>\nMateri\u0101ls Ketus<br \/>\n<strong>Biezums (cm<\/strong> ) 0,8<br \/>\n<strong>Kop\u0113jais augstums (cm<\/strong> ) 13<br \/>\n<strong>Kop\u0113jais platums (cm<\/strong> ) 3<br \/>\nKop\u0113j\u0101 projekcija (cm ) 5,5<br \/>\n<strong>Veids<\/strong> Vienviet\u012bgs<br \/>\nMont\u0101\u017eas skr\u016bves J\u0101<br \/>\n<strong>Apdare<\/strong> Lakots<\/p>\n<p>&#8211; \u0101\u0137is ir izgatavots no augst\u0101k\u0101s kvalit\u0101tes \u010duguna, kas garant\u0113 ilggad\u0113ju lieto\u0161anu.<br \/>\n&#8211; Dzelzce\u013ca naglas formas \u0101\u0137a ori\u0123in\u0101l\u0101 forma padara to ar\u012b par neparastu sienas rot\u0101jumu.<br \/>\n&#8211; izstr\u0101d\u0101jums ir apr\u012bkots ar stiprin\u0101juma skr\u016bv\u0113m, t\u0101p\u0113c to ir viegli piestiprin\u0101t pie sienas.<\/p>\n<hr>\n<p>Pat vismaz\u0101k\u0101s deta\u013cas un labi izstr\u0101d\u0101ti retro aksesu\u0101ri var iev\u0113rojami palielin\u0101t visa m\u0113r\u012bjuma vizu\u0101lo ietekmi. Pateicoties pareizajiem piederumiem, m\u0113s varam \u0101tri pie\u0161\u0137irt j\u016bsu m\u0113r\u012bjumiem tipisku lauku atmosf\u0113ru.<\/p>\n<p>Uzr\u0101d\u012btais \u0101\u0137is izskat\u0101s p\u0113c mas\u012bvas, saliektas dzelzce\u013ca naglas. \u0160\u0137iet, ka tekst\u016bra ir nedaudz raupja, un uz virsmas redzami ar\u012b skr\u0101p\u0113jumi, kas tikai pastiprina izstr\u0101d\u0101juma retro raksturu. Pateicoties tam, ka tas ir izgatavots no augst\u0101k\u0101s kvalit\u0101tes \u010duguna, tas ir \u013coti iztur\u012bgs un ilgm\u016b\u017e\u012bgs, kas noz\u012bm\u0113, ka tas kalpos mums ilgu laiku.<\/p>\n<\/div>\n","protected":false},"excerpt":{"rendered":"<p>Modelis RS. HK.2015.PRGR Materi\u0101ls Ketus Biezums (cm ) 0,8 Kop\u0113jais augstums (cm ) 13 Kop\u0113jais platums (cm ) 3 Kop\u0113j\u0101<\/p>\n","protected":false},"featured_media":131186,"comment_status":"open","ping_status":"closed","template":"","meta":{"_acf_changed":false,"pmpro_default_level":""},"product_brand":[],"product_cat":[23837,23862],"product_tag":[],"class_list":{"0":"post-136430","1":"product","2":"type-product","3":"status-publish","4":"has-post-thumbnail","6":"product_cat-mebeles-piederumi","7":"product_cat-pakabos-ir-kabliukai-lv","8":"pmpro-has-access","10":"first","11":"instock","12":"shipping-taxable","13":"purchasable","14":"product-type-simple"},"acf":[],"yoast_head":"<!-- This site is optimized with the Yoast SEO plugin v24.9 - https:\/\/yoast.com\/wordpress\/plugins\/seo\/ -->\n<title>Dr\u0113bju pakaramie SMALL RAILWAY sarkans - MetalTale.com<\/title>\n<meta name=\"robots\" content=\"index, follow, max-snippet:-1, max-image-preview:large, max-video-preview:-1\" \/>\n<link rel=\"canonical\" href=\"https:\/\/metaltale.com\/lv\/produkts\/drebju-pakaramie-small-railway-sarkans\/\" \/>\n<meta property=\"og:locale\" content=\"lv_LV\" \/>\n<meta property=\"og:type\" content=\"article\" \/>\n<meta property=\"og:title\" content=\"Dr\u0113bju pakaramie SMALL RAILWAY sarkans - MetalTale.com\" \/>\n<meta property=\"og:description\" content=\"Modelis RS. HK.2015.PRGR Materi\u0101ls Ketus Biezums (cm ) 0,8 Kop\u0113jais augstums (cm ) 13 Kop\u0113jais platums (cm ) 3 Kop\u0113j\u0101\" \/>\n<meta property=\"og:url\" content=\"https:\/\/metaltale.com\/lv\/produkts\/drebju-pakaramie-small-railway-sarkans\/\" \/>\n<meta property=\"og:site_name\" content=\"MetalTale.com\" \/>\n<meta property=\"og:image\" content=\"https:\/\/metaltale.com\/wp-content\/uploads\/2024\/02\/Kabliukai-rubams-SMALL-RAILWAY-raudonas.jpg\" \/>\n\t<meta property=\"og:image:width\" content=\"800\" \/>\n\t<meta property=\"og:image:height\" content=\"800\" \/>\n\t<meta property=\"og:image:type\" content=\"image\/jpeg\" \/>\n<meta name=\"twitter:card\" content=\"summary_large_image\" \/>\n<meta name=\"twitter:label1\" content=\"Est. reading time\" \/>\n\t<meta name=\"twitter:data1\" content=\"1 minute\" \/>\n<script type=\"application\/ld+json\" class=\"yoast-schema-graph\">{\"@context\":\"https:\/\/schema.org\",\"@graph\":[{\"@type\":\"WebPage\",\"@id\":\"https:\/\/metaltale.com\/lv\/produkts\/drebju-pakaramie-small-railway-sarkans\/\",\"url\":\"https:\/\/metaltale.com\/lv\/produkts\/drebju-pakaramie-small-railway-sarkans\/\",\"name\":\"Dr\u0113bju pakaramie SMALL RAILWAY sarkans - MetalTale.com\",\"isPartOf\":{\"@id\":\"https:\/\/metaltale.com\/lv\/#website\"},\"primaryImageOfPage\":{\"@id\":\"https:\/\/metaltale.com\/lv\/produkts\/drebju-pakaramie-small-railway-sarkans\/#primaryimage\"},\"image\":{\"@id\":\"https:\/\/metaltale.com\/lv\/produkts\/drebju-pakaramie-small-railway-sarkans\/#primaryimage\"},\"thumbnailUrl\":\"https:\/\/metaltale.com\/wp-content\/uploads\/2024\/02\/Kabliukai-rubams-SMALL-RAILWAY-raudonas.jpg\",\"datePublished\":\"2024-02-13T13:03:04+00:00\",\"breadcrumb\":{\"@id\":\"https:\/\/metaltale.com\/lv\/produkts\/drebju-pakaramie-small-railway-sarkans\/#breadcrumb\"},\"inLanguage\":\"lv-LV\",\"potentialAction\":[{\"@type\":\"ReadAction\",\"target\":[\"https:\/\/metaltale.com\/lv\/produkts\/drebju-pakaramie-small-railway-sarkans\/\"]}]},{\"@type\":\"ImageObject\",\"inLanguage\":\"lv-LV\",\"@id\":\"https:\/\/metaltale.com\/lv\/produkts\/drebju-pakaramie-small-railway-sarkans\/#primaryimage\",\"url\":\"https:\/\/metaltale.com\/wp-content\/uploads\/2024\/02\/Kabliukai-rubams-SMALL-RAILWAY-raudonas.jpg\",\"contentUrl\":\"https:\/\/metaltale.com\/wp-content\/uploads\/2024\/02\/Kabliukai-rubams-SMALL-RAILWAY-raudonas.jpg\",\"width\":800,\"height\":800,\"caption\":\"Dr\u0113bju pakaramie SMALL RAILWAY sarkans\"},{\"@type\":\"BreadcrumbList\",\"@id\":\"https:\/\/metaltale.com\/lv\/produkts\/drebju-pakaramie-small-railway-sarkans\/#breadcrumb\",\"itemListElement\":[{\"@type\":\"ListItem\",\"position\":1,\"name\":\"Home\",\"item\":\"https:\/\/metaltale.com\/lv\/majas\/\"},{\"@type\":\"ListItem\",\"position\":2,\"name\":\"Veikals\",\"item\":\"https:\/\/metaltale.com\/lv\/shop\/\"},{\"@type\":\"ListItem\",\"position\":3,\"name\":\"Dr\u0113bju pakaramie SMALL RAILWAY sarkans\"}]},{\"@type\":\"WebSite\",\"@id\":\"https:\/\/metaltale.com\/lv\/#website\",\"url\":\"https:\/\/metaltale.com\/lv\/\",\"name\":\"Metaltale.com\",\"description\":\"\",\"potentialAction\":[{\"@type\":\"SearchAction\",\"target\":{\"@type\":\"EntryPoint\",\"urlTemplate\":\"https:\/\/metaltale.com\/lv\/?s={search_term_string}\"},\"query-input\":{\"@type\":\"PropertyValueSpecification\",\"valueRequired\":true,\"valueName\":\"search_term_string\"}}],\"inLanguage\":\"lv-LV\"}]}<\/script>\n<!-- \/ Yoast SEO plugin. -->","yoast_head_json":{"title":"Dr\u0113bju pakaramie SMALL RAILWAY sarkans - MetalTale.com","robots":{"index":"index","follow":"follow","max-snippet":"max-snippet:-1","max-image-preview":"max-image-preview:large","max-video-preview":"max-video-preview:-1"},"canonical":"https:\/\/metaltale.com\/lv\/produkts\/drebju-pakaramie-small-railway-sarkans\/","og_locale":"lv_LV","og_type":"article","og_title":"Dr\u0113bju pakaramie SMALL RAILWAY sarkans - MetalTale.com","og_description":"Modelis RS. HK.2015.PRGR Materi\u0101ls Ketus Biezums (cm ) 0,8 Kop\u0113jais augstums (cm ) 13 Kop\u0113jais platums (cm ) 3 Kop\u0113j\u0101","og_url":"https:\/\/metaltale.com\/lv\/produkts\/drebju-pakaramie-small-railway-sarkans\/","og_site_name":"MetalTale.com","og_image":[{"width":800,"height":800,"url":"https:\/\/metaltale.com\/wp-content\/uploads\/2024\/02\/Kabliukai-rubams-SMALL-RAILWAY-raudonas.jpg","type":"image\/jpeg"}],"twitter_card":"summary_large_image","twitter_misc":{"Est. reading time":"1 minute"},"schema":{"@context":"https:\/\/schema.org","@graph":[{"@type":"WebPage","@id":"https:\/\/metaltale.com\/lv\/produkts\/drebju-pakaramie-small-railway-sarkans\/","url":"https:\/\/metaltale.com\/lv\/produkts\/drebju-pakaramie-small-railway-sarkans\/","name":"Dr\u0113bju pakaramie SMALL RAILWAY sarkans - MetalTale.com","isPartOf":{"@id":"https:\/\/metaltale.com\/lv\/#website"},"primaryImageOfPage":{"@id":"https:\/\/metaltale.com\/lv\/produkts\/drebju-pakaramie-small-railway-sarkans\/#primaryimage"},"image":{"@id":"https:\/\/metaltale.com\/lv\/produkts\/drebju-pakaramie-small-railway-sarkans\/#primaryimage"},"thumbnailUrl":"https:\/\/metaltale.com\/wp-content\/uploads\/2024\/02\/Kabliukai-rubams-SMALL-RAILWAY-raudonas.jpg","datePublished":"2024-02-13T13:03:04+00:00","breadcrumb":{"@id":"https:\/\/metaltale.com\/lv\/produkts\/drebju-pakaramie-small-railway-sarkans\/#breadcrumb"},"inLanguage":"lv-LV","potentialAction":[{"@type":"ReadAction","target":["https:\/\/metaltale.com\/lv\/produkts\/drebju-pakaramie-small-railway-sarkans\/"]}]},{"@type":"ImageObject","inLanguage":"lv-LV","@id":"https:\/\/metaltale.com\/lv\/produkts\/drebju-pakaramie-small-railway-sarkans\/#primaryimage","url":"https:\/\/metaltale.com\/wp-content\/uploads\/2024\/02\/Kabliukai-rubams-SMALL-RAILWAY-raudonas.jpg","contentUrl":"https:\/\/metaltale.com\/wp-content\/uploads\/2024\/02\/Kabliukai-rubams-SMALL-RAILWAY-raudonas.jpg","width":800,"height":800,"caption":"Dr\u0113bju pakaramie SMALL RAILWAY sarkans"},{"@type":"BreadcrumbList","@id":"https:\/\/metaltale.com\/lv\/produkts\/drebju-pakaramie-small-railway-sarkans\/#breadcrumb","itemListElement":[{"@type":"ListItem","position":1,"name":"Home","item":"https:\/\/metaltale.com\/lv\/majas\/"},{"@type":"ListItem","position":2,"name":"Veikals","item":"https:\/\/metaltale.com\/lv\/shop\/"},{"@type":"ListItem","position":3,"name":"Dr\u0113bju pakaramie SMALL RAILWAY sarkans"}]},{"@type":"WebSite","@id":"https:\/\/metaltale.com\/lv\/#website","url":"https:\/\/metaltale.com\/lv\/","name":"Metaltale.com","description":"","potentialAction":[{"@type":"SearchAction","target":{"@type":"EntryPoint","urlTemplate":"https:\/\/metaltale.com\/lv\/?s={search_term_string}"},"query-input":{"@type":"PropertyValueSpecification","valueRequired":true,"valueName":"search_term_string"}}],"inLanguage":"lv-LV"}]}},"_links":{"self":[{"href":"https:\/\/metaltale.com\/lv\/wp-json\/wp\/v2\/product\/136430","targetHints":{"allow":["GET"]}}],"collection":[{"href":"https:\/\/metaltale.com\/lv\/wp-json\/wp\/v2\/product"}],"about":[{"href":"https:\/\/metaltale.com\/lv\/wp-json\/wp\/v2\/types\/product"}],"replies":[{"embeddable":true,"href":"https:\/\/metaltale.com\/lv\/wp-json\/wp\/v2\/comments?post=136430"}],"version-history":[{"count":0,"href":"https:\/\/metaltale.com\/lv\/wp-json\/wp\/v2\/product\/136430\/revisions"}],"wp:featuredmedia":[{"embeddable":true,"href":"https:\/\/metaltale.com\/lv\/wp-json\/wp\/v2\/media\/131186"}],"wp:attachment":[{"href":"https:\/\/metaltale.com\/lv\/wp-json\/wp\/v2\/media?parent=136430"}],"wp:term":[{"taxonomy":"product_brand","embeddable":true,"href":"https:\/\/metaltale.com\/lv\/wp-json\/wp\/v2\/product_brand?post=136430"},{"taxonomy":"product_cat","embeddable":true,"href":"https:\/\/metaltale.com\/lv\/wp-json\/wp\/v2\/product_cat?post=136430"},{"taxonomy":"product_tag","embeddable":true,"href":"https:\/\/metaltale.com\/lv\/wp-json\/wp\/v2\/product_tag?post=136430"}],"curies":[{"name":"wp","href":"https:\/\/api.w.org\/{rel}","templated":true}]}}