{"id":136429,"date":"2024-02-13T15:03:04","date_gmt":"2024-02-13T13:03:04","guid":{"rendered":"https:\/\/metaltale.com\/produktas\/koka-galda-kaja-typu-y-oak\/"},"modified":"2024-02-13T15:03:04","modified_gmt":"2024-02-13T13:03:04","slug":"koka-galda-kaja-typu-y-oak","status":"publish","type":"product","link":"https:\/\/metaltale.com\/lv\/produkts\/koka-galda-kaja-typu-y-oak\/","title":{"rendered":"Koka galda k\u0101ja TYPU Y OAK"},"content":{"rendered":"<div class=\"prod_data\">\n<p><strong>Modelis<\/strong> KS. D.N01<br \/>\n<strong>EAN.<\/strong>  5905369904967<br \/>\nMateri\u0101ls Ozolkoka koks<br \/>\nMateri\u0101la biezums (cm ) Abraz\u012bvs 4&#215;6<br \/>\nPlatums (cm) 31<br \/>\nAugstums (cm ) 74<br \/>\nMont\u0101\u017eas skr\u016bves N\u0113<br \/>\n<strong>Kr\u0101sa<\/strong> Koks &#8211; neapstr\u0101d\u0101ts<br \/>\n<strong>Apdare<\/strong> Rough<br \/>\nDaudzums komplekt\u0101 1 gab.<\/p>\n<p>&#8211; galda k\u0101ja izgatavota no ozola mas\u012bvkoka<br \/>\n&#8211; izstr\u0101d\u0101jumam ir dab\u012bgam materi\u0101lam rakstur\u012bgas grumbi\u0146as un plaisas, t\u0101p\u0113c katrs izstr\u0101d\u0101jums ir unik\u0101ls.<br \/>\n&#8211; y forma pie\u0161\u0137ir izstr\u0101d\u0101jumam at\u0161\u0137ir\u012bgu raksturu<br \/>\n&#8211; k\u0101ja ir nepabeigta, un to var impregn\u0113t, t\u0101p\u0113c to var piel\u0101got eso\u0161ajam interjeram.<\/p>\n<hr>\n<p>Neviens produkts neattaisno m\u016bsu cer\u012bbas tik labi k\u0101 t\u0101ds, ko m\u0113s pa\u0161i izgatavojam. Y galda k\u0101ja b\u016bs laba izv\u0113le, lai pa\u0161i izveidotu skaistu galdu. T\u0101 ir izgatavota no mas\u012bvkoka, kas garant\u0113 iztur\u012bbu un kvalit\u0101ti. Tam ir rakstur\u012bgi dab\u012bgiem izejmateri\u0101liem rakstur\u012bgi redzami mezgli un plaisas. Y veida k\u0101ja ir ide\u0101li piem\u0113rota virtuves, \u0113damistabas vai viesistabas galdiem. Koka k\u0101jas ori\u0123in\u0101l\u0101 un modern\u0101 forma \u013caus galdam iek\u013cauties gan tradicion\u0101l\u0101, gan modern\u0101k\u0101 interjer\u0101.<\/p>\n<hr>\n<p>*Pied\u0101v\u0101jums attiecas tikai uz koka k\u0101ju un neietver darba virsmu.<\/p>\n<\/div>\n","protected":false},"excerpt":{"rendered":"<p>Modelis KS. D.N01 EAN. 5905369904967 Materi\u0101ls Ozolkoka koks Materi\u0101la biezums (cm ) Abraz\u012bvs 4&#215;6 Platums (cm) 31 Augstums (cm )<\/p>\n","protected":false},"featured_media":91721,"comment_status":"open","ping_status":"closed","template":"","meta":{"_acf_changed":false,"pmpro_default_level":""},"product_brand":[],"product_cat":[24056,23916],"product_tag":[],"class_list":{"0":"post-136429","1":"product","2":"type-product","3":"status-publish","4":"has-post-thumbnail","6":"product_cat-mebelu-kajas","7":"product_cat-stalo-kojos-lv","8":"pmpro-has-access","10":"first","11":"instock","12":"shipping-taxable","13":"purchasable","14":"product-type-simple"},"acf":[],"yoast_head":"<!-- This site is optimized with the Yoast SEO plugin v24.9 - https:\/\/yoast.com\/wordpress\/plugins\/seo\/ -->\n<title>Koka galda k\u0101ja TYPU Y OAK - MetalTale.com<\/title>\n<meta name=\"robots\" content=\"index, follow, max-snippet:-1, max-image-preview:large, max-video-preview:-1\" \/>\n<link rel=\"canonical\" href=\"https:\/\/metaltale.com\/lv\/produkts\/koka-galda-kaja-typu-y-oak\/\" \/>\n<meta property=\"og:locale\" content=\"lv_LV\" \/>\n<meta property=\"og:type\" content=\"article\" \/>\n<meta property=\"og:title\" content=\"Koka galda k\u0101ja TYPU Y OAK - MetalTale.com\" \/>\n<meta property=\"og:description\" content=\"Modelis KS. D.N01 EAN. 5905369904967 Materi\u0101ls Ozolkoka koks Materi\u0101la biezums (cm ) Abraz\u012bvs 4&#215;6 Platums (cm) 31 Augstums (cm )\" \/>\n<meta property=\"og:url\" content=\"https:\/\/metaltale.com\/lv\/produkts\/koka-galda-kaja-typu-y-oak\/\" \/>\n<meta property=\"og:site_name\" content=\"MetalTale.com\" \/>\n<meta property=\"og:image\" content=\"https:\/\/metaltale.com\/wp-content\/uploads\/2023\/10\/Y-kojos-x104x17DUOLAS.jpg\" \/>\n\t<meta property=\"og:image:width\" content=\"800\" \/>\n\t<meta property=\"og:image:height\" content=\"800\" \/>\n\t<meta property=\"og:image:type\" content=\"image\/jpeg\" \/>\n<meta name=\"twitter:card\" content=\"summary_large_image\" \/>\n<meta name=\"twitter:label1\" content=\"Est. reading time\" \/>\n\t<meta name=\"twitter:data1\" content=\"1 minute\" \/>\n<script type=\"application\/ld+json\" class=\"yoast-schema-graph\">{\"@context\":\"https:\/\/schema.org\",\"@graph\":[{\"@type\":\"WebPage\",\"@id\":\"https:\/\/metaltale.com\/lv\/produkts\/koka-galda-kaja-typu-y-oak\/\",\"url\":\"https:\/\/metaltale.com\/lv\/produkts\/koka-galda-kaja-typu-y-oak\/\",\"name\":\"Koka galda k\u0101ja TYPU Y OAK - MetalTale.com\",\"isPartOf\":{\"@id\":\"https:\/\/metaltale.com\/lv\/#website\"},\"primaryImageOfPage\":{\"@id\":\"https:\/\/metaltale.com\/lv\/produkts\/koka-galda-kaja-typu-y-oak\/#primaryimage\"},\"image\":{\"@id\":\"https:\/\/metaltale.com\/lv\/produkts\/koka-galda-kaja-typu-y-oak\/#primaryimage\"},\"thumbnailUrl\":\"https:\/\/metaltale.com\/wp-content\/uploads\/2023\/10\/Y-kojos-x104x17DUOLAS.jpg\",\"datePublished\":\"2024-02-13T13:03:04+00:00\",\"breadcrumb\":{\"@id\":\"https:\/\/metaltale.com\/lv\/produkts\/koka-galda-kaja-typu-y-oak\/#breadcrumb\"},\"inLanguage\":\"lv-LV\",\"potentialAction\":[{\"@type\":\"ReadAction\",\"target\":[\"https:\/\/metaltale.com\/lv\/produkts\/koka-galda-kaja-typu-y-oak\/\"]}]},{\"@type\":\"ImageObject\",\"inLanguage\":\"lv-LV\",\"@id\":\"https:\/\/metaltale.com\/lv\/produkts\/koka-galda-kaja-typu-y-oak\/#primaryimage\",\"url\":\"https:\/\/metaltale.com\/wp-content\/uploads\/2023\/10\/Y-kojos-x104x17DUOLAS.jpg\",\"contentUrl\":\"https:\/\/metaltale.com\/wp-content\/uploads\/2023\/10\/Y-kojos-x104x17DUOLAS.jpg\",\"width\":800,\"height\":800,\"caption\":\"Koka galda k\u0101jas\"},{\"@type\":\"BreadcrumbList\",\"@id\":\"https:\/\/metaltale.com\/lv\/produkts\/koka-galda-kaja-typu-y-oak\/#breadcrumb\",\"itemListElement\":[{\"@type\":\"ListItem\",\"position\":1,\"name\":\"Home\",\"item\":\"https:\/\/metaltale.com\/lv\/majas\/\"},{\"@type\":\"ListItem\",\"position\":2,\"name\":\"Veikals\",\"item\":\"https:\/\/metaltale.com\/lv\/shop\/\"},{\"@type\":\"ListItem\",\"position\":3,\"name\":\"Koka galda k\u0101ja TYPU Y OAK\"}]},{\"@type\":\"WebSite\",\"@id\":\"https:\/\/metaltale.com\/lv\/#website\",\"url\":\"https:\/\/metaltale.com\/lv\/\",\"name\":\"Metaltale.com\",\"description\":\"\",\"potentialAction\":[{\"@type\":\"SearchAction\",\"target\":{\"@type\":\"EntryPoint\",\"urlTemplate\":\"https:\/\/metaltale.com\/lv\/?s={search_term_string}\"},\"query-input\":{\"@type\":\"PropertyValueSpecification\",\"valueRequired\":true,\"valueName\":\"search_term_string\"}}],\"inLanguage\":\"lv-LV\"}]}<\/script>\n<!-- \/ Yoast SEO plugin. -->","yoast_head_json":{"title":"Koka galda k\u0101ja TYPU Y OAK - MetalTale.com","robots":{"index":"index","follow":"follow","max-snippet":"max-snippet:-1","max-image-preview":"max-image-preview:large","max-video-preview":"max-video-preview:-1"},"canonical":"https:\/\/metaltale.com\/lv\/produkts\/koka-galda-kaja-typu-y-oak\/","og_locale":"lv_LV","og_type":"article","og_title":"Koka galda k\u0101ja TYPU Y OAK - MetalTale.com","og_description":"Modelis KS. D.N01 EAN. 5905369904967 Materi\u0101ls Ozolkoka koks Materi\u0101la biezums (cm ) Abraz\u012bvs 4&#215;6 Platums (cm) 31 Augstums (cm )","og_url":"https:\/\/metaltale.com\/lv\/produkts\/koka-galda-kaja-typu-y-oak\/","og_site_name":"MetalTale.com","og_image":[{"width":800,"height":800,"url":"https:\/\/metaltale.com\/wp-content\/uploads\/2023\/10\/Y-kojos-x104x17DUOLAS.jpg","type":"image\/jpeg"}],"twitter_card":"summary_large_image","twitter_misc":{"Est. reading time":"1 minute"},"schema":{"@context":"https:\/\/schema.org","@graph":[{"@type":"WebPage","@id":"https:\/\/metaltale.com\/lv\/produkts\/koka-galda-kaja-typu-y-oak\/","url":"https:\/\/metaltale.com\/lv\/produkts\/koka-galda-kaja-typu-y-oak\/","name":"Koka galda k\u0101ja TYPU Y OAK - MetalTale.com","isPartOf":{"@id":"https:\/\/metaltale.com\/lv\/#website"},"primaryImageOfPage":{"@id":"https:\/\/metaltale.com\/lv\/produkts\/koka-galda-kaja-typu-y-oak\/#primaryimage"},"image":{"@id":"https:\/\/metaltale.com\/lv\/produkts\/koka-galda-kaja-typu-y-oak\/#primaryimage"},"thumbnailUrl":"https:\/\/metaltale.com\/wp-content\/uploads\/2023\/10\/Y-kojos-x104x17DUOLAS.jpg","datePublished":"2024-02-13T13:03:04+00:00","breadcrumb":{"@id":"https:\/\/metaltale.com\/lv\/produkts\/koka-galda-kaja-typu-y-oak\/#breadcrumb"},"inLanguage":"lv-LV","potentialAction":[{"@type":"ReadAction","target":["https:\/\/metaltale.com\/lv\/produkts\/koka-galda-kaja-typu-y-oak\/"]}]},{"@type":"ImageObject","inLanguage":"lv-LV","@id":"https:\/\/metaltale.com\/lv\/produkts\/koka-galda-kaja-typu-y-oak\/#primaryimage","url":"https:\/\/metaltale.com\/wp-content\/uploads\/2023\/10\/Y-kojos-x104x17DUOLAS.jpg","contentUrl":"https:\/\/metaltale.com\/wp-content\/uploads\/2023\/10\/Y-kojos-x104x17DUOLAS.jpg","width":800,"height":800,"caption":"Koka galda k\u0101jas"},{"@type":"BreadcrumbList","@id":"https:\/\/metaltale.com\/lv\/produkts\/koka-galda-kaja-typu-y-oak\/#breadcrumb","itemListElement":[{"@type":"ListItem","position":1,"name":"Home","item":"https:\/\/metaltale.com\/lv\/majas\/"},{"@type":"ListItem","position":2,"name":"Veikals","item":"https:\/\/metaltale.com\/lv\/shop\/"},{"@type":"ListItem","position":3,"name":"Koka galda k\u0101ja TYPU Y OAK"}]},{"@type":"WebSite","@id":"https:\/\/metaltale.com\/lv\/#website","url":"https:\/\/metaltale.com\/lv\/","name":"Metaltale.com","description":"","potentialAction":[{"@type":"SearchAction","target":{"@type":"EntryPoint","urlTemplate":"https:\/\/metaltale.com\/lv\/?s={search_term_string}"},"query-input":{"@type":"PropertyValueSpecification","valueRequired":true,"valueName":"search_term_string"}}],"inLanguage":"lv-LV"}]}},"_links":{"self":[{"href":"https:\/\/metaltale.com\/lv\/wp-json\/wp\/v2\/product\/136429","targetHints":{"allow":["GET"]}}],"collection":[{"href":"https:\/\/metaltale.com\/lv\/wp-json\/wp\/v2\/product"}],"about":[{"href":"https:\/\/metaltale.com\/lv\/wp-json\/wp\/v2\/types\/product"}],"replies":[{"embeddable":true,"href":"https:\/\/metaltale.com\/lv\/wp-json\/wp\/v2\/comments?post=136429"}],"version-history":[{"count":0,"href":"https:\/\/metaltale.com\/lv\/wp-json\/wp\/v2\/product\/136429\/revisions"}],"wp:featuredmedia":[{"embeddable":true,"href":"https:\/\/metaltale.com\/lv\/wp-json\/wp\/v2\/media\/91721"}],"wp:attachment":[{"href":"https:\/\/metaltale.com\/lv\/wp-json\/wp\/v2\/media?parent=136429"}],"wp:term":[{"taxonomy":"product_brand","embeddable":true,"href":"https:\/\/metaltale.com\/lv\/wp-json\/wp\/v2\/product_brand?post=136429"},{"taxonomy":"product_cat","embeddable":true,"href":"https:\/\/metaltale.com\/lv\/wp-json\/wp\/v2\/product_cat?post=136429"},{"taxonomy":"product_tag","embeddable":true,"href":"https:\/\/metaltale.com\/lv\/wp-json\/wp\/v2\/product_tag?post=136429"}],"curies":[{"name":"wp","href":"https:\/\/api.w.org\/{rel}","templated":true}]}}