{"id":136424,"date":"2024-02-13T15:03:04","date_gmt":"2024-02-13T13:03:04","guid":{"rendered":"https:\/\/metaltale.com\/produktas\/koka-galda-kaja-trapez-oak\/"},"modified":"2024-02-13T15:03:04","modified_gmt":"2024-02-13T13:03:04","slug":"koka-galda-kaja-trapez-oak","status":"publish","type":"product","link":"https:\/\/metaltale.com\/lv\/produkts\/koka-galda-kaja-trapez-oak\/","title":{"rendered":"Koka galda k\u0101ja TRAPEZ OAK"},"content":{"rendered":"<div class=\"prod_data\">\n<p><strong>Modelis<\/strong> KS. D.N02<br \/>\n<strong>EAN.<\/strong>  5905369904950<br \/>\nMateri\u0101ls Ozolkoka koks<br \/>\nMateri\u0101la biezums (cm ) Abraz\u012bvs 4&#215;6<br \/>\nPlatums (cm) 78,5\/62<br \/>\nAugstums (cm ) 71<br \/>\nMont\u0101\u017eas skr\u016bves N\u0113<br \/>\n<strong>Kr\u0101sa<\/strong> Koks &#8211; neapstr\u0101d\u0101ts<br \/>\n<strong>Apdare<\/strong> Rough<br \/>\nDaudzums komplekt\u0101 1 gab.<\/p>\n<p>&#8211; galda k\u0101ja izgatavota no ozola mas\u012bvkoka<br \/>\n&#8211; izstr\u0101d\u0101jumam ir dab\u012bgam materi\u0101lam rakstur\u012bgas grumbi\u0146as un plaisas, t\u0101p\u0113c katrs izstr\u0101d\u0101jums ir unik\u0101ls.<br \/>\n&#8211; trapecveida forma pie\u0161\u0137ir izstr\u0101d\u0101jumam v\u0113l liel\u0101ku ori\u0123inalit\u0101ti.<br \/>\n&#8211; k\u0101ja ir nepabeigta, un t\u0101 ir j\u0101impregn\u0113, lai to var\u0113tu piel\u0101got eso\u0161ajam interjeram.<\/p>\n<hr>\n<p>Galda k\u0101ja ir piln\u012bb\u0101 izgatavota no mas\u012bvkoka. Augst\u0101k\u0101s kvalit\u0101tes izejvielu izmanto\u0161ana padara izstr\u0101d\u0101jumu iztur\u012bgu un kalpos mums daudzus gadus. K\u0101jas virsm\u0101 redzamie mezgli un plaisas ir dabiska izejmateri\u0101la rezult\u0101ts, kas pie\u0161\u0137ir izstr\u0101d\u0101jumam unikalit\u0101ti. Koka k\u0101jas trapecveida forma pie\u0161\u0137ir tai p\u0101rlaic\u012bgu raksturu. Neapstr\u0101d\u0101t\u0101s galda k\u0101jas \u013cauj perfekti saska\u0146ot koka impregn\u0113juma kr\u0101su ar jau eso\u0161ajiem interjera elementiem. TRAPEZ koka k\u0101ju kombin\u0101cija ar koka galda virsmu \u013caus saska\u0146ot galdu gan ar tradicion\u0101lo, gan modern\u0101ko stilu.<\/p>\n<hr>\n<p>* Pied\u0101v\u0101jums attiecas tikai uz koka k\u0101j\u0101m, un tas neattiecas uz galda virsmu.<\/p>\n<\/div>\n","protected":false},"excerpt":{"rendered":"<p>Modelis KS. D.N02 EAN. 5905369904950 Materi\u0101ls Ozolkoka koks Materi\u0101la biezums (cm ) Abraz\u012bvs 4&#215;6 Platums (cm) 78,5\/62 Augstums (cm )<\/p>\n","protected":false},"featured_media":91568,"comment_status":"open","ping_status":"closed","template":"","meta":{"_acf_changed":false,"pmpro_default_level":""},"product_brand":[],"product_cat":[24056,23916],"product_tag":[],"class_list":{"0":"post-136424","1":"product","2":"type-product","3":"status-publish","4":"has-post-thumbnail","6":"product_cat-mebelu-kajas","7":"product_cat-stalo-kojos-lv","8":"pmpro-has-access","10":"first","11":"instock","12":"shipping-taxable","13":"purchasable","14":"product-type-simple"},"acf":[],"yoast_head":"<!-- This site is optimized with the Yoast SEO plugin v24.9 - https:\/\/yoast.com\/wordpress\/plugins\/seo\/ -->\n<title>Koka galda k\u0101ja TRAPEZ OAK - MetalTale.com<\/title>\n<meta name=\"robots\" content=\"index, follow, max-snippet:-1, max-image-preview:large, max-video-preview:-1\" \/>\n<link rel=\"canonical\" href=\"https:\/\/metaltale.com\/lv\/produkts\/koka-galda-kaja-trapez-oak\/\" \/>\n<meta property=\"og:locale\" content=\"lv_LV\" \/>\n<meta property=\"og:type\" content=\"article\" \/>\n<meta property=\"og:title\" content=\"Koka galda k\u0101ja TRAPEZ OAK - MetalTale.com\" \/>\n<meta property=\"og:description\" content=\"Modelis KS. D.N02 EAN. 5905369904950 Materi\u0101ls Ozolkoka koks Materi\u0101la biezums (cm ) Abraz\u012bvs 4&#215;6 Platums (cm) 78,5\/62 Augstums (cm )\" \/>\n<meta property=\"og:url\" content=\"https:\/\/metaltale.com\/lv\/produkts\/koka-galda-kaja-trapez-oak\/\" \/>\n<meta property=\"og:site_name\" content=\"MetalTale.com\" \/>\n<meta property=\"og:image\" content=\"https:\/\/metaltale.com\/wp-content\/uploads\/2023\/10\/Kojos-TRAPECIJOS-x104x17DUOLAS.jpg\" \/>\n\t<meta property=\"og:image:width\" content=\"800\" \/>\n\t<meta property=\"og:image:height\" content=\"800\" \/>\n\t<meta property=\"og:image:type\" content=\"image\/jpeg\" \/>\n<meta name=\"twitter:card\" content=\"summary_large_image\" \/>\n<meta name=\"twitter:label1\" content=\"Est. reading time\" \/>\n\t<meta name=\"twitter:data1\" content=\"1 minute\" \/>\n<script type=\"application\/ld+json\" class=\"yoast-schema-graph\">{\"@context\":\"https:\/\/schema.org\",\"@graph\":[{\"@type\":\"WebPage\",\"@id\":\"https:\/\/metaltale.com\/lv\/produkts\/koka-galda-kaja-trapez-oak\/\",\"url\":\"https:\/\/metaltale.com\/lv\/produkts\/koka-galda-kaja-trapez-oak\/\",\"name\":\"Koka galda k\u0101ja TRAPEZ OAK - MetalTale.com\",\"isPartOf\":{\"@id\":\"https:\/\/metaltale.com\/lv\/#website\"},\"primaryImageOfPage\":{\"@id\":\"https:\/\/metaltale.com\/lv\/produkts\/koka-galda-kaja-trapez-oak\/#primaryimage\"},\"image\":{\"@id\":\"https:\/\/metaltale.com\/lv\/produkts\/koka-galda-kaja-trapez-oak\/#primaryimage\"},\"thumbnailUrl\":\"https:\/\/metaltale.com\/wp-content\/uploads\/2023\/10\/Kojos-TRAPECIJOS-x104x17DUOLAS.jpg\",\"datePublished\":\"2024-02-13T13:03:04+00:00\",\"breadcrumb\":{\"@id\":\"https:\/\/metaltale.com\/lv\/produkts\/koka-galda-kaja-trapez-oak\/#breadcrumb\"},\"inLanguage\":\"lv-LV\",\"potentialAction\":[{\"@type\":\"ReadAction\",\"target\":[\"https:\/\/metaltale.com\/lv\/produkts\/koka-galda-kaja-trapez-oak\/\"]}]},{\"@type\":\"ImageObject\",\"inLanguage\":\"lv-LV\",\"@id\":\"https:\/\/metaltale.com\/lv\/produkts\/koka-galda-kaja-trapez-oak\/#primaryimage\",\"url\":\"https:\/\/metaltale.com\/wp-content\/uploads\/2023\/10\/Kojos-TRAPECIJOS-x104x17DUOLAS.jpg\",\"contentUrl\":\"https:\/\/metaltale.com\/wp-content\/uploads\/2023\/10\/Kojos-TRAPECIJOS-x104x17DUOLAS.jpg\",\"width\":800,\"height\":800,\"caption\":\"Koka galda k\u0101ja\"},{\"@type\":\"BreadcrumbList\",\"@id\":\"https:\/\/metaltale.com\/lv\/produkts\/koka-galda-kaja-trapez-oak\/#breadcrumb\",\"itemListElement\":[{\"@type\":\"ListItem\",\"position\":1,\"name\":\"Home\",\"item\":\"https:\/\/metaltale.com\/lv\/majas\/\"},{\"@type\":\"ListItem\",\"position\":2,\"name\":\"Veikals\",\"item\":\"https:\/\/metaltale.com\/lv\/shop\/\"},{\"@type\":\"ListItem\",\"position\":3,\"name\":\"Koka galda k\u0101ja TRAPEZ OAK\"}]},{\"@type\":\"WebSite\",\"@id\":\"https:\/\/metaltale.com\/lv\/#website\",\"url\":\"https:\/\/metaltale.com\/lv\/\",\"name\":\"Metaltale.com\",\"description\":\"\",\"potentialAction\":[{\"@type\":\"SearchAction\",\"target\":{\"@type\":\"EntryPoint\",\"urlTemplate\":\"https:\/\/metaltale.com\/lv\/?s={search_term_string}\"},\"query-input\":{\"@type\":\"PropertyValueSpecification\",\"valueRequired\":true,\"valueName\":\"search_term_string\"}}],\"inLanguage\":\"lv-LV\"}]}<\/script>\n<!-- \/ Yoast SEO plugin. -->","yoast_head_json":{"title":"Koka galda k\u0101ja TRAPEZ OAK - MetalTale.com","robots":{"index":"index","follow":"follow","max-snippet":"max-snippet:-1","max-image-preview":"max-image-preview:large","max-video-preview":"max-video-preview:-1"},"canonical":"https:\/\/metaltale.com\/lv\/produkts\/koka-galda-kaja-trapez-oak\/","og_locale":"lv_LV","og_type":"article","og_title":"Koka galda k\u0101ja TRAPEZ OAK - MetalTale.com","og_description":"Modelis KS. D.N02 EAN. 5905369904950 Materi\u0101ls Ozolkoka koks Materi\u0101la biezums (cm ) Abraz\u012bvs 4&#215;6 Platums (cm) 78,5\/62 Augstums (cm )","og_url":"https:\/\/metaltale.com\/lv\/produkts\/koka-galda-kaja-trapez-oak\/","og_site_name":"MetalTale.com","og_image":[{"width":800,"height":800,"url":"https:\/\/metaltale.com\/wp-content\/uploads\/2023\/10\/Kojos-TRAPECIJOS-x104x17DUOLAS.jpg","type":"image\/jpeg"}],"twitter_card":"summary_large_image","twitter_misc":{"Est. reading time":"1 minute"},"schema":{"@context":"https:\/\/schema.org","@graph":[{"@type":"WebPage","@id":"https:\/\/metaltale.com\/lv\/produkts\/koka-galda-kaja-trapez-oak\/","url":"https:\/\/metaltale.com\/lv\/produkts\/koka-galda-kaja-trapez-oak\/","name":"Koka galda k\u0101ja TRAPEZ OAK - MetalTale.com","isPartOf":{"@id":"https:\/\/metaltale.com\/lv\/#website"},"primaryImageOfPage":{"@id":"https:\/\/metaltale.com\/lv\/produkts\/koka-galda-kaja-trapez-oak\/#primaryimage"},"image":{"@id":"https:\/\/metaltale.com\/lv\/produkts\/koka-galda-kaja-trapez-oak\/#primaryimage"},"thumbnailUrl":"https:\/\/metaltale.com\/wp-content\/uploads\/2023\/10\/Kojos-TRAPECIJOS-x104x17DUOLAS.jpg","datePublished":"2024-02-13T13:03:04+00:00","breadcrumb":{"@id":"https:\/\/metaltale.com\/lv\/produkts\/koka-galda-kaja-trapez-oak\/#breadcrumb"},"inLanguage":"lv-LV","potentialAction":[{"@type":"ReadAction","target":["https:\/\/metaltale.com\/lv\/produkts\/koka-galda-kaja-trapez-oak\/"]}]},{"@type":"ImageObject","inLanguage":"lv-LV","@id":"https:\/\/metaltale.com\/lv\/produkts\/koka-galda-kaja-trapez-oak\/#primaryimage","url":"https:\/\/metaltale.com\/wp-content\/uploads\/2023\/10\/Kojos-TRAPECIJOS-x104x17DUOLAS.jpg","contentUrl":"https:\/\/metaltale.com\/wp-content\/uploads\/2023\/10\/Kojos-TRAPECIJOS-x104x17DUOLAS.jpg","width":800,"height":800,"caption":"Koka galda k\u0101ja"},{"@type":"BreadcrumbList","@id":"https:\/\/metaltale.com\/lv\/produkts\/koka-galda-kaja-trapez-oak\/#breadcrumb","itemListElement":[{"@type":"ListItem","position":1,"name":"Home","item":"https:\/\/metaltale.com\/lv\/majas\/"},{"@type":"ListItem","position":2,"name":"Veikals","item":"https:\/\/metaltale.com\/lv\/shop\/"},{"@type":"ListItem","position":3,"name":"Koka galda k\u0101ja TRAPEZ OAK"}]},{"@type":"WebSite","@id":"https:\/\/metaltale.com\/lv\/#website","url":"https:\/\/metaltale.com\/lv\/","name":"Metaltale.com","description":"","potentialAction":[{"@type":"SearchAction","target":{"@type":"EntryPoint","urlTemplate":"https:\/\/metaltale.com\/lv\/?s={search_term_string}"},"query-input":{"@type":"PropertyValueSpecification","valueRequired":true,"valueName":"search_term_string"}}],"inLanguage":"lv-LV"}]}},"_links":{"self":[{"href":"https:\/\/metaltale.com\/lv\/wp-json\/wp\/v2\/product\/136424","targetHints":{"allow":["GET"]}}],"collection":[{"href":"https:\/\/metaltale.com\/lv\/wp-json\/wp\/v2\/product"}],"about":[{"href":"https:\/\/metaltale.com\/lv\/wp-json\/wp\/v2\/types\/product"}],"replies":[{"embeddable":true,"href":"https:\/\/metaltale.com\/lv\/wp-json\/wp\/v2\/comments?post=136424"}],"version-history":[{"count":0,"href":"https:\/\/metaltale.com\/lv\/wp-json\/wp\/v2\/product\/136424\/revisions"}],"wp:featuredmedia":[{"embeddable":true,"href":"https:\/\/metaltale.com\/lv\/wp-json\/wp\/v2\/media\/91568"}],"wp:attachment":[{"href":"https:\/\/metaltale.com\/lv\/wp-json\/wp\/v2\/media?parent=136424"}],"wp:term":[{"taxonomy":"product_brand","embeddable":true,"href":"https:\/\/metaltale.com\/lv\/wp-json\/wp\/v2\/product_brand?post=136424"},{"taxonomy":"product_cat","embeddable":true,"href":"https:\/\/metaltale.com\/lv\/wp-json\/wp\/v2\/product_cat?post=136424"},{"taxonomy":"product_tag","embeddable":true,"href":"https:\/\/metaltale.com\/lv\/wp-json\/wp\/v2\/product_tag?post=136424"}],"curies":[{"name":"wp","href":"https:\/\/api.w.org\/{rel}","templated":true}]}}