{"id":136418,"date":"2024-02-13T15:03:04","date_gmt":"2024-02-13T13:03:04","guid":{"rendered":"https:\/\/metaltale.com\/produktas\/apgerbu-akis-human-2\/"},"modified":"2024-02-13T15:03:04","modified_gmt":"2024-02-13T13:03:04","slug":"apgerbu-akis-human-2","status":"publish","type":"product","link":"https:\/\/metaltale.com\/lv\/produkts\/apgerbu-akis-human-2\/","title":{"rendered":"Ap\u0123\u0113rbu \u0101\u0137is HUMAN 2"},"content":{"rendered":"<div class=\"prod_data\">\n<p><strong>Modelis<\/strong> RS. HK.2010-CZ<br \/>\n<strong>EAN.<\/strong>  5905369902741<br \/>\nMateri\u0101ls Ketus<br \/>\n<strong>Kop\u0113jais augstums (cm<\/strong> ) 10<br \/>\n<strong>Kop\u0113jais platums (cm<\/strong> ) 13,5<br \/>\n<strong>Kop\u0113j\u0101 projekcija (cm<\/strong> ) 5<br \/>\n<strong>Sugas<\/strong> Dubult\u0101<br \/>\nMont\u0101\u017eas skr\u016bves J\u0101<br \/>\nKr\u0101sa Melna<br \/>\nApdare mat\u0113ta<br \/>\n<strong>Virsmas tips<\/strong> Gluda <strong>virsma<\/strong> <\/p>\n<p>&#8211; \u0101\u0137is ir izgatavots no augst\u0101k\u0101s kvalit\u0101tes \u010duguna, kas garant\u0113 ilggad\u0113ju lieto\u0161anu.<br \/>\n&#8211; s\u0101kotn\u0113j\u0101 v\u012brie\u0161u forma, \u0101\u0137im ir ar\u012b sienas apdares loma.<br \/>\n&#8211; Komplekt\u0101 ietilpst stiprin\u0101juma skr\u016bves vieglai piestiprin\u0101\u0161anai pie sienas<\/p>\n<hr>\n<p>Pat vismaz\u0101k\u0101s deta\u013cas un labi izstr\u0101d\u0101ti retro aksesu\u0101ri var iev\u0113rojami palielin\u0101t visa m\u0113r\u012bjuma vizu\u0101lo ietekmi. Pateicoties pareizajiem piederumiem, m\u0113s varam \u0101tri pie\u0161\u0137irt j\u016bsu m\u0113r\u012bjumiem tipisku lauku atmosf\u0113ru.<\/p>\n<p>&#8220;HUMAN 2&#8221; ir neparasts kulons, kas papildus savai galvenajai funkcijai kalpos ar\u012b k\u0101 neparasts sienas dekors. Tas ir izgatavots no augst\u0101k\u0101s kvalit\u0101tes \u010duguna, t\u0101p\u0113c ilgi priec\u0113s m\u016bsu acis. Turkl\u0101t mat\u0113tais melnais dzi\u013cums to padara retro. T\u0101s forma atg\u0101dina v\u012brieti, kas izple\u0161 rokas. \u0160\u0101du \u0101\u0137i var izmantot vannas istab\u0101, virtuv\u0113 un gaiten\u012b. Izstr\u0101d\u0101jumam ir pievienotas stiprin\u0101juma skr\u016bves, kas \u013cauj izstr\u0101d\u0101jumu \u0101tri piestiprin\u0101t pie zemes.<\/p>\n<\/div>\n","protected":false},"excerpt":{"rendered":"<p>Modelis RS. HK.2010-CZ EAN. 5905369902741 Materi\u0101ls Ketus Kop\u0113jais augstums (cm ) 10 Kop\u0113jais platums (cm ) 13,5 Kop\u0113j\u0101 projekcija (cm<\/p>\n","protected":false},"featured_media":74728,"comment_status":"open","ping_status":"closed","template":"","meta":{"_acf_changed":false,"pmpro_default_level":""},"product_brand":[],"product_cat":[23837,23862],"product_tag":[],"class_list":{"0":"post-136418","1":"product","2":"type-product","3":"status-publish","4":"has-post-thumbnail","6":"product_cat-mebeles-piederumi","7":"product_cat-pakabos-ir-kabliukai-lv","8":"pmpro-has-access","10":"first","11":"instock","12":"shipping-taxable","13":"purchasable","14":"product-type-simple"},"acf":[],"yoast_head":"<!-- This site is optimized with the Yoast SEO plugin v24.9 - https:\/\/yoast.com\/wordpress\/plugins\/seo\/ -->\n<title>Ap\u0123\u0113rbu \u0101\u0137is HUMAN 2 - MetalTale.com<\/title>\n<meta name=\"robots\" content=\"index, follow, max-snippet:-1, max-image-preview:large, max-video-preview:-1\" \/>\n<link rel=\"canonical\" href=\"https:\/\/metaltale.com\/lv\/produkts\/apgerbu-akis-human-2\/\" \/>\n<meta property=\"og:locale\" content=\"lv_LV\" \/>\n<meta property=\"og:type\" content=\"article\" \/>\n<meta property=\"og:title\" content=\"Ap\u0123\u0113rbu \u0101\u0137is HUMAN 2 - MetalTale.com\" \/>\n<meta property=\"og:description\" content=\"Modelis RS. HK.2010-CZ EAN. 5905369902741 Materi\u0101ls Ketus Kop\u0113jais augstums (cm ) 10 Kop\u0113jais platums (cm ) 13,5 Kop\u0113j\u0101 projekcija (cm\" \/>\n<meta property=\"og:url\" content=\"https:\/\/metaltale.com\/lv\/produkts\/apgerbu-akis-human-2\/\" \/>\n<meta property=\"og:site_name\" content=\"MetalTale.com\" \/>\n<meta property=\"og:image\" content=\"https:\/\/metaltale.com\/wp-content\/uploads\/2023\/09\/x17DMOGAUS-TEISx116S-2.jpg\" \/>\n\t<meta property=\"og:image:width\" content=\"800\" \/>\n\t<meta property=\"og:image:height\" content=\"800\" \/>\n\t<meta property=\"og:image:type\" content=\"image\/jpeg\" \/>\n<meta name=\"twitter:card\" content=\"summary_large_image\" \/>\n<meta name=\"twitter:label1\" content=\"Est. reading time\" \/>\n\t<meta name=\"twitter:data1\" content=\"1 minute\" \/>\n<script type=\"application\/ld+json\" class=\"yoast-schema-graph\">{\"@context\":\"https:\/\/schema.org\",\"@graph\":[{\"@type\":\"WebPage\",\"@id\":\"https:\/\/metaltale.com\/lv\/produkts\/apgerbu-akis-human-2\/\",\"url\":\"https:\/\/metaltale.com\/lv\/produkts\/apgerbu-akis-human-2\/\",\"name\":\"Ap\u0123\u0113rbu \u0101\u0137is HUMAN 2 - MetalTale.com\",\"isPartOf\":{\"@id\":\"https:\/\/metaltale.com\/lv\/#website\"},\"primaryImageOfPage\":{\"@id\":\"https:\/\/metaltale.com\/lv\/produkts\/apgerbu-akis-human-2\/#primaryimage\"},\"image\":{\"@id\":\"https:\/\/metaltale.com\/lv\/produkts\/apgerbu-akis-human-2\/#primaryimage\"},\"thumbnailUrl\":\"https:\/\/metaltale.com\/wp-content\/uploads\/2023\/09\/x17DMOGAUS-TEISx116S-2.jpg\",\"datePublished\":\"2024-02-13T13:03:04+00:00\",\"breadcrumb\":{\"@id\":\"https:\/\/metaltale.com\/lv\/produkts\/apgerbu-akis-human-2\/#breadcrumb\"},\"inLanguage\":\"lv-LV\",\"potentialAction\":[{\"@type\":\"ReadAction\",\"target\":[\"https:\/\/metaltale.com\/lv\/produkts\/apgerbu-akis-human-2\/\"]}]},{\"@type\":\"ImageObject\",\"inLanguage\":\"lv-LV\",\"@id\":\"https:\/\/metaltale.com\/lv\/produkts\/apgerbu-akis-human-2\/#primaryimage\",\"url\":\"https:\/\/metaltale.com\/wp-content\/uploads\/2023\/09\/x17DMOGAUS-TEISx116S-2.jpg\",\"contentUrl\":\"https:\/\/metaltale.com\/wp-content\/uploads\/2023\/09\/x17DMOGAUS-TEISx116S-2.jpg\",\"width\":800,\"height\":800,\"caption\":\"Ap\u0123\u0113rbu \u0101\u0137is HUMAN 2\"},{\"@type\":\"BreadcrumbList\",\"@id\":\"https:\/\/metaltale.com\/lv\/produkts\/apgerbu-akis-human-2\/#breadcrumb\",\"itemListElement\":[{\"@type\":\"ListItem\",\"position\":1,\"name\":\"Home\",\"item\":\"https:\/\/metaltale.com\/lv\/majas\/\"},{\"@type\":\"ListItem\",\"position\":2,\"name\":\"Veikals\",\"item\":\"https:\/\/metaltale.com\/lv\/shop\/\"},{\"@type\":\"ListItem\",\"position\":3,\"name\":\"Ap\u0123\u0113rbu \u0101\u0137is HUMAN 2\"}]},{\"@type\":\"WebSite\",\"@id\":\"https:\/\/metaltale.com\/lv\/#website\",\"url\":\"https:\/\/metaltale.com\/lv\/\",\"name\":\"Metaltale.com\",\"description\":\"\",\"potentialAction\":[{\"@type\":\"SearchAction\",\"target\":{\"@type\":\"EntryPoint\",\"urlTemplate\":\"https:\/\/metaltale.com\/lv\/?s={search_term_string}\"},\"query-input\":{\"@type\":\"PropertyValueSpecification\",\"valueRequired\":true,\"valueName\":\"search_term_string\"}}],\"inLanguage\":\"lv-LV\"}]}<\/script>\n<!-- \/ Yoast SEO plugin. -->","yoast_head_json":{"title":"Ap\u0123\u0113rbu \u0101\u0137is HUMAN 2 - MetalTale.com","robots":{"index":"index","follow":"follow","max-snippet":"max-snippet:-1","max-image-preview":"max-image-preview:large","max-video-preview":"max-video-preview:-1"},"canonical":"https:\/\/metaltale.com\/lv\/produkts\/apgerbu-akis-human-2\/","og_locale":"lv_LV","og_type":"article","og_title":"Ap\u0123\u0113rbu \u0101\u0137is HUMAN 2 - MetalTale.com","og_description":"Modelis RS. HK.2010-CZ EAN. 5905369902741 Materi\u0101ls Ketus Kop\u0113jais augstums (cm ) 10 Kop\u0113jais platums (cm ) 13,5 Kop\u0113j\u0101 projekcija (cm","og_url":"https:\/\/metaltale.com\/lv\/produkts\/apgerbu-akis-human-2\/","og_site_name":"MetalTale.com","og_image":[{"width":800,"height":800,"url":"https:\/\/metaltale.com\/wp-content\/uploads\/2023\/09\/x17DMOGAUS-TEISx116S-2.jpg","type":"image\/jpeg"}],"twitter_card":"summary_large_image","twitter_misc":{"Est. reading time":"1 minute"},"schema":{"@context":"https:\/\/schema.org","@graph":[{"@type":"WebPage","@id":"https:\/\/metaltale.com\/lv\/produkts\/apgerbu-akis-human-2\/","url":"https:\/\/metaltale.com\/lv\/produkts\/apgerbu-akis-human-2\/","name":"Ap\u0123\u0113rbu \u0101\u0137is HUMAN 2 - MetalTale.com","isPartOf":{"@id":"https:\/\/metaltale.com\/lv\/#website"},"primaryImageOfPage":{"@id":"https:\/\/metaltale.com\/lv\/produkts\/apgerbu-akis-human-2\/#primaryimage"},"image":{"@id":"https:\/\/metaltale.com\/lv\/produkts\/apgerbu-akis-human-2\/#primaryimage"},"thumbnailUrl":"https:\/\/metaltale.com\/wp-content\/uploads\/2023\/09\/x17DMOGAUS-TEISx116S-2.jpg","datePublished":"2024-02-13T13:03:04+00:00","breadcrumb":{"@id":"https:\/\/metaltale.com\/lv\/produkts\/apgerbu-akis-human-2\/#breadcrumb"},"inLanguage":"lv-LV","potentialAction":[{"@type":"ReadAction","target":["https:\/\/metaltale.com\/lv\/produkts\/apgerbu-akis-human-2\/"]}]},{"@type":"ImageObject","inLanguage":"lv-LV","@id":"https:\/\/metaltale.com\/lv\/produkts\/apgerbu-akis-human-2\/#primaryimage","url":"https:\/\/metaltale.com\/wp-content\/uploads\/2023\/09\/x17DMOGAUS-TEISx116S-2.jpg","contentUrl":"https:\/\/metaltale.com\/wp-content\/uploads\/2023\/09\/x17DMOGAUS-TEISx116S-2.jpg","width":800,"height":800,"caption":"Ap\u0123\u0113rbu \u0101\u0137is HUMAN 2"},{"@type":"BreadcrumbList","@id":"https:\/\/metaltale.com\/lv\/produkts\/apgerbu-akis-human-2\/#breadcrumb","itemListElement":[{"@type":"ListItem","position":1,"name":"Home","item":"https:\/\/metaltale.com\/lv\/majas\/"},{"@type":"ListItem","position":2,"name":"Veikals","item":"https:\/\/metaltale.com\/lv\/shop\/"},{"@type":"ListItem","position":3,"name":"Ap\u0123\u0113rbu \u0101\u0137is HUMAN 2"}]},{"@type":"WebSite","@id":"https:\/\/metaltale.com\/lv\/#website","url":"https:\/\/metaltale.com\/lv\/","name":"Metaltale.com","description":"","potentialAction":[{"@type":"SearchAction","target":{"@type":"EntryPoint","urlTemplate":"https:\/\/metaltale.com\/lv\/?s={search_term_string}"},"query-input":{"@type":"PropertyValueSpecification","valueRequired":true,"valueName":"search_term_string"}}],"inLanguage":"lv-LV"}]}},"_links":{"self":[{"href":"https:\/\/metaltale.com\/lv\/wp-json\/wp\/v2\/product\/136418","targetHints":{"allow":["GET"]}}],"collection":[{"href":"https:\/\/metaltale.com\/lv\/wp-json\/wp\/v2\/product"}],"about":[{"href":"https:\/\/metaltale.com\/lv\/wp-json\/wp\/v2\/types\/product"}],"replies":[{"embeddable":true,"href":"https:\/\/metaltale.com\/lv\/wp-json\/wp\/v2\/comments?post=136418"}],"version-history":[{"count":0,"href":"https:\/\/metaltale.com\/lv\/wp-json\/wp\/v2\/product\/136418\/revisions"}],"wp:featuredmedia":[{"embeddable":true,"href":"https:\/\/metaltale.com\/lv\/wp-json\/wp\/v2\/media\/74728"}],"wp:attachment":[{"href":"https:\/\/metaltale.com\/lv\/wp-json\/wp\/v2\/media?parent=136418"}],"wp:term":[{"taxonomy":"product_brand","embeddable":true,"href":"https:\/\/metaltale.com\/lv\/wp-json\/wp\/v2\/product_brand?post=136418"},{"taxonomy":"product_cat","embeddable":true,"href":"https:\/\/metaltale.com\/lv\/wp-json\/wp\/v2\/product_cat?post=136418"},{"taxonomy":"product_tag","embeddable":true,"href":"https:\/\/metaltale.com\/lv\/wp-json\/wp\/v2\/product_tag?post=136418"}],"curies":[{"name":"wp","href":"https:\/\/api.w.org\/{rel}","templated":true}]}}