{"id":136416,"date":"2024-02-13T14:59:43","date_gmt":"2024-02-13T12:59:43","guid":{"rendered":"https:\/\/metaltale.com\/produktas\/grid-piekaramie-spoguli\/"},"modified":"2024-02-13T14:59:43","modified_gmt":"2024-02-13T12:59:43","slug":"grid-piekaramie-spoguli","status":"publish","type":"product","link":"https:\/\/metaltale.com\/lv\/produkts\/grid-piekaramie-spoguli\/","title":{"rendered":"GRID piekaramie spogu\u013ci"},"content":{"rendered":"<div class=\"prod_data\"><strong>Modelis<\/strong> DI.754-PRGR  <br \/><strong>Materi\u0101ls<\/strong> T\u0113rauds  <br \/><strong>Biezums (cm<\/strong> ) 2\/3  <br \/><strong>Kop\u0113jais augstums (cm<\/strong> ) 90 \/ 50  <br \/><strong>Kop\u0113jais platums (cm<\/strong> ) 90 \/ 120  <br \/><strong>Formas<\/strong> Taisnst\u016bra, kvadr\u0101tveida  <\/p>\n<p>&#8211; Piekaramais spogulis<br \/>&#8211; spogulis meln\u0101 r\u0101m\u012b <br \/>&#8211; Muntino stie\u0146i, uzsverot produkta b\u0113ni\u0146u raksturu.<\/p>\n<hr>\n<p>B\u0113ni\u0146u spogulis ir dekors, kas p\u0101rsteidz ar eleganci un vienk\u0101r\u0161\u012bbu. Pietic\u012bgs, bet izteiksm\u012bgs dizains ir veids, k\u0101 da\u017e\u0101dot telpu ar smalku stilu. Spogulis meln\u0101 r\u0101m\u012b b\u016bs lieliski piem\u0113rots ne tikai b\u0113ni\u0146u vannas istab\u0101, bet ar\u012b cit\u0101s dz\u012bvok\u013ca telp\u0101s.  <\/p>\n<\/div>\n","protected":false},"excerpt":{"rendered":"<p>Modelis DI.754-PRGR Materi\u0101ls T\u0113rauds Biezums (cm ) 2\/3 Kop\u0113jais augstums (cm ) 90 \/ 50 Kop\u0113jais platums (cm ) 90<\/p>\n","protected":false},"featured_media":105827,"comment_status":"open","ping_status":"closed","template":"","meta":{"_acf_changed":false,"pmpro_default_level":""},"product_brand":[],"product_cat":[24066],"product_tag":[],"class_list":{"0":"post-136416","1":"product","2":"type-product","3":"status-publish","4":"has-post-thumbnail","6":"product_cat-spoguli","7":"pmpro-has-access","9":"first","10":"instock","11":"shipping-taxable","12":"purchasable","13":"product-type-simple"},"acf":[],"yoast_head":"<!-- This site is optimized with the Yoast SEO plugin v24.9 - https:\/\/yoast.com\/wordpress\/plugins\/seo\/ -->\n<title>GRID piekaramie spogu\u013ci - MetalTale.com<\/title>\n<meta name=\"robots\" content=\"index, follow, max-snippet:-1, max-image-preview:large, max-video-preview:-1\" \/>\n<link rel=\"canonical\" href=\"https:\/\/metaltale.com\/lv\/produkts\/grid-piekaramie-spoguli\/\" \/>\n<meta property=\"og:locale\" content=\"lv_LV\" \/>\n<meta property=\"og:type\" content=\"article\" \/>\n<meta property=\"og:title\" content=\"GRID piekaramie spogu\u013ci - MetalTale.com\" \/>\n<meta property=\"og:description\" content=\"Modelis DI.754-PRGR Materi\u0101ls T\u0113rauds Biezums (cm ) 2\/3 Kop\u0113jais augstums (cm ) 90 \/ 50 Kop\u0113jais platums (cm ) 90\" \/>\n<meta property=\"og:url\" content=\"https:\/\/metaltale.com\/lv\/produkts\/grid-piekaramie-spoguli\/\" \/>\n<meta property=\"og:site_name\" content=\"MetalTale.com\" \/>\n<meta name=\"twitter:card\" content=\"summary_large_image\" \/>\n<script type=\"application\/ld+json\" class=\"yoast-schema-graph\">{\"@context\":\"https:\/\/schema.org\",\"@graph\":[{\"@type\":\"WebPage\",\"@id\":\"https:\/\/metaltale.com\/lv\/produkts\/grid-piekaramie-spoguli\/\",\"url\":\"https:\/\/metaltale.com\/lv\/produkts\/grid-piekaramie-spoguli\/\",\"name\":\"GRID piekaramie spogu\u013ci - MetalTale.com\",\"isPartOf\":{\"@id\":\"https:\/\/metaltale.com\/lv\/#website\"},\"primaryImageOfPage\":{\"@id\":\"https:\/\/metaltale.com\/lv\/produkts\/grid-piekaramie-spoguli\/#primaryimage\"},\"image\":{\"@id\":\"https:\/\/metaltale.com\/lv\/produkts\/grid-piekaramie-spoguli\/#primaryimage\"},\"thumbnailUrl\":\"https:\/\/metaltale.com\/wp-content\/uploads\/2023\/11\/Kvadratinis-pakabinamas-veidrodis-GRID-3x3-1.jpg\",\"datePublished\":\"2024-02-13T12:59:43+00:00\",\"breadcrumb\":{\"@id\":\"https:\/\/metaltale.com\/lv\/produkts\/grid-piekaramie-spoguli\/#breadcrumb\"},\"inLanguage\":\"lv-LV\",\"potentialAction\":[{\"@type\":\"ReadAction\",\"target\":[\"https:\/\/metaltale.com\/lv\/produkts\/grid-piekaramie-spoguli\/\"]}]},{\"@type\":\"ImageObject\",\"inLanguage\":\"lv-LV\",\"@id\":\"https:\/\/metaltale.com\/lv\/produkts\/grid-piekaramie-spoguli\/#primaryimage\",\"url\":\"https:\/\/metaltale.com\/wp-content\/uploads\/2023\/11\/Kvadratinis-pakabinamas-veidrodis-GRID-3x3-1.jpg\",\"contentUrl\":\"https:\/\/metaltale.com\/wp-content\/uploads\/2023\/11\/Kvadratinis-pakabinamas-veidrodis-GRID-3x3-1.jpg\",\"width\":800,\"height\":800},{\"@type\":\"BreadcrumbList\",\"@id\":\"https:\/\/metaltale.com\/lv\/produkts\/grid-piekaramie-spoguli\/#breadcrumb\",\"itemListElement\":[{\"@type\":\"ListItem\",\"position\":1,\"name\":\"Home\",\"item\":\"https:\/\/metaltale.com\/lv\/majas\/\"},{\"@type\":\"ListItem\",\"position\":2,\"name\":\"Veikals\",\"item\":\"https:\/\/metaltale.com\/lv\/shop\/\"},{\"@type\":\"ListItem\",\"position\":3,\"name\":\"GRID piekaramie spogu\u013ci\"}]},{\"@type\":\"WebSite\",\"@id\":\"https:\/\/metaltale.com\/lv\/#website\",\"url\":\"https:\/\/metaltale.com\/lv\/\",\"name\":\"Metaltale.com\",\"description\":\"\",\"potentialAction\":[{\"@type\":\"SearchAction\",\"target\":{\"@type\":\"EntryPoint\",\"urlTemplate\":\"https:\/\/metaltale.com\/lv\/?s={search_term_string}\"},\"query-input\":{\"@type\":\"PropertyValueSpecification\",\"valueRequired\":true,\"valueName\":\"search_term_string\"}}],\"inLanguage\":\"lv-LV\"}]}<\/script>\n<!-- \/ Yoast SEO plugin. -->","yoast_head_json":{"title":"GRID piekaramie spogu\u013ci - MetalTale.com","robots":{"index":"index","follow":"follow","max-snippet":"max-snippet:-1","max-image-preview":"max-image-preview:large","max-video-preview":"max-video-preview:-1"},"canonical":"https:\/\/metaltale.com\/lv\/produkts\/grid-piekaramie-spoguli\/","og_locale":"lv_LV","og_type":"article","og_title":"GRID piekaramie spogu\u013ci - MetalTale.com","og_description":"Modelis DI.754-PRGR Materi\u0101ls T\u0113rauds Biezums (cm ) 2\/3 Kop\u0113jais augstums (cm ) 90 \/ 50 Kop\u0113jais platums (cm ) 90","og_url":"https:\/\/metaltale.com\/lv\/produkts\/grid-piekaramie-spoguli\/","og_site_name":"MetalTale.com","twitter_card":"summary_large_image","schema":{"@context":"https:\/\/schema.org","@graph":[{"@type":"WebPage","@id":"https:\/\/metaltale.com\/lv\/produkts\/grid-piekaramie-spoguli\/","url":"https:\/\/metaltale.com\/lv\/produkts\/grid-piekaramie-spoguli\/","name":"GRID piekaramie spogu\u013ci - MetalTale.com","isPartOf":{"@id":"https:\/\/metaltale.com\/lv\/#website"},"primaryImageOfPage":{"@id":"https:\/\/metaltale.com\/lv\/produkts\/grid-piekaramie-spoguli\/#primaryimage"},"image":{"@id":"https:\/\/metaltale.com\/lv\/produkts\/grid-piekaramie-spoguli\/#primaryimage"},"thumbnailUrl":"https:\/\/metaltale.com\/wp-content\/uploads\/2023\/11\/Kvadratinis-pakabinamas-veidrodis-GRID-3x3-1.jpg","datePublished":"2024-02-13T12:59:43+00:00","breadcrumb":{"@id":"https:\/\/metaltale.com\/lv\/produkts\/grid-piekaramie-spoguli\/#breadcrumb"},"inLanguage":"lv-LV","potentialAction":[{"@type":"ReadAction","target":["https:\/\/metaltale.com\/lv\/produkts\/grid-piekaramie-spoguli\/"]}]},{"@type":"ImageObject","inLanguage":"lv-LV","@id":"https:\/\/metaltale.com\/lv\/produkts\/grid-piekaramie-spoguli\/#primaryimage","url":"https:\/\/metaltale.com\/wp-content\/uploads\/2023\/11\/Kvadratinis-pakabinamas-veidrodis-GRID-3x3-1.jpg","contentUrl":"https:\/\/metaltale.com\/wp-content\/uploads\/2023\/11\/Kvadratinis-pakabinamas-veidrodis-GRID-3x3-1.jpg","width":800,"height":800},{"@type":"BreadcrumbList","@id":"https:\/\/metaltale.com\/lv\/produkts\/grid-piekaramie-spoguli\/#breadcrumb","itemListElement":[{"@type":"ListItem","position":1,"name":"Home","item":"https:\/\/metaltale.com\/lv\/majas\/"},{"@type":"ListItem","position":2,"name":"Veikals","item":"https:\/\/metaltale.com\/lv\/shop\/"},{"@type":"ListItem","position":3,"name":"GRID piekaramie spogu\u013ci"}]},{"@type":"WebSite","@id":"https:\/\/metaltale.com\/lv\/#website","url":"https:\/\/metaltale.com\/lv\/","name":"Metaltale.com","description":"","potentialAction":[{"@type":"SearchAction","target":{"@type":"EntryPoint","urlTemplate":"https:\/\/metaltale.com\/lv\/?s={search_term_string}"},"query-input":{"@type":"PropertyValueSpecification","valueRequired":true,"valueName":"search_term_string"}}],"inLanguage":"lv-LV"}]}},"_links":{"self":[{"href":"https:\/\/metaltale.com\/lv\/wp-json\/wp\/v2\/product\/136416","targetHints":{"allow":["GET"]}}],"collection":[{"href":"https:\/\/metaltale.com\/lv\/wp-json\/wp\/v2\/product"}],"about":[{"href":"https:\/\/metaltale.com\/lv\/wp-json\/wp\/v2\/types\/product"}],"replies":[{"embeddable":true,"href":"https:\/\/metaltale.com\/lv\/wp-json\/wp\/v2\/comments?post=136416"}],"version-history":[{"count":0,"href":"https:\/\/metaltale.com\/lv\/wp-json\/wp\/v2\/product\/136416\/revisions"}],"wp:featuredmedia":[{"embeddable":true,"href":"https:\/\/metaltale.com\/lv\/wp-json\/wp\/v2\/media\/105827"}],"wp:attachment":[{"href":"https:\/\/metaltale.com\/lv\/wp-json\/wp\/v2\/media?parent=136416"}],"wp:term":[{"taxonomy":"product_brand","embeddable":true,"href":"https:\/\/metaltale.com\/lv\/wp-json\/wp\/v2\/product_brand?post=136416"},{"taxonomy":"product_cat","embeddable":true,"href":"https:\/\/metaltale.com\/lv\/wp-json\/wp\/v2\/product_cat?post=136416"},{"taxonomy":"product_tag","embeddable":true,"href":"https:\/\/metaltale.com\/lv\/wp-json\/wp\/v2\/product_tag?post=136416"}],"curies":[{"name":"wp","href":"https:\/\/api.w.org\/{rel}","templated":true}]}}