{"id":136413,"date":"2024-02-13T14:59:43","date_gmt":"2024-02-13T12:59:43","guid":{"rendered":"https:\/\/metaltale.com\/produktas\/arch-2-arkveida-piekaramais-spogulis\/"},"modified":"2024-02-13T14:59:43","modified_gmt":"2024-02-13T12:59:43","slug":"arch-2-arkveida-piekaramais-spogulis","status":"publish","type":"product","link":"https:\/\/metaltale.com\/lv\/produkts\/arch-2-arkveida-piekaramais-spogulis\/","title":{"rendered":"ARCH 2 arkveida piekaramais spogulis"},"content":{"rendered":"<div class=\"prod_data\">DI.6669 <strong>modelis<\/strong>  <br \/><strong>EAN.<\/strong>  5905369924521  <br \/><strong>Materi\u0101ls<\/strong> T\u0113rauds  <br \/>Biezums (cm ) 4 <br \/><strong>Kop\u0113jais augstums (cm<\/strong> ) 131  <br \/>Kop\u0113jais platums (cm ) 75 <br \/><strong>Veidlapas<\/strong> N\u0101kamais  <\/p>\n<p>&#8211; dekorat\u012bvs spogulis<br \/>&#8211; spogulis ar arku, kas atg\u0101dina pils logu.<br \/>&#8211; br\u016bns novecojis r\u0101mis, kas tam pie\u0161\u0137ir ori\u0123in\u0101lu raksturu.<\/p>\n<hr>\n<p>Dekorat\u012bvs spogulis ar novecoju\u0161u r\u0101mi, kas l\u012bdzin\u0101s logam, ir neuzkr\u012bto\u0161s dz\u012bvojam\u0101s istabas vai terases sienas rot\u0101jums. Augsti iek\u0101rtam spogulim piem\u012bt unik\u0101ls \u0161arms, ko nevar atrast m\u016bsdienu mode\u013cos. Br\u016bnajam r\u0101mim ir daudz apzin\u0101tas noveco\u0161anas paz\u012bmju, kas b\u016btiski ietekm\u0113 izstr\u0101d\u0101juma raksturu.<\/p>\n<\/div>\n","protected":false},"excerpt":{"rendered":"<p>DI.6669 modelis EAN. 5905369924521 Materi\u0101ls T\u0113rauds Biezums (cm ) 4 Kop\u0113jais augstums (cm ) 131 Kop\u0113jais platums (cm ) 75<\/p>\n","protected":false},"featured_media":113021,"comment_status":"open","ping_status":"closed","template":"","meta":{"_acf_changed":false,"pmpro_default_level":""},"product_brand":[],"product_cat":[24066],"product_tag":[],"class_list":{"0":"post-136413","1":"product","2":"type-product","3":"status-publish","4":"has-post-thumbnail","6":"product_cat-spoguli","7":"pmpro-has-access","9":"first","10":"instock","11":"shipping-taxable","12":"purchasable","13":"product-type-simple"},"acf":[],"yoast_head":"<!-- This site is optimized with the Yoast SEO plugin v24.9 - https:\/\/yoast.com\/wordpress\/plugins\/seo\/ -->\n<title>ARCH 2 arkveida piekaramais spogulis - MetalTale.com<\/title>\n<meta name=\"robots\" content=\"index, follow, max-snippet:-1, max-image-preview:large, max-video-preview:-1\" \/>\n<link rel=\"canonical\" href=\"https:\/\/metaltale.com\/lv\/produkts\/arch-2-arkveida-piekaramais-spogulis\/\" \/>\n<meta property=\"og:locale\" content=\"lv_LV\" \/>\n<meta property=\"og:type\" content=\"article\" \/>\n<meta property=\"og:title\" content=\"ARCH 2 arkveida piekaramais spogulis - MetalTale.com\" \/>\n<meta property=\"og:description\" content=\"DI.6669 modelis EAN. 5905369924521 Materi\u0101ls T\u0113rauds Biezums (cm ) 4 Kop\u0113jais augstums (cm ) 131 Kop\u0113jais platums (cm ) 75\" \/>\n<meta property=\"og:url\" content=\"https:\/\/metaltale.com\/lv\/produkts\/arch-2-arkveida-piekaramais-spogulis\/\" \/>\n<meta property=\"og:site_name\" content=\"MetalTale.com\" \/>\n<meta name=\"twitter:card\" content=\"summary_large_image\" \/>\n<meta name=\"twitter:label1\" content=\"Est. reading time\" \/>\n\t<meta name=\"twitter:data1\" content=\"1 minute\" \/>\n<script type=\"application\/ld+json\" class=\"yoast-schema-graph\">{\"@context\":\"https:\/\/schema.org\",\"@graph\":[{\"@type\":\"WebPage\",\"@id\":\"https:\/\/metaltale.com\/lv\/produkts\/arch-2-arkveida-piekaramais-spogulis\/\",\"url\":\"https:\/\/metaltale.com\/lv\/produkts\/arch-2-arkveida-piekaramais-spogulis\/\",\"name\":\"ARCH 2 arkveida piekaramais spogulis - MetalTale.com\",\"isPartOf\":{\"@id\":\"https:\/\/metaltale.com\/lv\/#website\"},\"primaryImageOfPage\":{\"@id\":\"https:\/\/metaltale.com\/lv\/produkts\/arch-2-arkveida-piekaramais-spogulis\/#primaryimage\"},\"image\":{\"@id\":\"https:\/\/metaltale.com\/lv\/produkts\/arch-2-arkveida-piekaramais-spogulis\/#primaryimage\"},\"thumbnailUrl\":\"https:\/\/metaltale.com\/wp-content\/uploads\/2023\/11\/Arkinis-pakabinamas-veidrodis-ARCH-2.jpg\",\"datePublished\":\"2024-02-13T12:59:43+00:00\",\"breadcrumb\":{\"@id\":\"https:\/\/metaltale.com\/lv\/produkts\/arch-2-arkveida-piekaramais-spogulis\/#breadcrumb\"},\"inLanguage\":\"lv-LV\",\"potentialAction\":[{\"@type\":\"ReadAction\",\"target\":[\"https:\/\/metaltale.com\/lv\/produkts\/arch-2-arkveida-piekaramais-spogulis\/\"]}]},{\"@type\":\"ImageObject\",\"inLanguage\":\"lv-LV\",\"@id\":\"https:\/\/metaltale.com\/lv\/produkts\/arch-2-arkveida-piekaramais-spogulis\/#primaryimage\",\"url\":\"https:\/\/metaltale.com\/wp-content\/uploads\/2023\/11\/Arkinis-pakabinamas-veidrodis-ARCH-2.jpg\",\"contentUrl\":\"https:\/\/metaltale.com\/wp-content\/uploads\/2023\/11\/Arkinis-pakabinamas-veidrodis-ARCH-2.jpg\",\"width\":800,\"height\":800},{\"@type\":\"BreadcrumbList\",\"@id\":\"https:\/\/metaltale.com\/lv\/produkts\/arch-2-arkveida-piekaramais-spogulis\/#breadcrumb\",\"itemListElement\":[{\"@type\":\"ListItem\",\"position\":1,\"name\":\"Home\",\"item\":\"https:\/\/metaltale.com\/lv\/majas\/\"},{\"@type\":\"ListItem\",\"position\":2,\"name\":\"Veikals\",\"item\":\"https:\/\/metaltale.com\/lv\/shop\/\"},{\"@type\":\"ListItem\",\"position\":3,\"name\":\"ARCH 2 arkveida piekaramais spogulis\"}]},{\"@type\":\"WebSite\",\"@id\":\"https:\/\/metaltale.com\/lv\/#website\",\"url\":\"https:\/\/metaltale.com\/lv\/\",\"name\":\"Metaltale.com\",\"description\":\"\",\"potentialAction\":[{\"@type\":\"SearchAction\",\"target\":{\"@type\":\"EntryPoint\",\"urlTemplate\":\"https:\/\/metaltale.com\/lv\/?s={search_term_string}\"},\"query-input\":{\"@type\":\"PropertyValueSpecification\",\"valueRequired\":true,\"valueName\":\"search_term_string\"}}],\"inLanguage\":\"lv-LV\"}]}<\/script>\n<!-- \/ Yoast SEO plugin. -->","yoast_head_json":{"title":"ARCH 2 arkveida piekaramais spogulis - MetalTale.com","robots":{"index":"index","follow":"follow","max-snippet":"max-snippet:-1","max-image-preview":"max-image-preview:large","max-video-preview":"max-video-preview:-1"},"canonical":"https:\/\/metaltale.com\/lv\/produkts\/arch-2-arkveida-piekaramais-spogulis\/","og_locale":"lv_LV","og_type":"article","og_title":"ARCH 2 arkveida piekaramais spogulis - MetalTale.com","og_description":"DI.6669 modelis EAN. 5905369924521 Materi\u0101ls T\u0113rauds Biezums (cm ) 4 Kop\u0113jais augstums (cm ) 131 Kop\u0113jais platums (cm ) 75","og_url":"https:\/\/metaltale.com\/lv\/produkts\/arch-2-arkveida-piekaramais-spogulis\/","og_site_name":"MetalTale.com","twitter_card":"summary_large_image","twitter_misc":{"Est. reading time":"1 minute"},"schema":{"@context":"https:\/\/schema.org","@graph":[{"@type":"WebPage","@id":"https:\/\/metaltale.com\/lv\/produkts\/arch-2-arkveida-piekaramais-spogulis\/","url":"https:\/\/metaltale.com\/lv\/produkts\/arch-2-arkveida-piekaramais-spogulis\/","name":"ARCH 2 arkveida piekaramais spogulis - MetalTale.com","isPartOf":{"@id":"https:\/\/metaltale.com\/lv\/#website"},"primaryImageOfPage":{"@id":"https:\/\/metaltale.com\/lv\/produkts\/arch-2-arkveida-piekaramais-spogulis\/#primaryimage"},"image":{"@id":"https:\/\/metaltale.com\/lv\/produkts\/arch-2-arkveida-piekaramais-spogulis\/#primaryimage"},"thumbnailUrl":"https:\/\/metaltale.com\/wp-content\/uploads\/2023\/11\/Arkinis-pakabinamas-veidrodis-ARCH-2.jpg","datePublished":"2024-02-13T12:59:43+00:00","breadcrumb":{"@id":"https:\/\/metaltale.com\/lv\/produkts\/arch-2-arkveida-piekaramais-spogulis\/#breadcrumb"},"inLanguage":"lv-LV","potentialAction":[{"@type":"ReadAction","target":["https:\/\/metaltale.com\/lv\/produkts\/arch-2-arkveida-piekaramais-spogulis\/"]}]},{"@type":"ImageObject","inLanguage":"lv-LV","@id":"https:\/\/metaltale.com\/lv\/produkts\/arch-2-arkveida-piekaramais-spogulis\/#primaryimage","url":"https:\/\/metaltale.com\/wp-content\/uploads\/2023\/11\/Arkinis-pakabinamas-veidrodis-ARCH-2.jpg","contentUrl":"https:\/\/metaltale.com\/wp-content\/uploads\/2023\/11\/Arkinis-pakabinamas-veidrodis-ARCH-2.jpg","width":800,"height":800},{"@type":"BreadcrumbList","@id":"https:\/\/metaltale.com\/lv\/produkts\/arch-2-arkveida-piekaramais-spogulis\/#breadcrumb","itemListElement":[{"@type":"ListItem","position":1,"name":"Home","item":"https:\/\/metaltale.com\/lv\/majas\/"},{"@type":"ListItem","position":2,"name":"Veikals","item":"https:\/\/metaltale.com\/lv\/shop\/"},{"@type":"ListItem","position":3,"name":"ARCH 2 arkveida piekaramais spogulis"}]},{"@type":"WebSite","@id":"https:\/\/metaltale.com\/lv\/#website","url":"https:\/\/metaltale.com\/lv\/","name":"Metaltale.com","description":"","potentialAction":[{"@type":"SearchAction","target":{"@type":"EntryPoint","urlTemplate":"https:\/\/metaltale.com\/lv\/?s={search_term_string}"},"query-input":{"@type":"PropertyValueSpecification","valueRequired":true,"valueName":"search_term_string"}}],"inLanguage":"lv-LV"}]}},"_links":{"self":[{"href":"https:\/\/metaltale.com\/lv\/wp-json\/wp\/v2\/product\/136413","targetHints":{"allow":["GET"]}}],"collection":[{"href":"https:\/\/metaltale.com\/lv\/wp-json\/wp\/v2\/product"}],"about":[{"href":"https:\/\/metaltale.com\/lv\/wp-json\/wp\/v2\/types\/product"}],"replies":[{"embeddable":true,"href":"https:\/\/metaltale.com\/lv\/wp-json\/wp\/v2\/comments?post=136413"}],"version-history":[{"count":0,"href":"https:\/\/metaltale.com\/lv\/wp-json\/wp\/v2\/product\/136413\/revisions"}],"wp:featuredmedia":[{"embeddable":true,"href":"https:\/\/metaltale.com\/lv\/wp-json\/wp\/v2\/media\/113021"}],"wp:attachment":[{"href":"https:\/\/metaltale.com\/lv\/wp-json\/wp\/v2\/media?parent=136413"}],"wp:term":[{"taxonomy":"product_brand","embeddable":true,"href":"https:\/\/metaltale.com\/lv\/wp-json\/wp\/v2\/product_brand?post=136413"},{"taxonomy":"product_cat","embeddable":true,"href":"https:\/\/metaltale.com\/lv\/wp-json\/wp\/v2\/product_cat?post=136413"},{"taxonomy":"product_tag","embeddable":true,"href":"https:\/\/metaltale.com\/lv\/wp-json\/wp\/v2\/product_tag?post=136413"}],"curies":[{"name":"wp","href":"https:\/\/api.w.org\/{rel}","templated":true}]}}