{"id":136390,"date":"2024-02-13T14:59:43","date_gmt":"2024-02-13T12:59:43","guid":{"rendered":"https:\/\/metaltale.com\/produktas\/durvju-rokturis-alba-steel-90-mm-ar-sledzeni\/"},"modified":"2024-02-13T14:59:43","modified_gmt":"2024-02-13T12:59:43","slug":"durvju-rokturis-alba-steel-90-mm-ar-sledzeni","status":"publish","type":"product","link":"https:\/\/metaltale.com\/lv\/produkts\/durvju-rokturis-alba-steel-90-mm-ar-sledzeni\/","title":{"rendered":"Durvju rokturis ALBA STEEL 90 mm ar sl\u0113dzeni"},"content":{"rendered":"<div class=\"prod_data\">\n<p><strong>Modelis<\/strong> SU.107.ST.PRGR<br \/>\n<strong>Materi\u0101ls<\/strong> T\u0113rauds<br \/>\n<strong>Platums (cm<\/strong> ) 13<br \/>\n<strong>Augstums (cm<\/strong> ) 24<br \/>\n<strong>Kop\u0113j\u0101 projekcija (cm<\/strong> ) 5,4<br \/>\n<strong>Pamatnes izm\u0113ri (cm)<\/strong> 4&#215;24<br \/>\n<strong>Att\u0101lums starp<\/strong> caurumiem (<strong>cm<\/strong> ) 19,5\/3,5<br \/>\n<strong>Att\u0101lums starp rokturi un atsl\u0113gas caurumu (mm<\/strong> ) 90 mm<br \/>\n<strong>Pal\u012bdz\u012bba<\/strong> N\u0113<br \/>\n<strong>Roktura garums<\/strong> 11,5<br \/>\nMont\u0101\u017eas skr\u016bves J\u0101<br \/>\nT\u0113rauda <strong>kr\u0101sa<\/strong><br \/>\n<strong>Virsmas tips<\/strong> Gluda <strong>virsma<\/strong> <\/p>\n<p>&#8211; Komplekt\u0101 ietilpst divi rokturi (l\u012bdz 1 durvju v\u0113rtnei), serde un mont\u0101\u017eas elementi.<br \/>\n&#8211; izstr\u0101d\u0101jumu var izmantot iek\u0161durv\u012bm un \u0101rdurv\u012bm.<br \/>\n&#8211; Pieejami divi kr\u0101su varianti<\/p>\n<hr>\n<p>ALBA rokturis ar savu vienk\u0101r\u0161o formu ir ide\u0101li piem\u0113rots gan vienk\u0101r\u0161a stila durv\u012bm, gan dekorat\u012bv\u0101k\u0101m durv\u012bm. T\u0101 \u0161armu nodro\u0161ina t\u0101s vienk\u0101r\u0161ais izpild\u012bjums. Rokturi ir ide\u0101li piem\u0113roti gan retro stilam, gan modern\u0101kiem interjeriem. \u0160\u012bs s\u0113rijas rokturiem nav balsta, t. i., t\u0101 saukt\u0101 autom\u0101tisk\u0101 roktura atspie\u0161an\u0101s meh\u0101nisma. M\u0113s pied\u0101v\u0101jam vair\u0101kus ALBA rokturu mode\u013cus: piem\u0113ram, ar ielikt\u0146a vai atsl\u0113gas z\u012bmi, ko izv\u0113l\u0113ties, ar tualetes poda aizv\u0113r\u0161anas z\u012bmi, ar pilnu z\u012bmi un pa\u0161u rokturi.<\/p>\n<\/div>\n","protected":false},"excerpt":{"rendered":"<p>Modelis SU.107.ST.PRGR Materi\u0101ls T\u0113rauds Platums (cm ) 13 Augstums (cm ) 24 Kop\u0113j\u0101 projekcija (cm ) 5,4 Pamatnes izm\u0113ri (cm)<\/p>\n","protected":false},"featured_media":105803,"comment_status":"open","ping_status":"closed","template":"","meta":{"_acf_changed":false,"pmpro_default_level":""},"product_brand":[],"product_cat":[24134,24081,23837],"product_tag":[],"class_list":{"0":"post-136390","1":"product","2":"type-product","3":"status-publish","4":"has-post-thumbnail","6":"product_cat-durvju-rokturi","7":"product_cat-rokturi","8":"product_cat-mebeles-piederumi","9":"pmpro-has-access","11":"first","12":"instock","13":"shipping-taxable","14":"purchasable","15":"product-type-simple"},"acf":[],"yoast_head":"<!-- This site is optimized with the Yoast SEO plugin v24.9 - https:\/\/yoast.com\/wordpress\/plugins\/seo\/ -->\n<title>Durvju rokturis ALBA STEEL 90 mm ar sl\u0113dzeni - MetalTale.com<\/title>\n<meta name=\"robots\" content=\"index, follow, max-snippet:-1, max-image-preview:large, max-video-preview:-1\" \/>\n<link rel=\"canonical\" href=\"https:\/\/metaltale.com\/lv\/produkts\/durvju-rokturis-alba-steel-90-mm-ar-sledzeni\/\" \/>\n<meta property=\"og:locale\" content=\"lv_LV\" \/>\n<meta property=\"og:type\" content=\"article\" \/>\n<meta property=\"og:title\" content=\"Durvju rokturis ALBA STEEL 90 mm ar sl\u0113dzeni - MetalTale.com\" \/>\n<meta property=\"og:description\" content=\"Modelis SU.107.ST.PRGR Materi\u0101ls T\u0113rauds Platums (cm ) 13 Augstums (cm ) 24 Kop\u0113j\u0101 projekcija (cm ) 5,4 Pamatnes izm\u0113ri (cm)\" \/>\n<meta property=\"og:url\" content=\"https:\/\/metaltale.com\/lv\/produkts\/durvju-rokturis-alba-steel-90-mm-ar-sledzeni\/\" \/>\n<meta property=\"og:site_name\" content=\"MetalTale.com\" \/>\n<meta property=\"og:image\" content=\"https:\/\/metaltale.com\/wp-content\/uploads\/2023\/11\/ALBA-rankena-su-plokx161tele-x12Fdx117klui-90mm-PLIENAS.jpg\" \/>\n\t<meta property=\"og:image:width\" content=\"800\" \/>\n\t<meta property=\"og:image:height\" content=\"800\" \/>\n\t<meta property=\"og:image:type\" content=\"image\/jpeg\" \/>\n<meta name=\"twitter:card\" content=\"summary_large_image\" \/>\n<meta name=\"twitter:label1\" content=\"Est. reading time\" \/>\n\t<meta name=\"twitter:data1\" content=\"1 minute\" \/>\n<script type=\"application\/ld+json\" class=\"yoast-schema-graph\">{\"@context\":\"https:\/\/schema.org\",\"@graph\":[{\"@type\":\"WebPage\",\"@id\":\"https:\/\/metaltale.com\/lv\/produkts\/durvju-rokturis-alba-steel-90-mm-ar-sledzeni\/\",\"url\":\"https:\/\/metaltale.com\/lv\/produkts\/durvju-rokturis-alba-steel-90-mm-ar-sledzeni\/\",\"name\":\"Durvju rokturis ALBA STEEL 90 mm ar sl\u0113dzeni - MetalTale.com\",\"isPartOf\":{\"@id\":\"https:\/\/metaltale.com\/lv\/#website\"},\"primaryImageOfPage\":{\"@id\":\"https:\/\/metaltale.com\/lv\/produkts\/durvju-rokturis-alba-steel-90-mm-ar-sledzeni\/#primaryimage\"},\"image\":{\"@id\":\"https:\/\/metaltale.com\/lv\/produkts\/durvju-rokturis-alba-steel-90-mm-ar-sledzeni\/#primaryimage\"},\"thumbnailUrl\":\"https:\/\/metaltale.com\/wp-content\/uploads\/2023\/11\/ALBA-rankena-su-plokx161tele-x12Fdx117klui-90mm-PLIENAS.jpg\",\"datePublished\":\"2024-02-13T12:59:43+00:00\",\"breadcrumb\":{\"@id\":\"https:\/\/metaltale.com\/lv\/produkts\/durvju-rokturis-alba-steel-90-mm-ar-sledzeni\/#breadcrumb\"},\"inLanguage\":\"lv-LV\",\"potentialAction\":[{\"@type\":\"ReadAction\",\"target\":[\"https:\/\/metaltale.com\/lv\/produkts\/durvju-rokturis-alba-steel-90-mm-ar-sledzeni\/\"]}]},{\"@type\":\"ImageObject\",\"inLanguage\":\"lv-LV\",\"@id\":\"https:\/\/metaltale.com\/lv\/produkts\/durvju-rokturis-alba-steel-90-mm-ar-sledzeni\/#primaryimage\",\"url\":\"https:\/\/metaltale.com\/wp-content\/uploads\/2023\/11\/ALBA-rankena-su-plokx161tele-x12Fdx117klui-90mm-PLIENAS.jpg\",\"contentUrl\":\"https:\/\/metaltale.com\/wp-content\/uploads\/2023\/11\/ALBA-rankena-su-plokx161tele-x12Fdx117klui-90mm-PLIENAS.jpg\",\"width\":800,\"height\":800,\"caption\":\"Durvju rokturis ALBA STEEL 72 mm ar sl\u0113dzeni\"},{\"@type\":\"BreadcrumbList\",\"@id\":\"https:\/\/metaltale.com\/lv\/produkts\/durvju-rokturis-alba-steel-90-mm-ar-sledzeni\/#breadcrumb\",\"itemListElement\":[{\"@type\":\"ListItem\",\"position\":1,\"name\":\"Home\",\"item\":\"https:\/\/metaltale.com\/lv\/majas\/\"},{\"@type\":\"ListItem\",\"position\":2,\"name\":\"Veikals\",\"item\":\"https:\/\/metaltale.com\/lv\/shop\/\"},{\"@type\":\"ListItem\",\"position\":3,\"name\":\"Durvju rokturis ALBA STEEL 90 mm ar sl\u0113dzeni\"}]},{\"@type\":\"WebSite\",\"@id\":\"https:\/\/metaltale.com\/lv\/#website\",\"url\":\"https:\/\/metaltale.com\/lv\/\",\"name\":\"Metaltale.com\",\"description\":\"\",\"potentialAction\":[{\"@type\":\"SearchAction\",\"target\":{\"@type\":\"EntryPoint\",\"urlTemplate\":\"https:\/\/metaltale.com\/lv\/?s={search_term_string}\"},\"query-input\":{\"@type\":\"PropertyValueSpecification\",\"valueRequired\":true,\"valueName\":\"search_term_string\"}}],\"inLanguage\":\"lv-LV\"}]}<\/script>\n<!-- \/ Yoast SEO plugin. -->","yoast_head_json":{"title":"Durvju rokturis ALBA STEEL 90 mm ar sl\u0113dzeni - MetalTale.com","robots":{"index":"index","follow":"follow","max-snippet":"max-snippet:-1","max-image-preview":"max-image-preview:large","max-video-preview":"max-video-preview:-1"},"canonical":"https:\/\/metaltale.com\/lv\/produkts\/durvju-rokturis-alba-steel-90-mm-ar-sledzeni\/","og_locale":"lv_LV","og_type":"article","og_title":"Durvju rokturis ALBA STEEL 90 mm ar sl\u0113dzeni - MetalTale.com","og_description":"Modelis SU.107.ST.PRGR Materi\u0101ls T\u0113rauds Platums (cm ) 13 Augstums (cm ) 24 Kop\u0113j\u0101 projekcija (cm ) 5,4 Pamatnes izm\u0113ri (cm)","og_url":"https:\/\/metaltale.com\/lv\/produkts\/durvju-rokturis-alba-steel-90-mm-ar-sledzeni\/","og_site_name":"MetalTale.com","og_image":[{"width":800,"height":800,"url":"https:\/\/metaltale.com\/wp-content\/uploads\/2023\/11\/ALBA-rankena-su-plokx161tele-x12Fdx117klui-90mm-PLIENAS.jpg","type":"image\/jpeg"}],"twitter_card":"summary_large_image","twitter_misc":{"Est. reading time":"1 minute"},"schema":{"@context":"https:\/\/schema.org","@graph":[{"@type":"WebPage","@id":"https:\/\/metaltale.com\/lv\/produkts\/durvju-rokturis-alba-steel-90-mm-ar-sledzeni\/","url":"https:\/\/metaltale.com\/lv\/produkts\/durvju-rokturis-alba-steel-90-mm-ar-sledzeni\/","name":"Durvju rokturis ALBA STEEL 90 mm ar sl\u0113dzeni - MetalTale.com","isPartOf":{"@id":"https:\/\/metaltale.com\/lv\/#website"},"primaryImageOfPage":{"@id":"https:\/\/metaltale.com\/lv\/produkts\/durvju-rokturis-alba-steel-90-mm-ar-sledzeni\/#primaryimage"},"image":{"@id":"https:\/\/metaltale.com\/lv\/produkts\/durvju-rokturis-alba-steel-90-mm-ar-sledzeni\/#primaryimage"},"thumbnailUrl":"https:\/\/metaltale.com\/wp-content\/uploads\/2023\/11\/ALBA-rankena-su-plokx161tele-x12Fdx117klui-90mm-PLIENAS.jpg","datePublished":"2024-02-13T12:59:43+00:00","breadcrumb":{"@id":"https:\/\/metaltale.com\/lv\/produkts\/durvju-rokturis-alba-steel-90-mm-ar-sledzeni\/#breadcrumb"},"inLanguage":"lv-LV","potentialAction":[{"@type":"ReadAction","target":["https:\/\/metaltale.com\/lv\/produkts\/durvju-rokturis-alba-steel-90-mm-ar-sledzeni\/"]}]},{"@type":"ImageObject","inLanguage":"lv-LV","@id":"https:\/\/metaltale.com\/lv\/produkts\/durvju-rokturis-alba-steel-90-mm-ar-sledzeni\/#primaryimage","url":"https:\/\/metaltale.com\/wp-content\/uploads\/2023\/11\/ALBA-rankena-su-plokx161tele-x12Fdx117klui-90mm-PLIENAS.jpg","contentUrl":"https:\/\/metaltale.com\/wp-content\/uploads\/2023\/11\/ALBA-rankena-su-plokx161tele-x12Fdx117klui-90mm-PLIENAS.jpg","width":800,"height":800,"caption":"Durvju rokturis ALBA STEEL 72 mm ar sl\u0113dzeni"},{"@type":"BreadcrumbList","@id":"https:\/\/metaltale.com\/lv\/produkts\/durvju-rokturis-alba-steel-90-mm-ar-sledzeni\/#breadcrumb","itemListElement":[{"@type":"ListItem","position":1,"name":"Home","item":"https:\/\/metaltale.com\/lv\/majas\/"},{"@type":"ListItem","position":2,"name":"Veikals","item":"https:\/\/metaltale.com\/lv\/shop\/"},{"@type":"ListItem","position":3,"name":"Durvju rokturis ALBA STEEL 90 mm ar sl\u0113dzeni"}]},{"@type":"WebSite","@id":"https:\/\/metaltale.com\/lv\/#website","url":"https:\/\/metaltale.com\/lv\/","name":"Metaltale.com","description":"","potentialAction":[{"@type":"SearchAction","target":{"@type":"EntryPoint","urlTemplate":"https:\/\/metaltale.com\/lv\/?s={search_term_string}"},"query-input":{"@type":"PropertyValueSpecification","valueRequired":true,"valueName":"search_term_string"}}],"inLanguage":"lv-LV"}]}},"_links":{"self":[{"href":"https:\/\/metaltale.com\/lv\/wp-json\/wp\/v2\/product\/136390","targetHints":{"allow":["GET"]}}],"collection":[{"href":"https:\/\/metaltale.com\/lv\/wp-json\/wp\/v2\/product"}],"about":[{"href":"https:\/\/metaltale.com\/lv\/wp-json\/wp\/v2\/types\/product"}],"replies":[{"embeddable":true,"href":"https:\/\/metaltale.com\/lv\/wp-json\/wp\/v2\/comments?post=136390"}],"version-history":[{"count":0,"href":"https:\/\/metaltale.com\/lv\/wp-json\/wp\/v2\/product\/136390\/revisions"}],"wp:featuredmedia":[{"embeddable":true,"href":"https:\/\/metaltale.com\/lv\/wp-json\/wp\/v2\/media\/105803"}],"wp:attachment":[{"href":"https:\/\/metaltale.com\/lv\/wp-json\/wp\/v2\/media?parent=136390"}],"wp:term":[{"taxonomy":"product_brand","embeddable":true,"href":"https:\/\/metaltale.com\/lv\/wp-json\/wp\/v2\/product_brand?post=136390"},{"taxonomy":"product_cat","embeddable":true,"href":"https:\/\/metaltale.com\/lv\/wp-json\/wp\/v2\/product_cat?post=136390"},{"taxonomy":"product_tag","embeddable":true,"href":"https:\/\/metaltale.com\/lv\/wp-json\/wp\/v2\/product_tag?post=136390"}],"curies":[{"name":"wp","href":"https:\/\/api.w.org\/{rel}","templated":true}]}}