{"id":136349,"date":"2024-02-13T14:59:43","date_gmt":"2024-02-13T12:59:43","guid":{"rendered":"https:\/\/metaltale.com\/produktas\/piekaramais-spogulis-gotikinis\/"},"modified":"2024-02-13T14:59:43","modified_gmt":"2024-02-13T12:59:43","slug":"piekaramais-spogulis-gotikinis","status":"publish","type":"product","link":"https:\/\/metaltale.com\/lv\/produkts\/piekaramais-spogulis-gotikinis\/","title":{"rendered":"Piekaramais spogulis GOTIKINIS"},"content":{"rendered":"<div class=\"prod_data\">DI.7699 <strong>modelis<\/strong>  <br \/><strong>EAN.<\/strong>  5905369924545  <br \/><strong>Materi\u0101ls<\/strong> Alum\u012bnijs  <br \/>Biezums (cm ) 2 <br \/><strong>Kop\u0113jais augstums (cm<\/strong> ) 115  <br \/><strong>Kop\u0113jais platums (cm<\/strong> ) 50  <br \/><strong>Veidlapas<\/strong> N\u0101kamais  <\/p>\n<p>&#8211; Piekaramais spogulis<br \/>&#8211; spogulis, kas veidots p\u0113c gotisk\u0101 loga parauga.<\/p>\n<hr>\n<p>Piekaramais spogulis iluzijai, kas atg\u0101dina gotisku logu. Maz\u0101ku un as\u0101ku arku pievieno\u0161ana apmal\u0113m un ark\u0101m palielina to pievilc\u012bbu un padara t\u0101s v\u0113l atmosf\u0113risk\u0101kas. Pl\u0101n\u0101ku met\u0101la elementu izmanto\u0161ana neaizsedz konstrukciju un t\u0101d\u0113j\u0101di palielina lieto\u0161anas komfortu. Piekaramais spogulis ir lieliski piem\u0113rots k\u0101 sienas dekors.  <\/p>\n<\/div>\n","protected":false},"excerpt":{"rendered":"<p>DI.7699 modelis EAN. 5905369924545 Materi\u0101ls Alum\u012bnijs Biezums (cm ) 2 Kop\u0113jais augstums (cm ) 115 Kop\u0113jais platums (cm ) 50<\/p>\n","protected":false},"featured_media":98485,"comment_status":"open","ping_status":"closed","template":"","meta":{"_acf_changed":false,"pmpro_default_level":""},"product_brand":[],"product_cat":[24066],"product_tag":[],"class_list":{"0":"post-136349","1":"product","2":"type-product","3":"status-publish","4":"has-post-thumbnail","6":"product_cat-spoguli","7":"pmpro-has-access","9":"first","10":"instock","11":"shipping-taxable","12":"purchasable","13":"product-type-simple"},"acf":[],"yoast_head":"<!-- This site is optimized with the Yoast SEO plugin v24.9 - https:\/\/yoast.com\/wordpress\/plugins\/seo\/ -->\n<title>Piekaramais spogulis GOTIKINIS - MetalTale.com<\/title>\n<meta name=\"robots\" content=\"index, follow, max-snippet:-1, max-image-preview:large, max-video-preview:-1\" \/>\n<link rel=\"canonical\" href=\"https:\/\/metaltale.com\/lv\/produkts\/piekaramais-spogulis-gotikinis\/\" \/>\n<meta property=\"og:locale\" content=\"lv_LV\" \/>\n<meta property=\"og:type\" content=\"article\" \/>\n<meta property=\"og:title\" content=\"Piekaramais spogulis GOTIKINIS - MetalTale.com\" \/>\n<meta property=\"og:description\" content=\"DI.7699 modelis EAN. 5905369924545 Materi\u0101ls Alum\u012bnijs Biezums (cm ) 2 Kop\u0113jais augstums (cm ) 115 Kop\u0113jais platums (cm ) 50\" \/>\n<meta property=\"og:url\" content=\"https:\/\/metaltale.com\/lv\/produkts\/piekaramais-spogulis-gotikinis\/\" \/>\n<meta property=\"og:site_name\" content=\"MetalTale.com\" \/>\n<meta name=\"twitter:card\" content=\"summary_large_image\" \/>\n<script type=\"application\/ld+json\" class=\"yoast-schema-graph\">{\"@context\":\"https:\/\/schema.org\",\"@graph\":[{\"@type\":\"WebPage\",\"@id\":\"https:\/\/metaltale.com\/lv\/produkts\/piekaramais-spogulis-gotikinis\/\",\"url\":\"https:\/\/metaltale.com\/lv\/produkts\/piekaramais-spogulis-gotikinis\/\",\"name\":\"Piekaramais spogulis GOTIKINIS - MetalTale.com\",\"isPartOf\":{\"@id\":\"https:\/\/metaltale.com\/lv\/#website\"},\"primaryImageOfPage\":{\"@id\":\"https:\/\/metaltale.com\/lv\/produkts\/piekaramais-spogulis-gotikinis\/#primaryimage\"},\"image\":{\"@id\":\"https:\/\/metaltale.com\/lv\/produkts\/piekaramais-spogulis-gotikinis\/#primaryimage\"},\"thumbnailUrl\":\"https:\/\/metaltale.com\/wp-content\/uploads\/2023\/11\/Arkinis-kabantis-veidrodis-GOTIKINIS.jpg\",\"datePublished\":\"2024-02-13T12:59:43+00:00\",\"breadcrumb\":{\"@id\":\"https:\/\/metaltale.com\/lv\/produkts\/piekaramais-spogulis-gotikinis\/#breadcrumb\"},\"inLanguage\":\"lv-LV\",\"potentialAction\":[{\"@type\":\"ReadAction\",\"target\":[\"https:\/\/metaltale.com\/lv\/produkts\/piekaramais-spogulis-gotikinis\/\"]}]},{\"@type\":\"ImageObject\",\"inLanguage\":\"lv-LV\",\"@id\":\"https:\/\/metaltale.com\/lv\/produkts\/piekaramais-spogulis-gotikinis\/#primaryimage\",\"url\":\"https:\/\/metaltale.com\/wp-content\/uploads\/2023\/11\/Arkinis-kabantis-veidrodis-GOTIKINIS.jpg\",\"contentUrl\":\"https:\/\/metaltale.com\/wp-content\/uploads\/2023\/11\/Arkinis-kabantis-veidrodis-GOTIKINIS.jpg\",\"width\":800,\"height\":800},{\"@type\":\"BreadcrumbList\",\"@id\":\"https:\/\/metaltale.com\/lv\/produkts\/piekaramais-spogulis-gotikinis\/#breadcrumb\",\"itemListElement\":[{\"@type\":\"ListItem\",\"position\":1,\"name\":\"Home\",\"item\":\"https:\/\/metaltale.com\/lv\/majas\/\"},{\"@type\":\"ListItem\",\"position\":2,\"name\":\"Veikals\",\"item\":\"https:\/\/metaltale.com\/lv\/shop\/\"},{\"@type\":\"ListItem\",\"position\":3,\"name\":\"Piekaramais spogulis GOTIKINIS\"}]},{\"@type\":\"WebSite\",\"@id\":\"https:\/\/metaltale.com\/lv\/#website\",\"url\":\"https:\/\/metaltale.com\/lv\/\",\"name\":\"Metaltale.com\",\"description\":\"\",\"potentialAction\":[{\"@type\":\"SearchAction\",\"target\":{\"@type\":\"EntryPoint\",\"urlTemplate\":\"https:\/\/metaltale.com\/lv\/?s={search_term_string}\"},\"query-input\":{\"@type\":\"PropertyValueSpecification\",\"valueRequired\":true,\"valueName\":\"search_term_string\"}}],\"inLanguage\":\"lv-LV\"}]}<\/script>\n<!-- \/ Yoast SEO plugin. -->","yoast_head_json":{"title":"Piekaramais spogulis GOTIKINIS - MetalTale.com","robots":{"index":"index","follow":"follow","max-snippet":"max-snippet:-1","max-image-preview":"max-image-preview:large","max-video-preview":"max-video-preview:-1"},"canonical":"https:\/\/metaltale.com\/lv\/produkts\/piekaramais-spogulis-gotikinis\/","og_locale":"lv_LV","og_type":"article","og_title":"Piekaramais spogulis GOTIKINIS - MetalTale.com","og_description":"DI.7699 modelis EAN. 5905369924545 Materi\u0101ls Alum\u012bnijs Biezums (cm ) 2 Kop\u0113jais augstums (cm ) 115 Kop\u0113jais platums (cm ) 50","og_url":"https:\/\/metaltale.com\/lv\/produkts\/piekaramais-spogulis-gotikinis\/","og_site_name":"MetalTale.com","twitter_card":"summary_large_image","schema":{"@context":"https:\/\/schema.org","@graph":[{"@type":"WebPage","@id":"https:\/\/metaltale.com\/lv\/produkts\/piekaramais-spogulis-gotikinis\/","url":"https:\/\/metaltale.com\/lv\/produkts\/piekaramais-spogulis-gotikinis\/","name":"Piekaramais spogulis GOTIKINIS - MetalTale.com","isPartOf":{"@id":"https:\/\/metaltale.com\/lv\/#website"},"primaryImageOfPage":{"@id":"https:\/\/metaltale.com\/lv\/produkts\/piekaramais-spogulis-gotikinis\/#primaryimage"},"image":{"@id":"https:\/\/metaltale.com\/lv\/produkts\/piekaramais-spogulis-gotikinis\/#primaryimage"},"thumbnailUrl":"https:\/\/metaltale.com\/wp-content\/uploads\/2023\/11\/Arkinis-kabantis-veidrodis-GOTIKINIS.jpg","datePublished":"2024-02-13T12:59:43+00:00","breadcrumb":{"@id":"https:\/\/metaltale.com\/lv\/produkts\/piekaramais-spogulis-gotikinis\/#breadcrumb"},"inLanguage":"lv-LV","potentialAction":[{"@type":"ReadAction","target":["https:\/\/metaltale.com\/lv\/produkts\/piekaramais-spogulis-gotikinis\/"]}]},{"@type":"ImageObject","inLanguage":"lv-LV","@id":"https:\/\/metaltale.com\/lv\/produkts\/piekaramais-spogulis-gotikinis\/#primaryimage","url":"https:\/\/metaltale.com\/wp-content\/uploads\/2023\/11\/Arkinis-kabantis-veidrodis-GOTIKINIS.jpg","contentUrl":"https:\/\/metaltale.com\/wp-content\/uploads\/2023\/11\/Arkinis-kabantis-veidrodis-GOTIKINIS.jpg","width":800,"height":800},{"@type":"BreadcrumbList","@id":"https:\/\/metaltale.com\/lv\/produkts\/piekaramais-spogulis-gotikinis\/#breadcrumb","itemListElement":[{"@type":"ListItem","position":1,"name":"Home","item":"https:\/\/metaltale.com\/lv\/majas\/"},{"@type":"ListItem","position":2,"name":"Veikals","item":"https:\/\/metaltale.com\/lv\/shop\/"},{"@type":"ListItem","position":3,"name":"Piekaramais spogulis GOTIKINIS"}]},{"@type":"WebSite","@id":"https:\/\/metaltale.com\/lv\/#website","url":"https:\/\/metaltale.com\/lv\/","name":"Metaltale.com","description":"","potentialAction":[{"@type":"SearchAction","target":{"@type":"EntryPoint","urlTemplate":"https:\/\/metaltale.com\/lv\/?s={search_term_string}"},"query-input":{"@type":"PropertyValueSpecification","valueRequired":true,"valueName":"search_term_string"}}],"inLanguage":"lv-LV"}]}},"_links":{"self":[{"href":"https:\/\/metaltale.com\/lv\/wp-json\/wp\/v2\/product\/136349","targetHints":{"allow":["GET"]}}],"collection":[{"href":"https:\/\/metaltale.com\/lv\/wp-json\/wp\/v2\/product"}],"about":[{"href":"https:\/\/metaltale.com\/lv\/wp-json\/wp\/v2\/types\/product"}],"replies":[{"embeddable":true,"href":"https:\/\/metaltale.com\/lv\/wp-json\/wp\/v2\/comments?post=136349"}],"version-history":[{"count":0,"href":"https:\/\/metaltale.com\/lv\/wp-json\/wp\/v2\/product\/136349\/revisions"}],"wp:featuredmedia":[{"embeddable":true,"href":"https:\/\/metaltale.com\/lv\/wp-json\/wp\/v2\/media\/98485"}],"wp:attachment":[{"href":"https:\/\/metaltale.com\/lv\/wp-json\/wp\/v2\/media?parent=136349"}],"wp:term":[{"taxonomy":"product_brand","embeddable":true,"href":"https:\/\/metaltale.com\/lv\/wp-json\/wp\/v2\/product_brand?post=136349"},{"taxonomy":"product_cat","embeddable":true,"href":"https:\/\/metaltale.com\/lv\/wp-json\/wp\/v2\/product_cat?post=136349"},{"taxonomy":"product_tag","embeddable":true,"href":"https:\/\/metaltale.com\/lv\/wp-json\/wp\/v2\/product_tag?post=136349"}],"curies":[{"name":"wp","href":"https:\/\/api.w.org\/{rel}","templated":true}]}}