{"id":136344,"date":"2024-02-13T14:59:43","date_gmt":"2024-02-13T12:59:43","guid":{"rendered":"https:\/\/metaltale.com\/produktas\/logu-rokturis-lagos-black\/"},"modified":"2024-02-13T14:59:43","modified_gmt":"2024-02-13T12:59:43","slug":"logu-rokturis-lagos-black","status":"publish","type":"product","link":"https:\/\/metaltale.com\/lv\/produkts\/logu-rokturis-lagos-black\/","title":{"rendered":"Logu rokturis LAGOS BLACK"},"content":{"rendered":"<div class=\"prod_data\">\n<p><strong>Modelis<\/strong> SU.102.KO-CZ<br \/>\n<strong>EAN.<\/strong>  5907772074183<br \/>\n<strong>Materi\u0101ls<\/strong> T\u0113rauds<br \/>\n<strong>Kop\u0113jais augstums (cm<\/strong> ) 11,5<br \/>\n<strong>Kop\u0113jais platums (cm<\/strong> ) 3,5<br \/>\n<strong>Kop\u0113j\u0101 projekcija (cm<\/strong> ) 6<br \/>\n<strong>Pamatnes izm\u0113ri (cm)<\/strong> 3,5&#215;7<br \/>\nMont\u0101\u017eas skr\u016bves J\u0101<br \/>\nKr\u0101sa Melna<br \/>\n<strong>Virsmas tips<\/strong> Gluda <strong>virsma<\/strong><br \/>\n<strong>PAPILDU INFORM\u0100CIJA<\/strong> No\u0146emama \u0161ina<\/p>\n<p>&#8211; rokturis 11&#215;3,5<br \/>\n&#8211; izgatavots no augst\u0101k\u0101s kvalit\u0101tes t\u0113rauda<br \/>\n&#8211; Pieejami divi kr\u0101su varianti<br \/>\n&#8211; funkcionalit\u0101tes un dekorat\u012bv\u0101 dizaina apvienojums<\/p>\n<hr>\n<p>LAGOS loga rokturis j\u016bs p\u0101rsteigs ar savu formu. Izstr\u0101d\u0101jumam ir dekorat\u012bvs rokturis, kas pie\u0161\u0137irs m\u016bsu logiem m\u016bsdien\u012bgu izskatu. Rokturis ir ne tikai jauks dekorat\u012bvs, bet ar\u012b \u013coti praktisks. M\u0113s piestiprin\u0101sim rokturi ar diviem smalkiem caurumiem. Komplekt\u0101 iek\u013cautas stiprin\u0101juma skr\u016bves.<\/p>\n<\/div>\n","protected":false},"excerpt":{"rendered":"<p>Modelis SU.102.KO-CZ EAN. 5907772074183 Materi\u0101ls T\u0113rauds Kop\u0113jais augstums (cm ) 11,5 Kop\u0113jais platums (cm ) 3,5 Kop\u0113j\u0101 projekcija (cm )<\/p>\n","protected":false},"featured_media":103030,"comment_status":"open","ping_status":"closed","template":"","meta":{"_acf_changed":false,"pmpro_default_level":""},"product_brand":[],"product_cat":[24081,23879,23837],"product_tag":[],"class_list":{"0":"post-136344","1":"product","2":"type-product","3":"status-publish","4":"has-post-thumbnail","6":"product_cat-rokturi","7":"product_cat-langu-rankeneles-lv","8":"product_cat-mebeles-piederumi","9":"pmpro-has-access","11":"first","12":"instock","13":"shipping-taxable","14":"purchasable","15":"product-type-simple"},"acf":[],"yoast_head":"<!-- This site is optimized with the Yoast SEO plugin v24.9 - https:\/\/yoast.com\/wordpress\/plugins\/seo\/ -->\n<title>Logu rokturis LAGOS BLACK - MetalTale.com<\/title>\n<meta name=\"robots\" content=\"index, follow, max-snippet:-1, max-image-preview:large, max-video-preview:-1\" \/>\n<link rel=\"canonical\" href=\"https:\/\/metaltale.com\/lv\/produkts\/logu-rokturis-lagos-black\/\" \/>\n<meta property=\"og:locale\" content=\"lv_LV\" \/>\n<meta property=\"og:type\" content=\"article\" \/>\n<meta property=\"og:title\" content=\"Logu rokturis LAGOS BLACK - MetalTale.com\" \/>\n<meta property=\"og:description\" content=\"Modelis SU.102.KO-CZ EAN. 5907772074183 Materi\u0101ls T\u0113rauds Kop\u0113jais augstums (cm ) 11,5 Kop\u0113jais platums (cm ) 3,5 Kop\u0113j\u0101 projekcija (cm )\" \/>\n<meta property=\"og:url\" content=\"https:\/\/metaltale.com\/lv\/produkts\/logu-rokturis-lagos-black\/\" \/>\n<meta property=\"og:site_name\" content=\"MetalTale.com\" \/>\n<meta property=\"og:image\" content=\"https:\/\/metaltale.com\/wp-content\/uploads\/2023\/11\/LAGOS-lango-rankena-juoda.jpg\" \/>\n\t<meta property=\"og:image:width\" content=\"800\" \/>\n\t<meta property=\"og:image:height\" content=\"800\" \/>\n\t<meta property=\"og:image:type\" content=\"image\/jpeg\" \/>\n<meta name=\"twitter:card\" content=\"summary_large_image\" \/>\n<meta name=\"twitter:label1\" content=\"Est. reading time\" \/>\n\t<meta name=\"twitter:data1\" content=\"1 minute\" \/>\n<script type=\"application\/ld+json\" class=\"yoast-schema-graph\">{\"@context\":\"https:\/\/schema.org\",\"@graph\":[{\"@type\":\"WebPage\",\"@id\":\"https:\/\/metaltale.com\/lv\/produkts\/logu-rokturis-lagos-black\/\",\"url\":\"https:\/\/metaltale.com\/lv\/produkts\/logu-rokturis-lagos-black\/\",\"name\":\"Logu rokturis LAGOS BLACK - MetalTale.com\",\"isPartOf\":{\"@id\":\"https:\/\/metaltale.com\/lv\/#website\"},\"primaryImageOfPage\":{\"@id\":\"https:\/\/metaltale.com\/lv\/produkts\/logu-rokturis-lagos-black\/#primaryimage\"},\"image\":{\"@id\":\"https:\/\/metaltale.com\/lv\/produkts\/logu-rokturis-lagos-black\/#primaryimage\"},\"thumbnailUrl\":\"https:\/\/metaltale.com\/wp-content\/uploads\/2023\/11\/LAGOS-lango-rankena-juoda.jpg\",\"datePublished\":\"2024-02-13T12:59:43+00:00\",\"breadcrumb\":{\"@id\":\"https:\/\/metaltale.com\/lv\/produkts\/logu-rokturis-lagos-black\/#breadcrumb\"},\"inLanguage\":\"lv-LV\",\"potentialAction\":[{\"@type\":\"ReadAction\",\"target\":[\"https:\/\/metaltale.com\/lv\/produkts\/logu-rokturis-lagos-black\/\"]}]},{\"@type\":\"ImageObject\",\"inLanguage\":\"lv-LV\",\"@id\":\"https:\/\/metaltale.com\/lv\/produkts\/logu-rokturis-lagos-black\/#primaryimage\",\"url\":\"https:\/\/metaltale.com\/wp-content\/uploads\/2023\/11\/LAGOS-lango-rankena-juoda.jpg\",\"contentUrl\":\"https:\/\/metaltale.com\/wp-content\/uploads\/2023\/11\/LAGOS-lango-rankena-juoda.jpg\",\"width\":800,\"height\":800,\"caption\":\"Logu rokturis LAGOS BLACK\"},{\"@type\":\"BreadcrumbList\",\"@id\":\"https:\/\/metaltale.com\/lv\/produkts\/logu-rokturis-lagos-black\/#breadcrumb\",\"itemListElement\":[{\"@type\":\"ListItem\",\"position\":1,\"name\":\"Home\",\"item\":\"https:\/\/metaltale.com\/lv\/majas\/\"},{\"@type\":\"ListItem\",\"position\":2,\"name\":\"Veikals\",\"item\":\"https:\/\/metaltale.com\/lv\/shop\/\"},{\"@type\":\"ListItem\",\"position\":3,\"name\":\"Logu rokturis LAGOS BLACK\"}]},{\"@type\":\"WebSite\",\"@id\":\"https:\/\/metaltale.com\/lv\/#website\",\"url\":\"https:\/\/metaltale.com\/lv\/\",\"name\":\"Metaltale.com\",\"description\":\"\",\"potentialAction\":[{\"@type\":\"SearchAction\",\"target\":{\"@type\":\"EntryPoint\",\"urlTemplate\":\"https:\/\/metaltale.com\/lv\/?s={search_term_string}\"},\"query-input\":{\"@type\":\"PropertyValueSpecification\",\"valueRequired\":true,\"valueName\":\"search_term_string\"}}],\"inLanguage\":\"lv-LV\"}]}<\/script>\n<!-- \/ Yoast SEO plugin. -->","yoast_head_json":{"title":"Logu rokturis LAGOS BLACK - MetalTale.com","robots":{"index":"index","follow":"follow","max-snippet":"max-snippet:-1","max-image-preview":"max-image-preview:large","max-video-preview":"max-video-preview:-1"},"canonical":"https:\/\/metaltale.com\/lv\/produkts\/logu-rokturis-lagos-black\/","og_locale":"lv_LV","og_type":"article","og_title":"Logu rokturis LAGOS BLACK - MetalTale.com","og_description":"Modelis SU.102.KO-CZ EAN. 5907772074183 Materi\u0101ls T\u0113rauds Kop\u0113jais augstums (cm ) 11,5 Kop\u0113jais platums (cm ) 3,5 Kop\u0113j\u0101 projekcija (cm )","og_url":"https:\/\/metaltale.com\/lv\/produkts\/logu-rokturis-lagos-black\/","og_site_name":"MetalTale.com","og_image":[{"width":800,"height":800,"url":"https:\/\/metaltale.com\/wp-content\/uploads\/2023\/11\/LAGOS-lango-rankena-juoda.jpg","type":"image\/jpeg"}],"twitter_card":"summary_large_image","twitter_misc":{"Est. reading time":"1 minute"},"schema":{"@context":"https:\/\/schema.org","@graph":[{"@type":"WebPage","@id":"https:\/\/metaltale.com\/lv\/produkts\/logu-rokturis-lagos-black\/","url":"https:\/\/metaltale.com\/lv\/produkts\/logu-rokturis-lagos-black\/","name":"Logu rokturis LAGOS BLACK - MetalTale.com","isPartOf":{"@id":"https:\/\/metaltale.com\/lv\/#website"},"primaryImageOfPage":{"@id":"https:\/\/metaltale.com\/lv\/produkts\/logu-rokturis-lagos-black\/#primaryimage"},"image":{"@id":"https:\/\/metaltale.com\/lv\/produkts\/logu-rokturis-lagos-black\/#primaryimage"},"thumbnailUrl":"https:\/\/metaltale.com\/wp-content\/uploads\/2023\/11\/LAGOS-lango-rankena-juoda.jpg","datePublished":"2024-02-13T12:59:43+00:00","breadcrumb":{"@id":"https:\/\/metaltale.com\/lv\/produkts\/logu-rokturis-lagos-black\/#breadcrumb"},"inLanguage":"lv-LV","potentialAction":[{"@type":"ReadAction","target":["https:\/\/metaltale.com\/lv\/produkts\/logu-rokturis-lagos-black\/"]}]},{"@type":"ImageObject","inLanguage":"lv-LV","@id":"https:\/\/metaltale.com\/lv\/produkts\/logu-rokturis-lagos-black\/#primaryimage","url":"https:\/\/metaltale.com\/wp-content\/uploads\/2023\/11\/LAGOS-lango-rankena-juoda.jpg","contentUrl":"https:\/\/metaltale.com\/wp-content\/uploads\/2023\/11\/LAGOS-lango-rankena-juoda.jpg","width":800,"height":800,"caption":"Logu rokturis LAGOS BLACK"},{"@type":"BreadcrumbList","@id":"https:\/\/metaltale.com\/lv\/produkts\/logu-rokturis-lagos-black\/#breadcrumb","itemListElement":[{"@type":"ListItem","position":1,"name":"Home","item":"https:\/\/metaltale.com\/lv\/majas\/"},{"@type":"ListItem","position":2,"name":"Veikals","item":"https:\/\/metaltale.com\/lv\/shop\/"},{"@type":"ListItem","position":3,"name":"Logu rokturis LAGOS BLACK"}]},{"@type":"WebSite","@id":"https:\/\/metaltale.com\/lv\/#website","url":"https:\/\/metaltale.com\/lv\/","name":"Metaltale.com","description":"","potentialAction":[{"@type":"SearchAction","target":{"@type":"EntryPoint","urlTemplate":"https:\/\/metaltale.com\/lv\/?s={search_term_string}"},"query-input":{"@type":"PropertyValueSpecification","valueRequired":true,"valueName":"search_term_string"}}],"inLanguage":"lv-LV"}]}},"_links":{"self":[{"href":"https:\/\/metaltale.com\/lv\/wp-json\/wp\/v2\/product\/136344","targetHints":{"allow":["GET"]}}],"collection":[{"href":"https:\/\/metaltale.com\/lv\/wp-json\/wp\/v2\/product"}],"about":[{"href":"https:\/\/metaltale.com\/lv\/wp-json\/wp\/v2\/types\/product"}],"replies":[{"embeddable":true,"href":"https:\/\/metaltale.com\/lv\/wp-json\/wp\/v2\/comments?post=136344"}],"version-history":[{"count":0,"href":"https:\/\/metaltale.com\/lv\/wp-json\/wp\/v2\/product\/136344\/revisions"}],"wp:featuredmedia":[{"embeddable":true,"href":"https:\/\/metaltale.com\/lv\/wp-json\/wp\/v2\/media\/103030"}],"wp:attachment":[{"href":"https:\/\/metaltale.com\/lv\/wp-json\/wp\/v2\/media?parent=136344"}],"wp:term":[{"taxonomy":"product_brand","embeddable":true,"href":"https:\/\/metaltale.com\/lv\/wp-json\/wp\/v2\/product_brand?post=136344"},{"taxonomy":"product_cat","embeddable":true,"href":"https:\/\/metaltale.com\/lv\/wp-json\/wp\/v2\/product_cat?post=136344"},{"taxonomy":"product_tag","embeddable":true,"href":"https:\/\/metaltale.com\/lv\/wp-json\/wp\/v2\/product_tag?post=136344"}],"curies":[{"name":"wp","href":"https:\/\/api.w.org\/{rel}","templated":true}]}}