{"id":136339,"date":"2024-02-13T14:59:43","date_gmt":"2024-02-13T12:59:43","guid":{"rendered":"https:\/\/metaltale.com\/produktas\/logu-rokturis-alba-black\/"},"modified":"2024-02-13T14:59:43","modified_gmt":"2024-02-13T12:59:43","slug":"logu-rokturis-alba-black","status":"publish","type":"product","link":"https:\/\/metaltale.com\/lv\/produkts\/logu-rokturis-alba-black\/","title":{"rendered":"Logu rokturis ALBA BLACK"},"content":{"rendered":"<div class=\"prod_data\">\n<p><strong>Modelis<\/strong> SU.107.KO-CZ<br \/>\n<strong>EAN.<\/strong>  5907772074558<br \/>\n<strong>Materi\u0101ls<\/strong> T\u0113rauds<br \/>\n<strong>Kop\u0113jais augstums (cm<\/strong> ) 15<br \/>\n<strong>Kop\u0113jais platums (cm<\/strong> ) 3,5<br \/>\n<strong>Kop\u0113j\u0101 projekcija (cm<\/strong> ) 6<br \/>\n<strong>Pamatnes izm\u0113ri (cm)<\/strong> 3,5&#215;7<br \/>\nMont\u0101\u017eas skr\u016bves J\u0101<br \/>\nKr\u0101sa Melna<br \/>\n<strong>Virsmas tips<\/strong> Gluda <strong>virsma<\/strong><br \/>\n<strong>PAPILDU INFORM\u0100CIJA<\/strong> No\u0146emama \u0161ina<\/p>\n<p>&#8211; Roktura izm\u0113rs 12&#215;1,5<br \/>\n&#8211; izgatavots no augst\u0101k\u0101s kvalit\u0101tes t\u0113rauda<br \/>\n&#8211; Pieejami divi kr\u0101su varianti<br \/>\n&#8211; funkcionalit\u0101tes un dekorat\u012bv\u0101 dizaina apvienojums<\/p>\n<hr>\n<p>Ierosin\u0101tajam rokturim ir vienk\u0101r\u0161a forma, kas tam pie\u0161\u0137ir \u0161armu. Rokturim ir taisns rokturis, kas nodro\u0161ina komfortu. Tas ir izgatavots no augst\u0101k\u0101s kvalit\u0101tes materi\u0101la, kas garant\u0113 ilgsto\u0161u lieto\u0161anu. Ir pieejami divi kr\u0101su varianti: melns un t\u0113rauda. Rokturis ir ide\u0101li piem\u0113rots rustik\u0101lam interjeram.<\/p>\n<\/div>\n","protected":false},"excerpt":{"rendered":"<p>Modelis SU.107.KO-CZ EAN. 5907772074558 Materi\u0101ls T\u0113rauds Kop\u0113jais augstums (cm ) 15 Kop\u0113jais platums (cm ) 3,5 Kop\u0113j\u0101 projekcija (cm )<\/p>\n","protected":false},"featured_media":91243,"comment_status":"open","ping_status":"closed","template":"","meta":{"_acf_changed":false,"pmpro_default_level":""},"product_brand":[],"product_cat":[24081,23879,23837],"product_tag":[],"class_list":{"0":"post-136339","1":"product","2":"type-product","3":"status-publish","4":"has-post-thumbnail","6":"product_cat-rokturi","7":"product_cat-langu-rankeneles-lv","8":"product_cat-mebeles-piederumi","9":"pmpro-has-access","11":"first","12":"instock","13":"shipping-taxable","14":"purchasable","15":"product-type-simple"},"acf":[],"yoast_head":"<!-- This site is optimized with the Yoast SEO plugin v24.9 - https:\/\/yoast.com\/wordpress\/plugins\/seo\/ -->\n<title>Logu rokturis ALBA BLACK - MetalTale.com<\/title>\n<meta name=\"robots\" content=\"index, follow, max-snippet:-1, max-image-preview:large, max-video-preview:-1\" \/>\n<link rel=\"canonical\" href=\"https:\/\/metaltale.com\/lv\/produkts\/logu-rokturis-alba-black\/\" \/>\n<meta property=\"og:locale\" content=\"lv_LV\" \/>\n<meta property=\"og:type\" content=\"article\" \/>\n<meta property=\"og:title\" content=\"Logu rokturis ALBA BLACK - MetalTale.com\" \/>\n<meta property=\"og:description\" content=\"Modelis SU.107.KO-CZ EAN. 5907772074558 Materi\u0101ls T\u0113rauds Kop\u0113jais augstums (cm ) 15 Kop\u0113jais platums (cm ) 3,5 Kop\u0113j\u0101 projekcija (cm )\" \/>\n<meta property=\"og:url\" content=\"https:\/\/metaltale.com\/lv\/produkts\/logu-rokturis-alba-black\/\" \/>\n<meta property=\"og:site_name\" content=\"MetalTale.com\" \/>\n<meta property=\"og:image\" content=\"https:\/\/metaltale.com\/wp-content\/uploads\/2023\/10\/Langx173-rankena-ALBA-BLACK.jpg\" \/>\n\t<meta property=\"og:image:width\" content=\"800\" \/>\n\t<meta property=\"og:image:height\" content=\"800\" \/>\n\t<meta property=\"og:image:type\" content=\"image\/jpeg\" \/>\n<meta name=\"twitter:card\" content=\"summary_large_image\" \/>\n<meta name=\"twitter:label1\" content=\"Est. reading time\" \/>\n\t<meta name=\"twitter:data1\" content=\"1 minute\" \/>\n<script type=\"application\/ld+json\" class=\"yoast-schema-graph\">{\"@context\":\"https:\/\/schema.org\",\"@graph\":[{\"@type\":\"WebPage\",\"@id\":\"https:\/\/metaltale.com\/lv\/produkts\/logu-rokturis-alba-black\/\",\"url\":\"https:\/\/metaltale.com\/lv\/produkts\/logu-rokturis-alba-black\/\",\"name\":\"Logu rokturis ALBA BLACK - MetalTale.com\",\"isPartOf\":{\"@id\":\"https:\/\/metaltale.com\/lv\/#website\"},\"primaryImageOfPage\":{\"@id\":\"https:\/\/metaltale.com\/lv\/produkts\/logu-rokturis-alba-black\/#primaryimage\"},\"image\":{\"@id\":\"https:\/\/metaltale.com\/lv\/produkts\/logu-rokturis-alba-black\/#primaryimage\"},\"thumbnailUrl\":\"https:\/\/metaltale.com\/wp-content\/uploads\/2023\/10\/Langx173-rankena-ALBA-BLACK.jpg\",\"datePublished\":\"2024-02-13T12:59:43+00:00\",\"breadcrumb\":{\"@id\":\"https:\/\/metaltale.com\/lv\/produkts\/logu-rokturis-alba-black\/#breadcrumb\"},\"inLanguage\":\"lv-LV\",\"potentialAction\":[{\"@type\":\"ReadAction\",\"target\":[\"https:\/\/metaltale.com\/lv\/produkts\/logu-rokturis-alba-black\/\"]}]},{\"@type\":\"ImageObject\",\"inLanguage\":\"lv-LV\",\"@id\":\"https:\/\/metaltale.com\/lv\/produkts\/logu-rokturis-alba-black\/#primaryimage\",\"url\":\"https:\/\/metaltale.com\/wp-content\/uploads\/2023\/10\/Langx173-rankena-ALBA-BLACK.jpg\",\"contentUrl\":\"https:\/\/metaltale.com\/wp-content\/uploads\/2023\/10\/Langx173-rankena-ALBA-BLACK.jpg\",\"width\":800,\"height\":800,\"caption\":\"Logu rokturis ALBA BLACK\"},{\"@type\":\"BreadcrumbList\",\"@id\":\"https:\/\/metaltale.com\/lv\/produkts\/logu-rokturis-alba-black\/#breadcrumb\",\"itemListElement\":[{\"@type\":\"ListItem\",\"position\":1,\"name\":\"Home\",\"item\":\"https:\/\/metaltale.com\/lv\/majas\/\"},{\"@type\":\"ListItem\",\"position\":2,\"name\":\"Veikals\",\"item\":\"https:\/\/metaltale.com\/lv\/shop\/\"},{\"@type\":\"ListItem\",\"position\":3,\"name\":\"Logu rokturis ALBA BLACK\"}]},{\"@type\":\"WebSite\",\"@id\":\"https:\/\/metaltale.com\/lv\/#website\",\"url\":\"https:\/\/metaltale.com\/lv\/\",\"name\":\"Metaltale.com\",\"description\":\"\",\"potentialAction\":[{\"@type\":\"SearchAction\",\"target\":{\"@type\":\"EntryPoint\",\"urlTemplate\":\"https:\/\/metaltale.com\/lv\/?s={search_term_string}\"},\"query-input\":{\"@type\":\"PropertyValueSpecification\",\"valueRequired\":true,\"valueName\":\"search_term_string\"}}],\"inLanguage\":\"lv-LV\"}]}<\/script>\n<!-- \/ Yoast SEO plugin. -->","yoast_head_json":{"title":"Logu rokturis ALBA BLACK - MetalTale.com","robots":{"index":"index","follow":"follow","max-snippet":"max-snippet:-1","max-image-preview":"max-image-preview:large","max-video-preview":"max-video-preview:-1"},"canonical":"https:\/\/metaltale.com\/lv\/produkts\/logu-rokturis-alba-black\/","og_locale":"lv_LV","og_type":"article","og_title":"Logu rokturis ALBA BLACK - MetalTale.com","og_description":"Modelis SU.107.KO-CZ EAN. 5907772074558 Materi\u0101ls T\u0113rauds Kop\u0113jais augstums (cm ) 15 Kop\u0113jais platums (cm ) 3,5 Kop\u0113j\u0101 projekcija (cm )","og_url":"https:\/\/metaltale.com\/lv\/produkts\/logu-rokturis-alba-black\/","og_site_name":"MetalTale.com","og_image":[{"width":800,"height":800,"url":"https:\/\/metaltale.com\/wp-content\/uploads\/2023\/10\/Langx173-rankena-ALBA-BLACK.jpg","type":"image\/jpeg"}],"twitter_card":"summary_large_image","twitter_misc":{"Est. reading time":"1 minute"},"schema":{"@context":"https:\/\/schema.org","@graph":[{"@type":"WebPage","@id":"https:\/\/metaltale.com\/lv\/produkts\/logu-rokturis-alba-black\/","url":"https:\/\/metaltale.com\/lv\/produkts\/logu-rokturis-alba-black\/","name":"Logu rokturis ALBA BLACK - MetalTale.com","isPartOf":{"@id":"https:\/\/metaltale.com\/lv\/#website"},"primaryImageOfPage":{"@id":"https:\/\/metaltale.com\/lv\/produkts\/logu-rokturis-alba-black\/#primaryimage"},"image":{"@id":"https:\/\/metaltale.com\/lv\/produkts\/logu-rokturis-alba-black\/#primaryimage"},"thumbnailUrl":"https:\/\/metaltale.com\/wp-content\/uploads\/2023\/10\/Langx173-rankena-ALBA-BLACK.jpg","datePublished":"2024-02-13T12:59:43+00:00","breadcrumb":{"@id":"https:\/\/metaltale.com\/lv\/produkts\/logu-rokturis-alba-black\/#breadcrumb"},"inLanguage":"lv-LV","potentialAction":[{"@type":"ReadAction","target":["https:\/\/metaltale.com\/lv\/produkts\/logu-rokturis-alba-black\/"]}]},{"@type":"ImageObject","inLanguage":"lv-LV","@id":"https:\/\/metaltale.com\/lv\/produkts\/logu-rokturis-alba-black\/#primaryimage","url":"https:\/\/metaltale.com\/wp-content\/uploads\/2023\/10\/Langx173-rankena-ALBA-BLACK.jpg","contentUrl":"https:\/\/metaltale.com\/wp-content\/uploads\/2023\/10\/Langx173-rankena-ALBA-BLACK.jpg","width":800,"height":800,"caption":"Logu rokturis ALBA BLACK"},{"@type":"BreadcrumbList","@id":"https:\/\/metaltale.com\/lv\/produkts\/logu-rokturis-alba-black\/#breadcrumb","itemListElement":[{"@type":"ListItem","position":1,"name":"Home","item":"https:\/\/metaltale.com\/lv\/majas\/"},{"@type":"ListItem","position":2,"name":"Veikals","item":"https:\/\/metaltale.com\/lv\/shop\/"},{"@type":"ListItem","position":3,"name":"Logu rokturis ALBA BLACK"}]},{"@type":"WebSite","@id":"https:\/\/metaltale.com\/lv\/#website","url":"https:\/\/metaltale.com\/lv\/","name":"Metaltale.com","description":"","potentialAction":[{"@type":"SearchAction","target":{"@type":"EntryPoint","urlTemplate":"https:\/\/metaltale.com\/lv\/?s={search_term_string}"},"query-input":{"@type":"PropertyValueSpecification","valueRequired":true,"valueName":"search_term_string"}}],"inLanguage":"lv-LV"}]}},"_links":{"self":[{"href":"https:\/\/metaltale.com\/lv\/wp-json\/wp\/v2\/product\/136339","targetHints":{"allow":["GET"]}}],"collection":[{"href":"https:\/\/metaltale.com\/lv\/wp-json\/wp\/v2\/product"}],"about":[{"href":"https:\/\/metaltale.com\/lv\/wp-json\/wp\/v2\/types\/product"}],"replies":[{"embeddable":true,"href":"https:\/\/metaltale.com\/lv\/wp-json\/wp\/v2\/comments?post=136339"}],"version-history":[{"count":0,"href":"https:\/\/metaltale.com\/lv\/wp-json\/wp\/v2\/product\/136339\/revisions"}],"wp:featuredmedia":[{"embeddable":true,"href":"https:\/\/metaltale.com\/lv\/wp-json\/wp\/v2\/media\/91243"}],"wp:attachment":[{"href":"https:\/\/metaltale.com\/lv\/wp-json\/wp\/v2\/media?parent=136339"}],"wp:term":[{"taxonomy":"product_brand","embeddable":true,"href":"https:\/\/metaltale.com\/lv\/wp-json\/wp\/v2\/product_brand?post=136339"},{"taxonomy":"product_cat","embeddable":true,"href":"https:\/\/metaltale.com\/lv\/wp-json\/wp\/v2\/product_cat?post=136339"},{"taxonomy":"product_tag","embeddable":true,"href":"https:\/\/metaltale.com\/lv\/wp-json\/wp\/v2\/product_tag?post=136339"}],"curies":[{"name":"wp","href":"https:\/\/api.w.org\/{rel}","templated":true}]}}