{"id":136335,"date":"2024-02-13T14:59:43","date_gmt":"2024-02-13T12:59:43","guid":{"rendered":"https:\/\/metaltale.com\/produktas\/logu-rokturis-malta\/"},"modified":"2024-02-13T14:59:43","modified_gmt":"2024-02-13T12:59:43","slug":"logu-rokturis-malta","status":"publish","type":"product","link":"https:\/\/metaltale.com\/lv\/produkts\/logu-rokturis-malta\/","title":{"rendered":"Logu rokturis MALTA"},"content":{"rendered":"<div class=\"prod_data\">\n<p><strong>Modelis<\/strong> SU.108.KO-ST<br \/>\n<strong>EAN.<\/strong>  5907772074442<br \/>\n<strong>Materi\u0101ls<\/strong> T\u0113rauds<br \/>\n<strong>Kop\u0113jais augstums (cm<\/strong> ) 8<br \/>\n<strong>Kop\u0113jais platums (cm<\/strong> ) 3,2<br \/>\nKop\u0113j\u0101 projekcija (cm ) 5,5<br \/>\n<strong>Pamatnes izm\u0113ri (cm)<\/strong> 3,2&#215;7,7<br \/>\n<strong>Roktura garums<\/strong> 8,4<br \/>\nMont\u0101\u017eas skr\u016bves J\u0101<br \/>\nT\u0113rauda <strong>kr\u0101sa<\/strong><br \/>\n<strong>Virsmas tips<\/strong> Gluda <strong>virsma<\/strong><br \/>\n<strong>PAPILDU INFORM\u0100CIJA<\/strong> No\u0146emama \u0161ina<\/p>\n<p>&#8211; roktura izm\u0113rs 8&#215;2,2<br \/>\n&#8211; izgatavots no augst\u0101k\u0101s kvalit\u0101tes t\u0113rauda<br \/>\n&#8211; Pieejami divi kr\u0101su varianti<br \/>\n&#8211; funkcionalit\u0101tes un dekorat\u012bv\u0101 dizaina apvienojums<\/p>\n<hr>\n<p>Rokturis ir izgatavots no augst\u0101k\u0101s kvalit\u0101tes materi\u0101la, kas tam pie\u0161\u0137irs ilgm\u016b\u017e\u012bbu. Rokturim ir smalki apstr\u0101d\u0101ti gali, kas tam pie\u0161\u0137ir ori\u0123in\u0101lu izskatu un stilu. T\u0101 forma padara to \u013coti praktiski lietojamu. Tas lieliski ieder\u0113sies lauku un retro interjer\u0101. Pieejami divi kr\u0101su varianti.<\/p>\n<\/div>\n","protected":false},"excerpt":{"rendered":"<p>Modelis SU.108.KO-ST EAN. 5907772074442 Materi\u0101ls T\u0113rauds Kop\u0113jais augstums (cm ) 8 Kop\u0113jais platums (cm ) 3,2 Kop\u0113j\u0101 projekcija (cm )<\/p>\n","protected":false},"featured_media":91273,"comment_status":"open","ping_status":"closed","template":"","meta":{"_acf_changed":false,"pmpro_default_level":""},"product_brand":[],"product_cat":[24081,23879,23837],"product_tag":[],"class_list":{"0":"post-136335","1":"product","2":"type-product","3":"status-publish","4":"has-post-thumbnail","6":"product_cat-rokturi","7":"product_cat-langu-rankeneles-lv","8":"product_cat-mebeles-piederumi","9":"pmpro-has-access","11":"first","12":"instock","13":"shipping-taxable","14":"purchasable","15":"product-type-simple"},"acf":[],"yoast_head":"<!-- This site is optimized with the Yoast SEO plugin v24.9 - https:\/\/yoast.com\/wordpress\/plugins\/seo\/ -->\n<title>Logu rokturis MALTA - MetalTale.com<\/title>\n<meta name=\"robots\" content=\"index, follow, max-snippet:-1, max-image-preview:large, max-video-preview:-1\" \/>\n<link rel=\"canonical\" href=\"https:\/\/metaltale.com\/lv\/produkts\/logu-rokturis-malta\/\" \/>\n<meta property=\"og:locale\" content=\"lv_LV\" \/>\n<meta property=\"og:type\" content=\"article\" \/>\n<meta property=\"og:title\" content=\"Logu rokturis MALTA - MetalTale.com\" \/>\n<meta property=\"og:description\" content=\"Modelis SU.108.KO-ST EAN. 5907772074442 Materi\u0101ls T\u0113rauds Kop\u0113jais augstums (cm ) 8 Kop\u0113jais platums (cm ) 3,2 Kop\u0113j\u0101 projekcija (cm )\" \/>\n<meta property=\"og:url\" content=\"https:\/\/metaltale.com\/lv\/produkts\/logu-rokturis-malta\/\" \/>\n<meta property=\"og:site_name\" content=\"MetalTale.com\" \/>\n<meta property=\"og:image\" content=\"https:\/\/metaltale.com\/wp-content\/uploads\/2023\/10\/Langx173-rankena-MALTA-STEEL.jpg\" \/>\n\t<meta property=\"og:image:width\" content=\"800\" \/>\n\t<meta property=\"og:image:height\" content=\"800\" \/>\n\t<meta property=\"og:image:type\" content=\"image\/jpeg\" \/>\n<meta name=\"twitter:card\" content=\"summary_large_image\" \/>\n<meta name=\"twitter:label1\" content=\"Est. reading time\" \/>\n\t<meta name=\"twitter:data1\" content=\"1 minute\" \/>\n<script type=\"application\/ld+json\" class=\"yoast-schema-graph\">{\"@context\":\"https:\/\/schema.org\",\"@graph\":[{\"@type\":\"WebPage\",\"@id\":\"https:\/\/metaltale.com\/lv\/produkts\/logu-rokturis-malta\/\",\"url\":\"https:\/\/metaltale.com\/lv\/produkts\/logu-rokturis-malta\/\",\"name\":\"Logu rokturis MALTA - MetalTale.com\",\"isPartOf\":{\"@id\":\"https:\/\/metaltale.com\/lv\/#website\"},\"primaryImageOfPage\":{\"@id\":\"https:\/\/metaltale.com\/lv\/produkts\/logu-rokturis-malta\/#primaryimage\"},\"image\":{\"@id\":\"https:\/\/metaltale.com\/lv\/produkts\/logu-rokturis-malta\/#primaryimage\"},\"thumbnailUrl\":\"https:\/\/metaltale.com\/wp-content\/uploads\/2023\/10\/Langx173-rankena-MALTA-STEEL.jpg\",\"datePublished\":\"2024-02-13T12:59:43+00:00\",\"breadcrumb\":{\"@id\":\"https:\/\/metaltale.com\/lv\/produkts\/logu-rokturis-malta\/#breadcrumb\"},\"inLanguage\":\"lv-LV\",\"potentialAction\":[{\"@type\":\"ReadAction\",\"target\":[\"https:\/\/metaltale.com\/lv\/produkts\/logu-rokturis-malta\/\"]}]},{\"@type\":\"ImageObject\",\"inLanguage\":\"lv-LV\",\"@id\":\"https:\/\/metaltale.com\/lv\/produkts\/logu-rokturis-malta\/#primaryimage\",\"url\":\"https:\/\/metaltale.com\/wp-content\/uploads\/2023\/10\/Langx173-rankena-MALTA-STEEL.jpg\",\"contentUrl\":\"https:\/\/metaltale.com\/wp-content\/uploads\/2023\/10\/Langx173-rankena-MALTA-STEEL.jpg\",\"width\":800,\"height\":800,\"caption\":\"Logu rokturis MALTA\"},{\"@type\":\"BreadcrumbList\",\"@id\":\"https:\/\/metaltale.com\/lv\/produkts\/logu-rokturis-malta\/#breadcrumb\",\"itemListElement\":[{\"@type\":\"ListItem\",\"position\":1,\"name\":\"Home\",\"item\":\"https:\/\/metaltale.com\/lv\/majas\/\"},{\"@type\":\"ListItem\",\"position\":2,\"name\":\"Veikals\",\"item\":\"https:\/\/metaltale.com\/lv\/shop\/\"},{\"@type\":\"ListItem\",\"position\":3,\"name\":\"Logu rokturis MALTA\"}]},{\"@type\":\"WebSite\",\"@id\":\"https:\/\/metaltale.com\/lv\/#website\",\"url\":\"https:\/\/metaltale.com\/lv\/\",\"name\":\"Metaltale.com\",\"description\":\"\",\"potentialAction\":[{\"@type\":\"SearchAction\",\"target\":{\"@type\":\"EntryPoint\",\"urlTemplate\":\"https:\/\/metaltale.com\/lv\/?s={search_term_string}\"},\"query-input\":{\"@type\":\"PropertyValueSpecification\",\"valueRequired\":true,\"valueName\":\"search_term_string\"}}],\"inLanguage\":\"lv-LV\"}]}<\/script>\n<!-- \/ Yoast SEO plugin. -->","yoast_head_json":{"title":"Logu rokturis MALTA - MetalTale.com","robots":{"index":"index","follow":"follow","max-snippet":"max-snippet:-1","max-image-preview":"max-image-preview:large","max-video-preview":"max-video-preview:-1"},"canonical":"https:\/\/metaltale.com\/lv\/produkts\/logu-rokturis-malta\/","og_locale":"lv_LV","og_type":"article","og_title":"Logu rokturis MALTA - MetalTale.com","og_description":"Modelis SU.108.KO-ST EAN. 5907772074442 Materi\u0101ls T\u0113rauds Kop\u0113jais augstums (cm ) 8 Kop\u0113jais platums (cm ) 3,2 Kop\u0113j\u0101 projekcija (cm )","og_url":"https:\/\/metaltale.com\/lv\/produkts\/logu-rokturis-malta\/","og_site_name":"MetalTale.com","og_image":[{"width":800,"height":800,"url":"https:\/\/metaltale.com\/wp-content\/uploads\/2023\/10\/Langx173-rankena-MALTA-STEEL.jpg","type":"image\/jpeg"}],"twitter_card":"summary_large_image","twitter_misc":{"Est. reading time":"1 minute"},"schema":{"@context":"https:\/\/schema.org","@graph":[{"@type":"WebPage","@id":"https:\/\/metaltale.com\/lv\/produkts\/logu-rokturis-malta\/","url":"https:\/\/metaltale.com\/lv\/produkts\/logu-rokturis-malta\/","name":"Logu rokturis MALTA - MetalTale.com","isPartOf":{"@id":"https:\/\/metaltale.com\/lv\/#website"},"primaryImageOfPage":{"@id":"https:\/\/metaltale.com\/lv\/produkts\/logu-rokturis-malta\/#primaryimage"},"image":{"@id":"https:\/\/metaltale.com\/lv\/produkts\/logu-rokturis-malta\/#primaryimage"},"thumbnailUrl":"https:\/\/metaltale.com\/wp-content\/uploads\/2023\/10\/Langx173-rankena-MALTA-STEEL.jpg","datePublished":"2024-02-13T12:59:43+00:00","breadcrumb":{"@id":"https:\/\/metaltale.com\/lv\/produkts\/logu-rokturis-malta\/#breadcrumb"},"inLanguage":"lv-LV","potentialAction":[{"@type":"ReadAction","target":["https:\/\/metaltale.com\/lv\/produkts\/logu-rokturis-malta\/"]}]},{"@type":"ImageObject","inLanguage":"lv-LV","@id":"https:\/\/metaltale.com\/lv\/produkts\/logu-rokturis-malta\/#primaryimage","url":"https:\/\/metaltale.com\/wp-content\/uploads\/2023\/10\/Langx173-rankena-MALTA-STEEL.jpg","contentUrl":"https:\/\/metaltale.com\/wp-content\/uploads\/2023\/10\/Langx173-rankena-MALTA-STEEL.jpg","width":800,"height":800,"caption":"Logu rokturis MALTA"},{"@type":"BreadcrumbList","@id":"https:\/\/metaltale.com\/lv\/produkts\/logu-rokturis-malta\/#breadcrumb","itemListElement":[{"@type":"ListItem","position":1,"name":"Home","item":"https:\/\/metaltale.com\/lv\/majas\/"},{"@type":"ListItem","position":2,"name":"Veikals","item":"https:\/\/metaltale.com\/lv\/shop\/"},{"@type":"ListItem","position":3,"name":"Logu rokturis MALTA"}]},{"@type":"WebSite","@id":"https:\/\/metaltale.com\/lv\/#website","url":"https:\/\/metaltale.com\/lv\/","name":"Metaltale.com","description":"","potentialAction":[{"@type":"SearchAction","target":{"@type":"EntryPoint","urlTemplate":"https:\/\/metaltale.com\/lv\/?s={search_term_string}"},"query-input":{"@type":"PropertyValueSpecification","valueRequired":true,"valueName":"search_term_string"}}],"inLanguage":"lv-LV"}]}},"_links":{"self":[{"href":"https:\/\/metaltale.com\/lv\/wp-json\/wp\/v2\/product\/136335","targetHints":{"allow":["GET"]}}],"collection":[{"href":"https:\/\/metaltale.com\/lv\/wp-json\/wp\/v2\/product"}],"about":[{"href":"https:\/\/metaltale.com\/lv\/wp-json\/wp\/v2\/types\/product"}],"replies":[{"embeddable":true,"href":"https:\/\/metaltale.com\/lv\/wp-json\/wp\/v2\/comments?post=136335"}],"version-history":[{"count":0,"href":"https:\/\/metaltale.com\/lv\/wp-json\/wp\/v2\/product\/136335\/revisions"}],"wp:featuredmedia":[{"embeddable":true,"href":"https:\/\/metaltale.com\/lv\/wp-json\/wp\/v2\/media\/91273"}],"wp:attachment":[{"href":"https:\/\/metaltale.com\/lv\/wp-json\/wp\/v2\/media?parent=136335"}],"wp:term":[{"taxonomy":"product_brand","embeddable":true,"href":"https:\/\/metaltale.com\/lv\/wp-json\/wp\/v2\/product_brand?post=136335"},{"taxonomy":"product_cat","embeddable":true,"href":"https:\/\/metaltale.com\/lv\/wp-json\/wp\/v2\/product_cat?post=136335"},{"taxonomy":"product_tag","embeddable":true,"href":"https:\/\/metaltale.com\/lv\/wp-json\/wp\/v2\/product_tag?post=136335"}],"curies":[{"name":"wp","href":"https:\/\/api.w.org\/{rel}","templated":true}]}}