{"id":136302,"date":"2024-02-13T14:59:43","date_gmt":"2024-02-13T12:59:43","guid":{"rendered":"https:\/\/metaltale.com\/produktas\/izliekts-spogulis-arch-1\/"},"modified":"2024-02-13T14:59:43","modified_gmt":"2024-02-13T12:59:43","slug":"izliekts-spogulis-arch-1","status":"publish","type":"product","link":"https:\/\/metaltale.com\/lv\/produkts\/izliekts-spogulis-arch-1\/","title":{"rendered":"Izliekts spogulis ARCH 1"},"content":{"rendered":"<div class=\"prod_data\">DI.6960 <strong>modelis<\/strong>  <br \/><strong>EAN.<\/strong>  5905369924514  <br \/><strong>Materi\u0101ls<\/strong> Alum\u012bnijs  <br \/><strong>Biezums (cm<\/strong> ) 3  <br \/><strong>Kop\u0113jais augstums (cm<\/strong> ) 102  <br \/><strong>Kop\u0113jais platums (cm<\/strong> ) 74  <br \/><strong>Veidlapas<\/strong> N\u0101kamais  <\/p>\n<p>&#8211; dekorat\u012bvs vec\u0101 stila spogulis<br \/>&#8211; spogulis ar loku tum\u0161\u0101 r\u0101m\u012b<br \/>&#8211; Unik\u0101ls dizains pie\u0161\u0137ir interjeram eleganci<\/p>\n<hr>\n<p>ARCH spogu\u013ca r\u0101mis atg\u0101dina vecus koka logus ar apmal\u0113m. Retro efektu paspilgtina skr\u0101p\u0113jumi un kr\u0101sas atl\u016bzumi. Lielais piekaramais spogulis ir apdare, kas papildina interjeru un atstaro gaismu. Arkas sienas apdare piln\u012bb\u0101 main\u012bs tum\u0161\u0101s z\u0101les raksturu, pie\u0161\u0137irot tai gai\u0161\u0101ku noska\u0146u. R\u0101mja daudzpus\u012bgais kr\u0101sojums nenosaka t\u0101 stilu, t\u0101p\u0113c spoguli var viegli izmantot rustik\u0101l\u0101s, b\u0113ni\u0146u un retro kompoz\u012bcij\u0101s.<\/p>\n<\/div>\n","protected":false},"excerpt":{"rendered":"<p>DI.6960 modelis EAN. 5905369924514 Materi\u0101ls Alum\u012bnijs Biezums (cm ) 3 Kop\u0113jais augstums (cm ) 102 Kop\u0113jais platums (cm ) 74<\/p>\n","protected":false},"featured_media":91354,"comment_status":"open","ping_status":"closed","template":"","meta":{"_acf_changed":false,"pmpro_default_level":""},"product_brand":[],"product_cat":[24066],"product_tag":[],"class_list":{"0":"post-136302","1":"product","2":"type-product","3":"status-publish","4":"has-post-thumbnail","6":"product_cat-spoguli","7":"pmpro-has-access","9":"first","10":"instock","11":"shipping-taxable","12":"purchasable","13":"product-type-simple"},"acf":[],"yoast_head":"<!-- This site is optimized with the Yoast SEO plugin v24.9 - https:\/\/yoast.com\/wordpress\/plugins\/seo\/ -->\n<title>Izliekts spogulis ARCH 1 - MetalTale.com<\/title>\n<meta name=\"robots\" content=\"index, follow, max-snippet:-1, max-image-preview:large, max-video-preview:-1\" \/>\n<link rel=\"canonical\" href=\"https:\/\/metaltale.com\/lv\/produkts\/izliekts-spogulis-arch-1\/\" \/>\n<meta property=\"og:locale\" content=\"lv_LV\" \/>\n<meta property=\"og:type\" content=\"article\" \/>\n<meta property=\"og:title\" content=\"Izliekts spogulis ARCH 1 - MetalTale.com\" \/>\n<meta property=\"og:description\" content=\"DI.6960 modelis EAN. 5905369924514 Materi\u0101ls Alum\u012bnijs Biezums (cm ) 3 Kop\u0113jais augstums (cm ) 102 Kop\u0113jais platums (cm ) 74\" \/>\n<meta property=\"og:url\" content=\"https:\/\/metaltale.com\/lv\/produkts\/izliekts-spogulis-arch-1\/\" \/>\n<meta property=\"og:site_name\" content=\"MetalTale.com\" \/>\n<meta name=\"twitter:card\" content=\"summary_large_image\" \/>\n<meta name=\"twitter:label1\" content=\"Est. reading time\" \/>\n\t<meta name=\"twitter:data1\" content=\"1 minute\" \/>\n<script type=\"application\/ld+json\" class=\"yoast-schema-graph\">{\"@context\":\"https:\/\/schema.org\",\"@graph\":[{\"@type\":\"WebPage\",\"@id\":\"https:\/\/metaltale.com\/lv\/produkts\/izliekts-spogulis-arch-1\/\",\"url\":\"https:\/\/metaltale.com\/lv\/produkts\/izliekts-spogulis-arch-1\/\",\"name\":\"Izliekts spogulis ARCH 1 - MetalTale.com\",\"isPartOf\":{\"@id\":\"https:\/\/metaltale.com\/lv\/#website\"},\"primaryImageOfPage\":{\"@id\":\"https:\/\/metaltale.com\/lv\/produkts\/izliekts-spogulis-arch-1\/#primaryimage\"},\"image\":{\"@id\":\"https:\/\/metaltale.com\/lv\/produkts\/izliekts-spogulis-arch-1\/#primaryimage\"},\"thumbnailUrl\":\"https:\/\/metaltale.com\/wp-content\/uploads\/2023\/10\/Arkinis-veidrodis-ARCH-1.jpg\",\"datePublished\":\"2024-02-13T12:59:43+00:00\",\"breadcrumb\":{\"@id\":\"https:\/\/metaltale.com\/lv\/produkts\/izliekts-spogulis-arch-1\/#breadcrumb\"},\"inLanguage\":\"lv-LV\",\"potentialAction\":[{\"@type\":\"ReadAction\",\"target\":[\"https:\/\/metaltale.com\/lv\/produkts\/izliekts-spogulis-arch-1\/\"]}]},{\"@type\":\"ImageObject\",\"inLanguage\":\"lv-LV\",\"@id\":\"https:\/\/metaltale.com\/lv\/produkts\/izliekts-spogulis-arch-1\/#primaryimage\",\"url\":\"https:\/\/metaltale.com\/wp-content\/uploads\/2023\/10\/Arkinis-veidrodis-ARCH-1.jpg\",\"contentUrl\":\"https:\/\/metaltale.com\/wp-content\/uploads\/2023\/10\/Arkinis-veidrodis-ARCH-1.jpg\",\"width\":800,\"height\":800},{\"@type\":\"BreadcrumbList\",\"@id\":\"https:\/\/metaltale.com\/lv\/produkts\/izliekts-spogulis-arch-1\/#breadcrumb\",\"itemListElement\":[{\"@type\":\"ListItem\",\"position\":1,\"name\":\"Home\",\"item\":\"https:\/\/metaltale.com\/lv\/majas\/\"},{\"@type\":\"ListItem\",\"position\":2,\"name\":\"Veikals\",\"item\":\"https:\/\/metaltale.com\/lv\/shop\/\"},{\"@type\":\"ListItem\",\"position\":3,\"name\":\"Izliekts spogulis ARCH 1\"}]},{\"@type\":\"WebSite\",\"@id\":\"https:\/\/metaltale.com\/lv\/#website\",\"url\":\"https:\/\/metaltale.com\/lv\/\",\"name\":\"Metaltale.com\",\"description\":\"\",\"potentialAction\":[{\"@type\":\"SearchAction\",\"target\":{\"@type\":\"EntryPoint\",\"urlTemplate\":\"https:\/\/metaltale.com\/lv\/?s={search_term_string}\"},\"query-input\":{\"@type\":\"PropertyValueSpecification\",\"valueRequired\":true,\"valueName\":\"search_term_string\"}}],\"inLanguage\":\"lv-LV\"}]}<\/script>\n<!-- \/ Yoast SEO plugin. -->","yoast_head_json":{"title":"Izliekts spogulis ARCH 1 - MetalTale.com","robots":{"index":"index","follow":"follow","max-snippet":"max-snippet:-1","max-image-preview":"max-image-preview:large","max-video-preview":"max-video-preview:-1"},"canonical":"https:\/\/metaltale.com\/lv\/produkts\/izliekts-spogulis-arch-1\/","og_locale":"lv_LV","og_type":"article","og_title":"Izliekts spogulis ARCH 1 - MetalTale.com","og_description":"DI.6960 modelis EAN. 5905369924514 Materi\u0101ls Alum\u012bnijs Biezums (cm ) 3 Kop\u0113jais augstums (cm ) 102 Kop\u0113jais platums (cm ) 74","og_url":"https:\/\/metaltale.com\/lv\/produkts\/izliekts-spogulis-arch-1\/","og_site_name":"MetalTale.com","twitter_card":"summary_large_image","twitter_misc":{"Est. reading time":"1 minute"},"schema":{"@context":"https:\/\/schema.org","@graph":[{"@type":"WebPage","@id":"https:\/\/metaltale.com\/lv\/produkts\/izliekts-spogulis-arch-1\/","url":"https:\/\/metaltale.com\/lv\/produkts\/izliekts-spogulis-arch-1\/","name":"Izliekts spogulis ARCH 1 - MetalTale.com","isPartOf":{"@id":"https:\/\/metaltale.com\/lv\/#website"},"primaryImageOfPage":{"@id":"https:\/\/metaltale.com\/lv\/produkts\/izliekts-spogulis-arch-1\/#primaryimage"},"image":{"@id":"https:\/\/metaltale.com\/lv\/produkts\/izliekts-spogulis-arch-1\/#primaryimage"},"thumbnailUrl":"https:\/\/metaltale.com\/wp-content\/uploads\/2023\/10\/Arkinis-veidrodis-ARCH-1.jpg","datePublished":"2024-02-13T12:59:43+00:00","breadcrumb":{"@id":"https:\/\/metaltale.com\/lv\/produkts\/izliekts-spogulis-arch-1\/#breadcrumb"},"inLanguage":"lv-LV","potentialAction":[{"@type":"ReadAction","target":["https:\/\/metaltale.com\/lv\/produkts\/izliekts-spogulis-arch-1\/"]}]},{"@type":"ImageObject","inLanguage":"lv-LV","@id":"https:\/\/metaltale.com\/lv\/produkts\/izliekts-spogulis-arch-1\/#primaryimage","url":"https:\/\/metaltale.com\/wp-content\/uploads\/2023\/10\/Arkinis-veidrodis-ARCH-1.jpg","contentUrl":"https:\/\/metaltale.com\/wp-content\/uploads\/2023\/10\/Arkinis-veidrodis-ARCH-1.jpg","width":800,"height":800},{"@type":"BreadcrumbList","@id":"https:\/\/metaltale.com\/lv\/produkts\/izliekts-spogulis-arch-1\/#breadcrumb","itemListElement":[{"@type":"ListItem","position":1,"name":"Home","item":"https:\/\/metaltale.com\/lv\/majas\/"},{"@type":"ListItem","position":2,"name":"Veikals","item":"https:\/\/metaltale.com\/lv\/shop\/"},{"@type":"ListItem","position":3,"name":"Izliekts spogulis ARCH 1"}]},{"@type":"WebSite","@id":"https:\/\/metaltale.com\/lv\/#website","url":"https:\/\/metaltale.com\/lv\/","name":"Metaltale.com","description":"","potentialAction":[{"@type":"SearchAction","target":{"@type":"EntryPoint","urlTemplate":"https:\/\/metaltale.com\/lv\/?s={search_term_string}"},"query-input":{"@type":"PropertyValueSpecification","valueRequired":true,"valueName":"search_term_string"}}],"inLanguage":"lv-LV"}]}},"_links":{"self":[{"href":"https:\/\/metaltale.com\/lv\/wp-json\/wp\/v2\/product\/136302","targetHints":{"allow":["GET"]}}],"collection":[{"href":"https:\/\/metaltale.com\/lv\/wp-json\/wp\/v2\/product"}],"about":[{"href":"https:\/\/metaltale.com\/lv\/wp-json\/wp\/v2\/types\/product"}],"replies":[{"embeddable":true,"href":"https:\/\/metaltale.com\/lv\/wp-json\/wp\/v2\/comments?post=136302"}],"version-history":[{"count":0,"href":"https:\/\/metaltale.com\/lv\/wp-json\/wp\/v2\/product\/136302\/revisions"}],"wp:featuredmedia":[{"embeddable":true,"href":"https:\/\/metaltale.com\/lv\/wp-json\/wp\/v2\/media\/91354"}],"wp:attachment":[{"href":"https:\/\/metaltale.com\/lv\/wp-json\/wp\/v2\/media?parent=136302"}],"wp:term":[{"taxonomy":"product_brand","embeddable":true,"href":"https:\/\/metaltale.com\/lv\/wp-json\/wp\/v2\/product_brand?post=136302"},{"taxonomy":"product_cat","embeddable":true,"href":"https:\/\/metaltale.com\/lv\/wp-json\/wp\/v2\/product_cat?post=136302"},{"taxonomy":"product_tag","embeddable":true,"href":"https:\/\/metaltale.com\/lv\/wp-json\/wp\/v2\/product_tag?post=136302"}],"curies":[{"name":"wp","href":"https:\/\/api.w.org\/{rel}","templated":true}]}}