{"id":136296,"date":"2024-02-13T14:59:43","date_gmt":"2024-02-13T12:59:43","guid":{"rendered":"https:\/\/metaltale.com\/produktas\/braso-kvadratveida-sienas-spogulis\/"},"modified":"2024-02-13T14:59:43","modified_gmt":"2024-02-13T12:59:43","slug":"braso-kvadratveida-sienas-spogulis","status":"publish","type":"product","link":"https:\/\/metaltale.com\/lv\/produkts\/braso-kvadratveida-sienas-spogulis\/","title":{"rendered":"BRASO kvadr\u0101tveida sienas spogulis"},"content":{"rendered":"<div class=\"prod_data\">DI.6963 <strong>modelis<\/strong>  <br \/><strong>EAN.<\/strong>  5905369924484  <br \/><strong>Materi\u0101ls<\/strong> Alum\u012bnijs  <br \/><strong>Biezums (cm<\/strong> ) 10  <br \/><strong>Kop\u0113jais augstums (cm<\/strong> ) 53  <br \/><strong>Kop\u0113jais platums (cm<\/strong> ) 53  <br \/><strong>Formas<\/strong> Taisnst\u016bra <strong>formas<\/strong>  <\/p>\n<p>&#8211; Piekaramais spogulis<br \/>&#8211; spogulis dekorat\u012bv\u0101 r\u0101m\u012b<br \/>&#8211; minim\u0101lisma izskats ar zelta apdari r\u0101mja iek\u0161pus\u0113.<\/p>\n<hr>\n<p>BRASO spogulis pied\u0101v\u0101 klasisku un p\u0101rbaud\u012btu formu, inovat\u012bvu formu. Spogu\u013ca stiklu ieskauj biezs melns un zeltains r\u0101mis. Izstr\u0101d\u0101jumam piem\u012bt retro izsmalcin\u0101t\u012bba un neuzkr\u012bto\u0161a elegance. Brasso lieliski noder\u0113s virs izlietnes vai p\u0101rtinam\u0101 galda, k\u0101 ar\u012b pusaud\u017ea istab\u0101. R\u0101mis \u013cauj ar\u012b uz laiku nolaist juvelierizstr\u0101d\u0101jumus.<\/p>\n<\/div>\n","protected":false},"excerpt":{"rendered":"<p>DI.6963 modelis EAN. 5905369924484 Materi\u0101ls Alum\u012bnijs Biezums (cm ) 10 Kop\u0113jais augstums (cm ) 53 Kop\u0113jais platums (cm ) 53<\/p>\n","protected":false},"featured_media":91300,"comment_status":"open","ping_status":"closed","template":"","meta":{"_acf_changed":false,"pmpro_default_level":""},"product_brand":[],"product_cat":[24066],"product_tag":[],"class_list":{"0":"post-136296","1":"product","2":"type-product","3":"status-publish","4":"has-post-thumbnail","6":"product_cat-spoguli","7":"pmpro-has-access","9":"first","10":"instock","11":"shipping-taxable","12":"purchasable","13":"product-type-simple"},"acf":[],"yoast_head":"<!-- This site is optimized with the Yoast SEO plugin v24.9 - https:\/\/yoast.com\/wordpress\/plugins\/seo\/ -->\n<title>BRASO kvadr\u0101tveida sienas spogulis - MetalTale.com<\/title>\n<meta name=\"robots\" content=\"index, follow, max-snippet:-1, max-image-preview:large, max-video-preview:-1\" \/>\n<link rel=\"canonical\" href=\"https:\/\/metaltale.com\/lv\/produkts\/braso-kvadratveida-sienas-spogulis\/\" \/>\n<meta property=\"og:locale\" content=\"lv_LV\" \/>\n<meta property=\"og:type\" content=\"article\" \/>\n<meta property=\"og:title\" content=\"BRASO kvadr\u0101tveida sienas spogulis - MetalTale.com\" \/>\n<meta property=\"og:description\" content=\"DI.6963 modelis EAN. 5905369924484 Materi\u0101ls Alum\u012bnijs Biezums (cm ) 10 Kop\u0113jais augstums (cm ) 53 Kop\u0113jais platums (cm ) 53\" \/>\n<meta property=\"og:url\" content=\"https:\/\/metaltale.com\/lv\/produkts\/braso-kvadratveida-sienas-spogulis\/\" \/>\n<meta property=\"og:site_name\" content=\"MetalTale.com\" \/>\n<meta name=\"twitter:card\" content=\"summary_large_image\" \/>\n<meta name=\"twitter:label1\" content=\"Est. reading time\" \/>\n\t<meta name=\"twitter:data1\" content=\"1 minute\" \/>\n<script type=\"application\/ld+json\" class=\"yoast-schema-graph\">{\"@context\":\"https:\/\/schema.org\",\"@graph\":[{\"@type\":\"WebPage\",\"@id\":\"https:\/\/metaltale.com\/lv\/produkts\/braso-kvadratveida-sienas-spogulis\/\",\"url\":\"https:\/\/metaltale.com\/lv\/produkts\/braso-kvadratveida-sienas-spogulis\/\",\"name\":\"BRASO kvadr\u0101tveida sienas spogulis - MetalTale.com\",\"isPartOf\":{\"@id\":\"https:\/\/metaltale.com\/lv\/#website\"},\"primaryImageOfPage\":{\"@id\":\"https:\/\/metaltale.com\/lv\/produkts\/braso-kvadratveida-sienas-spogulis\/#primaryimage\"},\"image\":{\"@id\":\"https:\/\/metaltale.com\/lv\/produkts\/braso-kvadratveida-sienas-spogulis\/#primaryimage\"},\"thumbnailUrl\":\"https:\/\/metaltale.com\/wp-content\/uploads\/2023\/10\/Pakabinamas-veidrodis-BRASO.jpg\",\"datePublished\":\"2024-02-13T12:59:43+00:00\",\"breadcrumb\":{\"@id\":\"https:\/\/metaltale.com\/lv\/produkts\/braso-kvadratveida-sienas-spogulis\/#breadcrumb\"},\"inLanguage\":\"lv-LV\",\"potentialAction\":[{\"@type\":\"ReadAction\",\"target\":[\"https:\/\/metaltale.com\/lv\/produkts\/braso-kvadratveida-sienas-spogulis\/\"]}]},{\"@type\":\"ImageObject\",\"inLanguage\":\"lv-LV\",\"@id\":\"https:\/\/metaltale.com\/lv\/produkts\/braso-kvadratveida-sienas-spogulis\/#primaryimage\",\"url\":\"https:\/\/metaltale.com\/wp-content\/uploads\/2023\/10\/Pakabinamas-veidrodis-BRASO.jpg\",\"contentUrl\":\"https:\/\/metaltale.com\/wp-content\/uploads\/2023\/10\/Pakabinamas-veidrodis-BRASO.jpg\",\"width\":800,\"height\":800},{\"@type\":\"BreadcrumbList\",\"@id\":\"https:\/\/metaltale.com\/lv\/produkts\/braso-kvadratveida-sienas-spogulis\/#breadcrumb\",\"itemListElement\":[{\"@type\":\"ListItem\",\"position\":1,\"name\":\"Home\",\"item\":\"https:\/\/metaltale.com\/lv\/majas\/\"},{\"@type\":\"ListItem\",\"position\":2,\"name\":\"Veikals\",\"item\":\"https:\/\/metaltale.com\/lv\/shop\/\"},{\"@type\":\"ListItem\",\"position\":3,\"name\":\"BRASO kvadr\u0101tveida sienas spogulis\"}]},{\"@type\":\"WebSite\",\"@id\":\"https:\/\/metaltale.com\/lv\/#website\",\"url\":\"https:\/\/metaltale.com\/lv\/\",\"name\":\"Metaltale.com\",\"description\":\"\",\"potentialAction\":[{\"@type\":\"SearchAction\",\"target\":{\"@type\":\"EntryPoint\",\"urlTemplate\":\"https:\/\/metaltale.com\/lv\/?s={search_term_string}\"},\"query-input\":{\"@type\":\"PropertyValueSpecification\",\"valueRequired\":true,\"valueName\":\"search_term_string\"}}],\"inLanguage\":\"lv-LV\"}]}<\/script>\n<!-- \/ Yoast SEO plugin. -->","yoast_head_json":{"title":"BRASO kvadr\u0101tveida sienas spogulis - MetalTale.com","robots":{"index":"index","follow":"follow","max-snippet":"max-snippet:-1","max-image-preview":"max-image-preview:large","max-video-preview":"max-video-preview:-1"},"canonical":"https:\/\/metaltale.com\/lv\/produkts\/braso-kvadratveida-sienas-spogulis\/","og_locale":"lv_LV","og_type":"article","og_title":"BRASO kvadr\u0101tveida sienas spogulis - MetalTale.com","og_description":"DI.6963 modelis EAN. 5905369924484 Materi\u0101ls Alum\u012bnijs Biezums (cm ) 10 Kop\u0113jais augstums (cm ) 53 Kop\u0113jais platums (cm ) 53","og_url":"https:\/\/metaltale.com\/lv\/produkts\/braso-kvadratveida-sienas-spogulis\/","og_site_name":"MetalTale.com","twitter_card":"summary_large_image","twitter_misc":{"Est. reading time":"1 minute"},"schema":{"@context":"https:\/\/schema.org","@graph":[{"@type":"WebPage","@id":"https:\/\/metaltale.com\/lv\/produkts\/braso-kvadratveida-sienas-spogulis\/","url":"https:\/\/metaltale.com\/lv\/produkts\/braso-kvadratveida-sienas-spogulis\/","name":"BRASO kvadr\u0101tveida sienas spogulis - MetalTale.com","isPartOf":{"@id":"https:\/\/metaltale.com\/lv\/#website"},"primaryImageOfPage":{"@id":"https:\/\/metaltale.com\/lv\/produkts\/braso-kvadratveida-sienas-spogulis\/#primaryimage"},"image":{"@id":"https:\/\/metaltale.com\/lv\/produkts\/braso-kvadratveida-sienas-spogulis\/#primaryimage"},"thumbnailUrl":"https:\/\/metaltale.com\/wp-content\/uploads\/2023\/10\/Pakabinamas-veidrodis-BRASO.jpg","datePublished":"2024-02-13T12:59:43+00:00","breadcrumb":{"@id":"https:\/\/metaltale.com\/lv\/produkts\/braso-kvadratveida-sienas-spogulis\/#breadcrumb"},"inLanguage":"lv-LV","potentialAction":[{"@type":"ReadAction","target":["https:\/\/metaltale.com\/lv\/produkts\/braso-kvadratveida-sienas-spogulis\/"]}]},{"@type":"ImageObject","inLanguage":"lv-LV","@id":"https:\/\/metaltale.com\/lv\/produkts\/braso-kvadratveida-sienas-spogulis\/#primaryimage","url":"https:\/\/metaltale.com\/wp-content\/uploads\/2023\/10\/Pakabinamas-veidrodis-BRASO.jpg","contentUrl":"https:\/\/metaltale.com\/wp-content\/uploads\/2023\/10\/Pakabinamas-veidrodis-BRASO.jpg","width":800,"height":800},{"@type":"BreadcrumbList","@id":"https:\/\/metaltale.com\/lv\/produkts\/braso-kvadratveida-sienas-spogulis\/#breadcrumb","itemListElement":[{"@type":"ListItem","position":1,"name":"Home","item":"https:\/\/metaltale.com\/lv\/majas\/"},{"@type":"ListItem","position":2,"name":"Veikals","item":"https:\/\/metaltale.com\/lv\/shop\/"},{"@type":"ListItem","position":3,"name":"BRASO kvadr\u0101tveida sienas spogulis"}]},{"@type":"WebSite","@id":"https:\/\/metaltale.com\/lv\/#website","url":"https:\/\/metaltale.com\/lv\/","name":"Metaltale.com","description":"","potentialAction":[{"@type":"SearchAction","target":{"@type":"EntryPoint","urlTemplate":"https:\/\/metaltale.com\/lv\/?s={search_term_string}"},"query-input":{"@type":"PropertyValueSpecification","valueRequired":true,"valueName":"search_term_string"}}],"inLanguage":"lv-LV"}]}},"_links":{"self":[{"href":"https:\/\/metaltale.com\/lv\/wp-json\/wp\/v2\/product\/136296","targetHints":{"allow":["GET"]}}],"collection":[{"href":"https:\/\/metaltale.com\/lv\/wp-json\/wp\/v2\/product"}],"about":[{"href":"https:\/\/metaltale.com\/lv\/wp-json\/wp\/v2\/types\/product"}],"replies":[{"embeddable":true,"href":"https:\/\/metaltale.com\/lv\/wp-json\/wp\/v2\/comments?post=136296"}],"version-history":[{"count":0,"href":"https:\/\/metaltale.com\/lv\/wp-json\/wp\/v2\/product\/136296\/revisions"}],"wp:featuredmedia":[{"embeddable":true,"href":"https:\/\/metaltale.com\/lv\/wp-json\/wp\/v2\/media\/91300"}],"wp:attachment":[{"href":"https:\/\/metaltale.com\/lv\/wp-json\/wp\/v2\/media?parent=136296"}],"wp:term":[{"taxonomy":"product_brand","embeddable":true,"href":"https:\/\/metaltale.com\/lv\/wp-json\/wp\/v2\/product_brand?post=136296"},{"taxonomy":"product_cat","embeddable":true,"href":"https:\/\/metaltale.com\/lv\/wp-json\/wp\/v2\/product_cat?post=136296"},{"taxonomy":"product_tag","embeddable":true,"href":"https:\/\/metaltale.com\/lv\/wp-json\/wp\/v2\/product_tag?post=136296"}],"curies":[{"name":"wp","href":"https:\/\/api.w.org\/{rel}","templated":true}]}}