{"id":136271,"date":"2024-02-13T15:05:05","date_gmt":"2024-02-13T13:05:05","guid":{"rendered":"https:\/\/metaltale.com\/produktas\/mebelu-slegmehanisms-rounded\/"},"modified":"2024-02-13T15:05:05","modified_gmt":"2024-02-13T13:05:05","slug":"mebelu-slegmehanisms-rounded","status":"publish","type":"product","link":"https:\/\/metaltale.com\/lv\/produkts\/mebelu-slegmehanisms-rounded\/","title":{"rendered":"M\u0113be\u013cu sl\u0113gmeh\u0101nisms ROUNDED"},"content":{"rendered":"<div class=\"prod_data\">\n<p><strong>Modelis<\/strong> MD.1044-07<br \/>\n<strong>EAN.<\/strong>  5905369927911<br \/>\n<strong>Materi\u0101ls<\/strong> T\u0113rauds<br \/>\n<strong>Kop\u0113jais augstums (cm<\/strong> ) 2,1<br \/>\n<strong>Kop\u0113jais platums (cm<\/strong> ) 7,9<br \/>\n<strong>Kop\u0113j\u0101 projekcija (cm<\/strong> ) 2,2<br \/>\n<strong>Att\u0101lums starp caurumiem (cm<\/strong> ) 6\/1,9<br \/>\nMont\u0101\u017eas skr\u016bves N\u0113<br \/>\n<strong>Kr\u0101sa<\/strong> Antique bronze<\/p>\n<p>Izstr\u0101d\u0101jums ir izgatavots no augstas kvalit\u0101tes t\u0113rauda, t\u0101p\u0113c aizb\u012bdnis kalpos ilgu laiku.<\/p>\n<p>Skaista un vienk\u0101r\u0161a forma ar lauku raksturu, kas pasv\u012btro m\u016bsu m\u0113be\u013cu raksturu.<\/p>\n<p>Slazdam ir atveres, kas atvieglo mont\u0101\u017eu<\/p>\n<hr>\n<p>Svar\u012bgs jaut\u0101jums ir dro\u0161a un efekt\u012bva m\u0113be\u013cu un telpu norobe\u017eo\u0161ana. M\u016bsu pla\u0161ais tie\u0161saistes veikalu kl\u0101sts pied\u0101v\u0101 stabilus risin\u0101jumus \u0161aj\u0101 kategorij\u0101.<\/p>\n<p>Skaist\u0101, bet vienk\u0101r\u0161\u0101 m\u0113be\u013cu sl\u0113gmeh\u0101nisma forma pie\u0161\u0137ir m\u016bsu m\u0113bel\u0113m lauku raksturu. Da\u017ereiz neliels, smalks piesk\u0101riens \u013cauj pie\u0161\u0137irt m\u0113bel\u0113m jaunu, ori\u0123in\u0101lu raksturu. V\u0101rsts ir izgatavots no augst\u0101k\u0101s kvalit\u0101tes t\u0113rauda, kas noz\u012bm\u0113, ka tas kalpos mums ilgu laiku. Turkl\u0101t ant\u012bk\u0101 zelta kr\u0101sa izce\u013c skaisto un vienk\u0101r\u0161o produkta l\u012bniju. \u0160\u0101di veidota aizb\u012bd\u0146a pie\u0161\u0137irs m\u016bsu m\u0113bel\u0113m lauku stilu un eleganci.<\/p>\n<\/div>\n","protected":false},"excerpt":{"rendered":"<p>Modelis MD.1044-07 EAN. 5905369927911 Materi\u0101ls T\u0113rauds Kop\u0113jais augstums (cm ) 2,1 Kop\u0113jais platums (cm ) 7,9 Kop\u0113j\u0101 projekcija (cm )<\/p>\n","protected":false},"featured_media":74800,"comment_status":"open","ping_status":"closed","template":"","meta":{"_acf_changed":false,"pmpro_default_level":""},"product_brand":[],"product_cat":[23892,23837,23865,23890],"product_tag":[],"class_list":{"0":"post-136271","1":"product","2":"type-product","3":"status-publish","4":"has-post-thumbnail","6":"product_cat-baldu-spynos-lv","7":"product_cat-mebeles-piederumi","8":"product_cat-sklasciai-ir-kabliukai-lv","9":"product_cat-spynos-lv","10":"pmpro-has-access","12":"first","13":"instock","14":"shipping-taxable","15":"purchasable","16":"product-type-simple"},"acf":[],"yoast_head":"<!-- This site is optimized with the Yoast SEO plugin v24.9 - https:\/\/yoast.com\/wordpress\/plugins\/seo\/ -->\n<title>M\u0113be\u013cu sl\u0113gmeh\u0101nisms ROUNDED - MetalTale.com<\/title>\n<meta name=\"robots\" content=\"index, follow, max-snippet:-1, max-image-preview:large, max-video-preview:-1\" \/>\n<link rel=\"canonical\" href=\"https:\/\/metaltale.com\/lv\/produkts\/mebelu-slegmehanisms-rounded\/\" \/>\n<meta property=\"og:locale\" content=\"lv_LV\" \/>\n<meta property=\"og:type\" content=\"article\" \/>\n<meta property=\"og:title\" content=\"M\u0113be\u013cu sl\u0113gmeh\u0101nisms ROUNDED - MetalTale.com\" \/>\n<meta property=\"og:description\" content=\"Modelis MD.1044-07 EAN. 5905369927911 Materi\u0101ls T\u0113rauds Kop\u0113jais augstums (cm ) 2,1 Kop\u0113jais platums (cm ) 7,9 Kop\u0113j\u0101 projekcija (cm )\" \/>\n<meta property=\"og:url\" content=\"https:\/\/metaltale.com\/lv\/produkts\/mebelu-slegmehanisms-rounded\/\" \/>\n<meta property=\"og:site_name\" content=\"MetalTale.com\" \/>\n<meta property=\"og:image\" content=\"https:\/\/metaltale.com\/wp-content\/uploads\/2023\/09\/Baldx173-sklx105stis-SUAPVALINTAS.jpg\" \/>\n\t<meta property=\"og:image:width\" content=\"800\" \/>\n\t<meta property=\"og:image:height\" content=\"800\" \/>\n\t<meta property=\"og:image:type\" content=\"image\/jpeg\" \/>\n<meta name=\"twitter:card\" content=\"summary_large_image\" \/>\n<meta name=\"twitter:label1\" content=\"Est. reading time\" \/>\n\t<meta name=\"twitter:data1\" content=\"1 minute\" \/>\n<script type=\"application\/ld+json\" class=\"yoast-schema-graph\">{\"@context\":\"https:\/\/schema.org\",\"@graph\":[{\"@type\":\"WebPage\",\"@id\":\"https:\/\/metaltale.com\/lv\/produkts\/mebelu-slegmehanisms-rounded\/\",\"url\":\"https:\/\/metaltale.com\/lv\/produkts\/mebelu-slegmehanisms-rounded\/\",\"name\":\"M\u0113be\u013cu sl\u0113gmeh\u0101nisms ROUNDED - MetalTale.com\",\"isPartOf\":{\"@id\":\"https:\/\/metaltale.com\/lv\/#website\"},\"primaryImageOfPage\":{\"@id\":\"https:\/\/metaltale.com\/lv\/produkts\/mebelu-slegmehanisms-rounded\/#primaryimage\"},\"image\":{\"@id\":\"https:\/\/metaltale.com\/lv\/produkts\/mebelu-slegmehanisms-rounded\/#primaryimage\"},\"thumbnailUrl\":\"https:\/\/metaltale.com\/wp-content\/uploads\/2023\/09\/Baldx173-sklx105stis-SUAPVALINTAS.jpg\",\"datePublished\":\"2024-02-13T13:05:05+00:00\",\"breadcrumb\":{\"@id\":\"https:\/\/metaltale.com\/lv\/produkts\/mebelu-slegmehanisms-rounded\/#breadcrumb\"},\"inLanguage\":\"lv-LV\",\"potentialAction\":[{\"@type\":\"ReadAction\",\"target\":[\"https:\/\/metaltale.com\/lv\/produkts\/mebelu-slegmehanisms-rounded\/\"]}]},{\"@type\":\"ImageObject\",\"inLanguage\":\"lv-LV\",\"@id\":\"https:\/\/metaltale.com\/lv\/produkts\/mebelu-slegmehanisms-rounded\/#primaryimage\",\"url\":\"https:\/\/metaltale.com\/wp-content\/uploads\/2023\/09\/Baldx173-sklx105stis-SUAPVALINTAS.jpg\",\"contentUrl\":\"https:\/\/metaltale.com\/wp-content\/uploads\/2023\/09\/Baldx173-sklx105stis-SUAPVALINTAS.jpg\",\"width\":800,\"height\":800,\"caption\":\"M\u0113be\u013cu sl\u0113gmeh\u0101nisms ROUNDED\"},{\"@type\":\"BreadcrumbList\",\"@id\":\"https:\/\/metaltale.com\/lv\/produkts\/mebelu-slegmehanisms-rounded\/#breadcrumb\",\"itemListElement\":[{\"@type\":\"ListItem\",\"position\":1,\"name\":\"Home\",\"item\":\"https:\/\/metaltale.com\/lv\/majas\/\"},{\"@type\":\"ListItem\",\"position\":2,\"name\":\"Veikals\",\"item\":\"https:\/\/metaltale.com\/lv\/shop\/\"},{\"@type\":\"ListItem\",\"position\":3,\"name\":\"M\u0113be\u013cu sl\u0113gmeh\u0101nisms ROUNDED\"}]},{\"@type\":\"WebSite\",\"@id\":\"https:\/\/metaltale.com\/lv\/#website\",\"url\":\"https:\/\/metaltale.com\/lv\/\",\"name\":\"Metaltale.com\",\"description\":\"\",\"potentialAction\":[{\"@type\":\"SearchAction\",\"target\":{\"@type\":\"EntryPoint\",\"urlTemplate\":\"https:\/\/metaltale.com\/lv\/?s={search_term_string}\"},\"query-input\":{\"@type\":\"PropertyValueSpecification\",\"valueRequired\":true,\"valueName\":\"search_term_string\"}}],\"inLanguage\":\"lv-LV\"}]}<\/script>\n<!-- \/ Yoast SEO plugin. -->","yoast_head_json":{"title":"M\u0113be\u013cu sl\u0113gmeh\u0101nisms ROUNDED - MetalTale.com","robots":{"index":"index","follow":"follow","max-snippet":"max-snippet:-1","max-image-preview":"max-image-preview:large","max-video-preview":"max-video-preview:-1"},"canonical":"https:\/\/metaltale.com\/lv\/produkts\/mebelu-slegmehanisms-rounded\/","og_locale":"lv_LV","og_type":"article","og_title":"M\u0113be\u013cu sl\u0113gmeh\u0101nisms ROUNDED - MetalTale.com","og_description":"Modelis MD.1044-07 EAN. 5905369927911 Materi\u0101ls T\u0113rauds Kop\u0113jais augstums (cm ) 2,1 Kop\u0113jais platums (cm ) 7,9 Kop\u0113j\u0101 projekcija (cm )","og_url":"https:\/\/metaltale.com\/lv\/produkts\/mebelu-slegmehanisms-rounded\/","og_site_name":"MetalTale.com","og_image":[{"width":800,"height":800,"url":"https:\/\/metaltale.com\/wp-content\/uploads\/2023\/09\/Baldx173-sklx105stis-SUAPVALINTAS.jpg","type":"image\/jpeg"}],"twitter_card":"summary_large_image","twitter_misc":{"Est. reading time":"1 minute"},"schema":{"@context":"https:\/\/schema.org","@graph":[{"@type":"WebPage","@id":"https:\/\/metaltale.com\/lv\/produkts\/mebelu-slegmehanisms-rounded\/","url":"https:\/\/metaltale.com\/lv\/produkts\/mebelu-slegmehanisms-rounded\/","name":"M\u0113be\u013cu sl\u0113gmeh\u0101nisms ROUNDED - MetalTale.com","isPartOf":{"@id":"https:\/\/metaltale.com\/lv\/#website"},"primaryImageOfPage":{"@id":"https:\/\/metaltale.com\/lv\/produkts\/mebelu-slegmehanisms-rounded\/#primaryimage"},"image":{"@id":"https:\/\/metaltale.com\/lv\/produkts\/mebelu-slegmehanisms-rounded\/#primaryimage"},"thumbnailUrl":"https:\/\/metaltale.com\/wp-content\/uploads\/2023\/09\/Baldx173-sklx105stis-SUAPVALINTAS.jpg","datePublished":"2024-02-13T13:05:05+00:00","breadcrumb":{"@id":"https:\/\/metaltale.com\/lv\/produkts\/mebelu-slegmehanisms-rounded\/#breadcrumb"},"inLanguage":"lv-LV","potentialAction":[{"@type":"ReadAction","target":["https:\/\/metaltale.com\/lv\/produkts\/mebelu-slegmehanisms-rounded\/"]}]},{"@type":"ImageObject","inLanguage":"lv-LV","@id":"https:\/\/metaltale.com\/lv\/produkts\/mebelu-slegmehanisms-rounded\/#primaryimage","url":"https:\/\/metaltale.com\/wp-content\/uploads\/2023\/09\/Baldx173-sklx105stis-SUAPVALINTAS.jpg","contentUrl":"https:\/\/metaltale.com\/wp-content\/uploads\/2023\/09\/Baldx173-sklx105stis-SUAPVALINTAS.jpg","width":800,"height":800,"caption":"M\u0113be\u013cu sl\u0113gmeh\u0101nisms ROUNDED"},{"@type":"BreadcrumbList","@id":"https:\/\/metaltale.com\/lv\/produkts\/mebelu-slegmehanisms-rounded\/#breadcrumb","itemListElement":[{"@type":"ListItem","position":1,"name":"Home","item":"https:\/\/metaltale.com\/lv\/majas\/"},{"@type":"ListItem","position":2,"name":"Veikals","item":"https:\/\/metaltale.com\/lv\/shop\/"},{"@type":"ListItem","position":3,"name":"M\u0113be\u013cu sl\u0113gmeh\u0101nisms ROUNDED"}]},{"@type":"WebSite","@id":"https:\/\/metaltale.com\/lv\/#website","url":"https:\/\/metaltale.com\/lv\/","name":"Metaltale.com","description":"","potentialAction":[{"@type":"SearchAction","target":{"@type":"EntryPoint","urlTemplate":"https:\/\/metaltale.com\/lv\/?s={search_term_string}"},"query-input":{"@type":"PropertyValueSpecification","valueRequired":true,"valueName":"search_term_string"}}],"inLanguage":"lv-LV"}]}},"_links":{"self":[{"href":"https:\/\/metaltale.com\/lv\/wp-json\/wp\/v2\/product\/136271","targetHints":{"allow":["GET"]}}],"collection":[{"href":"https:\/\/metaltale.com\/lv\/wp-json\/wp\/v2\/product"}],"about":[{"href":"https:\/\/metaltale.com\/lv\/wp-json\/wp\/v2\/types\/product"}],"replies":[{"embeddable":true,"href":"https:\/\/metaltale.com\/lv\/wp-json\/wp\/v2\/comments?post=136271"}],"version-history":[{"count":0,"href":"https:\/\/metaltale.com\/lv\/wp-json\/wp\/v2\/product\/136271\/revisions"}],"wp:featuredmedia":[{"embeddable":true,"href":"https:\/\/metaltale.com\/lv\/wp-json\/wp\/v2\/media\/74800"}],"wp:attachment":[{"href":"https:\/\/metaltale.com\/lv\/wp-json\/wp\/v2\/media?parent=136271"}],"wp:term":[{"taxonomy":"product_brand","embeddable":true,"href":"https:\/\/metaltale.com\/lv\/wp-json\/wp\/v2\/product_brand?post=136271"},{"taxonomy":"product_cat","embeddable":true,"href":"https:\/\/metaltale.com\/lv\/wp-json\/wp\/v2\/product_cat?post=136271"},{"taxonomy":"product_tag","embeddable":true,"href":"https:\/\/metaltale.com\/lv\/wp-json\/wp\/v2\/product_tag?post=136271"}],"curies":[{"name":"wp","href":"https:\/\/api.w.org\/{rel}","templated":true}]}}