{"id":136270,"date":"2024-02-13T15:05:05","date_gmt":"2024-02-13T13:05:05","guid":{"rendered":"https:\/\/metaltale.com\/produktas\/mebelu-slegmehanisms-cave\/"},"modified":"2024-02-13T15:05:05","modified_gmt":"2024-02-13T13:05:05","slug":"mebelu-slegmehanisms-cave","status":"publish","type":"product","link":"https:\/\/metaltale.com\/lv\/produkts\/mebelu-slegmehanisms-cave\/","title":{"rendered":"M\u0113be\u013cu sl\u0113gmeh\u0101nisms CAVE"},"content":{"rendered":"<div class=\"prod_data\">\n<p><strong>Modelis<\/strong> MD.1045-07<br \/>\n<strong>EAN.<\/strong>  5905369927898<br \/>\n<strong>Materi\u0101ls<\/strong> T\u0113rauds<br \/>\n<strong>Kop\u0113jais augstums (cm<\/strong> ) 3<br \/>\n<strong>Kop\u0113jais platums (cm<\/strong> ) 8<br \/>\n<strong>Kop\u0113j\u0101 projekcija (cm<\/strong> ) 2,5<br \/>\n<strong>Att\u0101lums starp<\/strong> caurumiem (<strong>cm<\/strong> ) 5,8\/2,6<br \/>\nMont\u0101\u017eas skr\u016bves N\u0113<br \/>\n<strong>Kr\u0101sa<\/strong> Antique gold<\/p>\n<p>Izstr\u0101d\u0101jums ir izgatavots no augstas kvalit\u0101tes t\u0113rauda, t\u0101p\u0113c aizb\u012bdnis kalpos ilgu laiku.<\/p>\n<p>Skaista un vienk\u0101r\u0161a forma ar lauku raksturu, kas pasv\u012btro m\u016bsu m\u0113be\u013cu raksturu.<\/p>\n<p>Slazdam ir atveres, kas atvieglo mont\u0101\u017eu<\/p>\n<hr>\n<p>Svar\u012bgs jaut\u0101jums ir dro\u0161a un efekt\u012bva m\u0113be\u013cu un telpu norobe\u017eo\u0161ana. M\u016bsu pla\u0161ais tie\u0161saistes veikalu kl\u0101sts pied\u0101v\u0101 stabilus risin\u0101jumus \u0161aj\u0101 kategorij\u0101.<\/p>\n<p>Att\u0113lotajai m\u0113be\u013cu aizb\u012bd\u0146a formai ir bultai l\u012bdz\u012bga forma. Slazds ir izgatavots no augst\u0101k\u0101s kvalit\u0101tes t\u0113rauda, un t\u0101 apdare ir veidota no ant\u012bk\u0101 zelta. \u0160\u0101d\u0101 veid\u0101 izveidot\u0101 sl\u0113gmeh\u0101nisma sl\u0113dzene skaisti izskat\u012bsies uz m\u016bsu m\u0113bel\u0113m, pie\u0161\u0137irot t\u0101m unik\u0101lu lauku raksturu.<\/p>\n<\/div>\n","protected":false},"excerpt":{"rendered":"<p>Modelis MD.1045-07 EAN. 5905369927898 Materi\u0101ls T\u0113rauds Kop\u0113jais augstums (cm ) 3 Kop\u0113jais platums (cm ) 8 Kop\u0113j\u0101 projekcija (cm )<\/p>\n","protected":false},"featured_media":74806,"comment_status":"open","ping_status":"closed","template":"","meta":{"_acf_changed":false,"pmpro_default_level":""},"product_brand":[],"product_cat":[23892,23837,23865,23890],"product_tag":[],"class_list":{"0":"post-136270","1":"product","2":"type-product","3":"status-publish","4":"has-post-thumbnail","6":"product_cat-baldu-spynos-lv","7":"product_cat-mebeles-piederumi","8":"product_cat-sklasciai-ir-kabliukai-lv","9":"product_cat-spynos-lv","10":"pmpro-has-access","12":"first","13":"instock","14":"shipping-taxable","15":"purchasable","16":"product-type-simple"},"acf":[],"yoast_head":"<!-- This site is optimized with the Yoast SEO plugin v24.9 - https:\/\/yoast.com\/wordpress\/plugins\/seo\/ -->\n<title>M\u0113be\u013cu sl\u0113gmeh\u0101nisms CAVE - MetalTale.com<\/title>\n<meta name=\"robots\" content=\"index, follow, max-snippet:-1, max-image-preview:large, max-video-preview:-1\" \/>\n<link rel=\"canonical\" href=\"https:\/\/metaltale.com\/lv\/produkts\/mebelu-slegmehanisms-cave\/\" \/>\n<meta property=\"og:locale\" content=\"lv_LV\" \/>\n<meta property=\"og:type\" content=\"article\" \/>\n<meta property=\"og:title\" content=\"M\u0113be\u013cu sl\u0113gmeh\u0101nisms CAVE - MetalTale.com\" \/>\n<meta property=\"og:description\" content=\"Modelis MD.1045-07 EAN. 5905369927898 Materi\u0101ls T\u0113rauds Kop\u0113jais augstums (cm ) 3 Kop\u0113jais platums (cm ) 8 Kop\u0113j\u0101 projekcija (cm )\" \/>\n<meta property=\"og:url\" content=\"https:\/\/metaltale.com\/lv\/produkts\/mebelu-slegmehanisms-cave\/\" \/>\n<meta property=\"og:site_name\" content=\"MetalTale.com\" \/>\n<meta property=\"og:image\" content=\"https:\/\/metaltale.com\/wp-content\/uploads\/2023\/09\/Zasuwka-meblowa-CAVE.jpg\" \/>\n\t<meta property=\"og:image:width\" content=\"800\" \/>\n\t<meta property=\"og:image:height\" content=\"800\" \/>\n\t<meta property=\"og:image:type\" content=\"image\/jpeg\" \/>\n<meta name=\"twitter:card\" content=\"summary_large_image\" \/>\n<meta name=\"twitter:label1\" content=\"Est. reading time\" \/>\n\t<meta name=\"twitter:data1\" content=\"1 minute\" \/>\n<script type=\"application\/ld+json\" class=\"yoast-schema-graph\">{\"@context\":\"https:\/\/schema.org\",\"@graph\":[{\"@type\":\"WebPage\",\"@id\":\"https:\/\/metaltale.com\/lv\/produkts\/mebelu-slegmehanisms-cave\/\",\"url\":\"https:\/\/metaltale.com\/lv\/produkts\/mebelu-slegmehanisms-cave\/\",\"name\":\"M\u0113be\u013cu sl\u0113gmeh\u0101nisms CAVE - MetalTale.com\",\"isPartOf\":{\"@id\":\"https:\/\/metaltale.com\/lv\/#website\"},\"primaryImageOfPage\":{\"@id\":\"https:\/\/metaltale.com\/lv\/produkts\/mebelu-slegmehanisms-cave\/#primaryimage\"},\"image\":{\"@id\":\"https:\/\/metaltale.com\/lv\/produkts\/mebelu-slegmehanisms-cave\/#primaryimage\"},\"thumbnailUrl\":\"https:\/\/metaltale.com\/wp-content\/uploads\/2023\/09\/Zasuwka-meblowa-CAVE.jpg\",\"datePublished\":\"2024-02-13T13:05:05+00:00\",\"breadcrumb\":{\"@id\":\"https:\/\/metaltale.com\/lv\/produkts\/mebelu-slegmehanisms-cave\/#breadcrumb\"},\"inLanguage\":\"lv-LV\",\"potentialAction\":[{\"@type\":\"ReadAction\",\"target\":[\"https:\/\/metaltale.com\/lv\/produkts\/mebelu-slegmehanisms-cave\/\"]}]},{\"@type\":\"ImageObject\",\"inLanguage\":\"lv-LV\",\"@id\":\"https:\/\/metaltale.com\/lv\/produkts\/mebelu-slegmehanisms-cave\/#primaryimage\",\"url\":\"https:\/\/metaltale.com\/wp-content\/uploads\/2023\/09\/Zasuwka-meblowa-CAVE.jpg\",\"contentUrl\":\"https:\/\/metaltale.com\/wp-content\/uploads\/2023\/09\/Zasuwka-meblowa-CAVE.jpg\",\"width\":800,\"height\":800,\"caption\":\"M\u0113be\u013cu sl\u0113gmeh\u0101nisms CAVE\"},{\"@type\":\"BreadcrumbList\",\"@id\":\"https:\/\/metaltale.com\/lv\/produkts\/mebelu-slegmehanisms-cave\/#breadcrumb\",\"itemListElement\":[{\"@type\":\"ListItem\",\"position\":1,\"name\":\"Home\",\"item\":\"https:\/\/metaltale.com\/lv\/majas\/\"},{\"@type\":\"ListItem\",\"position\":2,\"name\":\"Veikals\",\"item\":\"https:\/\/metaltale.com\/lv\/shop\/\"},{\"@type\":\"ListItem\",\"position\":3,\"name\":\"M\u0113be\u013cu sl\u0113gmeh\u0101nisms CAVE\"}]},{\"@type\":\"WebSite\",\"@id\":\"https:\/\/metaltale.com\/lv\/#website\",\"url\":\"https:\/\/metaltale.com\/lv\/\",\"name\":\"Metaltale.com\",\"description\":\"\",\"potentialAction\":[{\"@type\":\"SearchAction\",\"target\":{\"@type\":\"EntryPoint\",\"urlTemplate\":\"https:\/\/metaltale.com\/lv\/?s={search_term_string}\"},\"query-input\":{\"@type\":\"PropertyValueSpecification\",\"valueRequired\":true,\"valueName\":\"search_term_string\"}}],\"inLanguage\":\"lv-LV\"}]}<\/script>\n<!-- \/ Yoast SEO plugin. -->","yoast_head_json":{"title":"M\u0113be\u013cu sl\u0113gmeh\u0101nisms CAVE - MetalTale.com","robots":{"index":"index","follow":"follow","max-snippet":"max-snippet:-1","max-image-preview":"max-image-preview:large","max-video-preview":"max-video-preview:-1"},"canonical":"https:\/\/metaltale.com\/lv\/produkts\/mebelu-slegmehanisms-cave\/","og_locale":"lv_LV","og_type":"article","og_title":"M\u0113be\u013cu sl\u0113gmeh\u0101nisms CAVE - MetalTale.com","og_description":"Modelis MD.1045-07 EAN. 5905369927898 Materi\u0101ls T\u0113rauds Kop\u0113jais augstums (cm ) 3 Kop\u0113jais platums (cm ) 8 Kop\u0113j\u0101 projekcija (cm )","og_url":"https:\/\/metaltale.com\/lv\/produkts\/mebelu-slegmehanisms-cave\/","og_site_name":"MetalTale.com","og_image":[{"width":800,"height":800,"url":"https:\/\/metaltale.com\/wp-content\/uploads\/2023\/09\/Zasuwka-meblowa-CAVE.jpg","type":"image\/jpeg"}],"twitter_card":"summary_large_image","twitter_misc":{"Est. reading time":"1 minute"},"schema":{"@context":"https:\/\/schema.org","@graph":[{"@type":"WebPage","@id":"https:\/\/metaltale.com\/lv\/produkts\/mebelu-slegmehanisms-cave\/","url":"https:\/\/metaltale.com\/lv\/produkts\/mebelu-slegmehanisms-cave\/","name":"M\u0113be\u013cu sl\u0113gmeh\u0101nisms CAVE - MetalTale.com","isPartOf":{"@id":"https:\/\/metaltale.com\/lv\/#website"},"primaryImageOfPage":{"@id":"https:\/\/metaltale.com\/lv\/produkts\/mebelu-slegmehanisms-cave\/#primaryimage"},"image":{"@id":"https:\/\/metaltale.com\/lv\/produkts\/mebelu-slegmehanisms-cave\/#primaryimage"},"thumbnailUrl":"https:\/\/metaltale.com\/wp-content\/uploads\/2023\/09\/Zasuwka-meblowa-CAVE.jpg","datePublished":"2024-02-13T13:05:05+00:00","breadcrumb":{"@id":"https:\/\/metaltale.com\/lv\/produkts\/mebelu-slegmehanisms-cave\/#breadcrumb"},"inLanguage":"lv-LV","potentialAction":[{"@type":"ReadAction","target":["https:\/\/metaltale.com\/lv\/produkts\/mebelu-slegmehanisms-cave\/"]}]},{"@type":"ImageObject","inLanguage":"lv-LV","@id":"https:\/\/metaltale.com\/lv\/produkts\/mebelu-slegmehanisms-cave\/#primaryimage","url":"https:\/\/metaltale.com\/wp-content\/uploads\/2023\/09\/Zasuwka-meblowa-CAVE.jpg","contentUrl":"https:\/\/metaltale.com\/wp-content\/uploads\/2023\/09\/Zasuwka-meblowa-CAVE.jpg","width":800,"height":800,"caption":"M\u0113be\u013cu sl\u0113gmeh\u0101nisms CAVE"},{"@type":"BreadcrumbList","@id":"https:\/\/metaltale.com\/lv\/produkts\/mebelu-slegmehanisms-cave\/#breadcrumb","itemListElement":[{"@type":"ListItem","position":1,"name":"Home","item":"https:\/\/metaltale.com\/lv\/majas\/"},{"@type":"ListItem","position":2,"name":"Veikals","item":"https:\/\/metaltale.com\/lv\/shop\/"},{"@type":"ListItem","position":3,"name":"M\u0113be\u013cu sl\u0113gmeh\u0101nisms CAVE"}]},{"@type":"WebSite","@id":"https:\/\/metaltale.com\/lv\/#website","url":"https:\/\/metaltale.com\/lv\/","name":"Metaltale.com","description":"","potentialAction":[{"@type":"SearchAction","target":{"@type":"EntryPoint","urlTemplate":"https:\/\/metaltale.com\/lv\/?s={search_term_string}"},"query-input":{"@type":"PropertyValueSpecification","valueRequired":true,"valueName":"search_term_string"}}],"inLanguage":"lv-LV"}]}},"_links":{"self":[{"href":"https:\/\/metaltale.com\/lv\/wp-json\/wp\/v2\/product\/136270","targetHints":{"allow":["GET"]}}],"collection":[{"href":"https:\/\/metaltale.com\/lv\/wp-json\/wp\/v2\/product"}],"about":[{"href":"https:\/\/metaltale.com\/lv\/wp-json\/wp\/v2\/types\/product"}],"replies":[{"embeddable":true,"href":"https:\/\/metaltale.com\/lv\/wp-json\/wp\/v2\/comments?post=136270"}],"version-history":[{"count":0,"href":"https:\/\/metaltale.com\/lv\/wp-json\/wp\/v2\/product\/136270\/revisions"}],"wp:featuredmedia":[{"embeddable":true,"href":"https:\/\/metaltale.com\/lv\/wp-json\/wp\/v2\/media\/74806"}],"wp:attachment":[{"href":"https:\/\/metaltale.com\/lv\/wp-json\/wp\/v2\/media?parent=136270"}],"wp:term":[{"taxonomy":"product_brand","embeddable":true,"href":"https:\/\/metaltale.com\/lv\/wp-json\/wp\/v2\/product_brand?post=136270"},{"taxonomy":"product_cat","embeddable":true,"href":"https:\/\/metaltale.com\/lv\/wp-json\/wp\/v2\/product_cat?post=136270"},{"taxonomy":"product_tag","embeddable":true,"href":"https:\/\/metaltale.com\/lv\/wp-json\/wp\/v2\/product_tag?post=136270"}],"curies":[{"name":"wp","href":"https:\/\/api.w.org\/{rel}","templated":true}]}}