{"id":136253,"date":"2024-02-13T15:05:46","date_gmt":"2024-02-13T13:05:46","guid":{"rendered":"https:\/\/metaltale.com\/produktas\/mebelu-sledzene-simple-35-mm\/"},"modified":"2024-02-13T15:05:46","modified_gmt":"2024-02-13T13:05:46","slug":"mebelu-sledzene-simple-35-mm","status":"publish","type":"product","link":"https:\/\/metaltale.com\/lv\/produkts\/mebelu-sledzene-simple-35-mm\/","title":{"rendered":"M\u0113be\u013cu sl\u0113dzene SIMPLE 35 mm"},"content":{"rendered":"<div class=\"prod_data\">\n<p><strong>Modelis<\/strong> MD.100.PRGR<br \/>\n<strong>Materi\u0101ls<\/strong> T\u0113rauds<br \/>\n<strong>Kop\u0113j\u0101 projekcija (cm<\/strong> ) 2,3<br \/>\nMont\u0101\u017eas skr\u016bves N\u0113<br \/>\nT\u0113rauda <strong>kr\u0101sa<\/strong> <\/p>\n<p>Izstr\u0101d\u0101jums ir izgatavots no t\u0113rauda, kas nodro\u0161ina t\u0101 iztur\u012bbu un iztur\u012bbu.<\/p>\n<p>Sl\u0113dzene ir piem\u0113rota liel\u0101kajai da\u013cai standarta atsl\u0113gu<\/p>\n<p>Pateicoties stiprin\u0101juma atver\u0113m, sl\u0113dzeni ir \u013coti viegli uzst\u0101d\u012bt.<\/p>\n<p>att\u0101lums no sl\u0113dzenes malas l\u012bdz atsl\u0113gas caurumam 35 mm.<\/p>\n<hr>\n<p>Pieg\u0101d\u0101tais m\u0113be\u013cu sl\u0113dzis ir piem\u0113rots liel\u0101kajai da\u013cai m\u0113be\u013cu atsl\u0113gu, t\u0101d\u0113j\u0101di \u013caujot viegli nostiprin\u0101t m\u016bsu priek\u0161metus atvilktn\u0113s vai skapjos. Pla\u0161ais izm\u0113ru kl\u0101sts \u013cauj viegli piel\u0101got sl\u0113dzeni m\u016bsu m\u0113bel\u0113m. Pateicoties mont\u0101\u017eas caurumiem, sl\u0113dzenes uzst\u0101d\u012b\u0161ana nerada probl\u0113mas. Produkts ir izgatavots no augst\u0101k\u0101s kvalit\u0101tes t\u0113rauda, kas kalpos daudzus gadus.<\/p>\n<\/div>\n","protected":false},"excerpt":{"rendered":"<p>Modelis MD.100.PRGR Materi\u0101ls T\u0113rauds Kop\u0113j\u0101 projekcija (cm ) 2,3 Mont\u0101\u017eas skr\u016bves N\u0113 T\u0113rauda kr\u0101sa Izstr\u0101d\u0101jums ir izgatavots no t\u0113rauda, kas<\/p>\n","protected":false},"featured_media":106910,"comment_status":"open","ping_status":"closed","template":"","meta":{"_acf_changed":false,"pmpro_default_level":""},"product_brand":[],"product_cat":[23892,23837,23890],"product_tag":[],"class_list":{"0":"post-136253","1":"product","2":"type-product","3":"status-publish","4":"has-post-thumbnail","6":"product_cat-baldu-spynos-lv","7":"product_cat-mebeles-piederumi","8":"product_cat-spynos-lv","9":"pmpro-has-access","11":"first","12":"instock","13":"shipping-taxable","14":"purchasable","15":"product-type-simple"},"acf":[],"yoast_head":"<!-- This site is optimized with the Yoast SEO plugin v24.9 - https:\/\/yoast.com\/wordpress\/plugins\/seo\/ -->\n<title>M\u0113be\u013cu sl\u0113dzene SIMPLE 35 mm - MetalTale.com<\/title>\n<meta name=\"robots\" content=\"index, follow, max-snippet:-1, max-image-preview:large, max-video-preview:-1\" \/>\n<link rel=\"canonical\" href=\"https:\/\/metaltale.com\/lv\/produkts\/mebelu-sledzene-simple-35-mm\/\" \/>\n<meta property=\"og:locale\" content=\"lv_LV\" \/>\n<meta property=\"og:type\" content=\"article\" \/>\n<meta property=\"og:title\" content=\"M\u0113be\u013cu sl\u0113dzene SIMPLE 35 mm - MetalTale.com\" \/>\n<meta property=\"og:description\" content=\"Modelis MD.100.PRGR Materi\u0101ls T\u0113rauds Kop\u0113j\u0101 projekcija (cm ) 2,3 Mont\u0101\u017eas skr\u016bves N\u0113 T\u0113rauda kr\u0101sa Izstr\u0101d\u0101jums ir izgatavots no t\u0113rauda, kas\" \/>\n<meta property=\"og:url\" content=\"https:\/\/metaltale.com\/lv\/produkts\/mebelu-sledzene-simple-35-mm\/\" \/>\n<meta property=\"og:site_name\" content=\"MetalTale.com\" \/>\n<meta property=\"og:image\" content=\"https:\/\/metaltale.com\/wp-content\/uploads\/2023\/11\/Baldx173-ux17Eraktas-pritaikytas-STRAIGHT-25mm.jpg\" \/>\n\t<meta property=\"og:image:width\" content=\"800\" \/>\n\t<meta property=\"og:image:height\" content=\"800\" \/>\n\t<meta property=\"og:image:type\" content=\"image\/jpeg\" \/>\n<meta name=\"twitter:card\" content=\"summary_large_image\" \/>\n<meta name=\"twitter:label1\" content=\"Est. reading time\" \/>\n\t<meta name=\"twitter:data1\" content=\"1 minute\" \/>\n<script type=\"application\/ld+json\" class=\"yoast-schema-graph\">{\"@context\":\"https:\/\/schema.org\",\"@graph\":[{\"@type\":\"WebPage\",\"@id\":\"https:\/\/metaltale.com\/lv\/produkts\/mebelu-sledzene-simple-35-mm\/\",\"url\":\"https:\/\/metaltale.com\/lv\/produkts\/mebelu-sledzene-simple-35-mm\/\",\"name\":\"M\u0113be\u013cu sl\u0113dzene SIMPLE 35 mm - MetalTale.com\",\"isPartOf\":{\"@id\":\"https:\/\/metaltale.com\/lv\/#website\"},\"primaryImageOfPage\":{\"@id\":\"https:\/\/metaltale.com\/lv\/produkts\/mebelu-sledzene-simple-35-mm\/#primaryimage\"},\"image\":{\"@id\":\"https:\/\/metaltale.com\/lv\/produkts\/mebelu-sledzene-simple-35-mm\/#primaryimage\"},\"thumbnailUrl\":\"https:\/\/metaltale.com\/wp-content\/uploads\/2023\/11\/Baldx173-ux17Eraktas-pritaikytas-STRAIGHT-25mm.jpg\",\"datePublished\":\"2024-02-13T13:05:46+00:00\",\"breadcrumb\":{\"@id\":\"https:\/\/metaltale.com\/lv\/produkts\/mebelu-sledzene-simple-35-mm\/#breadcrumb\"},\"inLanguage\":\"lv-LV\",\"potentialAction\":[{\"@type\":\"ReadAction\",\"target\":[\"https:\/\/metaltale.com\/lv\/produkts\/mebelu-sledzene-simple-35-mm\/\"]}]},{\"@type\":\"ImageObject\",\"inLanguage\":\"lv-LV\",\"@id\":\"https:\/\/metaltale.com\/lv\/produkts\/mebelu-sledzene-simple-35-mm\/#primaryimage\",\"url\":\"https:\/\/metaltale.com\/wp-content\/uploads\/2023\/11\/Baldx173-ux17Eraktas-pritaikytas-STRAIGHT-25mm.jpg\",\"contentUrl\":\"https:\/\/metaltale.com\/wp-content\/uploads\/2023\/11\/Baldx173-ux17Eraktas-pritaikytas-STRAIGHT-25mm.jpg\",\"width\":800,\"height\":800,\"caption\":\"M\u0113be\u013cu sl\u0113dzene SIMPLE 40 mm\"},{\"@type\":\"BreadcrumbList\",\"@id\":\"https:\/\/metaltale.com\/lv\/produkts\/mebelu-sledzene-simple-35-mm\/#breadcrumb\",\"itemListElement\":[{\"@type\":\"ListItem\",\"position\":1,\"name\":\"Home\",\"item\":\"https:\/\/metaltale.com\/lv\/majas\/\"},{\"@type\":\"ListItem\",\"position\":2,\"name\":\"Veikals\",\"item\":\"https:\/\/metaltale.com\/lv\/shop\/\"},{\"@type\":\"ListItem\",\"position\":3,\"name\":\"M\u0113be\u013cu sl\u0113dzene SIMPLE 35 mm\"}]},{\"@type\":\"WebSite\",\"@id\":\"https:\/\/metaltale.com\/lv\/#website\",\"url\":\"https:\/\/metaltale.com\/lv\/\",\"name\":\"Metaltale.com\",\"description\":\"\",\"potentialAction\":[{\"@type\":\"SearchAction\",\"target\":{\"@type\":\"EntryPoint\",\"urlTemplate\":\"https:\/\/metaltale.com\/lv\/?s={search_term_string}\"},\"query-input\":{\"@type\":\"PropertyValueSpecification\",\"valueRequired\":true,\"valueName\":\"search_term_string\"}}],\"inLanguage\":\"lv-LV\"}]}<\/script>\n<!-- \/ Yoast SEO plugin. -->","yoast_head_json":{"title":"M\u0113be\u013cu sl\u0113dzene SIMPLE 35 mm - MetalTale.com","robots":{"index":"index","follow":"follow","max-snippet":"max-snippet:-1","max-image-preview":"max-image-preview:large","max-video-preview":"max-video-preview:-1"},"canonical":"https:\/\/metaltale.com\/lv\/produkts\/mebelu-sledzene-simple-35-mm\/","og_locale":"lv_LV","og_type":"article","og_title":"M\u0113be\u013cu sl\u0113dzene SIMPLE 35 mm - MetalTale.com","og_description":"Modelis MD.100.PRGR Materi\u0101ls T\u0113rauds Kop\u0113j\u0101 projekcija (cm ) 2,3 Mont\u0101\u017eas skr\u016bves N\u0113 T\u0113rauda kr\u0101sa Izstr\u0101d\u0101jums ir izgatavots no t\u0113rauda, kas","og_url":"https:\/\/metaltale.com\/lv\/produkts\/mebelu-sledzene-simple-35-mm\/","og_site_name":"MetalTale.com","og_image":[{"width":800,"height":800,"url":"https:\/\/metaltale.com\/wp-content\/uploads\/2023\/11\/Baldx173-ux17Eraktas-pritaikytas-STRAIGHT-25mm.jpg","type":"image\/jpeg"}],"twitter_card":"summary_large_image","twitter_misc":{"Est. reading time":"1 minute"},"schema":{"@context":"https:\/\/schema.org","@graph":[{"@type":"WebPage","@id":"https:\/\/metaltale.com\/lv\/produkts\/mebelu-sledzene-simple-35-mm\/","url":"https:\/\/metaltale.com\/lv\/produkts\/mebelu-sledzene-simple-35-mm\/","name":"M\u0113be\u013cu sl\u0113dzene SIMPLE 35 mm - MetalTale.com","isPartOf":{"@id":"https:\/\/metaltale.com\/lv\/#website"},"primaryImageOfPage":{"@id":"https:\/\/metaltale.com\/lv\/produkts\/mebelu-sledzene-simple-35-mm\/#primaryimage"},"image":{"@id":"https:\/\/metaltale.com\/lv\/produkts\/mebelu-sledzene-simple-35-mm\/#primaryimage"},"thumbnailUrl":"https:\/\/metaltale.com\/wp-content\/uploads\/2023\/11\/Baldx173-ux17Eraktas-pritaikytas-STRAIGHT-25mm.jpg","datePublished":"2024-02-13T13:05:46+00:00","breadcrumb":{"@id":"https:\/\/metaltale.com\/lv\/produkts\/mebelu-sledzene-simple-35-mm\/#breadcrumb"},"inLanguage":"lv-LV","potentialAction":[{"@type":"ReadAction","target":["https:\/\/metaltale.com\/lv\/produkts\/mebelu-sledzene-simple-35-mm\/"]}]},{"@type":"ImageObject","inLanguage":"lv-LV","@id":"https:\/\/metaltale.com\/lv\/produkts\/mebelu-sledzene-simple-35-mm\/#primaryimage","url":"https:\/\/metaltale.com\/wp-content\/uploads\/2023\/11\/Baldx173-ux17Eraktas-pritaikytas-STRAIGHT-25mm.jpg","contentUrl":"https:\/\/metaltale.com\/wp-content\/uploads\/2023\/11\/Baldx173-ux17Eraktas-pritaikytas-STRAIGHT-25mm.jpg","width":800,"height":800,"caption":"M\u0113be\u013cu sl\u0113dzene SIMPLE 40 mm"},{"@type":"BreadcrumbList","@id":"https:\/\/metaltale.com\/lv\/produkts\/mebelu-sledzene-simple-35-mm\/#breadcrumb","itemListElement":[{"@type":"ListItem","position":1,"name":"Home","item":"https:\/\/metaltale.com\/lv\/majas\/"},{"@type":"ListItem","position":2,"name":"Veikals","item":"https:\/\/metaltale.com\/lv\/shop\/"},{"@type":"ListItem","position":3,"name":"M\u0113be\u013cu sl\u0113dzene SIMPLE 35 mm"}]},{"@type":"WebSite","@id":"https:\/\/metaltale.com\/lv\/#website","url":"https:\/\/metaltale.com\/lv\/","name":"Metaltale.com","description":"","potentialAction":[{"@type":"SearchAction","target":{"@type":"EntryPoint","urlTemplate":"https:\/\/metaltale.com\/lv\/?s={search_term_string}"},"query-input":{"@type":"PropertyValueSpecification","valueRequired":true,"valueName":"search_term_string"}}],"inLanguage":"lv-LV"}]}},"_links":{"self":[{"href":"https:\/\/metaltale.com\/lv\/wp-json\/wp\/v2\/product\/136253","targetHints":{"allow":["GET"]}}],"collection":[{"href":"https:\/\/metaltale.com\/lv\/wp-json\/wp\/v2\/product"}],"about":[{"href":"https:\/\/metaltale.com\/lv\/wp-json\/wp\/v2\/types\/product"}],"replies":[{"embeddable":true,"href":"https:\/\/metaltale.com\/lv\/wp-json\/wp\/v2\/comments?post=136253"}],"version-history":[{"count":0,"href":"https:\/\/metaltale.com\/lv\/wp-json\/wp\/v2\/product\/136253\/revisions"}],"wp:featuredmedia":[{"embeddable":true,"href":"https:\/\/metaltale.com\/lv\/wp-json\/wp\/v2\/media\/106910"}],"wp:attachment":[{"href":"https:\/\/metaltale.com\/lv\/wp-json\/wp\/v2\/media?parent=136253"}],"wp:term":[{"taxonomy":"product_brand","embeddable":true,"href":"https:\/\/metaltale.com\/lv\/wp-json\/wp\/v2\/product_brand?post=136253"},{"taxonomy":"product_cat","embeddable":true,"href":"https:\/\/metaltale.com\/lv\/wp-json\/wp\/v2\/product_cat?post=136253"},{"taxonomy":"product_tag","embeddable":true,"href":"https:\/\/metaltale.com\/lv\/wp-json\/wp\/v2\/product_tag?post=136253"}],"curies":[{"name":"wp","href":"https:\/\/api.w.org\/{rel}","templated":true}]}}