{"id":136240,"date":"2024-02-13T15:07:38","date_gmt":"2024-02-13T13:07:38","guid":{"rendered":"https:\/\/metaltale.com\/produktas\/mebelu-rokturis-antique-35mm-antique-gold\/"},"modified":"2024-02-13T15:07:38","modified_gmt":"2024-02-13T13:07:38","slug":"mebelu-rokturis-antique-35mm-antique-gold","status":"publish","type":"product","link":"https:\/\/metaltale.com\/lv\/produkts\/mebelu-rokturis-antique-35mm-antique-gold\/","title":{"rendered":"M\u0113be\u013cu rokturis ANTIQUE 35mm ANTIQUE GOLD"},"content":{"rendered":"<div class=\"prod_data\">\n<p><strong>Modelis<\/strong> 24466.PRGR<br \/>\n<strong>Materi\u0101ls<\/strong> Cinka sakaus\u0113jums<br \/>\n<strong>Kop\u0113jais platums (cm<\/strong> ) 3,5<br \/>\n<strong>Kop\u0113j\u0101 projekcija (cm<\/strong> ) 2,8<br \/>\n<strong>Mont\u0101\u017eas skr\u016bves<\/strong> Skr\u016bve<\/p>\n<p>Produkts ir izgatavots no augst\u0101k\u0101s kvalit\u0101tes materi\u0101liem, t\u0101p\u0113c tas kalpos ilgu laiku.<\/p>\n<p>Virsma rada noveco\u0161anas iespaidu, pie\u0161\u0137irot rokturim lauku raksturu.<\/p>\n<p>Klasisk\u0101 forma padara to \u013coti funkcion\u0101lu<\/p>\n<p>Pie izstr\u0101d\u0101juma piestiprin\u0101ta skr\u016bve, lai nodro\u0161in\u0101tu vieglu un \u0101tru mont\u0101\u017eu.<\/p>\n<hr>\n<p>M\u0113be\u013cu rokturis ir \u013coti svar\u012bgs elements, kas pal\u012bdz mums pie\u0161\u0137irt m\u0113bel\u0113m jaunu izskatu. Ir v\u0113rts atcer\u0113ties, ka, lai gan rokturi ir neliels dekorat\u012bvs elements, tie var viegli pie\u0161\u0137irt m\u016bsu m\u0113bel\u0113m personisku izskatu. Papildus dekorat\u012bvajai funkcijai rokturim ir ar\u012b \u013coti svar\u012bga praktiska noz\u012bme, t\u0101p\u0113c tam j\u0101b\u016bt iztur\u012bgam un ilgm\u016b\u017e\u012bgam, un m\u016bsu veikal\u0101 pied\u0101v\u0101tie produkti to ar\u012b nodro\u0161ina.<\/p>\n<p>ANTYK m\u0113be\u013cu rokturim ir vienk\u0101r\u0161a forma, t. i., tas ir. y. plat\u0101ks korpuss uz v\u0113rt\u012bg\u0101kas k\u0101jas, kas nodro\u0161ina vieglu satver\u0161anu un atv\u0113r\u0161anu. Rokturis rada iespaidu, ka tas ir \u013coti novecojis, jo ir redzama kr\u0101sas mai\u0146a. Tas viss pie\u0161\u0137ir tai lauku raksturu un padara to ide\u0101li piem\u0113rotu tradicion\u0101lajam interjeram, k\u0101 ar\u012b vintage vai retro interjeram. Rokturim ir piestiprin\u0101ta stiprin\u0101juma skr\u016bve, kas mums atvieglos \u0101tru produkta piestiprin\u0101\u0161anu. ANTYK m\u0113be\u013cu poga \u013coti vienk\u0101r\u0161\u0101 veid\u0101 atjaunin\u0101s vai pie\u0161\u0137irs m\u016bsu m\u0113bel\u0113m ori\u0123in\u0101lu un unik\u0101lu stilu.<\/p>\n<\/div>\n","protected":false},"excerpt":{"rendered":"<p>Modelis 24466.PRGR Materi\u0101ls Cinka sakaus\u0113jums Kop\u0113jais platums (cm ) 3,5 Kop\u0113j\u0101 projekcija (cm ) 2,8 Mont\u0101\u017eas skr\u016bves Skr\u016bve Produkts ir<\/p>\n","protected":false},"featured_media":107083,"comment_status":"open","ping_status":"closed","template":"","meta":{"_acf_changed":false,"pmpro_default_level":""},"product_brand":[],"product_cat":[23864,23837,23875],"product_tag":[],"class_list":{"0":"post-136240","1":"product","2":"type-product","3":"status-publish","4":"has-post-thumbnail","6":"product_cat-baldu-rankeneles-lv","7":"product_cat-mebeles-piederumi","8":"product_cat-rankeneles-lv","9":"pmpro-has-access","11":"first","12":"instock","13":"shipping-taxable","14":"purchasable","15":"product-type-simple"},"acf":[],"yoast_head":"<!-- This site is optimized with the Yoast SEO plugin v24.9 - https:\/\/yoast.com\/wordpress\/plugins\/seo\/ -->\n<title>M\u0113be\u013cu rokturis ANTIQUE 35mm ANTIQUE GOLD - MetalTale.com<\/title>\n<meta name=\"robots\" content=\"index, follow, max-snippet:-1, max-image-preview:large, max-video-preview:-1\" \/>\n<link rel=\"canonical\" href=\"https:\/\/metaltale.com\/lv\/produkts\/mebelu-rokturis-antique-35mm-antique-gold\/\" \/>\n<meta property=\"og:locale\" content=\"lv_LV\" \/>\n<meta property=\"og:type\" content=\"article\" \/>\n<meta property=\"og:title\" content=\"M\u0113be\u013cu rokturis ANTIQUE 35mm ANTIQUE GOLD - MetalTale.com\" \/>\n<meta property=\"og:description\" content=\"Modelis 24466.PRGR Materi\u0101ls Cinka sakaus\u0113jums Kop\u0113jais platums (cm ) 3,5 Kop\u0113j\u0101 projekcija (cm ) 2,8 Mont\u0101\u017eas skr\u016bves Skr\u016bve Produkts ir\" \/>\n<meta property=\"og:url\" content=\"https:\/\/metaltale.com\/lv\/produkts\/mebelu-rokturis-antique-35mm-antique-gold\/\" \/>\n<meta property=\"og:site_name\" content=\"MetalTale.com\" \/>\n<meta name=\"twitter:card\" content=\"summary_large_image\" \/>\n<meta name=\"twitter:label1\" content=\"Est. reading time\" \/>\n\t<meta name=\"twitter:data1\" content=\"1 minute\" \/>\n<script type=\"application\/ld+json\" class=\"yoast-schema-graph\">{\"@context\":\"https:\/\/schema.org\",\"@graph\":[{\"@type\":\"WebPage\",\"@id\":\"https:\/\/metaltale.com\/lv\/produkts\/mebelu-rokturis-antique-35mm-antique-gold\/\",\"url\":\"https:\/\/metaltale.com\/lv\/produkts\/mebelu-rokturis-antique-35mm-antique-gold\/\",\"name\":\"M\u0113be\u013cu rokturis ANTIQUE 35mm ANTIQUE GOLD - MetalTale.com\",\"isPartOf\":{\"@id\":\"https:\/\/metaltale.com\/lv\/#website\"},\"primaryImageOfPage\":{\"@id\":\"https:\/\/metaltale.com\/lv\/produkts\/mebelu-rokturis-antique-35mm-antique-gold\/#primaryimage\"},\"image\":{\"@id\":\"https:\/\/metaltale.com\/lv\/produkts\/mebelu-rokturis-antique-35mm-antique-gold\/#primaryimage\"},\"thumbnailUrl\":\"https:\/\/metaltale.com\/wp-content\/uploads\/2023\/11\/Baldx173-rankenx117lx117-ANTYK-35mm-antikvarinis-auksas.jpg\",\"datePublished\":\"2024-02-13T13:07:38+00:00\",\"breadcrumb\":{\"@id\":\"https:\/\/metaltale.com\/lv\/produkts\/mebelu-rokturis-antique-35mm-antique-gold\/#breadcrumb\"},\"inLanguage\":\"lv-LV\",\"potentialAction\":[{\"@type\":\"ReadAction\",\"target\":[\"https:\/\/metaltale.com\/lv\/produkts\/mebelu-rokturis-antique-35mm-antique-gold\/\"]}]},{\"@type\":\"ImageObject\",\"inLanguage\":\"lv-LV\",\"@id\":\"https:\/\/metaltale.com\/lv\/produkts\/mebelu-rokturis-antique-35mm-antique-gold\/#primaryimage\",\"url\":\"https:\/\/metaltale.com\/wp-content\/uploads\/2023\/11\/Baldx173-rankenx117lx117-ANTYK-35mm-antikvarinis-auksas.jpg\",\"contentUrl\":\"https:\/\/metaltale.com\/wp-content\/uploads\/2023\/11\/Baldx173-rankenx117lx117-ANTYK-35mm-antikvarinis-auksas.jpg\",\"width\":800,\"height\":800,\"caption\":\"M\u0113be\u013cu rokturis ANTIQUE 35mm ANTIQUE GOLD\"},{\"@type\":\"BreadcrumbList\",\"@id\":\"https:\/\/metaltale.com\/lv\/produkts\/mebelu-rokturis-antique-35mm-antique-gold\/#breadcrumb\",\"itemListElement\":[{\"@type\":\"ListItem\",\"position\":1,\"name\":\"Home\",\"item\":\"https:\/\/metaltale.com\/lv\/majas\/\"},{\"@type\":\"ListItem\",\"position\":2,\"name\":\"Veikals\",\"item\":\"https:\/\/metaltale.com\/lv\/shop\/\"},{\"@type\":\"ListItem\",\"position\":3,\"name\":\"M\u0113be\u013cu rokturis ANTIQUE 35mm ANTIQUE GOLD\"}]},{\"@type\":\"WebSite\",\"@id\":\"https:\/\/metaltale.com\/lv\/#website\",\"url\":\"https:\/\/metaltale.com\/lv\/\",\"name\":\"Metaltale.com\",\"description\":\"\",\"potentialAction\":[{\"@type\":\"SearchAction\",\"target\":{\"@type\":\"EntryPoint\",\"urlTemplate\":\"https:\/\/metaltale.com\/lv\/?s={search_term_string}\"},\"query-input\":{\"@type\":\"PropertyValueSpecification\",\"valueRequired\":true,\"valueName\":\"search_term_string\"}}],\"inLanguage\":\"lv-LV\"}]}<\/script>\n<!-- \/ Yoast SEO plugin. -->","yoast_head_json":{"title":"M\u0113be\u013cu rokturis ANTIQUE 35mm ANTIQUE GOLD - MetalTale.com","robots":{"index":"index","follow":"follow","max-snippet":"max-snippet:-1","max-image-preview":"max-image-preview:large","max-video-preview":"max-video-preview:-1"},"canonical":"https:\/\/metaltale.com\/lv\/produkts\/mebelu-rokturis-antique-35mm-antique-gold\/","og_locale":"lv_LV","og_type":"article","og_title":"M\u0113be\u013cu rokturis ANTIQUE 35mm ANTIQUE GOLD - MetalTale.com","og_description":"Modelis 24466.PRGR Materi\u0101ls Cinka sakaus\u0113jums Kop\u0113jais platums (cm ) 3,5 Kop\u0113j\u0101 projekcija (cm ) 2,8 Mont\u0101\u017eas skr\u016bves Skr\u016bve Produkts ir","og_url":"https:\/\/metaltale.com\/lv\/produkts\/mebelu-rokturis-antique-35mm-antique-gold\/","og_site_name":"MetalTale.com","twitter_card":"summary_large_image","twitter_misc":{"Est. reading time":"1 minute"},"schema":{"@context":"https:\/\/schema.org","@graph":[{"@type":"WebPage","@id":"https:\/\/metaltale.com\/lv\/produkts\/mebelu-rokturis-antique-35mm-antique-gold\/","url":"https:\/\/metaltale.com\/lv\/produkts\/mebelu-rokturis-antique-35mm-antique-gold\/","name":"M\u0113be\u013cu rokturis ANTIQUE 35mm ANTIQUE GOLD - MetalTale.com","isPartOf":{"@id":"https:\/\/metaltale.com\/lv\/#website"},"primaryImageOfPage":{"@id":"https:\/\/metaltale.com\/lv\/produkts\/mebelu-rokturis-antique-35mm-antique-gold\/#primaryimage"},"image":{"@id":"https:\/\/metaltale.com\/lv\/produkts\/mebelu-rokturis-antique-35mm-antique-gold\/#primaryimage"},"thumbnailUrl":"https:\/\/metaltale.com\/wp-content\/uploads\/2023\/11\/Baldx173-rankenx117lx117-ANTYK-35mm-antikvarinis-auksas.jpg","datePublished":"2024-02-13T13:07:38+00:00","breadcrumb":{"@id":"https:\/\/metaltale.com\/lv\/produkts\/mebelu-rokturis-antique-35mm-antique-gold\/#breadcrumb"},"inLanguage":"lv-LV","potentialAction":[{"@type":"ReadAction","target":["https:\/\/metaltale.com\/lv\/produkts\/mebelu-rokturis-antique-35mm-antique-gold\/"]}]},{"@type":"ImageObject","inLanguage":"lv-LV","@id":"https:\/\/metaltale.com\/lv\/produkts\/mebelu-rokturis-antique-35mm-antique-gold\/#primaryimage","url":"https:\/\/metaltale.com\/wp-content\/uploads\/2023\/11\/Baldx173-rankenx117lx117-ANTYK-35mm-antikvarinis-auksas.jpg","contentUrl":"https:\/\/metaltale.com\/wp-content\/uploads\/2023\/11\/Baldx173-rankenx117lx117-ANTYK-35mm-antikvarinis-auksas.jpg","width":800,"height":800,"caption":"M\u0113be\u013cu rokturis ANTIQUE 35mm ANTIQUE GOLD"},{"@type":"BreadcrumbList","@id":"https:\/\/metaltale.com\/lv\/produkts\/mebelu-rokturis-antique-35mm-antique-gold\/#breadcrumb","itemListElement":[{"@type":"ListItem","position":1,"name":"Home","item":"https:\/\/metaltale.com\/lv\/majas\/"},{"@type":"ListItem","position":2,"name":"Veikals","item":"https:\/\/metaltale.com\/lv\/shop\/"},{"@type":"ListItem","position":3,"name":"M\u0113be\u013cu rokturis ANTIQUE 35mm ANTIQUE GOLD"}]},{"@type":"WebSite","@id":"https:\/\/metaltale.com\/lv\/#website","url":"https:\/\/metaltale.com\/lv\/","name":"Metaltale.com","description":"","potentialAction":[{"@type":"SearchAction","target":{"@type":"EntryPoint","urlTemplate":"https:\/\/metaltale.com\/lv\/?s={search_term_string}"},"query-input":{"@type":"PropertyValueSpecification","valueRequired":true,"valueName":"search_term_string"}}],"inLanguage":"lv-LV"}]}},"_links":{"self":[{"href":"https:\/\/metaltale.com\/lv\/wp-json\/wp\/v2\/product\/136240","targetHints":{"allow":["GET"]}}],"collection":[{"href":"https:\/\/metaltale.com\/lv\/wp-json\/wp\/v2\/product"}],"about":[{"href":"https:\/\/metaltale.com\/lv\/wp-json\/wp\/v2\/types\/product"}],"replies":[{"embeddable":true,"href":"https:\/\/metaltale.com\/lv\/wp-json\/wp\/v2\/comments?post=136240"}],"version-history":[{"count":0,"href":"https:\/\/metaltale.com\/lv\/wp-json\/wp\/v2\/product\/136240\/revisions"}],"wp:featuredmedia":[{"embeddable":true,"href":"https:\/\/metaltale.com\/lv\/wp-json\/wp\/v2\/media\/107083"}],"wp:attachment":[{"href":"https:\/\/metaltale.com\/lv\/wp-json\/wp\/v2\/media?parent=136240"}],"wp:term":[{"taxonomy":"product_brand","embeddable":true,"href":"https:\/\/metaltale.com\/lv\/wp-json\/wp\/v2\/product_brand?post=136240"},{"taxonomy":"product_cat","embeddable":true,"href":"https:\/\/metaltale.com\/lv\/wp-json\/wp\/v2\/product_cat?post=136240"},{"taxonomy":"product_tag","embeddable":true,"href":"https:\/\/metaltale.com\/lv\/wp-json\/wp\/v2\/product_tag?post=136240"}],"curies":[{"name":"wp","href":"https:\/\/api.w.org\/{rel}","templated":true}]}}