{"id":136211,"date":"2024-02-13T15:17:46","date_gmt":"2024-02-13T13:17:46","guid":{"rendered":"https:\/\/metaltale.com\/produktas\/durvju-rokturis-preston-72-mm-ar-sledzeni\/"},"modified":"2024-02-13T15:17:46","modified_gmt":"2024-02-13T13:17:46","slug":"durvju-rokturis-preston-72-mm-ar-sledzeni","status":"publish","type":"product","link":"https:\/\/metaltale.com\/lv\/produkts\/durvju-rokturis-preston-72-mm-ar-sledzeni\/","title":{"rendered":"Durvju rokturis PRESTON 72 mm ar sl\u0113dzeni"},"content":{"rendered":"<div class=\"prod_data\">\n<h2>M\u0113be\u013cu aksesu\u0101ri &#8211; Durvju rokturis PRESTON 72 MM<\/h2>\n<p><strong>Modelis:<\/strong> B.PNKL-72<br \/>\n<strong>Materi\u0101ls:<\/strong> t\u0113rauds<br \/>\n<strong>Kop\u0113jais augstums (cm<\/strong> ): 24<br \/>\n<strong>Kop\u0113jais platums (cm<\/strong> ): 11,5<br \/>\n<strong>Kop\u0113j\u0101 projekcija (cm<\/strong> ): 5<br \/>\n<strong>Att\u0101lums starp rokturi un atsl\u0113gas caurumu (mm):<\/strong> 72 mm<br \/>\n<strong>Mont\u0101\u017eas skr\u016bves:<\/strong> j\u0101<br \/>\n<strong>Kr\u0101sa:<\/strong> melna<br \/>\n<strong>Apdare:<\/strong> m\u012bksta, sat\u012bna efekts<br \/>\n<strong>Virsma:<\/strong> gluda<br \/>\n<strong>Daudzums komplekt\u0101<\/strong> 1 rokturis (durv\u012bm ab\u0101s pus\u0113s) + serde + stiprin\u0101juma skr\u016bves<br \/>\n<strong>Lieto\u0161ana<\/strong>: Iek\u0161durv\u012bm un \u0101rdurv\u012bm<\/p>\n<p>Preston t\u0113rauda rokturi ir pieejami meln\u0101, da\u013c\u0113ji mat\u0113t\u0101 kr\u0101s\u0101 &#8211; funkcionalit\u0101tes un est\u0113tikas kombin\u0101cija tiem, kas nov\u0113rt\u0113 kvalit\u0101ti un ekskluz\u012bvu stilu. Rokturi ir iztur\u012bgi un iztur\u012bgi, piem\u0113roti gan iek\u0161durv\u012bm, gan \u0101rdurv\u012bm.<\/p>\n<\/div>\n","protected":false},"excerpt":{"rendered":"<p>M\u0113be\u013cu aksesu\u0101ri &#8211; Durvju rokturis PRESTON 72 MM Modelis: B.PNKL-72 Materi\u0101ls: t\u0113rauds Kop\u0113jais augstums (cm ): 24 Kop\u0113jais platums (cm<\/p>\n","protected":false},"featured_media":64531,"comment_status":"open","ping_status":"closed","template":"","meta":{"_acf_changed":false,"pmpro_default_level":""},"product_brand":[],"product_cat":[24134,24123,24081,23837],"product_tag":[],"class_list":{"0":"post-136211","1":"product","2":"type-product","3":"status-publish","4":"has-post-thumbnail","6":"product_cat-durvju-rokturi","7":"product_cat-metala-durvju-rokturi","8":"product_cat-rokturi","9":"product_cat-mebeles-piederumi","10":"pmpro-has-access","12":"first","13":"instock","14":"shipping-taxable","15":"purchasable","16":"product-type-simple"},"acf":[],"yoast_head":"<!-- This site is optimized with the Yoast SEO plugin v24.9 - https:\/\/yoast.com\/wordpress\/plugins\/seo\/ -->\n<title>Durvju rokturis PRESTON 72 mm ar sl\u0113dzeni - MetalTale.com<\/title>\n<meta name=\"robots\" content=\"index, follow, max-snippet:-1, max-image-preview:large, max-video-preview:-1\" \/>\n<link rel=\"canonical\" href=\"https:\/\/metaltale.com\/lv\/produkts\/durvju-rokturis-preston-72-mm-ar-sledzeni\/\" \/>\n<meta property=\"og:locale\" content=\"lv_LV\" \/>\n<meta property=\"og:type\" content=\"article\" \/>\n<meta property=\"og:title\" content=\"Durvju rokturis PRESTON 72 mm ar sl\u0113dzeni - MetalTale.com\" \/>\n<meta property=\"og:description\" content=\"M\u0113be\u013cu aksesu\u0101ri &#8211; Durvju rokturis PRESTON 72 MM Modelis: B.PNKL-72 Materi\u0101ls: t\u0113rauds Kop\u0113jais augstums (cm ): 24 Kop\u0113jais platums (cm\" \/>\n<meta property=\"og:url\" content=\"https:\/\/metaltale.com\/lv\/produkts\/durvju-rokturis-preston-72-mm-ar-sledzeni\/\" \/>\n<meta property=\"og:site_name\" content=\"MetalTale.com\" \/>\n<meta property=\"og:image\" content=\"https:\/\/metaltale.com\/wp-content\/uploads\/2023\/09\/preston-na-klucz-72-90.jpg\" \/>\n\t<meta property=\"og:image:width\" content=\"800\" \/>\n\t<meta property=\"og:image:height\" content=\"800\" \/>\n\t<meta property=\"og:image:type\" content=\"image\/jpeg\" \/>\n<meta name=\"twitter:card\" content=\"summary_large_image\" \/>\n<meta name=\"twitter:label1\" content=\"Est. reading time\" \/>\n\t<meta name=\"twitter:data1\" content=\"1 minute\" \/>\n<script type=\"application\/ld+json\" class=\"yoast-schema-graph\">{\"@context\":\"https:\/\/schema.org\",\"@graph\":[{\"@type\":\"WebPage\",\"@id\":\"https:\/\/metaltale.com\/lv\/produkts\/durvju-rokturis-preston-72-mm-ar-sledzeni\/\",\"url\":\"https:\/\/metaltale.com\/lv\/produkts\/durvju-rokturis-preston-72-mm-ar-sledzeni\/\",\"name\":\"Durvju rokturis PRESTON 72 mm ar sl\u0113dzeni - MetalTale.com\",\"isPartOf\":{\"@id\":\"https:\/\/metaltale.com\/lv\/#website\"},\"primaryImageOfPage\":{\"@id\":\"https:\/\/metaltale.com\/lv\/produkts\/durvju-rokturis-preston-72-mm-ar-sledzeni\/#primaryimage\"},\"image\":{\"@id\":\"https:\/\/metaltale.com\/lv\/produkts\/durvju-rokturis-preston-72-mm-ar-sledzeni\/#primaryimage\"},\"thumbnailUrl\":\"https:\/\/metaltale.com\/wp-content\/uploads\/2023\/09\/preston-na-klucz-72-90.jpg\",\"datePublished\":\"2024-02-13T13:17:46+00:00\",\"breadcrumb\":{\"@id\":\"https:\/\/metaltale.com\/lv\/produkts\/durvju-rokturis-preston-72-mm-ar-sledzeni\/#breadcrumb\"},\"inLanguage\":\"lv-LV\",\"potentialAction\":[{\"@type\":\"ReadAction\",\"target\":[\"https:\/\/metaltale.com\/lv\/produkts\/durvju-rokturis-preston-72-mm-ar-sledzeni\/\"]}]},{\"@type\":\"ImageObject\",\"inLanguage\":\"lv-LV\",\"@id\":\"https:\/\/metaltale.com\/lv\/produkts\/durvju-rokturis-preston-72-mm-ar-sledzeni\/#primaryimage\",\"url\":\"https:\/\/metaltale.com\/wp-content\/uploads\/2023\/09\/preston-na-klucz-72-90.jpg\",\"contentUrl\":\"https:\/\/metaltale.com\/wp-content\/uploads\/2023\/09\/preston-na-klucz-72-90.jpg\",\"width\":800,\"height\":800,\"caption\":\"Durvju rokturis PRESTON 90 mm\"},{\"@type\":\"BreadcrumbList\",\"@id\":\"https:\/\/metaltale.com\/lv\/produkts\/durvju-rokturis-preston-72-mm-ar-sledzeni\/#breadcrumb\",\"itemListElement\":[{\"@type\":\"ListItem\",\"position\":1,\"name\":\"Home\",\"item\":\"https:\/\/metaltale.com\/lv\/majas\/\"},{\"@type\":\"ListItem\",\"position\":2,\"name\":\"Veikals\",\"item\":\"https:\/\/metaltale.com\/lv\/shop\/\"},{\"@type\":\"ListItem\",\"position\":3,\"name\":\"Durvju rokturis PRESTON 72 mm ar sl\u0113dzeni\"}]},{\"@type\":\"WebSite\",\"@id\":\"https:\/\/metaltale.com\/lv\/#website\",\"url\":\"https:\/\/metaltale.com\/lv\/\",\"name\":\"Metaltale.com\",\"description\":\"\",\"potentialAction\":[{\"@type\":\"SearchAction\",\"target\":{\"@type\":\"EntryPoint\",\"urlTemplate\":\"https:\/\/metaltale.com\/lv\/?s={search_term_string}\"},\"query-input\":{\"@type\":\"PropertyValueSpecification\",\"valueRequired\":true,\"valueName\":\"search_term_string\"}}],\"inLanguage\":\"lv-LV\"}]}<\/script>\n<!-- \/ Yoast SEO plugin. -->","yoast_head_json":{"title":"Durvju rokturis PRESTON 72 mm ar sl\u0113dzeni - MetalTale.com","robots":{"index":"index","follow":"follow","max-snippet":"max-snippet:-1","max-image-preview":"max-image-preview:large","max-video-preview":"max-video-preview:-1"},"canonical":"https:\/\/metaltale.com\/lv\/produkts\/durvju-rokturis-preston-72-mm-ar-sledzeni\/","og_locale":"lv_LV","og_type":"article","og_title":"Durvju rokturis PRESTON 72 mm ar sl\u0113dzeni - MetalTale.com","og_description":"M\u0113be\u013cu aksesu\u0101ri &#8211; Durvju rokturis PRESTON 72 MM Modelis: B.PNKL-72 Materi\u0101ls: t\u0113rauds Kop\u0113jais augstums (cm ): 24 Kop\u0113jais platums (cm","og_url":"https:\/\/metaltale.com\/lv\/produkts\/durvju-rokturis-preston-72-mm-ar-sledzeni\/","og_site_name":"MetalTale.com","og_image":[{"width":800,"height":800,"url":"https:\/\/metaltale.com\/wp-content\/uploads\/2023\/09\/preston-na-klucz-72-90.jpg","type":"image\/jpeg"}],"twitter_card":"summary_large_image","twitter_misc":{"Est. reading time":"1 minute"},"schema":{"@context":"https:\/\/schema.org","@graph":[{"@type":"WebPage","@id":"https:\/\/metaltale.com\/lv\/produkts\/durvju-rokturis-preston-72-mm-ar-sledzeni\/","url":"https:\/\/metaltale.com\/lv\/produkts\/durvju-rokturis-preston-72-mm-ar-sledzeni\/","name":"Durvju rokturis PRESTON 72 mm ar sl\u0113dzeni - MetalTale.com","isPartOf":{"@id":"https:\/\/metaltale.com\/lv\/#website"},"primaryImageOfPage":{"@id":"https:\/\/metaltale.com\/lv\/produkts\/durvju-rokturis-preston-72-mm-ar-sledzeni\/#primaryimage"},"image":{"@id":"https:\/\/metaltale.com\/lv\/produkts\/durvju-rokturis-preston-72-mm-ar-sledzeni\/#primaryimage"},"thumbnailUrl":"https:\/\/metaltale.com\/wp-content\/uploads\/2023\/09\/preston-na-klucz-72-90.jpg","datePublished":"2024-02-13T13:17:46+00:00","breadcrumb":{"@id":"https:\/\/metaltale.com\/lv\/produkts\/durvju-rokturis-preston-72-mm-ar-sledzeni\/#breadcrumb"},"inLanguage":"lv-LV","potentialAction":[{"@type":"ReadAction","target":["https:\/\/metaltale.com\/lv\/produkts\/durvju-rokturis-preston-72-mm-ar-sledzeni\/"]}]},{"@type":"ImageObject","inLanguage":"lv-LV","@id":"https:\/\/metaltale.com\/lv\/produkts\/durvju-rokturis-preston-72-mm-ar-sledzeni\/#primaryimage","url":"https:\/\/metaltale.com\/wp-content\/uploads\/2023\/09\/preston-na-klucz-72-90.jpg","contentUrl":"https:\/\/metaltale.com\/wp-content\/uploads\/2023\/09\/preston-na-klucz-72-90.jpg","width":800,"height":800,"caption":"Durvju rokturis PRESTON 90 mm"},{"@type":"BreadcrumbList","@id":"https:\/\/metaltale.com\/lv\/produkts\/durvju-rokturis-preston-72-mm-ar-sledzeni\/#breadcrumb","itemListElement":[{"@type":"ListItem","position":1,"name":"Home","item":"https:\/\/metaltale.com\/lv\/majas\/"},{"@type":"ListItem","position":2,"name":"Veikals","item":"https:\/\/metaltale.com\/lv\/shop\/"},{"@type":"ListItem","position":3,"name":"Durvju rokturis PRESTON 72 mm ar sl\u0113dzeni"}]},{"@type":"WebSite","@id":"https:\/\/metaltale.com\/lv\/#website","url":"https:\/\/metaltale.com\/lv\/","name":"Metaltale.com","description":"","potentialAction":[{"@type":"SearchAction","target":{"@type":"EntryPoint","urlTemplate":"https:\/\/metaltale.com\/lv\/?s={search_term_string}"},"query-input":{"@type":"PropertyValueSpecification","valueRequired":true,"valueName":"search_term_string"}}],"inLanguage":"lv-LV"}]}},"_links":{"self":[{"href":"https:\/\/metaltale.com\/lv\/wp-json\/wp\/v2\/product\/136211","targetHints":{"allow":["GET"]}}],"collection":[{"href":"https:\/\/metaltale.com\/lv\/wp-json\/wp\/v2\/product"}],"about":[{"href":"https:\/\/metaltale.com\/lv\/wp-json\/wp\/v2\/types\/product"}],"replies":[{"embeddable":true,"href":"https:\/\/metaltale.com\/lv\/wp-json\/wp\/v2\/comments?post=136211"}],"version-history":[{"count":0,"href":"https:\/\/metaltale.com\/lv\/wp-json\/wp\/v2\/product\/136211\/revisions"}],"wp:featuredmedia":[{"embeddable":true,"href":"https:\/\/metaltale.com\/lv\/wp-json\/wp\/v2\/media\/64531"}],"wp:attachment":[{"href":"https:\/\/metaltale.com\/lv\/wp-json\/wp\/v2\/media?parent=136211"}],"wp:term":[{"taxonomy":"product_brand","embeddable":true,"href":"https:\/\/metaltale.com\/lv\/wp-json\/wp\/v2\/product_brand?post=136211"},{"taxonomy":"product_cat","embeddable":true,"href":"https:\/\/metaltale.com\/lv\/wp-json\/wp\/v2\/product_cat?post=136211"},{"taxonomy":"product_tag","embeddable":true,"href":"https:\/\/metaltale.com\/lv\/wp-json\/wp\/v2\/product_tag?post=136211"}],"curies":[{"name":"wp","href":"https:\/\/api.w.org\/{rel}","templated":true}]}}