{"id":136195,"date":"2024-02-13T15:15:50","date_gmt":"2024-02-13T13:15:50","guid":{"rendered":"https:\/\/metaltale.com\/produktas\/durvju-rokturi-lincoln-aged-ar-sledzeni-72-mm\/"},"modified":"2024-02-13T15:15:50","modified_gmt":"2024-02-13T13:15:50","slug":"durvju-rokturi-lincoln-aged-ar-sledzeni-72-mm","status":"publish","type":"product","link":"https:\/\/metaltale.com\/lv\/produkts\/durvju-rokturi-lincoln-aged-ar-sledzeni-72-mm\/","title":{"rendered":"Durvju rokturi LINCOLN AGED ar sl\u0113dzeni 72 mm"},"content":{"rendered":"<div class=\"prod_data\">\n<p><strong>Modelis<\/strong> B.KOLNAS. RD. PRGR<br \/>\n<strong>Materi\u0101ls<\/strong> T\u0113rauds<br \/>\n<strong>Kop\u0113jais augstums (cm<\/strong> ) 25<br \/>\n<strong>Kop\u0113jais platums (cm<\/strong> ) 13,5<br \/>\n<strong>Kop\u0113j\u0101 projekcija (cm<\/strong> ) 6<br \/>\n<strong>Pamatnes izm\u0113ri (cm)<\/strong> 4,2&#215;25<br \/>\n<strong>Att\u0101lums starp<\/strong> caurumiem (<strong>cm<\/strong> ) 19,3<br \/>\n<strong>Pal\u012bdz\u012bba<\/strong> N\u0113<br \/>\nMont\u0101\u017eas skr\u016bves J\u0101<br \/>\n<strong>Kr\u0101sa<\/strong> Vec\u0101ka, sar\u016bs\u0113jusi<br \/>\n<strong>Skaits komplekt\u0101<\/strong> 2 x rokturis\/rokturis + serde + stiprin\u0101juma skr\u016bves<\/p>\n<p>Komplekt\u0101 ietilpst divi rokturi (l\u012bdz 1 durvju v\u0113rtnei), serde un mont\u0101\u017eas elementi.<\/p>\n<p>Izstr\u0101d\u0101jumu var izmantot iek\u0161durv\u012bm un \u0101rdurv\u012bm.<\/p>\n<p>nav roktura atspie\u0161an\u0101s meh\u0101nisma<\/p>\n<hr>\n<p>Elegantais un unik\u0101lais LINCOLN AGED rokturis ir ide\u0101ls risin\u0101jums visiem interesanta dizaina cien\u012bt\u0101jiem, kas iecien\u012bju\u0161i lauku stilu. R\u016bsas izmanto\u0161ana, kas ir apzin\u0101ta rokturu apstr\u0101de, pie\u0161\u0137ir tiem \u013coti vecu raksturu. \u0160\u012bs s\u0113rijas rokturiem nav balsta, t. i., t\u0101 saukt\u0101 autom\u0101tisk\u0101 roktura atl\u0113k\u0161anas meh\u0101nisma. Katr\u0101 rokturu komplekt\u0101 ir: divi rokturi (katrai durvju da\u013cai), serde un nepiecie\u0161amie stiprin\u0101juma elementi. LINCOLN s\u0113rijas rokturi b\u016bs skaists papildin\u0101jums jebkurai durvju v\u0113rtnei. \u0160aj\u0101 pied\u0101v\u0101jum\u0101 m\u0113s pied\u0101v\u0101jam vair\u0101kus rokturu mode\u013cus, piem\u0113ram, rokturi ar atsl\u0113gas mar\u0137\u0113jumu, rokturi ar ielikt\u0146a mar\u0137\u0113jumu vai rokturi ar tualetes mar\u0137\u0113jumu. Ja mekl\u0113jat aksesu\u0101rus savai industri\u0101l\u0101 stila vai rustik\u0101lam m\u0101joklim, \u0161ie melnie durvju rokturi ar r\u016bsas z\u012bm\u0113m ir lieliska izv\u0113le. Tie pie\u0161\u0137irs j\u016bsu interjeram unik\u0101lu raksturu un vienlaikus b\u016bs praktisks risin\u0101jums, kas kalpos daudzus gadus.<\/p>\n<\/div>\n","protected":false},"excerpt":{"rendered":"<p>Modelis B.KOLNAS. RD. PRGR Materi\u0101ls T\u0113rauds Kop\u0113jais augstums (cm ) 25 Kop\u0113jais platums (cm ) 13,5 Kop\u0113j\u0101 projekcija (cm )<\/p>\n","protected":false},"featured_media":107836,"comment_status":"open","ping_status":"closed","template":"","meta":{"_acf_changed":false,"pmpro_default_level":""},"product_brand":[],"product_cat":[24134,24081,23837],"product_tag":[],"class_list":{"0":"post-136195","1":"product","2":"type-product","3":"status-publish","4":"has-post-thumbnail","6":"product_cat-durvju-rokturi","7":"product_cat-rokturi","8":"product_cat-mebeles-piederumi","9":"pmpro-has-access","11":"first","12":"instock","13":"shipping-taxable","14":"purchasable","15":"product-type-simple"},"acf":[],"yoast_head":"<!-- This site is optimized with the Yoast SEO plugin v24.9 - https:\/\/yoast.com\/wordpress\/plugins\/seo\/ -->\n<title>Durvju rokturi LINCOLN AGED ar sl\u0113dzeni 72 mm - MetalTale.com<\/title>\n<meta name=\"robots\" content=\"index, follow, max-snippet:-1, max-image-preview:large, max-video-preview:-1\" \/>\n<link rel=\"canonical\" href=\"https:\/\/metaltale.com\/lv\/produkts\/durvju-rokturi-lincoln-aged-ar-sledzeni-72-mm\/\" \/>\n<meta property=\"og:locale\" content=\"lv_LV\" \/>\n<meta property=\"og:type\" content=\"article\" \/>\n<meta property=\"og:title\" content=\"Durvju rokturi LINCOLN AGED ar sl\u0113dzeni 72 mm - MetalTale.com\" \/>\n<meta property=\"og:description\" content=\"Modelis B.KOLNAS. RD. PRGR Materi\u0101ls T\u0113rauds Kop\u0113jais augstums (cm ) 25 Kop\u0113jais platums (cm ) 13,5 Kop\u0113j\u0101 projekcija (cm )\" \/>\n<meta property=\"og:url\" content=\"https:\/\/metaltale.com\/lv\/produkts\/durvju-rokturi-lincoln-aged-ar-sledzeni-72-mm\/\" \/>\n<meta property=\"og:site_name\" content=\"MetalTale.com\" \/>\n<meta property=\"og:image\" content=\"https:\/\/metaltale.com\/wp-content\/uploads\/2023\/11\/LINCOLN-POST-AMBURED-rankena-su-72-mm-skersmens-x12Fdx117klu.jpg\" \/>\n\t<meta property=\"og:image:width\" content=\"800\" \/>\n\t<meta property=\"og:image:height\" content=\"800\" \/>\n\t<meta property=\"og:image:type\" content=\"image\/jpeg\" \/>\n<meta name=\"twitter:card\" content=\"summary_large_image\" \/>\n<meta name=\"twitter:label1\" content=\"Est. reading time\" \/>\n\t<meta name=\"twitter:data1\" content=\"1 minute\" \/>\n<script type=\"application\/ld+json\" class=\"yoast-schema-graph\">{\"@context\":\"https:\/\/schema.org\",\"@graph\":[{\"@type\":\"WebPage\",\"@id\":\"https:\/\/metaltale.com\/lv\/produkts\/durvju-rokturi-lincoln-aged-ar-sledzeni-72-mm\/\",\"url\":\"https:\/\/metaltale.com\/lv\/produkts\/durvju-rokturi-lincoln-aged-ar-sledzeni-72-mm\/\",\"name\":\"Durvju rokturi LINCOLN AGED ar sl\u0113dzeni 72 mm - MetalTale.com\",\"isPartOf\":{\"@id\":\"https:\/\/metaltale.com\/lv\/#website\"},\"primaryImageOfPage\":{\"@id\":\"https:\/\/metaltale.com\/lv\/produkts\/durvju-rokturi-lincoln-aged-ar-sledzeni-72-mm\/#primaryimage\"},\"image\":{\"@id\":\"https:\/\/metaltale.com\/lv\/produkts\/durvju-rokturi-lincoln-aged-ar-sledzeni-72-mm\/#primaryimage\"},\"thumbnailUrl\":\"https:\/\/metaltale.com\/wp-content\/uploads\/2023\/11\/LINCOLN-POST-AMBURED-rankena-su-72-mm-skersmens-x12Fdx117klu.jpg\",\"datePublished\":\"2024-02-13T13:15:50+00:00\",\"breadcrumb\":{\"@id\":\"https:\/\/metaltale.com\/lv\/produkts\/durvju-rokturi-lincoln-aged-ar-sledzeni-72-mm\/#breadcrumb\"},\"inLanguage\":\"lv-LV\",\"potentialAction\":[{\"@type\":\"ReadAction\",\"target\":[\"https:\/\/metaltale.com\/lv\/produkts\/durvju-rokturi-lincoln-aged-ar-sledzeni-72-mm\/\"]}]},{\"@type\":\"ImageObject\",\"inLanguage\":\"lv-LV\",\"@id\":\"https:\/\/metaltale.com\/lv\/produkts\/durvju-rokturi-lincoln-aged-ar-sledzeni-72-mm\/#primaryimage\",\"url\":\"https:\/\/metaltale.com\/wp-content\/uploads\/2023\/11\/LINCOLN-POST-AMBURED-rankena-su-72-mm-skersmens-x12Fdx117klu.jpg\",\"contentUrl\":\"https:\/\/metaltale.com\/wp-content\/uploads\/2023\/11\/LINCOLN-POST-AMBURED-rankena-su-72-mm-skersmens-x12Fdx117klu.jpg\",\"width\":800,\"height\":800,\"caption\":\"Durvju rokturi LINCOLN AGED ar sl\u0113dzeni 72 mm\"},{\"@type\":\"BreadcrumbList\",\"@id\":\"https:\/\/metaltale.com\/lv\/produkts\/durvju-rokturi-lincoln-aged-ar-sledzeni-72-mm\/#breadcrumb\",\"itemListElement\":[{\"@type\":\"ListItem\",\"position\":1,\"name\":\"Home\",\"item\":\"https:\/\/metaltale.com\/lv\/majas\/\"},{\"@type\":\"ListItem\",\"position\":2,\"name\":\"Veikals\",\"item\":\"https:\/\/metaltale.com\/lv\/shop\/\"},{\"@type\":\"ListItem\",\"position\":3,\"name\":\"Durvju rokturi LINCOLN AGED ar sl\u0113dzeni 72 mm\"}]},{\"@type\":\"WebSite\",\"@id\":\"https:\/\/metaltale.com\/lv\/#website\",\"url\":\"https:\/\/metaltale.com\/lv\/\",\"name\":\"Metaltale.com\",\"description\":\"\",\"potentialAction\":[{\"@type\":\"SearchAction\",\"target\":{\"@type\":\"EntryPoint\",\"urlTemplate\":\"https:\/\/metaltale.com\/lv\/?s={search_term_string}\"},\"query-input\":{\"@type\":\"PropertyValueSpecification\",\"valueRequired\":true,\"valueName\":\"search_term_string\"}}],\"inLanguage\":\"lv-LV\"}]}<\/script>\n<!-- \/ Yoast SEO plugin. -->","yoast_head_json":{"title":"Durvju rokturi LINCOLN AGED ar sl\u0113dzeni 72 mm - MetalTale.com","robots":{"index":"index","follow":"follow","max-snippet":"max-snippet:-1","max-image-preview":"max-image-preview:large","max-video-preview":"max-video-preview:-1"},"canonical":"https:\/\/metaltale.com\/lv\/produkts\/durvju-rokturi-lincoln-aged-ar-sledzeni-72-mm\/","og_locale":"lv_LV","og_type":"article","og_title":"Durvju rokturi LINCOLN AGED ar sl\u0113dzeni 72 mm - MetalTale.com","og_description":"Modelis B.KOLNAS. RD. PRGR Materi\u0101ls T\u0113rauds Kop\u0113jais augstums (cm ) 25 Kop\u0113jais platums (cm ) 13,5 Kop\u0113j\u0101 projekcija (cm )","og_url":"https:\/\/metaltale.com\/lv\/produkts\/durvju-rokturi-lincoln-aged-ar-sledzeni-72-mm\/","og_site_name":"MetalTale.com","og_image":[{"width":800,"height":800,"url":"https:\/\/metaltale.com\/wp-content\/uploads\/2023\/11\/LINCOLN-POST-AMBURED-rankena-su-72-mm-skersmens-x12Fdx117klu.jpg","type":"image\/jpeg"}],"twitter_card":"summary_large_image","twitter_misc":{"Est. reading time":"1 minute"},"schema":{"@context":"https:\/\/schema.org","@graph":[{"@type":"WebPage","@id":"https:\/\/metaltale.com\/lv\/produkts\/durvju-rokturi-lincoln-aged-ar-sledzeni-72-mm\/","url":"https:\/\/metaltale.com\/lv\/produkts\/durvju-rokturi-lincoln-aged-ar-sledzeni-72-mm\/","name":"Durvju rokturi LINCOLN AGED ar sl\u0113dzeni 72 mm - MetalTale.com","isPartOf":{"@id":"https:\/\/metaltale.com\/lv\/#website"},"primaryImageOfPage":{"@id":"https:\/\/metaltale.com\/lv\/produkts\/durvju-rokturi-lincoln-aged-ar-sledzeni-72-mm\/#primaryimage"},"image":{"@id":"https:\/\/metaltale.com\/lv\/produkts\/durvju-rokturi-lincoln-aged-ar-sledzeni-72-mm\/#primaryimage"},"thumbnailUrl":"https:\/\/metaltale.com\/wp-content\/uploads\/2023\/11\/LINCOLN-POST-AMBURED-rankena-su-72-mm-skersmens-x12Fdx117klu.jpg","datePublished":"2024-02-13T13:15:50+00:00","breadcrumb":{"@id":"https:\/\/metaltale.com\/lv\/produkts\/durvju-rokturi-lincoln-aged-ar-sledzeni-72-mm\/#breadcrumb"},"inLanguage":"lv-LV","potentialAction":[{"@type":"ReadAction","target":["https:\/\/metaltale.com\/lv\/produkts\/durvju-rokturi-lincoln-aged-ar-sledzeni-72-mm\/"]}]},{"@type":"ImageObject","inLanguage":"lv-LV","@id":"https:\/\/metaltale.com\/lv\/produkts\/durvju-rokturi-lincoln-aged-ar-sledzeni-72-mm\/#primaryimage","url":"https:\/\/metaltale.com\/wp-content\/uploads\/2023\/11\/LINCOLN-POST-AMBURED-rankena-su-72-mm-skersmens-x12Fdx117klu.jpg","contentUrl":"https:\/\/metaltale.com\/wp-content\/uploads\/2023\/11\/LINCOLN-POST-AMBURED-rankena-su-72-mm-skersmens-x12Fdx117klu.jpg","width":800,"height":800,"caption":"Durvju rokturi LINCOLN AGED ar sl\u0113dzeni 72 mm"},{"@type":"BreadcrumbList","@id":"https:\/\/metaltale.com\/lv\/produkts\/durvju-rokturi-lincoln-aged-ar-sledzeni-72-mm\/#breadcrumb","itemListElement":[{"@type":"ListItem","position":1,"name":"Home","item":"https:\/\/metaltale.com\/lv\/majas\/"},{"@type":"ListItem","position":2,"name":"Veikals","item":"https:\/\/metaltale.com\/lv\/shop\/"},{"@type":"ListItem","position":3,"name":"Durvju rokturi LINCOLN AGED ar sl\u0113dzeni 72 mm"}]},{"@type":"WebSite","@id":"https:\/\/metaltale.com\/lv\/#website","url":"https:\/\/metaltale.com\/lv\/","name":"Metaltale.com","description":"","potentialAction":[{"@type":"SearchAction","target":{"@type":"EntryPoint","urlTemplate":"https:\/\/metaltale.com\/lv\/?s={search_term_string}"},"query-input":{"@type":"PropertyValueSpecification","valueRequired":true,"valueName":"search_term_string"}}],"inLanguage":"lv-LV"}]}},"_links":{"self":[{"href":"https:\/\/metaltale.com\/lv\/wp-json\/wp\/v2\/product\/136195","targetHints":{"allow":["GET"]}}],"collection":[{"href":"https:\/\/metaltale.com\/lv\/wp-json\/wp\/v2\/product"}],"about":[{"href":"https:\/\/metaltale.com\/lv\/wp-json\/wp\/v2\/types\/product"}],"replies":[{"embeddable":true,"href":"https:\/\/metaltale.com\/lv\/wp-json\/wp\/v2\/comments?post=136195"}],"version-history":[{"count":0,"href":"https:\/\/metaltale.com\/lv\/wp-json\/wp\/v2\/product\/136195\/revisions"}],"wp:featuredmedia":[{"embeddable":true,"href":"https:\/\/metaltale.com\/lv\/wp-json\/wp\/v2\/media\/107836"}],"wp:attachment":[{"href":"https:\/\/metaltale.com\/lv\/wp-json\/wp\/v2\/media?parent=136195"}],"wp:term":[{"taxonomy":"product_brand","embeddable":true,"href":"https:\/\/metaltale.com\/lv\/wp-json\/wp\/v2\/product_brand?post=136195"},{"taxonomy":"product_cat","embeddable":true,"href":"https:\/\/metaltale.com\/lv\/wp-json\/wp\/v2\/product_cat?post=136195"},{"taxonomy":"product_tag","embeddable":true,"href":"https:\/\/metaltale.com\/lv\/wp-json\/wp\/v2\/product_tag?post=136195"}],"curies":[{"name":"wp","href":"https:\/\/api.w.org\/{rel}","templated":true}]}}