{"id":136153,"date":"2024-02-13T15:15:06","date_gmt":"2024-02-13T13:15:06","guid":{"rendered":"https:\/\/metaltale.com\/produktas\/metala-dekorativa-plaksnite-music-rock\/"},"modified":"2024-02-13T15:15:06","modified_gmt":"2024-02-13T13:15:06","slug":"metala-dekorativa-plaksnite-music-rock","status":"publish","type":"product","link":"https:\/\/metaltale.com\/lv\/produkts\/metala-dekorativa-plaksnite-music-rock\/","title":{"rendered":"Met\u0101la dekorat\u012bv\u0101 pl\u0101ksn\u012bte MUSIC ROCK"},"content":{"rendered":"<div class=\"prod_data\"><strong>Modelis<\/strong> IN.30755  <br \/><strong>EAN.<\/strong>  5905369930881  <br \/><strong>Orient\u0101cija<\/strong> Vertik\u0101l\u0101  <br \/><strong>Istaba<\/strong> B\u0101rs, restor\u0101ns  <br \/>Inform\u0101cija par <strong>mot\u012bvu<\/strong>, M\u016bzika  <br \/><strong>Materi\u0101ls<\/strong> T\u0113rauds  <br \/><strong>Platums (cm<\/strong> ) 20  <br \/><strong>Augstums (cm<\/strong> ) 30  <br \/><strong>Formas<\/strong> Taisnst\u016bra <strong>formas<\/strong>  <\/p>\n<p>Dekorat\u012bva taisnst\u016bra formas met\u0101la pl\u0101ksne. Izstr\u0101d\u0101jums tika izgatavots, izmantojot augst\u0101k\u0101s kvalit\u0101tes drukas metodi ar augstas nodilumiztur\u012bbas kr\u0101s\u0101m. Turkl\u0101t plak\u0101ts ir p\u0101rkl\u0101ts ar laku, lai pasarg\u0101tu to no skr\u0101p\u0113jumiem. Panelis ir ietur\u0113ts balt\u0101 un meln\u0101 stil\u0101 ar smalkiem skr\u0101p\u0113jumiem, kas pie\u0161\u0137ir tam sp\u0113c\u012bgu retro stilu. Smalki stiprin\u0101juma caurumi \u013cauj piek\u0101rt z\u012bmi.<\/p>\n<p>Uz produkta ir \u0123it\u0101ras z\u012bm\u0113jums ar uzrakstu MUSIC ROCK.<\/p>\n<p>Met\u0101la plak\u0101ts ir lieliski piem\u0113rots vintage un retro interjeriem. T\u0101 b\u016bs ar\u012b lieliska d\u0101vin\u0101juma ideja.<\/p>\n<\/div>\n","protected":false},"excerpt":{"rendered":"<p>Modelis IN.30755 EAN. 5905369930881 Orient\u0101cija Vertik\u0101l\u0101 Istaba B\u0101rs, restor\u0101ns Inform\u0101cija par mot\u012bvu, M\u016bzika Materi\u0101ls T\u0113rauds Platums (cm ) 20 Augstums<\/p>\n","protected":false},"featured_media":103630,"comment_status":"open","ping_status":"closed","template":"","meta":{"_acf_changed":false,"pmpro_default_level":""},"product_brand":[],"product_cat":[24085],"product_tag":[],"class_list":{"0":"post-136153","1":"product","2":"type-product","3":"status-publish","4":"has-post-thumbnail","6":"product_cat-metala-dekorativas-plaksnes","7":"pmpro-has-access","9":"first","10":"instock","11":"shipping-taxable","12":"purchasable","13":"product-type-simple"},"acf":[],"yoast_head":"<!-- This site is optimized with the Yoast SEO plugin v24.9 - https:\/\/yoast.com\/wordpress\/plugins\/seo\/ -->\n<title>Met\u0101la dekorat\u012bv\u0101 pl\u0101ksn\u012bte MUSIC ROCK - MetalTale.com<\/title>\n<meta name=\"robots\" content=\"index, follow, max-snippet:-1, max-image-preview:large, max-video-preview:-1\" \/>\n<link rel=\"canonical\" href=\"https:\/\/metaltale.com\/lv\/produkts\/metala-dekorativa-plaksnite-music-rock\/\" \/>\n<meta property=\"og:locale\" content=\"lv_LV\" \/>\n<meta property=\"og:type\" content=\"article\" \/>\n<meta property=\"og:title\" content=\"Met\u0101la dekorat\u012bv\u0101 pl\u0101ksn\u012bte MUSIC ROCK - MetalTale.com\" \/>\n<meta property=\"og:description\" content=\"Modelis IN.30755 EAN. 5905369930881 Orient\u0101cija Vertik\u0101l\u0101 Istaba B\u0101rs, restor\u0101ns Inform\u0101cija par mot\u012bvu, M\u016bzika Materi\u0101ls T\u0113rauds Platums (cm ) 20 Augstums\" \/>\n<meta property=\"og:url\" content=\"https:\/\/metaltale.com\/lv\/produkts\/metala-dekorativa-plaksnite-music-rock\/\" \/>\n<meta property=\"og:site_name\" content=\"MetalTale.com\" \/>\n<meta name=\"twitter:card\" content=\"summary_large_image\" \/>\n<meta name=\"twitter:label1\" content=\"Est. reading time\" \/>\n\t<meta name=\"twitter:data1\" content=\"1 minute\" \/>\n<script type=\"application\/ld+json\" class=\"yoast-schema-graph\">{\"@context\":\"https:\/\/schema.org\",\"@graph\":[{\"@type\":\"WebPage\",\"@id\":\"https:\/\/metaltale.com\/lv\/produkts\/metala-dekorativa-plaksnite-music-rock\/\",\"url\":\"https:\/\/metaltale.com\/lv\/produkts\/metala-dekorativa-plaksnite-music-rock\/\",\"name\":\"Met\u0101la dekorat\u012bv\u0101 pl\u0101ksn\u012bte MUSIC ROCK - MetalTale.com\",\"isPartOf\":{\"@id\":\"https:\/\/metaltale.com\/lv\/#website\"},\"primaryImageOfPage\":{\"@id\":\"https:\/\/metaltale.com\/lv\/produkts\/metala-dekorativa-plaksnite-music-rock\/#primaryimage\"},\"image\":{\"@id\":\"https:\/\/metaltale.com\/lv\/produkts\/metala-dekorativa-plaksnite-music-rock\/#primaryimage\"},\"thumbnailUrl\":\"https:\/\/metaltale.com\/wp-content\/uploads\/2023\/11\/Metalinx117-dekoratyvinx117-plokx161tx117-MUSIC-ROCK.jpg\",\"datePublished\":\"2024-02-13T13:15:06+00:00\",\"breadcrumb\":{\"@id\":\"https:\/\/metaltale.com\/lv\/produkts\/metala-dekorativa-plaksnite-music-rock\/#breadcrumb\"},\"inLanguage\":\"lv-LV\",\"potentialAction\":[{\"@type\":\"ReadAction\",\"target\":[\"https:\/\/metaltale.com\/lv\/produkts\/metala-dekorativa-plaksnite-music-rock\/\"]}]},{\"@type\":\"ImageObject\",\"inLanguage\":\"lv-LV\",\"@id\":\"https:\/\/metaltale.com\/lv\/produkts\/metala-dekorativa-plaksnite-music-rock\/#primaryimage\",\"url\":\"https:\/\/metaltale.com\/wp-content\/uploads\/2023\/11\/Metalinx117-dekoratyvinx117-plokx161tx117-MUSIC-ROCK.jpg\",\"contentUrl\":\"https:\/\/metaltale.com\/wp-content\/uploads\/2023\/11\/Metalinx117-dekoratyvinx117-plokx161tx117-MUSIC-ROCK.jpg\",\"width\":800,\"height\":800},{\"@type\":\"BreadcrumbList\",\"@id\":\"https:\/\/metaltale.com\/lv\/produkts\/metala-dekorativa-plaksnite-music-rock\/#breadcrumb\",\"itemListElement\":[{\"@type\":\"ListItem\",\"position\":1,\"name\":\"Home\",\"item\":\"https:\/\/metaltale.com\/lv\/majas\/\"},{\"@type\":\"ListItem\",\"position\":2,\"name\":\"Veikals\",\"item\":\"https:\/\/metaltale.com\/lv\/shop\/\"},{\"@type\":\"ListItem\",\"position\":3,\"name\":\"Met\u0101la dekorat\u012bv\u0101 pl\u0101ksn\u012bte MUSIC ROCK\"}]},{\"@type\":\"WebSite\",\"@id\":\"https:\/\/metaltale.com\/lv\/#website\",\"url\":\"https:\/\/metaltale.com\/lv\/\",\"name\":\"Metaltale.com\",\"description\":\"\",\"potentialAction\":[{\"@type\":\"SearchAction\",\"target\":{\"@type\":\"EntryPoint\",\"urlTemplate\":\"https:\/\/metaltale.com\/lv\/?s={search_term_string}\"},\"query-input\":{\"@type\":\"PropertyValueSpecification\",\"valueRequired\":true,\"valueName\":\"search_term_string\"}}],\"inLanguage\":\"lv-LV\"}]}<\/script>\n<!-- \/ Yoast SEO plugin. -->","yoast_head_json":{"title":"Met\u0101la dekorat\u012bv\u0101 pl\u0101ksn\u012bte MUSIC ROCK - MetalTale.com","robots":{"index":"index","follow":"follow","max-snippet":"max-snippet:-1","max-image-preview":"max-image-preview:large","max-video-preview":"max-video-preview:-1"},"canonical":"https:\/\/metaltale.com\/lv\/produkts\/metala-dekorativa-plaksnite-music-rock\/","og_locale":"lv_LV","og_type":"article","og_title":"Met\u0101la dekorat\u012bv\u0101 pl\u0101ksn\u012bte MUSIC ROCK - MetalTale.com","og_description":"Modelis IN.30755 EAN. 5905369930881 Orient\u0101cija Vertik\u0101l\u0101 Istaba B\u0101rs, restor\u0101ns Inform\u0101cija par mot\u012bvu, M\u016bzika Materi\u0101ls T\u0113rauds Platums (cm ) 20 Augstums","og_url":"https:\/\/metaltale.com\/lv\/produkts\/metala-dekorativa-plaksnite-music-rock\/","og_site_name":"MetalTale.com","twitter_card":"summary_large_image","twitter_misc":{"Est. reading time":"1 minute"},"schema":{"@context":"https:\/\/schema.org","@graph":[{"@type":"WebPage","@id":"https:\/\/metaltale.com\/lv\/produkts\/metala-dekorativa-plaksnite-music-rock\/","url":"https:\/\/metaltale.com\/lv\/produkts\/metala-dekorativa-plaksnite-music-rock\/","name":"Met\u0101la dekorat\u012bv\u0101 pl\u0101ksn\u012bte MUSIC ROCK - MetalTale.com","isPartOf":{"@id":"https:\/\/metaltale.com\/lv\/#website"},"primaryImageOfPage":{"@id":"https:\/\/metaltale.com\/lv\/produkts\/metala-dekorativa-plaksnite-music-rock\/#primaryimage"},"image":{"@id":"https:\/\/metaltale.com\/lv\/produkts\/metala-dekorativa-plaksnite-music-rock\/#primaryimage"},"thumbnailUrl":"https:\/\/metaltale.com\/wp-content\/uploads\/2023\/11\/Metalinx117-dekoratyvinx117-plokx161tx117-MUSIC-ROCK.jpg","datePublished":"2024-02-13T13:15:06+00:00","breadcrumb":{"@id":"https:\/\/metaltale.com\/lv\/produkts\/metala-dekorativa-plaksnite-music-rock\/#breadcrumb"},"inLanguage":"lv-LV","potentialAction":[{"@type":"ReadAction","target":["https:\/\/metaltale.com\/lv\/produkts\/metala-dekorativa-plaksnite-music-rock\/"]}]},{"@type":"ImageObject","inLanguage":"lv-LV","@id":"https:\/\/metaltale.com\/lv\/produkts\/metala-dekorativa-plaksnite-music-rock\/#primaryimage","url":"https:\/\/metaltale.com\/wp-content\/uploads\/2023\/11\/Metalinx117-dekoratyvinx117-plokx161tx117-MUSIC-ROCK.jpg","contentUrl":"https:\/\/metaltale.com\/wp-content\/uploads\/2023\/11\/Metalinx117-dekoratyvinx117-plokx161tx117-MUSIC-ROCK.jpg","width":800,"height":800},{"@type":"BreadcrumbList","@id":"https:\/\/metaltale.com\/lv\/produkts\/metala-dekorativa-plaksnite-music-rock\/#breadcrumb","itemListElement":[{"@type":"ListItem","position":1,"name":"Home","item":"https:\/\/metaltale.com\/lv\/majas\/"},{"@type":"ListItem","position":2,"name":"Veikals","item":"https:\/\/metaltale.com\/lv\/shop\/"},{"@type":"ListItem","position":3,"name":"Met\u0101la dekorat\u012bv\u0101 pl\u0101ksn\u012bte MUSIC ROCK"}]},{"@type":"WebSite","@id":"https:\/\/metaltale.com\/lv\/#website","url":"https:\/\/metaltale.com\/lv\/","name":"Metaltale.com","description":"","potentialAction":[{"@type":"SearchAction","target":{"@type":"EntryPoint","urlTemplate":"https:\/\/metaltale.com\/lv\/?s={search_term_string}"},"query-input":{"@type":"PropertyValueSpecification","valueRequired":true,"valueName":"search_term_string"}}],"inLanguage":"lv-LV"}]}},"_links":{"self":[{"href":"https:\/\/metaltale.com\/lv\/wp-json\/wp\/v2\/product\/136153","targetHints":{"allow":["GET"]}}],"collection":[{"href":"https:\/\/metaltale.com\/lv\/wp-json\/wp\/v2\/product"}],"about":[{"href":"https:\/\/metaltale.com\/lv\/wp-json\/wp\/v2\/types\/product"}],"replies":[{"embeddable":true,"href":"https:\/\/metaltale.com\/lv\/wp-json\/wp\/v2\/comments?post=136153"}],"version-history":[{"count":0,"href":"https:\/\/metaltale.com\/lv\/wp-json\/wp\/v2\/product\/136153\/revisions"}],"wp:featuredmedia":[{"embeddable":true,"href":"https:\/\/metaltale.com\/lv\/wp-json\/wp\/v2\/media\/103630"}],"wp:attachment":[{"href":"https:\/\/metaltale.com\/lv\/wp-json\/wp\/v2\/media?parent=136153"}],"wp:term":[{"taxonomy":"product_brand","embeddable":true,"href":"https:\/\/metaltale.com\/lv\/wp-json\/wp\/v2\/product_brand?post=136153"},{"taxonomy":"product_cat","embeddable":true,"href":"https:\/\/metaltale.com\/lv\/wp-json\/wp\/v2\/product_cat?post=136153"},{"taxonomy":"product_tag","embeddable":true,"href":"https:\/\/metaltale.com\/lv\/wp-json\/wp\/v2\/product_tag?post=136153"}],"curies":[{"name":"wp","href":"https:\/\/api.w.org\/{rel}","templated":true}]}}