{"id":136144,"date":"2024-02-13T15:15:06","date_gmt":"2024-02-13T13:15:06","guid":{"rendered":"https:\/\/metaltale.com\/produktas\/dekorativais-metala-panelis-danger-minfield\/"},"modified":"2024-02-13T15:15:06","modified_gmt":"2024-02-13T13:15:06","slug":"dekorativais-metala-panelis-danger-minfield","status":"publish","type":"product","link":"https:\/\/metaltale.com\/lv\/produkts\/dekorativais-metala-panelis-danger-minfield\/","title":{"rendered":"Dekorat\u012bvais met\u0101la panelis DANGER MINFIELD"},"content":{"rendered":"<div class=\"prod_data\"><strong>Modelis<\/strong> IN.30878  <br \/><strong>EAN.<\/strong>  5905369930393  <br \/><strong>Orient\u0101cija<\/strong> Horizont\u0101l\u0101  <br \/><strong>Istabas<\/strong> b\u0101rs, gar\u0101\u017ea  <br \/>Inform\u0101cija par <strong>mot\u012bviem<\/strong>  <br \/><strong>Materi\u0101ls<\/strong> T\u0113rauds  <br \/><strong>Platums (cm<\/strong> ) 30  <br \/><strong>Augstums (cm<\/strong> ) 20  <br \/><strong>Formas<\/strong> Taisnst\u016bra <strong>formas<\/strong>  <\/p>\n<p>Taisnst\u016bra formas met\u0101la dekorat\u012bv\u0101 pl\u0101ksne. Izstr\u0101d\u0101jums ir uztur\u0113ts retro klimata apst\u0101k\u013cos, jo ir radu\u0161ies skr\u0101p\u0113jumi un r\u016bsas p\u0113das. Uz pl\u0101ksn\u012btes ir br\u012bdin\u0101juma z\u012bme, kas izce\u013c sarkanu fonu un uzrakstu DANGER. Pane\u013ca izveidei ir izmantota augstas nodilumiztur\u012bbas kr\u0101sa, un smalki stiprin\u0101juma caurumi atvieglo z\u012bmes piek\u0101r\u0161anu. Katrs eksempl\u0101rs ir iet\u012bts aizsargpl\u0113v\u0113.<\/p>\n<p>Uz produkta ir pir\u0101ta simbols, t. i. y. galvaskauss un krustenis ar uzrakstu DANGER MINEFIELD.<\/p>\n<p>Met\u0101la plak\u0101ts ir lieliski piem\u0113rots vintage un retro interjeriem. T\u0101 b\u016bs ar\u012b lieliska d\u0101vin\u0101juma ideja.<\/p>\n<\/div>\n","protected":false},"excerpt":{"rendered":"<p>Modelis IN.30878 EAN. 5905369930393 Orient\u0101cija Horizont\u0101l\u0101 Istabas b\u0101rs, gar\u0101\u017ea Inform\u0101cija par mot\u012bviem Materi\u0101ls T\u0113rauds Platums (cm ) 30 Augstums (cm<\/p>\n","protected":false},"featured_media":98677,"comment_status":"open","ping_status":"closed","template":"","meta":{"_acf_changed":false,"pmpro_default_level":""},"product_brand":[],"product_cat":[24085],"product_tag":[],"class_list":{"0":"post-136144","1":"product","2":"type-product","3":"status-publish","4":"has-post-thumbnail","6":"product_cat-metala-dekorativas-plaksnes","7":"pmpro-has-access","9":"first","10":"instock","11":"shipping-taxable","12":"purchasable","13":"product-type-simple"},"acf":[],"yoast_head":"<!-- This site is optimized with the Yoast SEO plugin v24.9 - https:\/\/yoast.com\/wordpress\/plugins\/seo\/ -->\n<title>Dekorat\u012bvais met\u0101la panelis DANGER MINFIELD - MetalTale.com<\/title>\n<meta name=\"robots\" content=\"index, follow, max-snippet:-1, max-image-preview:large, max-video-preview:-1\" \/>\n<link rel=\"canonical\" href=\"https:\/\/metaltale.com\/lv\/produkts\/dekorativais-metala-panelis-danger-minfield\/\" \/>\n<meta property=\"og:locale\" content=\"lv_LV\" \/>\n<meta property=\"og:type\" content=\"article\" \/>\n<meta property=\"og:title\" content=\"Dekorat\u012bvais met\u0101la panelis DANGER MINFIELD - MetalTale.com\" \/>\n<meta property=\"og:description\" content=\"Modelis IN.30878 EAN. 5905369930393 Orient\u0101cija Horizont\u0101l\u0101 Istabas b\u0101rs, gar\u0101\u017ea Inform\u0101cija par mot\u012bviem Materi\u0101ls T\u0113rauds Platums (cm ) 30 Augstums (cm\" \/>\n<meta property=\"og:url\" content=\"https:\/\/metaltale.com\/lv\/produkts\/dekorativais-metala-panelis-danger-minfield\/\" \/>\n<meta property=\"og:site_name\" content=\"MetalTale.com\" \/>\n<meta name=\"twitter:card\" content=\"summary_large_image\" \/>\n<meta name=\"twitter:label1\" content=\"Est. reading time\" \/>\n\t<meta name=\"twitter:data1\" content=\"1 minute\" \/>\n<script type=\"application\/ld+json\" class=\"yoast-schema-graph\">{\"@context\":\"https:\/\/schema.org\",\"@graph\":[{\"@type\":\"WebPage\",\"@id\":\"https:\/\/metaltale.com\/lv\/produkts\/dekorativais-metala-panelis-danger-minfield\/\",\"url\":\"https:\/\/metaltale.com\/lv\/produkts\/dekorativais-metala-panelis-danger-minfield\/\",\"name\":\"Dekorat\u012bvais met\u0101la panelis DANGER MINFIELD - MetalTale.com\",\"isPartOf\":{\"@id\":\"https:\/\/metaltale.com\/lv\/#website\"},\"primaryImageOfPage\":{\"@id\":\"https:\/\/metaltale.com\/lv\/produkts\/dekorativais-metala-panelis-danger-minfield\/#primaryimage\"},\"image\":{\"@id\":\"https:\/\/metaltale.com\/lv\/produkts\/dekorativais-metala-panelis-danger-minfield\/#primaryimage\"},\"thumbnailUrl\":\"https:\/\/metaltale.com\/wp-content\/uploads\/2023\/11\/Dekoratyvinx117-metalinx117-plokx161tx117-DANGER-MINFIELD.jpg\",\"datePublished\":\"2024-02-13T13:15:06+00:00\",\"breadcrumb\":{\"@id\":\"https:\/\/metaltale.com\/lv\/produkts\/dekorativais-metala-panelis-danger-minfield\/#breadcrumb\"},\"inLanguage\":\"lv-LV\",\"potentialAction\":[{\"@type\":\"ReadAction\",\"target\":[\"https:\/\/metaltale.com\/lv\/produkts\/dekorativais-metala-panelis-danger-minfield\/\"]}]},{\"@type\":\"ImageObject\",\"inLanguage\":\"lv-LV\",\"@id\":\"https:\/\/metaltale.com\/lv\/produkts\/dekorativais-metala-panelis-danger-minfield\/#primaryimage\",\"url\":\"https:\/\/metaltale.com\/wp-content\/uploads\/2023\/11\/Dekoratyvinx117-metalinx117-plokx161tx117-DANGER-MINFIELD.jpg\",\"contentUrl\":\"https:\/\/metaltale.com\/wp-content\/uploads\/2023\/11\/Dekoratyvinx117-metalinx117-plokx161tx117-DANGER-MINFIELD.jpg\",\"width\":800,\"height\":800},{\"@type\":\"BreadcrumbList\",\"@id\":\"https:\/\/metaltale.com\/lv\/produkts\/dekorativais-metala-panelis-danger-minfield\/#breadcrumb\",\"itemListElement\":[{\"@type\":\"ListItem\",\"position\":1,\"name\":\"Home\",\"item\":\"https:\/\/metaltale.com\/lv\/majas\/\"},{\"@type\":\"ListItem\",\"position\":2,\"name\":\"Veikals\",\"item\":\"https:\/\/metaltale.com\/lv\/shop\/\"},{\"@type\":\"ListItem\",\"position\":3,\"name\":\"Dekorat\u012bvais met\u0101la panelis DANGER MINFIELD\"}]},{\"@type\":\"WebSite\",\"@id\":\"https:\/\/metaltale.com\/lv\/#website\",\"url\":\"https:\/\/metaltale.com\/lv\/\",\"name\":\"Metaltale.com\",\"description\":\"\",\"potentialAction\":[{\"@type\":\"SearchAction\",\"target\":{\"@type\":\"EntryPoint\",\"urlTemplate\":\"https:\/\/metaltale.com\/lv\/?s={search_term_string}\"},\"query-input\":{\"@type\":\"PropertyValueSpecification\",\"valueRequired\":true,\"valueName\":\"search_term_string\"}}],\"inLanguage\":\"lv-LV\"}]}<\/script>\n<!-- \/ Yoast SEO plugin. -->","yoast_head_json":{"title":"Dekorat\u012bvais met\u0101la panelis DANGER MINFIELD - MetalTale.com","robots":{"index":"index","follow":"follow","max-snippet":"max-snippet:-1","max-image-preview":"max-image-preview:large","max-video-preview":"max-video-preview:-1"},"canonical":"https:\/\/metaltale.com\/lv\/produkts\/dekorativais-metala-panelis-danger-minfield\/","og_locale":"lv_LV","og_type":"article","og_title":"Dekorat\u012bvais met\u0101la panelis DANGER MINFIELD - MetalTale.com","og_description":"Modelis IN.30878 EAN. 5905369930393 Orient\u0101cija Horizont\u0101l\u0101 Istabas b\u0101rs, gar\u0101\u017ea Inform\u0101cija par mot\u012bviem Materi\u0101ls T\u0113rauds Platums (cm ) 30 Augstums (cm","og_url":"https:\/\/metaltale.com\/lv\/produkts\/dekorativais-metala-panelis-danger-minfield\/","og_site_name":"MetalTale.com","twitter_card":"summary_large_image","twitter_misc":{"Est. reading time":"1 minute"},"schema":{"@context":"https:\/\/schema.org","@graph":[{"@type":"WebPage","@id":"https:\/\/metaltale.com\/lv\/produkts\/dekorativais-metala-panelis-danger-minfield\/","url":"https:\/\/metaltale.com\/lv\/produkts\/dekorativais-metala-panelis-danger-minfield\/","name":"Dekorat\u012bvais met\u0101la panelis DANGER MINFIELD - MetalTale.com","isPartOf":{"@id":"https:\/\/metaltale.com\/lv\/#website"},"primaryImageOfPage":{"@id":"https:\/\/metaltale.com\/lv\/produkts\/dekorativais-metala-panelis-danger-minfield\/#primaryimage"},"image":{"@id":"https:\/\/metaltale.com\/lv\/produkts\/dekorativais-metala-panelis-danger-minfield\/#primaryimage"},"thumbnailUrl":"https:\/\/metaltale.com\/wp-content\/uploads\/2023\/11\/Dekoratyvinx117-metalinx117-plokx161tx117-DANGER-MINFIELD.jpg","datePublished":"2024-02-13T13:15:06+00:00","breadcrumb":{"@id":"https:\/\/metaltale.com\/lv\/produkts\/dekorativais-metala-panelis-danger-minfield\/#breadcrumb"},"inLanguage":"lv-LV","potentialAction":[{"@type":"ReadAction","target":["https:\/\/metaltale.com\/lv\/produkts\/dekorativais-metala-panelis-danger-minfield\/"]}]},{"@type":"ImageObject","inLanguage":"lv-LV","@id":"https:\/\/metaltale.com\/lv\/produkts\/dekorativais-metala-panelis-danger-minfield\/#primaryimage","url":"https:\/\/metaltale.com\/wp-content\/uploads\/2023\/11\/Dekoratyvinx117-metalinx117-plokx161tx117-DANGER-MINFIELD.jpg","contentUrl":"https:\/\/metaltale.com\/wp-content\/uploads\/2023\/11\/Dekoratyvinx117-metalinx117-plokx161tx117-DANGER-MINFIELD.jpg","width":800,"height":800},{"@type":"BreadcrumbList","@id":"https:\/\/metaltale.com\/lv\/produkts\/dekorativais-metala-panelis-danger-minfield\/#breadcrumb","itemListElement":[{"@type":"ListItem","position":1,"name":"Home","item":"https:\/\/metaltale.com\/lv\/majas\/"},{"@type":"ListItem","position":2,"name":"Veikals","item":"https:\/\/metaltale.com\/lv\/shop\/"},{"@type":"ListItem","position":3,"name":"Dekorat\u012bvais met\u0101la panelis DANGER MINFIELD"}]},{"@type":"WebSite","@id":"https:\/\/metaltale.com\/lv\/#website","url":"https:\/\/metaltale.com\/lv\/","name":"Metaltale.com","description":"","potentialAction":[{"@type":"SearchAction","target":{"@type":"EntryPoint","urlTemplate":"https:\/\/metaltale.com\/lv\/?s={search_term_string}"},"query-input":{"@type":"PropertyValueSpecification","valueRequired":true,"valueName":"search_term_string"}}],"inLanguage":"lv-LV"}]}},"_links":{"self":[{"href":"https:\/\/metaltale.com\/lv\/wp-json\/wp\/v2\/product\/136144","targetHints":{"allow":["GET"]}}],"collection":[{"href":"https:\/\/metaltale.com\/lv\/wp-json\/wp\/v2\/product"}],"about":[{"href":"https:\/\/metaltale.com\/lv\/wp-json\/wp\/v2\/types\/product"}],"replies":[{"embeddable":true,"href":"https:\/\/metaltale.com\/lv\/wp-json\/wp\/v2\/comments?post=136144"}],"version-history":[{"count":0,"href":"https:\/\/metaltale.com\/lv\/wp-json\/wp\/v2\/product\/136144\/revisions"}],"wp:featuredmedia":[{"embeddable":true,"href":"https:\/\/metaltale.com\/lv\/wp-json\/wp\/v2\/media\/98677"}],"wp:attachment":[{"href":"https:\/\/metaltale.com\/lv\/wp-json\/wp\/v2\/media?parent=136144"}],"wp:term":[{"taxonomy":"product_brand","embeddable":true,"href":"https:\/\/metaltale.com\/lv\/wp-json\/wp\/v2\/product_brand?post=136144"},{"taxonomy":"product_cat","embeddable":true,"href":"https:\/\/metaltale.com\/lv\/wp-json\/wp\/v2\/product_cat?post=136144"},{"taxonomy":"product_tag","embeddable":true,"href":"https:\/\/metaltale.com\/lv\/wp-json\/wp\/v2\/product_tag?post=136144"}],"curies":[{"name":"wp","href":"https:\/\/api.w.org\/{rel}","templated":true}]}}