{"id":136143,"date":"2024-02-13T15:15:06","date_gmt":"2024-02-13T13:15:06","guid":{"rendered":"https:\/\/metaltale.com\/produktas\/metala-dekorativa-plaksne-great-britain-flag\/"},"modified":"2024-02-13T15:15:06","modified_gmt":"2024-02-13T13:15:06","slug":"metala-dekorativa-plaksne-great-britain-flag","status":"publish","type":"product","link":"https:\/\/metaltale.com\/lv\/produkts\/metala-dekorativa-plaksne-great-britain-flag\/","title":{"rendered":"Met\u0101la dekorat\u012bv\u0101 pl\u0101ksne GREAT BRITAIN FLAG"},"content":{"rendered":"<div class=\"prod_data\"><strong>Modelis<\/strong> IN.30780  <br \/><strong>EAN.<\/strong>  5905369930003  <br \/><strong>Orient\u0101cija<\/strong> Horizont\u0101l\u0101  <br \/><strong>Istabu<\/strong> b\u0101rs, kafejn\u012bca, pusaud\u017eu istaba, restor\u0101ns  <br \/><strong>Motivu<\/strong> karodzi\u0146i  <br \/><strong>Materi\u0101ls<\/strong> T\u0113rauds  <br \/><strong>Platums (cm<\/strong> ) 30  <br \/><strong>Augstums (cm<\/strong> ) 20  <br \/><strong>Formas<\/strong> Taisnst\u016bra <strong>formas<\/strong>  <\/p>\n<p>Dekorat\u012bvs taisnst\u016bra formas panelis. Panelis bija izgatavots no met\u0101la, kas p\u0101rkl\u0101ts ar augstas nodilumiztur\u012bbas kr\u0101su. Izstr\u0101d\u0101juma kvalit\u0101ti mums garant\u0113 visaugst\u0101k\u0101 kvalit\u0101te un uzman\u012bba deta\u013c\u0101m. Uz pl\u0101ksnes ir redzamas kr\u0101sas mai\u0146as un skr\u0101p\u0113jumu p\u0113das, kas ir apzin\u0101ta apstr\u0101de, lai pie\u0161\u0137irtu tai retro izskatu. Noapa\u013cotie st\u016bri palielina lieto\u0161anas dro\u0161\u012bbu, un smalki stiprin\u0101juma caurumi \u013cauj paneli piek\u0101rt \u0101tri un efekt\u012bvi.<\/p>\n<p>Uz izstr\u0101d\u0101juma ir att\u0113lots Lielbrit\u0101nijas karogs.<\/p>\n<p>Met\u0101la plak\u0101ts ir lieliski piem\u0113rots vintage un retro interjeriem. Tas b\u016bs ori\u0123in\u0101ls rot\u0101jums b\u0101ros un restor\u0101nos. T\u0101 ir ar\u012b ori\u0123in\u0101la d\u0101vin\u0101juma ideja.<\/p>\n<\/div>\n","protected":false},"excerpt":{"rendered":"<p>Modelis IN.30780 EAN. 5905369930003 Orient\u0101cija Horizont\u0101l\u0101 Istabu b\u0101rs, kafejn\u012bca, pusaud\u017eu istaba, restor\u0101ns Motivu karodzi\u0146i Materi\u0101ls T\u0113rauds Platums (cm ) 30<\/p>\n","protected":false},"featured_media":95014,"comment_status":"open","ping_status":"closed","template":"","meta":{"_acf_changed":false,"pmpro_default_level":""},"product_brand":[],"product_cat":[24085],"product_tag":[],"class_list":{"0":"post-136143","1":"product","2":"type-product","3":"status-publish","4":"has-post-thumbnail","6":"product_cat-metala-dekorativas-plaksnes","7":"pmpro-has-access","9":"first","10":"instock","11":"shipping-taxable","12":"purchasable","13":"product-type-simple"},"acf":[],"yoast_head":"<!-- This site is optimized with the Yoast SEO plugin v24.9 - https:\/\/yoast.com\/wordpress\/plugins\/seo\/ -->\n<title>Met\u0101la dekorat\u012bv\u0101 pl\u0101ksne GREAT BRITAIN FLAG - MetalTale.com<\/title>\n<meta name=\"robots\" content=\"index, follow, max-snippet:-1, max-image-preview:large, max-video-preview:-1\" \/>\n<link rel=\"canonical\" href=\"https:\/\/metaltale.com\/lv\/produkts\/metala-dekorativa-plaksne-great-britain-flag\/\" \/>\n<meta property=\"og:locale\" content=\"lv_LV\" \/>\n<meta property=\"og:type\" content=\"article\" \/>\n<meta property=\"og:title\" content=\"Met\u0101la dekorat\u012bv\u0101 pl\u0101ksne GREAT BRITAIN FLAG - MetalTale.com\" \/>\n<meta property=\"og:description\" content=\"Modelis IN.30780 EAN. 5905369930003 Orient\u0101cija Horizont\u0101l\u0101 Istabu b\u0101rs, kafejn\u012bca, pusaud\u017eu istaba, restor\u0101ns Motivu karodzi\u0146i Materi\u0101ls T\u0113rauds Platums (cm ) 30\" \/>\n<meta property=\"og:url\" content=\"https:\/\/metaltale.com\/lv\/produkts\/metala-dekorativa-plaksne-great-britain-flag\/\" \/>\n<meta property=\"og:site_name\" content=\"MetalTale.com\" \/>\n<meta name=\"twitter:card\" content=\"summary_large_image\" \/>\n<meta name=\"twitter:label1\" content=\"Est. reading time\" \/>\n\t<meta name=\"twitter:data1\" content=\"1 minute\" \/>\n<script type=\"application\/ld+json\" class=\"yoast-schema-graph\">{\"@context\":\"https:\/\/schema.org\",\"@graph\":[{\"@type\":\"WebPage\",\"@id\":\"https:\/\/metaltale.com\/lv\/produkts\/metala-dekorativa-plaksne-great-britain-flag\/\",\"url\":\"https:\/\/metaltale.com\/lv\/produkts\/metala-dekorativa-plaksne-great-britain-flag\/\",\"name\":\"Met\u0101la dekorat\u012bv\u0101 pl\u0101ksne GREAT BRITAIN FLAG - MetalTale.com\",\"isPartOf\":{\"@id\":\"https:\/\/metaltale.com\/lv\/#website\"},\"primaryImageOfPage\":{\"@id\":\"https:\/\/metaltale.com\/lv\/produkts\/metala-dekorativa-plaksne-great-britain-flag\/#primaryimage\"},\"image\":{\"@id\":\"https:\/\/metaltale.com\/lv\/produkts\/metala-dekorativa-plaksne-great-britain-flag\/#primaryimage\"},\"thumbnailUrl\":\"https:\/\/metaltale.com\/wp-content\/uploads\/2023\/10\/Metalinx117-dekoratyvinx117-plokx161tx117-DIDx17DIOSIOS-BRITANIJOS-Vx116LIAVA.jpg\",\"datePublished\":\"2024-02-13T13:15:06+00:00\",\"breadcrumb\":{\"@id\":\"https:\/\/metaltale.com\/lv\/produkts\/metala-dekorativa-plaksne-great-britain-flag\/#breadcrumb\"},\"inLanguage\":\"lv-LV\",\"potentialAction\":[{\"@type\":\"ReadAction\",\"target\":[\"https:\/\/metaltale.com\/lv\/produkts\/metala-dekorativa-plaksne-great-britain-flag\/\"]}]},{\"@type\":\"ImageObject\",\"inLanguage\":\"lv-LV\",\"@id\":\"https:\/\/metaltale.com\/lv\/produkts\/metala-dekorativa-plaksne-great-britain-flag\/#primaryimage\",\"url\":\"https:\/\/metaltale.com\/wp-content\/uploads\/2023\/10\/Metalinx117-dekoratyvinx117-plokx161tx117-DIDx17DIOSIOS-BRITANIJOS-Vx116LIAVA.jpg\",\"contentUrl\":\"https:\/\/metaltale.com\/wp-content\/uploads\/2023\/10\/Metalinx117-dekoratyvinx117-plokx161tx117-DIDx17DIOSIOS-BRITANIJOS-Vx116LIAVA.jpg\",\"width\":800,\"height\":800},{\"@type\":\"BreadcrumbList\",\"@id\":\"https:\/\/metaltale.com\/lv\/produkts\/metala-dekorativa-plaksne-great-britain-flag\/#breadcrumb\",\"itemListElement\":[{\"@type\":\"ListItem\",\"position\":1,\"name\":\"Home\",\"item\":\"https:\/\/metaltale.com\/lv\/majas\/\"},{\"@type\":\"ListItem\",\"position\":2,\"name\":\"Veikals\",\"item\":\"https:\/\/metaltale.com\/lv\/shop\/\"},{\"@type\":\"ListItem\",\"position\":3,\"name\":\"Met\u0101la dekorat\u012bv\u0101 pl\u0101ksne GREAT BRITAIN FLAG\"}]},{\"@type\":\"WebSite\",\"@id\":\"https:\/\/metaltale.com\/lv\/#website\",\"url\":\"https:\/\/metaltale.com\/lv\/\",\"name\":\"Metaltale.com\",\"description\":\"\",\"potentialAction\":[{\"@type\":\"SearchAction\",\"target\":{\"@type\":\"EntryPoint\",\"urlTemplate\":\"https:\/\/metaltale.com\/lv\/?s={search_term_string}\"},\"query-input\":{\"@type\":\"PropertyValueSpecification\",\"valueRequired\":true,\"valueName\":\"search_term_string\"}}],\"inLanguage\":\"lv-LV\"}]}<\/script>\n<!-- \/ Yoast SEO plugin. -->","yoast_head_json":{"title":"Met\u0101la dekorat\u012bv\u0101 pl\u0101ksne GREAT BRITAIN FLAG - MetalTale.com","robots":{"index":"index","follow":"follow","max-snippet":"max-snippet:-1","max-image-preview":"max-image-preview:large","max-video-preview":"max-video-preview:-1"},"canonical":"https:\/\/metaltale.com\/lv\/produkts\/metala-dekorativa-plaksne-great-britain-flag\/","og_locale":"lv_LV","og_type":"article","og_title":"Met\u0101la dekorat\u012bv\u0101 pl\u0101ksne GREAT BRITAIN FLAG - MetalTale.com","og_description":"Modelis IN.30780 EAN. 5905369930003 Orient\u0101cija Horizont\u0101l\u0101 Istabu b\u0101rs, kafejn\u012bca, pusaud\u017eu istaba, restor\u0101ns Motivu karodzi\u0146i Materi\u0101ls T\u0113rauds Platums (cm ) 30","og_url":"https:\/\/metaltale.com\/lv\/produkts\/metala-dekorativa-plaksne-great-britain-flag\/","og_site_name":"MetalTale.com","twitter_card":"summary_large_image","twitter_misc":{"Est. reading time":"1 minute"},"schema":{"@context":"https:\/\/schema.org","@graph":[{"@type":"WebPage","@id":"https:\/\/metaltale.com\/lv\/produkts\/metala-dekorativa-plaksne-great-britain-flag\/","url":"https:\/\/metaltale.com\/lv\/produkts\/metala-dekorativa-plaksne-great-britain-flag\/","name":"Met\u0101la dekorat\u012bv\u0101 pl\u0101ksne GREAT BRITAIN FLAG - MetalTale.com","isPartOf":{"@id":"https:\/\/metaltale.com\/lv\/#website"},"primaryImageOfPage":{"@id":"https:\/\/metaltale.com\/lv\/produkts\/metala-dekorativa-plaksne-great-britain-flag\/#primaryimage"},"image":{"@id":"https:\/\/metaltale.com\/lv\/produkts\/metala-dekorativa-plaksne-great-britain-flag\/#primaryimage"},"thumbnailUrl":"https:\/\/metaltale.com\/wp-content\/uploads\/2023\/10\/Metalinx117-dekoratyvinx117-plokx161tx117-DIDx17DIOSIOS-BRITANIJOS-Vx116LIAVA.jpg","datePublished":"2024-02-13T13:15:06+00:00","breadcrumb":{"@id":"https:\/\/metaltale.com\/lv\/produkts\/metala-dekorativa-plaksne-great-britain-flag\/#breadcrumb"},"inLanguage":"lv-LV","potentialAction":[{"@type":"ReadAction","target":["https:\/\/metaltale.com\/lv\/produkts\/metala-dekorativa-plaksne-great-britain-flag\/"]}]},{"@type":"ImageObject","inLanguage":"lv-LV","@id":"https:\/\/metaltale.com\/lv\/produkts\/metala-dekorativa-plaksne-great-britain-flag\/#primaryimage","url":"https:\/\/metaltale.com\/wp-content\/uploads\/2023\/10\/Metalinx117-dekoratyvinx117-plokx161tx117-DIDx17DIOSIOS-BRITANIJOS-Vx116LIAVA.jpg","contentUrl":"https:\/\/metaltale.com\/wp-content\/uploads\/2023\/10\/Metalinx117-dekoratyvinx117-plokx161tx117-DIDx17DIOSIOS-BRITANIJOS-Vx116LIAVA.jpg","width":800,"height":800},{"@type":"BreadcrumbList","@id":"https:\/\/metaltale.com\/lv\/produkts\/metala-dekorativa-plaksne-great-britain-flag\/#breadcrumb","itemListElement":[{"@type":"ListItem","position":1,"name":"Home","item":"https:\/\/metaltale.com\/lv\/majas\/"},{"@type":"ListItem","position":2,"name":"Veikals","item":"https:\/\/metaltale.com\/lv\/shop\/"},{"@type":"ListItem","position":3,"name":"Met\u0101la dekorat\u012bv\u0101 pl\u0101ksne GREAT BRITAIN FLAG"}]},{"@type":"WebSite","@id":"https:\/\/metaltale.com\/lv\/#website","url":"https:\/\/metaltale.com\/lv\/","name":"Metaltale.com","description":"","potentialAction":[{"@type":"SearchAction","target":{"@type":"EntryPoint","urlTemplate":"https:\/\/metaltale.com\/lv\/?s={search_term_string}"},"query-input":{"@type":"PropertyValueSpecification","valueRequired":true,"valueName":"search_term_string"}}],"inLanguage":"lv-LV"}]}},"_links":{"self":[{"href":"https:\/\/metaltale.com\/lv\/wp-json\/wp\/v2\/product\/136143","targetHints":{"allow":["GET"]}}],"collection":[{"href":"https:\/\/metaltale.com\/lv\/wp-json\/wp\/v2\/product"}],"about":[{"href":"https:\/\/metaltale.com\/lv\/wp-json\/wp\/v2\/types\/product"}],"replies":[{"embeddable":true,"href":"https:\/\/metaltale.com\/lv\/wp-json\/wp\/v2\/comments?post=136143"}],"version-history":[{"count":0,"href":"https:\/\/metaltale.com\/lv\/wp-json\/wp\/v2\/product\/136143\/revisions"}],"wp:featuredmedia":[{"embeddable":true,"href":"https:\/\/metaltale.com\/lv\/wp-json\/wp\/v2\/media\/95014"}],"wp:attachment":[{"href":"https:\/\/metaltale.com\/lv\/wp-json\/wp\/v2\/media?parent=136143"}],"wp:term":[{"taxonomy":"product_brand","embeddable":true,"href":"https:\/\/metaltale.com\/lv\/wp-json\/wp\/v2\/product_brand?post=136143"},{"taxonomy":"product_cat","embeddable":true,"href":"https:\/\/metaltale.com\/lv\/wp-json\/wp\/v2\/product_cat?post=136143"},{"taxonomy":"product_tag","embeddable":true,"href":"https:\/\/metaltale.com\/lv\/wp-json\/wp\/v2\/product_tag?post=136143"}],"curies":[{"name":"wp","href":"https:\/\/api.w.org\/{rel}","templated":true}]}}