{"id":136082,"date":"2024-02-13T15:13:05","date_gmt":"2024-02-13T13:13:05","guid":{"rendered":"https:\/\/metaltale.com\/produktas\/dekorativais-loksnu-metals-1-root\/"},"modified":"2024-02-13T15:13:05","modified_gmt":"2024-02-13T13:13:05","slug":"dekorativais-loksnu-metals-1-root","status":"publish","type":"product","link":"https:\/\/metaltale.com\/lv\/produkts\/dekorativais-loksnu-metals-1-root\/","title":{"rendered":"Dekorat\u012bvais lok\u0161\u0146u met\u0101ls 1 ROOT"},"content":{"rendered":"<div class=\"prod_data\"><strong>Modelis<\/strong> IN.60090  <br \/><strong>EAN.<\/strong>  5905369931017  <br \/><strong>Orient\u0101cija<\/strong> Vertik\u0101l\u0101  <br \/><strong>Motiviskie<\/strong> teikumi  <br \/><strong>Materi\u0101ls<\/strong> T\u0113rauds  <br \/><strong>Platums (cm<\/strong> ) 20  <br \/><strong>Augstums (cm<\/strong> ) 30  <br \/><strong>Formas<\/strong> Taisnst\u016bra <strong>formas<\/strong>  <\/p>\n<p>Dekorat\u012bvais panelis ir izgatavots no met\u0101la. Plak\u0101ts ir izgatavots, izmantojot augst\u0101k\u0101s kvalit\u0101tes materi\u0101lus, un tas ir papildus aizsarg\u0101ts ar pret skr\u0101p\u0113jumiem notur\u012bgu laku. Uz plan\u0161etes ir vilku z\u012bm\u0113jums un t\u0113vam adres\u0113ts teikums no vi\u0146a meitas. Produkts b\u016bs lieliska d\u0101vin\u0101juma ideja, \u012bpa\u0161i, ja v\u0113lamies apliecin\u0101t, ka mums r\u016bp otra persona. Kron\u0161teinam ir smalki stiprin\u0101juma caurumi \u0101trai un vienk\u0101r\u0161ai pane\u013ca piestiprin\u0101\u0161anai.<\/p>\n<p>Uz plak\u0101ta redzams meitai adres\u0113ts teksts, kas s\u0101kas ar v\u0101rdiem &#8220;Tas ir mans t\u0113tis&#8230;&#8221;.<\/p>\n<p>Met\u0101la plak\u0101ts ir lieliski piem\u0113rots vintage un retro interjeriem. Tas b\u016bs ori\u0123in\u0101ls rot\u0101jums b\u0101ros un restor\u0101nos.<\/p>\n<\/div>\n","protected":false},"excerpt":{"rendered":"<p>Modelis IN.60090 EAN. 5905369931017 Orient\u0101cija Vertik\u0101l\u0101 Motiviskie teikumi Materi\u0101ls T\u0113rauds Platums (cm ) 20 Augstums (cm ) 30 Formas Taisnst\u016bra<\/p>\n","protected":false},"featured_media":94135,"comment_status":"open","ping_status":"closed","template":"","meta":{"_acf_changed":false,"pmpro_default_level":""},"product_brand":[],"product_cat":[24085],"product_tag":[],"class_list":{"0":"post-136082","1":"product","2":"type-product","3":"status-publish","4":"has-post-thumbnail","6":"product_cat-metala-dekorativas-plaksnes","7":"pmpro-has-access","9":"first","10":"instock","11":"shipping-taxable","12":"purchasable","13":"product-type-simple"},"acf":[],"yoast_head":"<!-- This site is optimized with the Yoast SEO plugin v24.9 - https:\/\/yoast.com\/wordpress\/plugins\/seo\/ -->\n<title>Dekorat\u012bvais lok\u0161\u0146u met\u0101ls 1 ROOT - MetalTale.com<\/title>\n<meta name=\"robots\" content=\"index, follow, max-snippet:-1, max-image-preview:large, max-video-preview:-1\" \/>\n<link rel=\"canonical\" href=\"https:\/\/metaltale.com\/lv\/produkts\/dekorativais-loksnu-metals-1-root\/\" \/>\n<meta property=\"og:locale\" content=\"lv_LV\" \/>\n<meta property=\"og:type\" content=\"article\" \/>\n<meta property=\"og:title\" content=\"Dekorat\u012bvais lok\u0161\u0146u met\u0101ls 1 ROOT - MetalTale.com\" \/>\n<meta property=\"og:description\" content=\"Modelis IN.60090 EAN. 5905369931017 Orient\u0101cija Vertik\u0101l\u0101 Motiviskie teikumi Materi\u0101ls T\u0113rauds Platums (cm ) 20 Augstums (cm ) 30 Formas Taisnst\u016bra\" \/>\n<meta property=\"og:url\" content=\"https:\/\/metaltale.com\/lv\/produkts\/dekorativais-loksnu-metals-1-root\/\" \/>\n<meta property=\"og:site_name\" content=\"MetalTale.com\" \/>\n<meta name=\"twitter:card\" content=\"summary_large_image\" \/>\n<meta name=\"twitter:label1\" content=\"Est. reading time\" \/>\n\t<meta name=\"twitter:data1\" content=\"1 minute\" \/>\n<script type=\"application\/ld+json\" class=\"yoast-schema-graph\">{\"@context\":\"https:\/\/schema.org\",\"@graph\":[{\"@type\":\"WebPage\",\"@id\":\"https:\/\/metaltale.com\/lv\/produkts\/dekorativais-loksnu-metals-1-root\/\",\"url\":\"https:\/\/metaltale.com\/lv\/produkts\/dekorativais-loksnu-metals-1-root\/\",\"name\":\"Dekorat\u012bvais lok\u0161\u0146u met\u0101ls 1 ROOT - MetalTale.com\",\"isPartOf\":{\"@id\":\"https:\/\/metaltale.com\/lv\/#website\"},\"primaryImageOfPage\":{\"@id\":\"https:\/\/metaltale.com\/lv\/produkts\/dekorativais-loksnu-metals-1-root\/#primaryimage\"},\"image\":{\"@id\":\"https:\/\/metaltale.com\/lv\/produkts\/dekorativais-loksnu-metals-1-root\/#primaryimage\"},\"thumbnailUrl\":\"https:\/\/metaltale.com\/wp-content\/uploads\/2023\/10\/Dekoratyvinis-lakx161tinis-metalas-1-SAKINYS.jpg\",\"datePublished\":\"2024-02-13T13:13:05+00:00\",\"breadcrumb\":{\"@id\":\"https:\/\/metaltale.com\/lv\/produkts\/dekorativais-loksnu-metals-1-root\/#breadcrumb\"},\"inLanguage\":\"lv-LV\",\"potentialAction\":[{\"@type\":\"ReadAction\",\"target\":[\"https:\/\/metaltale.com\/lv\/produkts\/dekorativais-loksnu-metals-1-root\/\"]}]},{\"@type\":\"ImageObject\",\"inLanguage\":\"lv-LV\",\"@id\":\"https:\/\/metaltale.com\/lv\/produkts\/dekorativais-loksnu-metals-1-root\/#primaryimage\",\"url\":\"https:\/\/metaltale.com\/wp-content\/uploads\/2023\/10\/Dekoratyvinis-lakx161tinis-metalas-1-SAKINYS.jpg\",\"contentUrl\":\"https:\/\/metaltale.com\/wp-content\/uploads\/2023\/10\/Dekoratyvinis-lakx161tinis-metalas-1-SAKINYS.jpg\",\"width\":800,\"height\":800},{\"@type\":\"BreadcrumbList\",\"@id\":\"https:\/\/metaltale.com\/lv\/produkts\/dekorativais-loksnu-metals-1-root\/#breadcrumb\",\"itemListElement\":[{\"@type\":\"ListItem\",\"position\":1,\"name\":\"Home\",\"item\":\"https:\/\/metaltale.com\/lv\/majas\/\"},{\"@type\":\"ListItem\",\"position\":2,\"name\":\"Veikals\",\"item\":\"https:\/\/metaltale.com\/lv\/shop\/\"},{\"@type\":\"ListItem\",\"position\":3,\"name\":\"Dekorat\u012bvais lok\u0161\u0146u met\u0101ls 1 ROOT\"}]},{\"@type\":\"WebSite\",\"@id\":\"https:\/\/metaltale.com\/lv\/#website\",\"url\":\"https:\/\/metaltale.com\/lv\/\",\"name\":\"Metaltale.com\",\"description\":\"\",\"potentialAction\":[{\"@type\":\"SearchAction\",\"target\":{\"@type\":\"EntryPoint\",\"urlTemplate\":\"https:\/\/metaltale.com\/lv\/?s={search_term_string}\"},\"query-input\":{\"@type\":\"PropertyValueSpecification\",\"valueRequired\":true,\"valueName\":\"search_term_string\"}}],\"inLanguage\":\"lv-LV\"}]}<\/script>\n<!-- \/ Yoast SEO plugin. -->","yoast_head_json":{"title":"Dekorat\u012bvais lok\u0161\u0146u met\u0101ls 1 ROOT - MetalTale.com","robots":{"index":"index","follow":"follow","max-snippet":"max-snippet:-1","max-image-preview":"max-image-preview:large","max-video-preview":"max-video-preview:-1"},"canonical":"https:\/\/metaltale.com\/lv\/produkts\/dekorativais-loksnu-metals-1-root\/","og_locale":"lv_LV","og_type":"article","og_title":"Dekorat\u012bvais lok\u0161\u0146u met\u0101ls 1 ROOT - MetalTale.com","og_description":"Modelis IN.60090 EAN. 5905369931017 Orient\u0101cija Vertik\u0101l\u0101 Motiviskie teikumi Materi\u0101ls T\u0113rauds Platums (cm ) 20 Augstums (cm ) 30 Formas Taisnst\u016bra","og_url":"https:\/\/metaltale.com\/lv\/produkts\/dekorativais-loksnu-metals-1-root\/","og_site_name":"MetalTale.com","twitter_card":"summary_large_image","twitter_misc":{"Est. reading time":"1 minute"},"schema":{"@context":"https:\/\/schema.org","@graph":[{"@type":"WebPage","@id":"https:\/\/metaltale.com\/lv\/produkts\/dekorativais-loksnu-metals-1-root\/","url":"https:\/\/metaltale.com\/lv\/produkts\/dekorativais-loksnu-metals-1-root\/","name":"Dekorat\u012bvais lok\u0161\u0146u met\u0101ls 1 ROOT - MetalTale.com","isPartOf":{"@id":"https:\/\/metaltale.com\/lv\/#website"},"primaryImageOfPage":{"@id":"https:\/\/metaltale.com\/lv\/produkts\/dekorativais-loksnu-metals-1-root\/#primaryimage"},"image":{"@id":"https:\/\/metaltale.com\/lv\/produkts\/dekorativais-loksnu-metals-1-root\/#primaryimage"},"thumbnailUrl":"https:\/\/metaltale.com\/wp-content\/uploads\/2023\/10\/Dekoratyvinis-lakx161tinis-metalas-1-SAKINYS.jpg","datePublished":"2024-02-13T13:13:05+00:00","breadcrumb":{"@id":"https:\/\/metaltale.com\/lv\/produkts\/dekorativais-loksnu-metals-1-root\/#breadcrumb"},"inLanguage":"lv-LV","potentialAction":[{"@type":"ReadAction","target":["https:\/\/metaltale.com\/lv\/produkts\/dekorativais-loksnu-metals-1-root\/"]}]},{"@type":"ImageObject","inLanguage":"lv-LV","@id":"https:\/\/metaltale.com\/lv\/produkts\/dekorativais-loksnu-metals-1-root\/#primaryimage","url":"https:\/\/metaltale.com\/wp-content\/uploads\/2023\/10\/Dekoratyvinis-lakx161tinis-metalas-1-SAKINYS.jpg","contentUrl":"https:\/\/metaltale.com\/wp-content\/uploads\/2023\/10\/Dekoratyvinis-lakx161tinis-metalas-1-SAKINYS.jpg","width":800,"height":800},{"@type":"BreadcrumbList","@id":"https:\/\/metaltale.com\/lv\/produkts\/dekorativais-loksnu-metals-1-root\/#breadcrumb","itemListElement":[{"@type":"ListItem","position":1,"name":"Home","item":"https:\/\/metaltale.com\/lv\/majas\/"},{"@type":"ListItem","position":2,"name":"Veikals","item":"https:\/\/metaltale.com\/lv\/shop\/"},{"@type":"ListItem","position":3,"name":"Dekorat\u012bvais lok\u0161\u0146u met\u0101ls 1 ROOT"}]},{"@type":"WebSite","@id":"https:\/\/metaltale.com\/lv\/#website","url":"https:\/\/metaltale.com\/lv\/","name":"Metaltale.com","description":"","potentialAction":[{"@type":"SearchAction","target":{"@type":"EntryPoint","urlTemplate":"https:\/\/metaltale.com\/lv\/?s={search_term_string}"},"query-input":{"@type":"PropertyValueSpecification","valueRequired":true,"valueName":"search_term_string"}}],"inLanguage":"lv-LV"}]}},"_links":{"self":[{"href":"https:\/\/metaltale.com\/lv\/wp-json\/wp\/v2\/product\/136082","targetHints":{"allow":["GET"]}}],"collection":[{"href":"https:\/\/metaltale.com\/lv\/wp-json\/wp\/v2\/product"}],"about":[{"href":"https:\/\/metaltale.com\/lv\/wp-json\/wp\/v2\/types\/product"}],"replies":[{"embeddable":true,"href":"https:\/\/metaltale.com\/lv\/wp-json\/wp\/v2\/comments?post=136082"}],"version-history":[{"count":0,"href":"https:\/\/metaltale.com\/lv\/wp-json\/wp\/v2\/product\/136082\/revisions"}],"wp:featuredmedia":[{"embeddable":true,"href":"https:\/\/metaltale.com\/lv\/wp-json\/wp\/v2\/media\/94135"}],"wp:attachment":[{"href":"https:\/\/metaltale.com\/lv\/wp-json\/wp\/v2\/media?parent=136082"}],"wp:term":[{"taxonomy":"product_brand","embeddable":true,"href":"https:\/\/metaltale.com\/lv\/wp-json\/wp\/v2\/product_brand?post=136082"},{"taxonomy":"product_cat","embeddable":true,"href":"https:\/\/metaltale.com\/lv\/wp-json\/wp\/v2\/product_cat?post=136082"},{"taxonomy":"product_tag","embeddable":true,"href":"https:\/\/metaltale.com\/lv\/wp-json\/wp\/v2\/product_tag?post=136082"}],"curies":[{"name":"wp","href":"https:\/\/api.w.org\/{rel}","templated":true}]}}