{"id":136040,"date":"2024-02-13T15:11:48","date_gmt":"2024-02-13T13:11:48","guid":{"rendered":"https:\/\/metaltale.com\/produktas\/metala-dekorativais-panelis-cafe-latte\/"},"modified":"2024-02-13T15:11:48","modified_gmt":"2024-02-13T13:11:48","slug":"metala-dekorativais-panelis-cafe-latte","status":"publish","type":"product","link":"https:\/\/metaltale.com\/lv\/produkts\/metala-dekorativais-panelis-cafe-latte\/","title":{"rendered":"Met\u0101la dekorat\u012bvais panelis CAFE LATTE"},"content":{"rendered":"<div class=\"prod_data\"><strong>Modelis<\/strong> IN.10106  <br \/><strong>EAN.<\/strong>  5905369930270  <br \/><strong>Orient\u0101cija<\/strong> Vertik\u0101l\u0101  <br \/><strong>Telpu<\/strong> kafejn\u012bca  <br \/><strong>Motif<\/strong> dz\u0113rieni  <br \/><strong>Materi\u0101ls<\/strong> T\u0113rauds  <br \/><strong>Platums (cm<\/strong> ) 20  <br \/><strong>Augstums (cm<\/strong> ) 30  <br \/><strong>Formas<\/strong> Taisnst\u016bra <strong>formas<\/strong>  <\/p>\n<p>Taisnst\u016bra formas met\u0101la dekorat\u012bv\u0101 pl\u0101ksne. Plak\u0101ts tika izgatavots ar augstas nodilumiztur\u012bbas kr\u0101su un papildus aizsarg\u0101ts ar laku pret skr\u0101p\u0113jumiem. Redzamas r\u016bsas un kr\u0101sas izmai\u0146as pie\u0161\u0137ir tam retro stilu. Visa kr\u0101su gamma bija br\u016bn\u0101 kr\u0101s\u0101. Skaidri izce\u013cas tas\u012bte ar lielaj\u0101m put\u0101m uz baltas pl\u0101ksnes, un uz plak\u0101ta redzamas ar\u012b kafijas pupi\u0146as.<\/p>\n<p>Produkts ietver Cafe Latte gl\u0101zi ar \u0161\u0101du uzrakstu.<\/p>\n<p>Pl\u0101ksne ieder\u0113sies retro un vintage interjer\u0101. Tas k\u013c\u016bs par ori\u0123in\u0101lu dekor\u0101ciju m\u016bsu virtuv\u0113, restor\u0101n\u0101 vai kafejn\u012bc\u0101. T\u0101 ir ar\u012b lieliska d\u0101vin\u0101juma ideja.<\/p>\n<\/div>\n","protected":false},"excerpt":{"rendered":"<p>Modelis IN.10106 EAN. 5905369930270 Orient\u0101cija Vertik\u0101l\u0101 Telpu kafejn\u012bca Motif dz\u0113rieni Materi\u0101ls T\u0113rauds Platums (cm ) 20 Augstums (cm ) 30<\/p>\n","protected":false},"featured_media":93724,"comment_status":"open","ping_status":"closed","template":"","meta":{"_acf_changed":false,"pmpro_default_level":""},"product_brand":[],"product_cat":[24085],"product_tag":[],"class_list":{"0":"post-136040","1":"product","2":"type-product","3":"status-publish","4":"has-post-thumbnail","6":"product_cat-metala-dekorativas-plaksnes","7":"pmpro-has-access","9":"first","10":"instock","11":"shipping-taxable","12":"purchasable","13":"product-type-simple"},"acf":[],"yoast_head":"<!-- This site is optimized with the Yoast SEO plugin v24.9 - https:\/\/yoast.com\/wordpress\/plugins\/seo\/ -->\n<title>Met\u0101la dekorat\u012bvais panelis CAFE LATTE - MetalTale.com<\/title>\n<meta name=\"robots\" content=\"index, follow, max-snippet:-1, max-image-preview:large, max-video-preview:-1\" \/>\n<link rel=\"canonical\" href=\"https:\/\/metaltale.com\/lv\/produkts\/metala-dekorativais-panelis-cafe-latte\/\" \/>\n<meta property=\"og:locale\" content=\"lv_LV\" \/>\n<meta property=\"og:type\" content=\"article\" \/>\n<meta property=\"og:title\" content=\"Met\u0101la dekorat\u012bvais panelis CAFE LATTE - MetalTale.com\" \/>\n<meta property=\"og:description\" content=\"Modelis IN.10106 EAN. 5905369930270 Orient\u0101cija Vertik\u0101l\u0101 Telpu kafejn\u012bca Motif dz\u0113rieni Materi\u0101ls T\u0113rauds Platums (cm ) 20 Augstums (cm ) 30\" \/>\n<meta property=\"og:url\" content=\"https:\/\/metaltale.com\/lv\/produkts\/metala-dekorativais-panelis-cafe-latte\/\" \/>\n<meta property=\"og:site_name\" content=\"MetalTale.com\" \/>\n<meta name=\"twitter:card\" content=\"summary_large_image\" \/>\n<meta name=\"twitter:label1\" content=\"Est. reading time\" \/>\n\t<meta name=\"twitter:data1\" content=\"1 minute\" \/>\n<script type=\"application\/ld+json\" class=\"yoast-schema-graph\">{\"@context\":\"https:\/\/schema.org\",\"@graph\":[{\"@type\":\"WebPage\",\"@id\":\"https:\/\/metaltale.com\/lv\/produkts\/metala-dekorativais-panelis-cafe-latte\/\",\"url\":\"https:\/\/metaltale.com\/lv\/produkts\/metala-dekorativais-panelis-cafe-latte\/\",\"name\":\"Met\u0101la dekorat\u012bvais panelis CAFE LATTE - MetalTale.com\",\"isPartOf\":{\"@id\":\"https:\/\/metaltale.com\/lv\/#website\"},\"primaryImageOfPage\":{\"@id\":\"https:\/\/metaltale.com\/lv\/produkts\/metala-dekorativais-panelis-cafe-latte\/#primaryimage\"},\"image\":{\"@id\":\"https:\/\/metaltale.com\/lv\/produkts\/metala-dekorativais-panelis-cafe-latte\/#primaryimage\"},\"thumbnailUrl\":\"https:\/\/metaltale.com\/wp-content\/uploads\/2023\/10\/Metalinx117-dekoratyvinx117-plokx161tx117-CAFE-LATTE.jpg\",\"datePublished\":\"2024-02-13T13:11:48+00:00\",\"breadcrumb\":{\"@id\":\"https:\/\/metaltale.com\/lv\/produkts\/metala-dekorativais-panelis-cafe-latte\/#breadcrumb\"},\"inLanguage\":\"lv-LV\",\"potentialAction\":[{\"@type\":\"ReadAction\",\"target\":[\"https:\/\/metaltale.com\/lv\/produkts\/metala-dekorativais-panelis-cafe-latte\/\"]}]},{\"@type\":\"ImageObject\",\"inLanguage\":\"lv-LV\",\"@id\":\"https:\/\/metaltale.com\/lv\/produkts\/metala-dekorativais-panelis-cafe-latte\/#primaryimage\",\"url\":\"https:\/\/metaltale.com\/wp-content\/uploads\/2023\/10\/Metalinx117-dekoratyvinx117-plokx161tx117-CAFE-LATTE.jpg\",\"contentUrl\":\"https:\/\/metaltale.com\/wp-content\/uploads\/2023\/10\/Metalinx117-dekoratyvinx117-plokx161tx117-CAFE-LATTE.jpg\",\"width\":800,\"height\":800},{\"@type\":\"BreadcrumbList\",\"@id\":\"https:\/\/metaltale.com\/lv\/produkts\/metala-dekorativais-panelis-cafe-latte\/#breadcrumb\",\"itemListElement\":[{\"@type\":\"ListItem\",\"position\":1,\"name\":\"Home\",\"item\":\"https:\/\/metaltale.com\/lv\/majas\/\"},{\"@type\":\"ListItem\",\"position\":2,\"name\":\"Veikals\",\"item\":\"https:\/\/metaltale.com\/lv\/shop\/\"},{\"@type\":\"ListItem\",\"position\":3,\"name\":\"Met\u0101la dekorat\u012bvais panelis CAFE LATTE\"}]},{\"@type\":\"WebSite\",\"@id\":\"https:\/\/metaltale.com\/lv\/#website\",\"url\":\"https:\/\/metaltale.com\/lv\/\",\"name\":\"Metaltale.com\",\"description\":\"\",\"potentialAction\":[{\"@type\":\"SearchAction\",\"target\":{\"@type\":\"EntryPoint\",\"urlTemplate\":\"https:\/\/metaltale.com\/lv\/?s={search_term_string}\"},\"query-input\":{\"@type\":\"PropertyValueSpecification\",\"valueRequired\":true,\"valueName\":\"search_term_string\"}}],\"inLanguage\":\"lv-LV\"}]}<\/script>\n<!-- \/ Yoast SEO plugin. -->","yoast_head_json":{"title":"Met\u0101la dekorat\u012bvais panelis CAFE LATTE - MetalTale.com","robots":{"index":"index","follow":"follow","max-snippet":"max-snippet:-1","max-image-preview":"max-image-preview:large","max-video-preview":"max-video-preview:-1"},"canonical":"https:\/\/metaltale.com\/lv\/produkts\/metala-dekorativais-panelis-cafe-latte\/","og_locale":"lv_LV","og_type":"article","og_title":"Met\u0101la dekorat\u012bvais panelis CAFE LATTE - MetalTale.com","og_description":"Modelis IN.10106 EAN. 5905369930270 Orient\u0101cija Vertik\u0101l\u0101 Telpu kafejn\u012bca Motif dz\u0113rieni Materi\u0101ls T\u0113rauds Platums (cm ) 20 Augstums (cm ) 30","og_url":"https:\/\/metaltale.com\/lv\/produkts\/metala-dekorativais-panelis-cafe-latte\/","og_site_name":"MetalTale.com","twitter_card":"summary_large_image","twitter_misc":{"Est. reading time":"1 minute"},"schema":{"@context":"https:\/\/schema.org","@graph":[{"@type":"WebPage","@id":"https:\/\/metaltale.com\/lv\/produkts\/metala-dekorativais-panelis-cafe-latte\/","url":"https:\/\/metaltale.com\/lv\/produkts\/metala-dekorativais-panelis-cafe-latte\/","name":"Met\u0101la dekorat\u012bvais panelis CAFE LATTE - MetalTale.com","isPartOf":{"@id":"https:\/\/metaltale.com\/lv\/#website"},"primaryImageOfPage":{"@id":"https:\/\/metaltale.com\/lv\/produkts\/metala-dekorativais-panelis-cafe-latte\/#primaryimage"},"image":{"@id":"https:\/\/metaltale.com\/lv\/produkts\/metala-dekorativais-panelis-cafe-latte\/#primaryimage"},"thumbnailUrl":"https:\/\/metaltale.com\/wp-content\/uploads\/2023\/10\/Metalinx117-dekoratyvinx117-plokx161tx117-CAFE-LATTE.jpg","datePublished":"2024-02-13T13:11:48+00:00","breadcrumb":{"@id":"https:\/\/metaltale.com\/lv\/produkts\/metala-dekorativais-panelis-cafe-latte\/#breadcrumb"},"inLanguage":"lv-LV","potentialAction":[{"@type":"ReadAction","target":["https:\/\/metaltale.com\/lv\/produkts\/metala-dekorativais-panelis-cafe-latte\/"]}]},{"@type":"ImageObject","inLanguage":"lv-LV","@id":"https:\/\/metaltale.com\/lv\/produkts\/metala-dekorativais-panelis-cafe-latte\/#primaryimage","url":"https:\/\/metaltale.com\/wp-content\/uploads\/2023\/10\/Metalinx117-dekoratyvinx117-plokx161tx117-CAFE-LATTE.jpg","contentUrl":"https:\/\/metaltale.com\/wp-content\/uploads\/2023\/10\/Metalinx117-dekoratyvinx117-plokx161tx117-CAFE-LATTE.jpg","width":800,"height":800},{"@type":"BreadcrumbList","@id":"https:\/\/metaltale.com\/lv\/produkts\/metala-dekorativais-panelis-cafe-latte\/#breadcrumb","itemListElement":[{"@type":"ListItem","position":1,"name":"Home","item":"https:\/\/metaltale.com\/lv\/majas\/"},{"@type":"ListItem","position":2,"name":"Veikals","item":"https:\/\/metaltale.com\/lv\/shop\/"},{"@type":"ListItem","position":3,"name":"Met\u0101la dekorat\u012bvais panelis CAFE LATTE"}]},{"@type":"WebSite","@id":"https:\/\/metaltale.com\/lv\/#website","url":"https:\/\/metaltale.com\/lv\/","name":"Metaltale.com","description":"","potentialAction":[{"@type":"SearchAction","target":{"@type":"EntryPoint","urlTemplate":"https:\/\/metaltale.com\/lv\/?s={search_term_string}"},"query-input":{"@type":"PropertyValueSpecification","valueRequired":true,"valueName":"search_term_string"}}],"inLanguage":"lv-LV"}]}},"_links":{"self":[{"href":"https:\/\/metaltale.com\/lv\/wp-json\/wp\/v2\/product\/136040","targetHints":{"allow":["GET"]}}],"collection":[{"href":"https:\/\/metaltale.com\/lv\/wp-json\/wp\/v2\/product"}],"about":[{"href":"https:\/\/metaltale.com\/lv\/wp-json\/wp\/v2\/types\/product"}],"replies":[{"embeddable":true,"href":"https:\/\/metaltale.com\/lv\/wp-json\/wp\/v2\/comments?post=136040"}],"version-history":[{"count":0,"href":"https:\/\/metaltale.com\/lv\/wp-json\/wp\/v2\/product\/136040\/revisions"}],"wp:featuredmedia":[{"embeddable":true,"href":"https:\/\/metaltale.com\/lv\/wp-json\/wp\/v2\/media\/93724"}],"wp:attachment":[{"href":"https:\/\/metaltale.com\/lv\/wp-json\/wp\/v2\/media?parent=136040"}],"wp:term":[{"taxonomy":"product_brand","embeddable":true,"href":"https:\/\/metaltale.com\/lv\/wp-json\/wp\/v2\/product_brand?post=136040"},{"taxonomy":"product_cat","embeddable":true,"href":"https:\/\/metaltale.com\/lv\/wp-json\/wp\/v2\/product_cat?post=136040"},{"taxonomy":"product_tag","embeddable":true,"href":"https:\/\/metaltale.com\/lv\/wp-json\/wp\/v2\/product_tag?post=136040"}],"curies":[{"name":"wp","href":"https:\/\/api.w.org\/{rel}","templated":true}]}}