{"id":135971,"date":"2024-02-13T14:39:55","date_gmt":"2024-02-13T12:39:55","guid":{"rendered":"https:\/\/metaltale.com\/produktas\/metala-darza-rotajums-butterfly-shadow\/"},"modified":"2024-02-13T14:39:55","modified_gmt":"2024-02-13T12:39:55","slug":"metala-darza-rotajums-butterfly-shadow","status":"publish","type":"product","link":"https:\/\/metaltale.com\/lv\/produkts\/metala-darza-rotajums-butterfly-shadow\/","title":{"rendered":"Met\u0101la d\u0101rza rot\u0101jums BUTTERFLY SHADOW"},"content":{"rendered":"<div class=\"prod_data\">\n<p><strong>Modelis<\/strong> AF.797.676.06<br \/>\n<strong>EAN.<\/strong>  5905369922855<br \/>\nMateri\u0101ls Met\u0101ls<br \/>\n<strong> [cm]Kop\u0113jais garums<\/strong> 9<strong> <\/strong><br \/>\n<strong>Kop\u0113jais augstums (cm<\/strong> ) 55<br \/>\n<strong>Kop\u0113jais platums (cm<\/strong> ) 5<br \/>\nT\u0113rauda <strong>kr\u0101sa<\/strong> <\/p>\n<p>&#8211; d\u0101rza dekor\u0113\u0161ana p\u012b\u0137a stund\u0101s<br \/>\n&#8211; alternat\u012bva d\u0101rza fig\u016bri\u0146\u0101m<br \/>\n&#8211; Viegla, a\u017e\u016bra forma<\/p>\n<hr>\n<p>Neparasts un ori\u0123in\u0101ls d\u0101rza rot\u0101jums, kas atdz\u012bvin\u0101s jebkuru piem\u0101jas pu\u0137u dobi. Met\u0101liski tauri\u0146i pie\u0161\u0137irs ainai pavasar\u012bgu svaigumu un piln\u012bb\u0101 p\u0101rveidos telpu. Met\u0101la d\u0101rza rot\u0101jumiem ir m\u016bsdien\u012bgs raksturs, un tie lieliski izskat\u0101s kop\u0101 ar lamp\u0101m un latern\u0101m. Ori\u0123in\u0101lu dekoru izmanto\u0161ana \u013cauj viegli p\u0101rveidot pergolas un terases.<\/p>\n<\/div>\n","protected":false},"excerpt":{"rendered":"<p>Modelis AF.797.676.06 EAN. 5905369922855 Materi\u0101ls Met\u0101ls [cm]Kop\u0113jais garums 9 Kop\u0113jais augstums (cm ) 55 Kop\u0113jais platums (cm ) 5 T\u0113rauda<\/p>\n","protected":false},"featured_media":131929,"comment_status":"open","ping_status":"closed","template":"","meta":{"_acf_changed":false,"pmpro_default_level":""},"product_brand":[],"product_cat":[24127,24055],"product_tag":[],"class_list":{"0":"post-135971","1":"product","2":"type-product","3":"status-publish","4":"has-post-thumbnail","6":"product_cat-darza-rotajumi","7":"product_cat-rotajumi","8":"pmpro-has-access","10":"first","11":"instock","12":"shipping-taxable","13":"purchasable","14":"product-type-simple"},"acf":[],"yoast_head":"<!-- This site is optimized with the Yoast SEO plugin v24.9 - https:\/\/yoast.com\/wordpress\/plugins\/seo\/ -->\n<title>Met\u0101la d\u0101rza rot\u0101jums BUTTERFLY SHADOW - MetalTale.com<\/title>\n<meta name=\"robots\" content=\"index, follow, max-snippet:-1, max-image-preview:large, max-video-preview:-1\" \/>\n<link rel=\"canonical\" href=\"https:\/\/metaltale.com\/lv\/produkts\/metala-darza-rotajums-butterfly-shadow\/\" \/>\n<meta property=\"og:locale\" content=\"lv_LV\" \/>\n<meta property=\"og:type\" content=\"article\" \/>\n<meta property=\"og:title\" content=\"Met\u0101la d\u0101rza rot\u0101jums BUTTERFLY SHADOW - MetalTale.com\" \/>\n<meta property=\"og:description\" content=\"Modelis AF.797.676.06 EAN. 5905369922855 Materi\u0101ls Met\u0101ls [cm]Kop\u0113jais garums 9 Kop\u0113jais augstums (cm ) 55 Kop\u0113jais platums (cm ) 5 T\u0113rauda\" \/>\n<meta property=\"og:url\" content=\"https:\/\/metaltale.com\/lv\/produkts\/metala-darza-rotajums-butterfly-shadow\/\" \/>\n<meta property=\"og:site_name\" content=\"MetalTale.com\" \/>\n<meta property=\"og:image\" content=\"https:\/\/metaltale.com\/wp-content\/uploads\/2024\/02\/Metaline-sodo-dekoracija-BUTTERFLY-SHADOW.jpg\" \/>\n\t<meta property=\"og:image:width\" content=\"800\" \/>\n\t<meta property=\"og:image:height\" content=\"800\" \/>\n\t<meta property=\"og:image:type\" content=\"image\/jpeg\" \/>\n<meta name=\"twitter:card\" content=\"summary_large_image\" \/>\n<meta name=\"twitter:label1\" content=\"Est. reading time\" \/>\n\t<meta name=\"twitter:data1\" content=\"1 minute\" \/>\n<script type=\"application\/ld+json\" class=\"yoast-schema-graph\">{\"@context\":\"https:\/\/schema.org\",\"@graph\":[{\"@type\":\"WebPage\",\"@id\":\"https:\/\/metaltale.com\/lv\/produkts\/metala-darza-rotajums-butterfly-shadow\/\",\"url\":\"https:\/\/metaltale.com\/lv\/produkts\/metala-darza-rotajums-butterfly-shadow\/\",\"name\":\"Met\u0101la d\u0101rza rot\u0101jums BUTTERFLY SHADOW - MetalTale.com\",\"isPartOf\":{\"@id\":\"https:\/\/metaltale.com\/lv\/#website\"},\"primaryImageOfPage\":{\"@id\":\"https:\/\/metaltale.com\/lv\/produkts\/metala-darza-rotajums-butterfly-shadow\/#primaryimage\"},\"image\":{\"@id\":\"https:\/\/metaltale.com\/lv\/produkts\/metala-darza-rotajums-butterfly-shadow\/#primaryimage\"},\"thumbnailUrl\":\"https:\/\/metaltale.com\/wp-content\/uploads\/2024\/02\/Metaline-sodo-dekoracija-BUTTERFLY-SHADOW.jpg\",\"datePublished\":\"2024-02-13T12:39:55+00:00\",\"breadcrumb\":{\"@id\":\"https:\/\/metaltale.com\/lv\/produkts\/metala-darza-rotajums-butterfly-shadow\/#breadcrumb\"},\"inLanguage\":\"lv-LV\",\"potentialAction\":[{\"@type\":\"ReadAction\",\"target\":[\"https:\/\/metaltale.com\/lv\/produkts\/metala-darza-rotajums-butterfly-shadow\/\"]}]},{\"@type\":\"ImageObject\",\"inLanguage\":\"lv-LV\",\"@id\":\"https:\/\/metaltale.com\/lv\/produkts\/metala-darza-rotajums-butterfly-shadow\/#primaryimage\",\"url\":\"https:\/\/metaltale.com\/wp-content\/uploads\/2024\/02\/Metaline-sodo-dekoracija-BUTTERFLY-SHADOW.jpg\",\"contentUrl\":\"https:\/\/metaltale.com\/wp-content\/uploads\/2024\/02\/Metaline-sodo-dekoracija-BUTTERFLY-SHADOW.jpg\",\"width\":800,\"height\":800,\"caption\":\"Met\u0101la d\u0101rza rot\u0101jums BUTTERFLY SHADOW\"},{\"@type\":\"BreadcrumbList\",\"@id\":\"https:\/\/metaltale.com\/lv\/produkts\/metala-darza-rotajums-butterfly-shadow\/#breadcrumb\",\"itemListElement\":[{\"@type\":\"ListItem\",\"position\":1,\"name\":\"Home\",\"item\":\"https:\/\/metaltale.com\/lv\/majas\/\"},{\"@type\":\"ListItem\",\"position\":2,\"name\":\"Veikals\",\"item\":\"https:\/\/metaltale.com\/lv\/shop\/\"},{\"@type\":\"ListItem\",\"position\":3,\"name\":\"Met\u0101la d\u0101rza rot\u0101jums BUTTERFLY SHADOW\"}]},{\"@type\":\"WebSite\",\"@id\":\"https:\/\/metaltale.com\/lv\/#website\",\"url\":\"https:\/\/metaltale.com\/lv\/\",\"name\":\"Metaltale.com\",\"description\":\"\",\"potentialAction\":[{\"@type\":\"SearchAction\",\"target\":{\"@type\":\"EntryPoint\",\"urlTemplate\":\"https:\/\/metaltale.com\/lv\/?s={search_term_string}\"},\"query-input\":{\"@type\":\"PropertyValueSpecification\",\"valueRequired\":true,\"valueName\":\"search_term_string\"}}],\"inLanguage\":\"lv-LV\"}]}<\/script>\n<!-- \/ Yoast SEO plugin. -->","yoast_head_json":{"title":"Met\u0101la d\u0101rza rot\u0101jums BUTTERFLY SHADOW - MetalTale.com","robots":{"index":"index","follow":"follow","max-snippet":"max-snippet:-1","max-image-preview":"max-image-preview:large","max-video-preview":"max-video-preview:-1"},"canonical":"https:\/\/metaltale.com\/lv\/produkts\/metala-darza-rotajums-butterfly-shadow\/","og_locale":"lv_LV","og_type":"article","og_title":"Met\u0101la d\u0101rza rot\u0101jums BUTTERFLY SHADOW - MetalTale.com","og_description":"Modelis AF.797.676.06 EAN. 5905369922855 Materi\u0101ls Met\u0101ls [cm]Kop\u0113jais garums 9 Kop\u0113jais augstums (cm ) 55 Kop\u0113jais platums (cm ) 5 T\u0113rauda","og_url":"https:\/\/metaltale.com\/lv\/produkts\/metala-darza-rotajums-butterfly-shadow\/","og_site_name":"MetalTale.com","og_image":[{"width":800,"height":800,"url":"https:\/\/metaltale.com\/wp-content\/uploads\/2024\/02\/Metaline-sodo-dekoracija-BUTTERFLY-SHADOW.jpg","type":"image\/jpeg"}],"twitter_card":"summary_large_image","twitter_misc":{"Est. reading time":"1 minute"},"schema":{"@context":"https:\/\/schema.org","@graph":[{"@type":"WebPage","@id":"https:\/\/metaltale.com\/lv\/produkts\/metala-darza-rotajums-butterfly-shadow\/","url":"https:\/\/metaltale.com\/lv\/produkts\/metala-darza-rotajums-butterfly-shadow\/","name":"Met\u0101la d\u0101rza rot\u0101jums BUTTERFLY SHADOW - MetalTale.com","isPartOf":{"@id":"https:\/\/metaltale.com\/lv\/#website"},"primaryImageOfPage":{"@id":"https:\/\/metaltale.com\/lv\/produkts\/metala-darza-rotajums-butterfly-shadow\/#primaryimage"},"image":{"@id":"https:\/\/metaltale.com\/lv\/produkts\/metala-darza-rotajums-butterfly-shadow\/#primaryimage"},"thumbnailUrl":"https:\/\/metaltale.com\/wp-content\/uploads\/2024\/02\/Metaline-sodo-dekoracija-BUTTERFLY-SHADOW.jpg","datePublished":"2024-02-13T12:39:55+00:00","breadcrumb":{"@id":"https:\/\/metaltale.com\/lv\/produkts\/metala-darza-rotajums-butterfly-shadow\/#breadcrumb"},"inLanguage":"lv-LV","potentialAction":[{"@type":"ReadAction","target":["https:\/\/metaltale.com\/lv\/produkts\/metala-darza-rotajums-butterfly-shadow\/"]}]},{"@type":"ImageObject","inLanguage":"lv-LV","@id":"https:\/\/metaltale.com\/lv\/produkts\/metala-darza-rotajums-butterfly-shadow\/#primaryimage","url":"https:\/\/metaltale.com\/wp-content\/uploads\/2024\/02\/Metaline-sodo-dekoracija-BUTTERFLY-SHADOW.jpg","contentUrl":"https:\/\/metaltale.com\/wp-content\/uploads\/2024\/02\/Metaline-sodo-dekoracija-BUTTERFLY-SHADOW.jpg","width":800,"height":800,"caption":"Met\u0101la d\u0101rza rot\u0101jums BUTTERFLY SHADOW"},{"@type":"BreadcrumbList","@id":"https:\/\/metaltale.com\/lv\/produkts\/metala-darza-rotajums-butterfly-shadow\/#breadcrumb","itemListElement":[{"@type":"ListItem","position":1,"name":"Home","item":"https:\/\/metaltale.com\/lv\/majas\/"},{"@type":"ListItem","position":2,"name":"Veikals","item":"https:\/\/metaltale.com\/lv\/shop\/"},{"@type":"ListItem","position":3,"name":"Met\u0101la d\u0101rza rot\u0101jums BUTTERFLY SHADOW"}]},{"@type":"WebSite","@id":"https:\/\/metaltale.com\/lv\/#website","url":"https:\/\/metaltale.com\/lv\/","name":"Metaltale.com","description":"","potentialAction":[{"@type":"SearchAction","target":{"@type":"EntryPoint","urlTemplate":"https:\/\/metaltale.com\/lv\/?s={search_term_string}"},"query-input":{"@type":"PropertyValueSpecification","valueRequired":true,"valueName":"search_term_string"}}],"inLanguage":"lv-LV"}]}},"_links":{"self":[{"href":"https:\/\/metaltale.com\/lv\/wp-json\/wp\/v2\/product\/135971","targetHints":{"allow":["GET"]}}],"collection":[{"href":"https:\/\/metaltale.com\/lv\/wp-json\/wp\/v2\/product"}],"about":[{"href":"https:\/\/metaltale.com\/lv\/wp-json\/wp\/v2\/types\/product"}],"replies":[{"embeddable":true,"href":"https:\/\/metaltale.com\/lv\/wp-json\/wp\/v2\/comments?post=135971"}],"version-history":[{"count":0,"href":"https:\/\/metaltale.com\/lv\/wp-json\/wp\/v2\/product\/135971\/revisions"}],"wp:featuredmedia":[{"embeddable":true,"href":"https:\/\/metaltale.com\/lv\/wp-json\/wp\/v2\/media\/131929"}],"wp:attachment":[{"href":"https:\/\/metaltale.com\/lv\/wp-json\/wp\/v2\/media?parent=135971"}],"wp:term":[{"taxonomy":"product_brand","embeddable":true,"href":"https:\/\/metaltale.com\/lv\/wp-json\/wp\/v2\/product_brand?post=135971"},{"taxonomy":"product_cat","embeddable":true,"href":"https:\/\/metaltale.com\/lv\/wp-json\/wp\/v2\/product_cat?post=135971"},{"taxonomy":"product_tag","embeddable":true,"href":"https:\/\/metaltale.com\/lv\/wp-json\/wp\/v2\/product_tag?post=135971"}],"curies":[{"name":"wp","href":"https:\/\/api.w.org\/{rel}","templated":true}]}}