{"id":135968,"date":"2024-02-13T14:39:55","date_gmt":"2024-02-13T12:39:55","guid":{"rendered":"https:\/\/metaltale.com\/produktas\/metala-darza-rotajums-butterfly-contrast\/"},"modified":"2024-02-13T14:39:55","modified_gmt":"2024-02-13T12:39:55","slug":"metala-darza-rotajums-butterfly-contrast","status":"publish","type":"product","link":"https:\/\/metaltale.com\/lv\/produkts\/metala-darza-rotajums-butterfly-contrast\/","title":{"rendered":"Met\u0101la d\u0101rza rot\u0101jums BUTTERFLY CONTRAST"},"content":{"rendered":"<div class=\"prod_data\">\n<p><strong>Modelis<\/strong> AF.797.676.00<br \/>\n<strong>EAN.<\/strong>  5905369922862<br \/>\nMateri\u0101ls Met\u0101ls<br \/>\n<strong> [cm]Kop\u0113jais garums<\/strong> 9<strong> <\/strong><br \/>\nKop\u0113jais augstums (cm ) 53<br \/>\n<strong>Kop\u0113jais platums (cm<\/strong> ) 5<br \/>\nT\u0113rauda <strong>kr\u0101sa<\/strong> <\/p>\n<p>&#8211; d\u0101rza dekor\u0113\u0161ana p\u012b\u0137a stund\u0101s<br \/>\n&#8211; alternat\u012bva d\u0101rza fig\u016bri\u0146\u0101m<br \/>\n&#8211; Viegla, a\u017e\u016bra forma<\/p>\n<hr>\n<p>Tauri\u0146\u0161 ir unik\u0101lu d\u0101rza rot\u0101jumu l\u012bnija, kas piln\u012bb\u0101 main\u012bs zemes gabala raksturu. D\u0101rza rot\u0101jumi, kurus ar vienu kust\u012bbu var novietot pu\u0137u dob\u0113s vai kr\u016bmos, ir neinvaz\u012bvs un ori\u0123in\u0101ls dekor\u0113\u0161anas veids. Smalks, bet uzman\u012bbu piesaisto\u0161s met\u0101la tauri\u0146\u0161 ir piem\u0113rots lauku klimatam, lai gan t\u0101 raksturu var br\u012bvi veidot, kombin\u0113jot to ar da\u017e\u0101diem augiem.<\/p>\n<\/div>\n","protected":false},"excerpt":{"rendered":"<p>Modelis AF.797.676.00 EAN. 5905369922862 Materi\u0101ls Met\u0101ls [cm]Kop\u0113jais garums 9 Kop\u0113jais augstums (cm ) 53 Kop\u0113jais platums (cm ) 5 T\u0113rauda<\/p>\n","protected":false},"featured_media":102368,"comment_status":"open","ping_status":"closed","template":"","meta":{"_acf_changed":false,"pmpro_default_level":""},"product_brand":[],"product_cat":[24127,24055],"product_tag":[],"class_list":{"0":"post-135968","1":"product","2":"type-product","3":"status-publish","4":"has-post-thumbnail","6":"product_cat-darza-rotajumi","7":"product_cat-rotajumi","8":"pmpro-has-access","10":"first","11":"instock","12":"shipping-taxable","13":"purchasable","14":"product-type-simple"},"acf":[],"yoast_head":"<!-- This site is optimized with the Yoast SEO plugin v24.9 - https:\/\/yoast.com\/wordpress\/plugins\/seo\/ -->\n<title>Met\u0101la d\u0101rza rot\u0101jums BUTTERFLY CONTRAST - MetalTale.com<\/title>\n<meta name=\"robots\" content=\"index, follow, max-snippet:-1, max-image-preview:large, max-video-preview:-1\" \/>\n<link rel=\"canonical\" href=\"https:\/\/metaltale.com\/lv\/produkts\/metala-darza-rotajums-butterfly-contrast\/\" \/>\n<meta property=\"og:locale\" content=\"lv_LV\" \/>\n<meta property=\"og:type\" content=\"article\" \/>\n<meta property=\"og:title\" content=\"Met\u0101la d\u0101rza rot\u0101jums BUTTERFLY CONTRAST - MetalTale.com\" \/>\n<meta property=\"og:description\" content=\"Modelis AF.797.676.00 EAN. 5905369922862 Materi\u0101ls Met\u0101ls [cm]Kop\u0113jais garums 9 Kop\u0113jais augstums (cm ) 53 Kop\u0113jais platums (cm ) 5 T\u0113rauda\" \/>\n<meta property=\"og:url\" content=\"https:\/\/metaltale.com\/lv\/produkts\/metala-darza-rotajums-butterfly-contrast\/\" \/>\n<meta property=\"og:site_name\" content=\"MetalTale.com\" \/>\n<meta property=\"og:image\" content=\"https:\/\/metaltale.com\/wp-content\/uploads\/2023\/11\/Sodo-dekoravimas-DRUGELIO-DETALx116.jpg\" \/>\n\t<meta property=\"og:image:width\" content=\"800\" \/>\n\t<meta property=\"og:image:height\" content=\"800\" \/>\n\t<meta property=\"og:image:type\" content=\"image\/jpeg\" \/>\n<meta name=\"twitter:card\" content=\"summary_large_image\" \/>\n<meta name=\"twitter:label1\" content=\"Est. reading time\" \/>\n\t<meta name=\"twitter:data1\" content=\"1 minute\" \/>\n<script type=\"application\/ld+json\" class=\"yoast-schema-graph\">{\"@context\":\"https:\/\/schema.org\",\"@graph\":[{\"@type\":\"WebPage\",\"@id\":\"https:\/\/metaltale.com\/lv\/produkts\/metala-darza-rotajums-butterfly-contrast\/\",\"url\":\"https:\/\/metaltale.com\/lv\/produkts\/metala-darza-rotajums-butterfly-contrast\/\",\"name\":\"Met\u0101la d\u0101rza rot\u0101jums BUTTERFLY CONTRAST - MetalTale.com\",\"isPartOf\":{\"@id\":\"https:\/\/metaltale.com\/lv\/#website\"},\"primaryImageOfPage\":{\"@id\":\"https:\/\/metaltale.com\/lv\/produkts\/metala-darza-rotajums-butterfly-contrast\/#primaryimage\"},\"image\":{\"@id\":\"https:\/\/metaltale.com\/lv\/produkts\/metala-darza-rotajums-butterfly-contrast\/#primaryimage\"},\"thumbnailUrl\":\"https:\/\/metaltale.com\/wp-content\/uploads\/2023\/11\/Sodo-dekoravimas-DRUGELIO-DETALx116.jpg\",\"datePublished\":\"2024-02-13T12:39:55+00:00\",\"breadcrumb\":{\"@id\":\"https:\/\/metaltale.com\/lv\/produkts\/metala-darza-rotajums-butterfly-contrast\/#breadcrumb\"},\"inLanguage\":\"lv-LV\",\"potentialAction\":[{\"@type\":\"ReadAction\",\"target\":[\"https:\/\/metaltale.com\/lv\/produkts\/metala-darza-rotajums-butterfly-contrast\/\"]}]},{\"@type\":\"ImageObject\",\"inLanguage\":\"lv-LV\",\"@id\":\"https:\/\/metaltale.com\/lv\/produkts\/metala-darza-rotajums-butterfly-contrast\/#primaryimage\",\"url\":\"https:\/\/metaltale.com\/wp-content\/uploads\/2023\/11\/Sodo-dekoravimas-DRUGELIO-DETALx116.jpg\",\"contentUrl\":\"https:\/\/metaltale.com\/wp-content\/uploads\/2023\/11\/Sodo-dekoravimas-DRUGELIO-DETALx116.jpg\",\"width\":800,\"height\":800,\"caption\":\"Met\u0101la d\u0101rza rot\u0101jums BUTTERFLY CONTRAST\"},{\"@type\":\"BreadcrumbList\",\"@id\":\"https:\/\/metaltale.com\/lv\/produkts\/metala-darza-rotajums-butterfly-contrast\/#breadcrumb\",\"itemListElement\":[{\"@type\":\"ListItem\",\"position\":1,\"name\":\"Home\",\"item\":\"https:\/\/metaltale.com\/lv\/majas\/\"},{\"@type\":\"ListItem\",\"position\":2,\"name\":\"Veikals\",\"item\":\"https:\/\/metaltale.com\/lv\/shop\/\"},{\"@type\":\"ListItem\",\"position\":3,\"name\":\"Met\u0101la d\u0101rza rot\u0101jums BUTTERFLY CONTRAST\"}]},{\"@type\":\"WebSite\",\"@id\":\"https:\/\/metaltale.com\/lv\/#website\",\"url\":\"https:\/\/metaltale.com\/lv\/\",\"name\":\"Metaltale.com\",\"description\":\"\",\"potentialAction\":[{\"@type\":\"SearchAction\",\"target\":{\"@type\":\"EntryPoint\",\"urlTemplate\":\"https:\/\/metaltale.com\/lv\/?s={search_term_string}\"},\"query-input\":{\"@type\":\"PropertyValueSpecification\",\"valueRequired\":true,\"valueName\":\"search_term_string\"}}],\"inLanguage\":\"lv-LV\"}]}<\/script>\n<!-- \/ Yoast SEO plugin. -->","yoast_head_json":{"title":"Met\u0101la d\u0101rza rot\u0101jums BUTTERFLY CONTRAST - MetalTale.com","robots":{"index":"index","follow":"follow","max-snippet":"max-snippet:-1","max-image-preview":"max-image-preview:large","max-video-preview":"max-video-preview:-1"},"canonical":"https:\/\/metaltale.com\/lv\/produkts\/metala-darza-rotajums-butterfly-contrast\/","og_locale":"lv_LV","og_type":"article","og_title":"Met\u0101la d\u0101rza rot\u0101jums BUTTERFLY CONTRAST - MetalTale.com","og_description":"Modelis AF.797.676.00 EAN. 5905369922862 Materi\u0101ls Met\u0101ls [cm]Kop\u0113jais garums 9 Kop\u0113jais augstums (cm ) 53 Kop\u0113jais platums (cm ) 5 T\u0113rauda","og_url":"https:\/\/metaltale.com\/lv\/produkts\/metala-darza-rotajums-butterfly-contrast\/","og_site_name":"MetalTale.com","og_image":[{"width":800,"height":800,"url":"https:\/\/metaltale.com\/wp-content\/uploads\/2023\/11\/Sodo-dekoravimas-DRUGELIO-DETALx116.jpg","type":"image\/jpeg"}],"twitter_card":"summary_large_image","twitter_misc":{"Est. reading time":"1 minute"},"schema":{"@context":"https:\/\/schema.org","@graph":[{"@type":"WebPage","@id":"https:\/\/metaltale.com\/lv\/produkts\/metala-darza-rotajums-butterfly-contrast\/","url":"https:\/\/metaltale.com\/lv\/produkts\/metala-darza-rotajums-butterfly-contrast\/","name":"Met\u0101la d\u0101rza rot\u0101jums BUTTERFLY CONTRAST - MetalTale.com","isPartOf":{"@id":"https:\/\/metaltale.com\/lv\/#website"},"primaryImageOfPage":{"@id":"https:\/\/metaltale.com\/lv\/produkts\/metala-darza-rotajums-butterfly-contrast\/#primaryimage"},"image":{"@id":"https:\/\/metaltale.com\/lv\/produkts\/metala-darza-rotajums-butterfly-contrast\/#primaryimage"},"thumbnailUrl":"https:\/\/metaltale.com\/wp-content\/uploads\/2023\/11\/Sodo-dekoravimas-DRUGELIO-DETALx116.jpg","datePublished":"2024-02-13T12:39:55+00:00","breadcrumb":{"@id":"https:\/\/metaltale.com\/lv\/produkts\/metala-darza-rotajums-butterfly-contrast\/#breadcrumb"},"inLanguage":"lv-LV","potentialAction":[{"@type":"ReadAction","target":["https:\/\/metaltale.com\/lv\/produkts\/metala-darza-rotajums-butterfly-contrast\/"]}]},{"@type":"ImageObject","inLanguage":"lv-LV","@id":"https:\/\/metaltale.com\/lv\/produkts\/metala-darza-rotajums-butterfly-contrast\/#primaryimage","url":"https:\/\/metaltale.com\/wp-content\/uploads\/2023\/11\/Sodo-dekoravimas-DRUGELIO-DETALx116.jpg","contentUrl":"https:\/\/metaltale.com\/wp-content\/uploads\/2023\/11\/Sodo-dekoravimas-DRUGELIO-DETALx116.jpg","width":800,"height":800,"caption":"Met\u0101la d\u0101rza rot\u0101jums BUTTERFLY CONTRAST"},{"@type":"BreadcrumbList","@id":"https:\/\/metaltale.com\/lv\/produkts\/metala-darza-rotajums-butterfly-contrast\/#breadcrumb","itemListElement":[{"@type":"ListItem","position":1,"name":"Home","item":"https:\/\/metaltale.com\/lv\/majas\/"},{"@type":"ListItem","position":2,"name":"Veikals","item":"https:\/\/metaltale.com\/lv\/shop\/"},{"@type":"ListItem","position":3,"name":"Met\u0101la d\u0101rza rot\u0101jums BUTTERFLY CONTRAST"}]},{"@type":"WebSite","@id":"https:\/\/metaltale.com\/lv\/#website","url":"https:\/\/metaltale.com\/lv\/","name":"Metaltale.com","description":"","potentialAction":[{"@type":"SearchAction","target":{"@type":"EntryPoint","urlTemplate":"https:\/\/metaltale.com\/lv\/?s={search_term_string}"},"query-input":{"@type":"PropertyValueSpecification","valueRequired":true,"valueName":"search_term_string"}}],"inLanguage":"lv-LV"}]}},"_links":{"self":[{"href":"https:\/\/metaltale.com\/lv\/wp-json\/wp\/v2\/product\/135968","targetHints":{"allow":["GET"]}}],"collection":[{"href":"https:\/\/metaltale.com\/lv\/wp-json\/wp\/v2\/product"}],"about":[{"href":"https:\/\/metaltale.com\/lv\/wp-json\/wp\/v2\/types\/product"}],"replies":[{"embeddable":true,"href":"https:\/\/metaltale.com\/lv\/wp-json\/wp\/v2\/comments?post=135968"}],"version-history":[{"count":0,"href":"https:\/\/metaltale.com\/lv\/wp-json\/wp\/v2\/product\/135968\/revisions"}],"wp:featuredmedia":[{"embeddable":true,"href":"https:\/\/metaltale.com\/lv\/wp-json\/wp\/v2\/media\/102368"}],"wp:attachment":[{"href":"https:\/\/metaltale.com\/lv\/wp-json\/wp\/v2\/media?parent=135968"}],"wp:term":[{"taxonomy":"product_brand","embeddable":true,"href":"https:\/\/metaltale.com\/lv\/wp-json\/wp\/v2\/product_brand?post=135968"},{"taxonomy":"product_cat","embeddable":true,"href":"https:\/\/metaltale.com\/lv\/wp-json\/wp\/v2\/product_cat?post=135968"},{"taxonomy":"product_tag","embeddable":true,"href":"https:\/\/metaltale.com\/lv\/wp-json\/wp\/v2\/product_tag?post=135968"}],"curies":[{"name":"wp","href":"https:\/\/api.w.org\/{rel}","templated":true}]}}