{"id":135961,"date":"2024-02-13T15:01:57","date_gmt":"2024-02-13T13:01:57","guid":{"rendered":"https:\/\/metaltale.com\/produktas\/metala-sienas-dekori-3d-loft-leaves-115x35-cm\/"},"modified":"2024-02-13T15:01:57","modified_gmt":"2024-02-13T13:01:57","slug":"metala-sienas-dekori-3d-loft-leaves-115x35-cm","status":"publish","type":"product","link":"https:\/\/metaltale.com\/lv\/produkts\/metala-sienas-dekori-3d-loft-leaves-115x35-cm\/","title":{"rendered":"Met\u0101la sienas dekori 3D LOFT LEAVES 115&#215;35 cm"},"content":{"rendered":"<div class=\"prod_data\">\n<p><strong>Modelis<\/strong> PT. A21510<br \/>\n<strong>EAN.<\/strong>  5907772074961<br \/>\n<strong>Platums (cm<\/strong> ) 115<br \/>\nAugstums (cm ) 35<br \/>\n<strong>Biezums (cm<\/strong> ) 4,5<br \/>\n<strong>Materi\u0101ls<\/strong> T\u0113rauds<br \/>\n<strong>Formas<\/strong> Taisnst\u016bra <strong>formas<\/strong><br \/>\nOrient\u0101cija Horizont\u0101l\u0101<br \/>\nKoku <strong>mot\u012bvi<\/strong>, citi<\/p>\n<p>&#8211; 3D met\u0101la sienu ap\u0161uvums no p\u0101rstr\u0101d\u0101ta t\u0113rauda<br \/>\n&#8211; \u012astas p\u0101rkares, kas rada satrieco\u0161u tr\u012bsdimensiju efektu.<br \/>\n&#8211; izsl\u0113gt\u0101s kr\u0101sas garant\u0113 daudzpus\u012bbu un p\u0101rlaic\u012bgumu.<br \/>\n&#8211; impregn\u0113\u0161ana ar caursp\u012bd\u012bgu laku garant\u0113 kr\u0101sas notur\u012bbu un iztur\u012bbu pret skr\u0101p\u0113jumiem.<\/p>\n<hr>\n<p>3D met\u0101la sienu rot\u0101jumi ir apdare, kas b\u016bs piem\u0113rota gan m\u016bsdien\u012bg\u0101m telp\u0101m, gan ar\u012b vienk\u0101r\u0161\u0101m vai skarb\u0101k\u0101m telp\u0101m. Sniegtais izstr\u0101d\u0101jums palmu lap\u0101m pie\u0161\u0137ir maigu zelta nokr\u0101su. Univers\u0101las un viendab\u012bgas kr\u0101sas ir apdares priek\u0161roc\u012bba, kas vienlaikus ir ori\u0123in\u0101la. Stil\u012bgais dekors lieliski ieder\u0113sies dz\u012bvojam\u0101s telp\u0101s, k\u0101 ar\u012b gu\u013camistab\u0101s un neliel\u0101s telp\u0101s, kas neb\u016bs p\u0101rpild\u012btas. Katrs ar rok\u0101m darin\u0101tais rot\u0101jums b\u016bs unik\u0101ls. Neredzami stiprin\u0101juma kron\u0161teini garant\u0113 dro\u0161u blo\u0137\u0113\u0161anu.<\/p>\n<\/div>\n","protected":false},"excerpt":{"rendered":"<p>Modelis PT. A21510 EAN. 5907772074961 Platums (cm ) 115 Augstums (cm ) 35 Biezums (cm ) 4,5 Materi\u0101ls T\u0113rauds Formas<\/p>\n","protected":false},"featured_media":98539,"comment_status":"open","ping_status":"closed","template":"","meta":{"_acf_changed":false,"pmpro_default_level":""},"product_brand":[],"product_cat":[24055,23908],"product_tag":[],"class_list":{"0":"post-135961","1":"product","2":"type-product","3":"status-publish","4":"has-post-thumbnail","6":"product_cat-rotajumi","7":"product_cat-3d-paveikslai-lv","8":"pmpro-has-access","10":"first","11":"instock","12":"shipping-taxable","13":"purchasable","14":"product-type-simple"},"acf":[],"yoast_head":"<!-- This site is optimized with the Yoast SEO plugin v24.9 - https:\/\/yoast.com\/wordpress\/plugins\/seo\/ -->\n<title>Met\u0101la sienas dekori 3D LOFT LEAVES 115x35 cm - MetalTale.com<\/title>\n<meta name=\"robots\" content=\"index, follow, max-snippet:-1, max-image-preview:large, max-video-preview:-1\" \/>\n<link rel=\"canonical\" href=\"https:\/\/metaltale.com\/lv\/produkts\/metala-sienas-dekori-3d-loft-leaves-115x35-cm\/\" \/>\n<meta property=\"og:locale\" content=\"lv_LV\" \/>\n<meta property=\"og:type\" content=\"article\" \/>\n<meta property=\"og:title\" content=\"Met\u0101la sienas dekori 3D LOFT LEAVES 115x35 cm - MetalTale.com\" \/>\n<meta property=\"og:description\" content=\"Modelis PT. A21510 EAN. 5907772074961 Platums (cm ) 115 Augstums (cm ) 35 Biezums (cm ) 4,5 Materi\u0101ls T\u0113rauds Formas\" \/>\n<meta property=\"og:url\" content=\"https:\/\/metaltale.com\/lv\/produkts\/metala-sienas-dekori-3d-loft-leaves-115x35-cm\/\" \/>\n<meta property=\"og:site_name\" content=\"MetalTale.com\" \/>\n<meta name=\"twitter:card\" content=\"summary_large_image\" \/>\n<meta name=\"twitter:label1\" content=\"Est. reading time\" \/>\n\t<meta name=\"twitter:data1\" content=\"1 minute\" \/>\n<script type=\"application\/ld+json\" class=\"yoast-schema-graph\">{\"@context\":\"https:\/\/schema.org\",\"@graph\":[{\"@type\":\"WebPage\",\"@id\":\"https:\/\/metaltale.com\/lv\/produkts\/metala-sienas-dekori-3d-loft-leaves-115x35-cm\/\",\"url\":\"https:\/\/metaltale.com\/lv\/produkts\/metala-sienas-dekori-3d-loft-leaves-115x35-cm\/\",\"name\":\"Met\u0101la sienas dekori 3D LOFT LEAVES 115x35 cm - MetalTale.com\",\"isPartOf\":{\"@id\":\"https:\/\/metaltale.com\/lv\/#website\"},\"primaryImageOfPage\":{\"@id\":\"https:\/\/metaltale.com\/lv\/produkts\/metala-sienas-dekori-3d-loft-leaves-115x35-cm\/#primaryimage\"},\"image\":{\"@id\":\"https:\/\/metaltale.com\/lv\/produkts\/metala-sienas-dekori-3d-loft-leaves-115x35-cm\/#primaryimage\"},\"thumbnailUrl\":\"https:\/\/metaltale.com\/wp-content\/uploads\/2023\/11\/3D-vaizdas-LOFTO-LAPAI.jpg\",\"datePublished\":\"2024-02-13T13:01:57+00:00\",\"breadcrumb\":{\"@id\":\"https:\/\/metaltale.com\/lv\/produkts\/metala-sienas-dekori-3d-loft-leaves-115x35-cm\/#breadcrumb\"},\"inLanguage\":\"lv-LV\",\"potentialAction\":[{\"@type\":\"ReadAction\",\"target\":[\"https:\/\/metaltale.com\/lv\/produkts\/metala-sienas-dekori-3d-loft-leaves-115x35-cm\/\"]}]},{\"@type\":\"ImageObject\",\"inLanguage\":\"lv-LV\",\"@id\":\"https:\/\/metaltale.com\/lv\/produkts\/metala-sienas-dekori-3d-loft-leaves-115x35-cm\/#primaryimage\",\"url\":\"https:\/\/metaltale.com\/wp-content\/uploads\/2023\/11\/3D-vaizdas-LOFTO-LAPAI.jpg\",\"contentUrl\":\"https:\/\/metaltale.com\/wp-content\/uploads\/2023\/11\/3D-vaizdas-LOFTO-LAPAI.jpg\",\"width\":800,\"height\":800},{\"@type\":\"BreadcrumbList\",\"@id\":\"https:\/\/metaltale.com\/lv\/produkts\/metala-sienas-dekori-3d-loft-leaves-115x35-cm\/#breadcrumb\",\"itemListElement\":[{\"@type\":\"ListItem\",\"position\":1,\"name\":\"Home\",\"item\":\"https:\/\/metaltale.com\/lv\/majas\/\"},{\"@type\":\"ListItem\",\"position\":2,\"name\":\"Veikals\",\"item\":\"https:\/\/metaltale.com\/lv\/shop\/\"},{\"@type\":\"ListItem\",\"position\":3,\"name\":\"Met\u0101la sienas dekori 3D LOFT LEAVES 115&#215;35 cm\"}]},{\"@type\":\"WebSite\",\"@id\":\"https:\/\/metaltale.com\/lv\/#website\",\"url\":\"https:\/\/metaltale.com\/lv\/\",\"name\":\"Metaltale.com\",\"description\":\"\",\"potentialAction\":[{\"@type\":\"SearchAction\",\"target\":{\"@type\":\"EntryPoint\",\"urlTemplate\":\"https:\/\/metaltale.com\/lv\/?s={search_term_string}\"},\"query-input\":{\"@type\":\"PropertyValueSpecification\",\"valueRequired\":true,\"valueName\":\"search_term_string\"}}],\"inLanguage\":\"lv-LV\"}]}<\/script>\n<!-- \/ Yoast SEO plugin. -->","yoast_head_json":{"title":"Met\u0101la sienas dekori 3D LOFT LEAVES 115x35 cm - MetalTale.com","robots":{"index":"index","follow":"follow","max-snippet":"max-snippet:-1","max-image-preview":"max-image-preview:large","max-video-preview":"max-video-preview:-1"},"canonical":"https:\/\/metaltale.com\/lv\/produkts\/metala-sienas-dekori-3d-loft-leaves-115x35-cm\/","og_locale":"lv_LV","og_type":"article","og_title":"Met\u0101la sienas dekori 3D LOFT LEAVES 115x35 cm - MetalTale.com","og_description":"Modelis PT. A21510 EAN. 5907772074961 Platums (cm ) 115 Augstums (cm ) 35 Biezums (cm ) 4,5 Materi\u0101ls T\u0113rauds Formas","og_url":"https:\/\/metaltale.com\/lv\/produkts\/metala-sienas-dekori-3d-loft-leaves-115x35-cm\/","og_site_name":"MetalTale.com","twitter_card":"summary_large_image","twitter_misc":{"Est. reading time":"1 minute"},"schema":{"@context":"https:\/\/schema.org","@graph":[{"@type":"WebPage","@id":"https:\/\/metaltale.com\/lv\/produkts\/metala-sienas-dekori-3d-loft-leaves-115x35-cm\/","url":"https:\/\/metaltale.com\/lv\/produkts\/metala-sienas-dekori-3d-loft-leaves-115x35-cm\/","name":"Met\u0101la sienas dekori 3D LOFT LEAVES 115x35 cm - MetalTale.com","isPartOf":{"@id":"https:\/\/metaltale.com\/lv\/#website"},"primaryImageOfPage":{"@id":"https:\/\/metaltale.com\/lv\/produkts\/metala-sienas-dekori-3d-loft-leaves-115x35-cm\/#primaryimage"},"image":{"@id":"https:\/\/metaltale.com\/lv\/produkts\/metala-sienas-dekori-3d-loft-leaves-115x35-cm\/#primaryimage"},"thumbnailUrl":"https:\/\/metaltale.com\/wp-content\/uploads\/2023\/11\/3D-vaizdas-LOFTO-LAPAI.jpg","datePublished":"2024-02-13T13:01:57+00:00","breadcrumb":{"@id":"https:\/\/metaltale.com\/lv\/produkts\/metala-sienas-dekori-3d-loft-leaves-115x35-cm\/#breadcrumb"},"inLanguage":"lv-LV","potentialAction":[{"@type":"ReadAction","target":["https:\/\/metaltale.com\/lv\/produkts\/metala-sienas-dekori-3d-loft-leaves-115x35-cm\/"]}]},{"@type":"ImageObject","inLanguage":"lv-LV","@id":"https:\/\/metaltale.com\/lv\/produkts\/metala-sienas-dekori-3d-loft-leaves-115x35-cm\/#primaryimage","url":"https:\/\/metaltale.com\/wp-content\/uploads\/2023\/11\/3D-vaizdas-LOFTO-LAPAI.jpg","contentUrl":"https:\/\/metaltale.com\/wp-content\/uploads\/2023\/11\/3D-vaizdas-LOFTO-LAPAI.jpg","width":800,"height":800},{"@type":"BreadcrumbList","@id":"https:\/\/metaltale.com\/lv\/produkts\/metala-sienas-dekori-3d-loft-leaves-115x35-cm\/#breadcrumb","itemListElement":[{"@type":"ListItem","position":1,"name":"Home","item":"https:\/\/metaltale.com\/lv\/majas\/"},{"@type":"ListItem","position":2,"name":"Veikals","item":"https:\/\/metaltale.com\/lv\/shop\/"},{"@type":"ListItem","position":3,"name":"Met\u0101la sienas dekori 3D LOFT LEAVES 115&#215;35 cm"}]},{"@type":"WebSite","@id":"https:\/\/metaltale.com\/lv\/#website","url":"https:\/\/metaltale.com\/lv\/","name":"Metaltale.com","description":"","potentialAction":[{"@type":"SearchAction","target":{"@type":"EntryPoint","urlTemplate":"https:\/\/metaltale.com\/lv\/?s={search_term_string}"},"query-input":{"@type":"PropertyValueSpecification","valueRequired":true,"valueName":"search_term_string"}}],"inLanguage":"lv-LV"}]}},"_links":{"self":[{"href":"https:\/\/metaltale.com\/lv\/wp-json\/wp\/v2\/product\/135961","targetHints":{"allow":["GET"]}}],"collection":[{"href":"https:\/\/metaltale.com\/lv\/wp-json\/wp\/v2\/product"}],"about":[{"href":"https:\/\/metaltale.com\/lv\/wp-json\/wp\/v2\/types\/product"}],"replies":[{"embeddable":true,"href":"https:\/\/metaltale.com\/lv\/wp-json\/wp\/v2\/comments?post=135961"}],"version-history":[{"count":0,"href":"https:\/\/metaltale.com\/lv\/wp-json\/wp\/v2\/product\/135961\/revisions"}],"wp:featuredmedia":[{"embeddable":true,"href":"https:\/\/metaltale.com\/lv\/wp-json\/wp\/v2\/media\/98539"}],"wp:attachment":[{"href":"https:\/\/metaltale.com\/lv\/wp-json\/wp\/v2\/media?parent=135961"}],"wp:term":[{"taxonomy":"product_brand","embeddable":true,"href":"https:\/\/metaltale.com\/lv\/wp-json\/wp\/v2\/product_brand?post=135961"},{"taxonomy":"product_cat","embeddable":true,"href":"https:\/\/metaltale.com\/lv\/wp-json\/wp\/v2\/product_cat?post=135961"},{"taxonomy":"product_tag","embeddable":true,"href":"https:\/\/metaltale.com\/lv\/wp-json\/wp\/v2\/product_tag?post=135961"}],"curies":[{"name":"wp","href":"https:\/\/api.w.org\/{rel}","templated":true}]}}