{"id":135937,"date":"2024-02-13T13:43:40","date_gmt":"2024-02-13T11:43:40","guid":{"rendered":"https:\/\/metaltale.com\/produktas\/metala-virziena-panelis-music-bar\/"},"modified":"2024-02-13T13:43:40","modified_gmt":"2024-02-13T11:43:40","slug":"metala-virziena-panelis-music-bar","status":"publish","type":"product","link":"https:\/\/metaltale.com\/lv\/produkts\/metala-virziena-panelis-music-bar\/","title":{"rendered":"Met\u0101la virziena panelis MUSIC BAR"},"content":{"rendered":"<div class=\"prod_data\"><strong>Modelis<\/strong> uz. JT12  <br \/><strong>EAN.<\/strong>  5907772079447  <br \/><strong>Platums (cm)<\/strong> 45  <br \/><strong>Augstums (cm<\/strong> ) 16  <br \/><strong>Materi\u0101ls<\/strong> T\u0113rauds  <br \/><strong>Formas<\/strong> Arrow  <br \/><strong>Orient\u0101cija<\/strong> Horizont\u0101l\u0101  <br \/>Inform\u0101cija par <strong>mot\u012bviem<\/strong>  <\/p>\n<p>Str\u0113l\u012btes formas pl\u0101ksne no met\u0101la. Izstr\u0101d\u0101jums ir p\u0101rkl\u0101ts ar nodilumiztur\u012bgas kr\u0101sas sl\u0101ni, kas papildus aizsarg\u0101ts ar pret skr\u0101p\u0113jumiem iztur\u012bgu laku. V\u0113l viena priek\u0161roc\u012bba ir grafikas un uzrakstu reljefs uz t\u0101feles, savuk\u0101rt kr\u0101soti skr\u0101p\u0113jumi saglab\u0101 retro atmosf\u0113ru un piesaista uzman\u012bbu. Apstr\u0101d\u0101jamo deta\u013cu nostiprin\u0101\u0161anu nodro\u0161ina \u010detri simetriski izvietoti caurumi.<\/p>\n<p>Str\u0113le, kas nor\u0101da uz kreiso pusi ar m\u016bzikas joslu.<\/p>\n<p>Retro paneli var\u0113s izmantot ne tikai b\u0101ros, bet tas b\u016bs ar\u012b ide\u0101ls papildin\u0101jums vintage interjera dizainam.<br \/>Ar\u012b met\u0101la r\u0101d\u012bt\u0101js ir ori\u0123in\u0101la d\u0101vin\u0101juma ideja.<\/p>\n<\/div>\n","protected":false},"excerpt":{"rendered":"<p>Modelis uz. JT12 EAN. 5907772079447 Platums (cm) 45 Augstums (cm ) 16 Materi\u0101ls T\u0113rauds Formas Arrow Orient\u0101cija Horizont\u0101l\u0101 Inform\u0101cija par<\/p>\n","protected":false},"featured_media":100456,"comment_status":"open","ping_status":"closed","template":"","meta":{"_acf_changed":false,"pmpro_default_level":""},"product_brand":[],"product_cat":[24055],"product_tag":[],"class_list":{"0":"post-135937","1":"product","2":"type-product","3":"status-publish","4":"has-post-thumbnail","6":"product_cat-rotajumi","7":"pmpro-has-access","9":"first","10":"instock","11":"shipping-taxable","12":"purchasable","13":"product-type-simple"},"acf":[],"yoast_head":"<!-- This site is optimized with the Yoast SEO plugin v24.9 - https:\/\/yoast.com\/wordpress\/plugins\/seo\/ -->\n<title>Met\u0101la virziena panelis MUSIC BAR - MetalTale.com<\/title>\n<meta name=\"robots\" content=\"index, follow, max-snippet:-1, max-image-preview:large, max-video-preview:-1\" \/>\n<link rel=\"canonical\" href=\"https:\/\/metaltale.com\/lv\/produkts\/metala-virziena-panelis-music-bar\/\" \/>\n<meta property=\"og:locale\" content=\"lv_LV\" \/>\n<meta property=\"og:type\" content=\"article\" \/>\n<meta property=\"og:title\" content=\"Met\u0101la virziena panelis MUSIC BAR - MetalTale.com\" \/>\n<meta property=\"og:description\" content=\"Modelis uz. JT12 EAN. 5907772079447 Platums (cm) 45 Augstums (cm ) 16 Materi\u0101ls T\u0113rauds Formas Arrow Orient\u0101cija Horizont\u0101l\u0101 Inform\u0101cija par\" \/>\n<meta property=\"og:url\" content=\"https:\/\/metaltale.com\/lv\/produkts\/metala-virziena-panelis-music-bar\/\" \/>\n<meta property=\"og:site_name\" content=\"MetalTale.com\" \/>\n<meta name=\"twitter:card\" content=\"summary_large_image\" \/>\n<meta name=\"twitter:label1\" content=\"Est. reading time\" \/>\n\t<meta name=\"twitter:data1\" content=\"1 minute\" \/>\n<script type=\"application\/ld+json\" class=\"yoast-schema-graph\">{\"@context\":\"https:\/\/schema.org\",\"@graph\":[{\"@type\":\"WebPage\",\"@id\":\"https:\/\/metaltale.com\/lv\/produkts\/metala-virziena-panelis-music-bar\/\",\"url\":\"https:\/\/metaltale.com\/lv\/produkts\/metala-virziena-panelis-music-bar\/\",\"name\":\"Met\u0101la virziena panelis MUSIC BAR - MetalTale.com\",\"isPartOf\":{\"@id\":\"https:\/\/metaltale.com\/lv\/#website\"},\"primaryImageOfPage\":{\"@id\":\"https:\/\/metaltale.com\/lv\/produkts\/metala-virziena-panelis-music-bar\/#primaryimage\"},\"image\":{\"@id\":\"https:\/\/metaltale.com\/lv\/produkts\/metala-virziena-panelis-music-bar\/#primaryimage\"},\"thumbnailUrl\":\"https:\/\/metaltale.com\/wp-content\/uploads\/2023\/11\/Metalinx117-krypties-plokx161tx117-MUZIKOS-BARAS.jpg\",\"datePublished\":\"2024-02-13T11:43:40+00:00\",\"breadcrumb\":{\"@id\":\"https:\/\/metaltale.com\/lv\/produkts\/metala-virziena-panelis-music-bar\/#breadcrumb\"},\"inLanguage\":\"lv-LV\",\"potentialAction\":[{\"@type\":\"ReadAction\",\"target\":[\"https:\/\/metaltale.com\/lv\/produkts\/metala-virziena-panelis-music-bar\/\"]}]},{\"@type\":\"ImageObject\",\"inLanguage\":\"lv-LV\",\"@id\":\"https:\/\/metaltale.com\/lv\/produkts\/metala-virziena-panelis-music-bar\/#primaryimage\",\"url\":\"https:\/\/metaltale.com\/wp-content\/uploads\/2023\/11\/Metalinx117-krypties-plokx161tx117-MUZIKOS-BARAS.jpg\",\"contentUrl\":\"https:\/\/metaltale.com\/wp-content\/uploads\/2023\/11\/Metalinx117-krypties-plokx161tx117-MUZIKOS-BARAS.jpg\",\"width\":800,\"height\":800},{\"@type\":\"BreadcrumbList\",\"@id\":\"https:\/\/metaltale.com\/lv\/produkts\/metala-virziena-panelis-music-bar\/#breadcrumb\",\"itemListElement\":[{\"@type\":\"ListItem\",\"position\":1,\"name\":\"Home\",\"item\":\"https:\/\/metaltale.com\/lv\/majas\/\"},{\"@type\":\"ListItem\",\"position\":2,\"name\":\"Veikals\",\"item\":\"https:\/\/metaltale.com\/lv\/shop\/\"},{\"@type\":\"ListItem\",\"position\":3,\"name\":\"Met\u0101la virziena panelis MUSIC BAR\"}]},{\"@type\":\"WebSite\",\"@id\":\"https:\/\/metaltale.com\/lv\/#website\",\"url\":\"https:\/\/metaltale.com\/lv\/\",\"name\":\"Metaltale.com\",\"description\":\"\",\"potentialAction\":[{\"@type\":\"SearchAction\",\"target\":{\"@type\":\"EntryPoint\",\"urlTemplate\":\"https:\/\/metaltale.com\/lv\/?s={search_term_string}\"},\"query-input\":{\"@type\":\"PropertyValueSpecification\",\"valueRequired\":true,\"valueName\":\"search_term_string\"}}],\"inLanguage\":\"lv-LV\"}]}<\/script>\n<!-- \/ Yoast SEO plugin. -->","yoast_head_json":{"title":"Met\u0101la virziena panelis MUSIC BAR - MetalTale.com","robots":{"index":"index","follow":"follow","max-snippet":"max-snippet:-1","max-image-preview":"max-image-preview:large","max-video-preview":"max-video-preview:-1"},"canonical":"https:\/\/metaltale.com\/lv\/produkts\/metala-virziena-panelis-music-bar\/","og_locale":"lv_LV","og_type":"article","og_title":"Met\u0101la virziena panelis MUSIC BAR - MetalTale.com","og_description":"Modelis uz. JT12 EAN. 5907772079447 Platums (cm) 45 Augstums (cm ) 16 Materi\u0101ls T\u0113rauds Formas Arrow Orient\u0101cija Horizont\u0101l\u0101 Inform\u0101cija par","og_url":"https:\/\/metaltale.com\/lv\/produkts\/metala-virziena-panelis-music-bar\/","og_site_name":"MetalTale.com","twitter_card":"summary_large_image","twitter_misc":{"Est. reading time":"1 minute"},"schema":{"@context":"https:\/\/schema.org","@graph":[{"@type":"WebPage","@id":"https:\/\/metaltale.com\/lv\/produkts\/metala-virziena-panelis-music-bar\/","url":"https:\/\/metaltale.com\/lv\/produkts\/metala-virziena-panelis-music-bar\/","name":"Met\u0101la virziena panelis MUSIC BAR - MetalTale.com","isPartOf":{"@id":"https:\/\/metaltale.com\/lv\/#website"},"primaryImageOfPage":{"@id":"https:\/\/metaltale.com\/lv\/produkts\/metala-virziena-panelis-music-bar\/#primaryimage"},"image":{"@id":"https:\/\/metaltale.com\/lv\/produkts\/metala-virziena-panelis-music-bar\/#primaryimage"},"thumbnailUrl":"https:\/\/metaltale.com\/wp-content\/uploads\/2023\/11\/Metalinx117-krypties-plokx161tx117-MUZIKOS-BARAS.jpg","datePublished":"2024-02-13T11:43:40+00:00","breadcrumb":{"@id":"https:\/\/metaltale.com\/lv\/produkts\/metala-virziena-panelis-music-bar\/#breadcrumb"},"inLanguage":"lv-LV","potentialAction":[{"@type":"ReadAction","target":["https:\/\/metaltale.com\/lv\/produkts\/metala-virziena-panelis-music-bar\/"]}]},{"@type":"ImageObject","inLanguage":"lv-LV","@id":"https:\/\/metaltale.com\/lv\/produkts\/metala-virziena-panelis-music-bar\/#primaryimage","url":"https:\/\/metaltale.com\/wp-content\/uploads\/2023\/11\/Metalinx117-krypties-plokx161tx117-MUZIKOS-BARAS.jpg","contentUrl":"https:\/\/metaltale.com\/wp-content\/uploads\/2023\/11\/Metalinx117-krypties-plokx161tx117-MUZIKOS-BARAS.jpg","width":800,"height":800},{"@type":"BreadcrumbList","@id":"https:\/\/metaltale.com\/lv\/produkts\/metala-virziena-panelis-music-bar\/#breadcrumb","itemListElement":[{"@type":"ListItem","position":1,"name":"Home","item":"https:\/\/metaltale.com\/lv\/majas\/"},{"@type":"ListItem","position":2,"name":"Veikals","item":"https:\/\/metaltale.com\/lv\/shop\/"},{"@type":"ListItem","position":3,"name":"Met\u0101la virziena panelis MUSIC BAR"}]},{"@type":"WebSite","@id":"https:\/\/metaltale.com\/lv\/#website","url":"https:\/\/metaltale.com\/lv\/","name":"Metaltale.com","description":"","potentialAction":[{"@type":"SearchAction","target":{"@type":"EntryPoint","urlTemplate":"https:\/\/metaltale.com\/lv\/?s={search_term_string}"},"query-input":{"@type":"PropertyValueSpecification","valueRequired":true,"valueName":"search_term_string"}}],"inLanguage":"lv-LV"}]}},"_links":{"self":[{"href":"https:\/\/metaltale.com\/lv\/wp-json\/wp\/v2\/product\/135937","targetHints":{"allow":["GET"]}}],"collection":[{"href":"https:\/\/metaltale.com\/lv\/wp-json\/wp\/v2\/product"}],"about":[{"href":"https:\/\/metaltale.com\/lv\/wp-json\/wp\/v2\/types\/product"}],"replies":[{"embeddable":true,"href":"https:\/\/metaltale.com\/lv\/wp-json\/wp\/v2\/comments?post=135937"}],"version-history":[{"count":0,"href":"https:\/\/metaltale.com\/lv\/wp-json\/wp\/v2\/product\/135937\/revisions"}],"wp:featuredmedia":[{"embeddable":true,"href":"https:\/\/metaltale.com\/lv\/wp-json\/wp\/v2\/media\/100456"}],"wp:attachment":[{"href":"https:\/\/metaltale.com\/lv\/wp-json\/wp\/v2\/media?parent=135937"}],"wp:term":[{"taxonomy":"product_brand","embeddable":true,"href":"https:\/\/metaltale.com\/lv\/wp-json\/wp\/v2\/product_brand?post=135937"},{"taxonomy":"product_cat","embeddable":true,"href":"https:\/\/metaltale.com\/lv\/wp-json\/wp\/v2\/product_cat?post=135937"},{"taxonomy":"product_tag","embeddable":true,"href":"https:\/\/metaltale.com\/lv\/wp-json\/wp\/v2\/product_tag?post=135937"}],"curies":[{"name":"wp","href":"https:\/\/api.w.org\/{rel}","templated":true}]}}