{"id":135924,"date":"2024-02-13T13:23:04","date_gmt":"2024-02-13T11:23:04","guid":{"rendered":"https:\/\/metaltale.com\/produktas\/metala-konsoles-kaja-kwadro-loft-71-cm-melna\/"},"modified":"2025-08-27T20:31:36","modified_gmt":"2025-08-27T18:31:36","slug":"metala-konsoles-kaja-kwadro-loft-71-cm-melna","status":"publish","type":"product","link":"https:\/\/metaltale.com\/lv\/produkts\/metala-konsoles-kaja-kwadro-loft-71-cm-melna\/","title":{"rendered":"Met\u0101la konsoles k\u0101ja KWADRO LOFT 71 cm, melna"},"content":{"rendered":"<div class=\"prod_data\">\n<p>ZA <strong>modelis<\/strong>. KLP. NDSKA<br \/>\n<strong>Materi\u0101ls<\/strong> T\u0113rauds<br \/>\n<strong>Materi\u0101la biezums (cm<\/strong> ) PROFILS 2 x 8<br \/>\nKop\u0113jais augstums (cm ) 71<br \/>\n<strong>Kop\u0113jais platums (cm<\/strong> ) 40<br \/>\nMont\u0101\u017eas skr\u016bves N\u0113<br \/>\n<strong>Kr\u0101sa<\/strong> Melna<br \/>\nDaudzums komplekt\u0101 1 gab.<\/p>\n<p>&#8211; T\u0113rauda k\u0101ja konsolei pieejama div\u0101s kr\u0101s\u0101s<br \/>\n&#8211; stabila taisnst\u016bra forma garant\u0113 iztur\u012bbu un robustumu.<br \/>\n&#8211; meln\u0101 pulverkr\u0101sojuma k\u0101ja nodro\u0161ina augstu iztur\u012bbu pret skr\u0101p\u0113jumiem.<br \/>\n&#8211; izstr\u0101d\u0101jumu kr\u0101sa var at\u0161\u0137irties no fotogalerij\u0101 redzam\u0101s kr\u0101sas individu\u0101lu monitora iestat\u012bjumu un materi\u0101lu \u012bpa\u0161\u012bbu d\u0113\u013c &#8211; t\u0113rauds ir neapstr\u0101d\u0101ts materi\u0101ls, kura kr\u0101sa, tonis un tekst\u016bra var at\u0161\u0137irties no eksempl\u0101ra uz eksempl\u0101ru vai partijas uz partiju.<br \/>\n&#8211; Pied\u0101v\u0101t\u0101s skr\u016bves ir paredz\u0113tas darba virsm\u0101m, kuru biezums ir min. 37 mm<\/p>\n<hr>\n<p>Ja esat izveidojis pa\u0161izgatavotu konsoli, t\u0101 ir tikai uz Kwadro Loft k\u0101j\u0101m. No vienas puses, vienk\u0101r\u0161a un intuit\u012bva uzst\u0101d\u012b\u0161ana, no otras puses, drosm\u012bgs, b\u0113ni\u0146iem l\u012bdz\u012bgs efekts priek\u0161nama vai gaite\u0146a <span class=\"hiddenSpellError\">galda form\u0101<\/span>. Zem galda pamatnes eso\u0161ais modelis ir \u013coti vienk\u0101r\u0161a dizaina un industri\u0101la nagla kombin\u0101cija. Neapstr\u0101d\u0101taj\u0101 t\u0113rauda versij\u0101, neskatoties uz pulverkr\u0101sojuma p\u0101rkl\u0101jumu, ir skaidri redzami t\u012b\u0161i skr\u0101p\u0113jumi un kr\u0101sas izmai\u0146as, kas rakstur\u012bgas neapstr\u0101d\u0101tam t\u0113raudam.  Kwadro Loft <span class=\"hiddenGrammarError\"> meln\u0101 kr\u0101s<\/span> \u0101 ir mier\u012bg\u0101ka, elegant\u0101ka k\u0101ja gan modernam, gan industri\u0101lam interjeram. Neatkar\u012bgi no izv\u0113l\u0113t\u0101s kr\u0101sas konsole, novietota uz palikt\u0146a ar pied\u0101v\u0101taj\u0101m k\u0101j\u0101m, rad\u012bs satrieco\u0161u un knied\u0113jo\u0161u <span class=\"hiddenSpellError\">b\u0113ni\u0146u<\/span> m\u0113be\u013cu efektu. T\u0113rauda k\u0101jas var nedaudz at\u0161\u0137irties no galerijas skata, saglab\u0101jot savu unik\u0101lo raksturu (redzami elementi un nobr\u0101zumi).<\/p>\n<\/div>\n","protected":false},"excerpt":{"rendered":"<p>ZA modelis. KLP. NDSKA Materi\u0101ls T\u0113rauds Materi\u0101la biezums (cm ) PROFILS 2 x 8 Kop\u0113jais augstums (cm ) 71 Kop\u0113jais<\/p>\n","protected":false},"featured_media":119248,"comment_status":"open","ping_status":"closed","template":"","meta":{"_acf_changed":false,"pmpro_default_level":""},"product_brand":[],"product_cat":[24056,23911],"product_tag":[],"class_list":{"0":"post-135924","1":"product","2":"type-product","3":"status-publish","4":"has-post-thumbnail","6":"product_cat-mebelu-kajas","7":"product_cat-kavos-staliuko-kojos-lv","8":"pmpro-has-access","10":"first","11":"instock","12":"shipping-taxable","13":"purchasable","14":"product-type-simple"},"acf":[],"yoast_head":"<!-- This site is optimized with the Yoast SEO plugin v24.9 - https:\/\/yoast.com\/wordpress\/plugins\/seo\/ -->\n<title>Met\u0101la konsoles k\u0101ja KWADRO LOFT 71 cm, melna - MetalTale.com<\/title>\n<meta name=\"robots\" content=\"index, follow, max-snippet:-1, max-image-preview:large, max-video-preview:-1\" \/>\n<link rel=\"canonical\" href=\"https:\/\/metaltale.com\/lv\/produkts\/metala-konsoles-kaja-kwadro-loft-71-cm-melna\/\" \/>\n<meta property=\"og:locale\" content=\"lv_LV\" \/>\n<meta property=\"og:type\" content=\"article\" \/>\n<meta property=\"og:title\" content=\"Met\u0101la konsoles k\u0101ja KWADRO LOFT 71 cm, melna - MetalTale.com\" \/>\n<meta property=\"og:description\" content=\"ZA modelis. KLP. NDSKA Materi\u0101ls T\u0113rauds Materi\u0101la biezums (cm ) PROFILS 2 x 8 Kop\u0113jais augstums (cm ) 71 Kop\u0113jais\" \/>\n<meta property=\"og:url\" content=\"https:\/\/metaltale.com\/lv\/produkts\/metala-konsoles-kaja-kwadro-loft-71-cm-melna\/\" \/>\n<meta property=\"og:site_name\" content=\"MetalTale.com\" \/>\n<meta property=\"article:modified_time\" content=\"2025-08-27T18:31:36+00:00\" \/>\n<meta name=\"twitter:card\" content=\"summary_large_image\" \/>\n<meta name=\"twitter:label1\" content=\"Est. reading time\" \/>\n\t<meta name=\"twitter:data1\" content=\"2 minutes\" \/>\n<script type=\"application\/ld+json\" class=\"yoast-schema-graph\">{\"@context\":\"https:\/\/schema.org\",\"@graph\":[{\"@type\":\"WebPage\",\"@id\":\"https:\/\/metaltale.com\/lv\/produkts\/metala-konsoles-kaja-kwadro-loft-71-cm-melna\/\",\"url\":\"https:\/\/metaltale.com\/lv\/produkts\/metala-konsoles-kaja-kwadro-loft-71-cm-melna\/\",\"name\":\"Met\u0101la konsoles k\u0101ja KWADRO LOFT 71 cm, melna - MetalTale.com\",\"isPartOf\":{\"@id\":\"https:\/\/metaltale.com\/lv\/#website\"},\"primaryImageOfPage\":{\"@id\":\"https:\/\/metaltale.com\/lv\/produkts\/metala-konsoles-kaja-kwadro-loft-71-cm-melna\/#primaryimage\"},\"image\":{\"@id\":\"https:\/\/metaltale.com\/lv\/produkts\/metala-konsoles-kaja-kwadro-loft-71-cm-melna\/#primaryimage\"},\"thumbnailUrl\":\"https:\/\/metaltale.com\/wp-content\/uploads\/2023\/12\/Konsoles-metaline-koja.jpg\",\"datePublished\":\"2024-02-13T11:23:04+00:00\",\"dateModified\":\"2025-08-27T18:31:36+00:00\",\"breadcrumb\":{\"@id\":\"https:\/\/metaltale.com\/lv\/produkts\/metala-konsoles-kaja-kwadro-loft-71-cm-melna\/#breadcrumb\"},\"inLanguage\":\"lv-LV\",\"potentialAction\":[{\"@type\":\"ReadAction\",\"target\":[\"https:\/\/metaltale.com\/lv\/produkts\/metala-konsoles-kaja-kwadro-loft-71-cm-melna\/\"]}]},{\"@type\":\"ImageObject\",\"inLanguage\":\"lv-LV\",\"@id\":\"https:\/\/metaltale.com\/lv\/produkts\/metala-konsoles-kaja-kwadro-loft-71-cm-melna\/#primaryimage\",\"url\":\"https:\/\/metaltale.com\/wp-content\/uploads\/2023\/12\/Konsoles-metaline-koja.jpg\",\"contentUrl\":\"https:\/\/metaltale.com\/wp-content\/uploads\/2023\/12\/Konsoles-metaline-koja.jpg\",\"width\":800,\"height\":800,\"caption\":\"met\u0101la galda k\u0101ja\"},{\"@type\":\"BreadcrumbList\",\"@id\":\"https:\/\/metaltale.com\/lv\/produkts\/metala-konsoles-kaja-kwadro-loft-71-cm-melna\/#breadcrumb\",\"itemListElement\":[{\"@type\":\"ListItem\",\"position\":1,\"name\":\"Home\",\"item\":\"https:\/\/metaltale.com\/lv\/majas\/\"},{\"@type\":\"ListItem\",\"position\":2,\"name\":\"Veikals\",\"item\":\"https:\/\/metaltale.com\/lv\/shop\/\"},{\"@type\":\"ListItem\",\"position\":3,\"name\":\"Met\u0101la konsoles k\u0101ja KWADRO LOFT 71 cm, melna\"}]},{\"@type\":\"WebSite\",\"@id\":\"https:\/\/metaltale.com\/lv\/#website\",\"url\":\"https:\/\/metaltale.com\/lv\/\",\"name\":\"Metaltale.com\",\"description\":\"\",\"potentialAction\":[{\"@type\":\"SearchAction\",\"target\":{\"@type\":\"EntryPoint\",\"urlTemplate\":\"https:\/\/metaltale.com\/lv\/?s={search_term_string}\"},\"query-input\":{\"@type\":\"PropertyValueSpecification\",\"valueRequired\":true,\"valueName\":\"search_term_string\"}}],\"inLanguage\":\"lv-LV\"}]}<\/script>\n<!-- \/ Yoast SEO plugin. -->","yoast_head_json":{"title":"Met\u0101la konsoles k\u0101ja KWADRO LOFT 71 cm, melna - MetalTale.com","robots":{"index":"index","follow":"follow","max-snippet":"max-snippet:-1","max-image-preview":"max-image-preview:large","max-video-preview":"max-video-preview:-1"},"canonical":"https:\/\/metaltale.com\/lv\/produkts\/metala-konsoles-kaja-kwadro-loft-71-cm-melna\/","og_locale":"lv_LV","og_type":"article","og_title":"Met\u0101la konsoles k\u0101ja KWADRO LOFT 71 cm, melna - MetalTale.com","og_description":"ZA modelis. KLP. NDSKA Materi\u0101ls T\u0113rauds Materi\u0101la biezums (cm ) PROFILS 2 x 8 Kop\u0113jais augstums (cm ) 71 Kop\u0113jais","og_url":"https:\/\/metaltale.com\/lv\/produkts\/metala-konsoles-kaja-kwadro-loft-71-cm-melna\/","og_site_name":"MetalTale.com","article_modified_time":"2025-08-27T18:31:36+00:00","twitter_card":"summary_large_image","twitter_misc":{"Est. reading time":"2 minutes"},"schema":{"@context":"https:\/\/schema.org","@graph":[{"@type":"WebPage","@id":"https:\/\/metaltale.com\/lv\/produkts\/metala-konsoles-kaja-kwadro-loft-71-cm-melna\/","url":"https:\/\/metaltale.com\/lv\/produkts\/metala-konsoles-kaja-kwadro-loft-71-cm-melna\/","name":"Met\u0101la konsoles k\u0101ja KWADRO LOFT 71 cm, melna - MetalTale.com","isPartOf":{"@id":"https:\/\/metaltale.com\/lv\/#website"},"primaryImageOfPage":{"@id":"https:\/\/metaltale.com\/lv\/produkts\/metala-konsoles-kaja-kwadro-loft-71-cm-melna\/#primaryimage"},"image":{"@id":"https:\/\/metaltale.com\/lv\/produkts\/metala-konsoles-kaja-kwadro-loft-71-cm-melna\/#primaryimage"},"thumbnailUrl":"https:\/\/metaltale.com\/wp-content\/uploads\/2023\/12\/Konsoles-metaline-koja.jpg","datePublished":"2024-02-13T11:23:04+00:00","dateModified":"2025-08-27T18:31:36+00:00","breadcrumb":{"@id":"https:\/\/metaltale.com\/lv\/produkts\/metala-konsoles-kaja-kwadro-loft-71-cm-melna\/#breadcrumb"},"inLanguage":"lv-LV","potentialAction":[{"@type":"ReadAction","target":["https:\/\/metaltale.com\/lv\/produkts\/metala-konsoles-kaja-kwadro-loft-71-cm-melna\/"]}]},{"@type":"ImageObject","inLanguage":"lv-LV","@id":"https:\/\/metaltale.com\/lv\/produkts\/metala-konsoles-kaja-kwadro-loft-71-cm-melna\/#primaryimage","url":"https:\/\/metaltale.com\/wp-content\/uploads\/2023\/12\/Konsoles-metaline-koja.jpg","contentUrl":"https:\/\/metaltale.com\/wp-content\/uploads\/2023\/12\/Konsoles-metaline-koja.jpg","width":800,"height":800,"caption":"met\u0101la galda k\u0101ja"},{"@type":"BreadcrumbList","@id":"https:\/\/metaltale.com\/lv\/produkts\/metala-konsoles-kaja-kwadro-loft-71-cm-melna\/#breadcrumb","itemListElement":[{"@type":"ListItem","position":1,"name":"Home","item":"https:\/\/metaltale.com\/lv\/majas\/"},{"@type":"ListItem","position":2,"name":"Veikals","item":"https:\/\/metaltale.com\/lv\/shop\/"},{"@type":"ListItem","position":3,"name":"Met\u0101la konsoles k\u0101ja KWADRO LOFT 71 cm, melna"}]},{"@type":"WebSite","@id":"https:\/\/metaltale.com\/lv\/#website","url":"https:\/\/metaltale.com\/lv\/","name":"Metaltale.com","description":"","potentialAction":[{"@type":"SearchAction","target":{"@type":"EntryPoint","urlTemplate":"https:\/\/metaltale.com\/lv\/?s={search_term_string}"},"query-input":{"@type":"PropertyValueSpecification","valueRequired":true,"valueName":"search_term_string"}}],"inLanguage":"lv-LV"}]}},"_links":{"self":[{"href":"https:\/\/metaltale.com\/lv\/wp-json\/wp\/v2\/product\/135924","targetHints":{"allow":["GET"]}}],"collection":[{"href":"https:\/\/metaltale.com\/lv\/wp-json\/wp\/v2\/product"}],"about":[{"href":"https:\/\/metaltale.com\/lv\/wp-json\/wp\/v2\/types\/product"}],"replies":[{"embeddable":true,"href":"https:\/\/metaltale.com\/lv\/wp-json\/wp\/v2\/comments?post=135924"}],"version-history":[{"count":0,"href":"https:\/\/metaltale.com\/lv\/wp-json\/wp\/v2\/product\/135924\/revisions"}],"wp:featuredmedia":[{"embeddable":true,"href":"https:\/\/metaltale.com\/lv\/wp-json\/wp\/v2\/media\/119248"}],"wp:attachment":[{"href":"https:\/\/metaltale.com\/lv\/wp-json\/wp\/v2\/media?parent=135924"}],"wp:term":[{"taxonomy":"product_brand","embeddable":true,"href":"https:\/\/metaltale.com\/lv\/wp-json\/wp\/v2\/product_brand?post=135924"},{"taxonomy":"product_cat","embeddable":true,"href":"https:\/\/metaltale.com\/lv\/wp-json\/wp\/v2\/product_cat?post=135924"},{"taxonomy":"product_tag","embeddable":true,"href":"https:\/\/metaltale.com\/lv\/wp-json\/wp\/v2\/product_tag?post=135924"}],"curies":[{"name":"wp","href":"https:\/\/api.w.org\/{rel}","templated":true}]}}