{"id":135917,"date":"2024-02-13T13:21:46","date_gmt":"2024-02-13T11:21:46","guid":{"rendered":"https:\/\/metaltale.com\/produktas\/metala-mebelu-kaja-anvil-17-cm-melna\/"},"modified":"2024-02-13T13:21:46","modified_gmt":"2024-02-13T11:21:46","slug":"metala-mebelu-kaja-anvil-17-cm-melna","status":"publish","type":"product","link":"https:\/\/metaltale.com\/lv\/produkts\/metala-mebelu-kaja-anvil-17-cm-melna\/","title":{"rendered":"Met\u0101la m\u0113be\u013cu k\u0101ja ANVIL 17 cm, melna"},"content":{"rendered":"<div class=\"prod_data\">\n<p><strong>Modelis<\/strong> RR.NB. KOW<br \/>\n<strong>EAN.<\/strong>  5905369905438<br \/>\n<strong>Materi\u0101ls<\/strong> T\u0113rauds<br \/>\n<strong>Kop\u0113jais augstums (cm<\/strong> ) 17<br \/>\n<strong>Kop\u0113jais platums (cm<\/strong> ) 38<br \/>\n<strong>Pamatnes izm\u0113ri (cm)<\/strong> 6&#215;40<br \/>\n<strong>Plakan\u0101s sloksnes izm\u0113ri (cm<\/strong> ) 0,8<br \/>\nMont\u0101\u017eas skr\u016bves N\u0113<br \/>\nKr\u0101sa Melna<br \/>\nVirsmas tips Nevienm\u0113r\u012bga<br \/>\nDaudzums komplekt\u0101 1 gab.<\/p>\n<p>&#8211; T\u0113rauda m\u0113be\u013cu k\u0101ja<br \/>\n&#8211; divu k\u0101ju izmanto\u0161ana \u0161aj\u0101 model\u012b rada stabilu un stabilu pamatu m\u0113belei.<br \/>\n&#8211; Pulverkr\u0101sas p\u0101rkl\u0101jums garant\u0113 iztur\u012bbu pret skr\u0101p\u0113jumiem un citiem boj\u0101jumiem.<br \/>\n&#8211; rakstur\u012bga forma, kas piem\u0113rota lauku un r\u016bpnieciskiem lietojumiem<\/p>\n<hr>\n<p>Melna pulverkr\u0101sota t\u0113rauda m\u0113be\u013cu k\u0101ja kal\u0113ja kal\u0113ja kaluma form\u0101. \u0160is k\u0101ju veids ir ide\u0101li piem\u0113rots m\u0113bel\u0113m, piem\u0113ram, kumod\u0113m, gr\u0101matu skapjiem vai gr\u0101matu plauktiem. M\u0113be\u013cu k\u0101j\u0101m ir plastmasas p\u0101rkl\u0101jumi, kas nov\u0113r\u0161 gr\u012bdas saskr\u0101p\u0113\u0161anu m\u0113be\u013cu p\u0101rvieto\u0161anas laik\u0101. M\u0113beles met\u0101la k\u0101ja tika izgatavota no 8 mm bieza plakana stie\u0146a. Plakan\u0101 stie\u0146a biezums un iztur\u012bg\u0101 mont\u0101\u017eas pamatne garant\u0113 stabilu m\u0113beli.<\/p>\n<hr>\n<\/div>\n","protected":false},"excerpt":{"rendered":"<p>Modelis RR.NB. KOW EAN. 5905369905438 Materi\u0101ls T\u0113rauds Kop\u0113jais augstums (cm ) 17 Kop\u0113jais platums (cm ) 38 Pamatnes izm\u0113ri (cm)<\/p>\n","protected":false},"featured_media":119137,"comment_status":"open","ping_status":"closed","template":"","meta":{"_acf_changed":false,"pmpro_default_level":""},"product_brand":[],"product_cat":[24056,24090],"product_tag":[],"class_list":{"0":"post-135917","1":"product","2":"type-product","3":"status-publish","4":"has-post-thumbnail","6":"product_cat-mebelu-kajas","7":"product_cat-mebelu-kajas-lv","8":"pmpro-has-access","10":"first","11":"instock","12":"shipping-taxable","13":"purchasable","14":"product-type-simple"},"acf":[],"yoast_head":"<!-- This site is optimized with the Yoast SEO plugin v24.9 - https:\/\/yoast.com\/wordpress\/plugins\/seo\/ -->\n<title>Met\u0101la m\u0113be\u013cu k\u0101ja ANVIL 17 cm, melna - MetalTale.com<\/title>\n<meta name=\"robots\" content=\"index, follow, max-snippet:-1, max-image-preview:large, max-video-preview:-1\" \/>\n<link rel=\"canonical\" href=\"https:\/\/metaltale.com\/lv\/produkts\/metala-mebelu-kaja-anvil-17-cm-melna\/\" \/>\n<meta property=\"og:locale\" content=\"lv_LV\" \/>\n<meta property=\"og:type\" content=\"article\" \/>\n<meta property=\"og:title\" content=\"Met\u0101la m\u0113be\u013cu k\u0101ja ANVIL 17 cm, melna - MetalTale.com\" \/>\n<meta property=\"og:description\" content=\"Modelis RR.NB. KOW EAN. 5905369905438 Materi\u0101ls T\u0113rauds Kop\u0113jais augstums (cm ) 17 Kop\u0113jais platums (cm ) 38 Pamatnes izm\u0113ri (cm)\" \/>\n<meta property=\"og:url\" content=\"https:\/\/metaltale.com\/lv\/produkts\/metala-mebelu-kaja-anvil-17-cm-melna\/\" \/>\n<meta property=\"og:site_name\" content=\"MetalTale.com\" \/>\n<meta property=\"og:image\" content=\"https:\/\/metaltale.com\/wp-content\/uploads\/2023\/12\/baldu-kojeles-4.jpg\" \/>\n\t<meta property=\"og:image:width\" content=\"800\" \/>\n\t<meta property=\"og:image:height\" content=\"800\" \/>\n\t<meta property=\"og:image:type\" content=\"image\/jpeg\" \/>\n<meta name=\"twitter:card\" content=\"summary_large_image\" \/>\n<meta name=\"twitter:label1\" content=\"Est. reading time\" \/>\n\t<meta name=\"twitter:data1\" content=\"1 minute\" \/>\n<script type=\"application\/ld+json\" class=\"yoast-schema-graph\">{\"@context\":\"https:\/\/schema.org\",\"@graph\":[{\"@type\":\"WebPage\",\"@id\":\"https:\/\/metaltale.com\/lv\/produkts\/metala-mebelu-kaja-anvil-17-cm-melna\/\",\"url\":\"https:\/\/metaltale.com\/lv\/produkts\/metala-mebelu-kaja-anvil-17-cm-melna\/\",\"name\":\"Met\u0101la m\u0113be\u013cu k\u0101ja ANVIL 17 cm, melna - MetalTale.com\",\"isPartOf\":{\"@id\":\"https:\/\/metaltale.com\/lv\/#website\"},\"primaryImageOfPage\":{\"@id\":\"https:\/\/metaltale.com\/lv\/produkts\/metala-mebelu-kaja-anvil-17-cm-melna\/#primaryimage\"},\"image\":{\"@id\":\"https:\/\/metaltale.com\/lv\/produkts\/metala-mebelu-kaja-anvil-17-cm-melna\/#primaryimage\"},\"thumbnailUrl\":\"https:\/\/metaltale.com\/wp-content\/uploads\/2023\/12\/baldu-kojeles-4.jpg\",\"datePublished\":\"2024-02-13T11:21:46+00:00\",\"breadcrumb\":{\"@id\":\"https:\/\/metaltale.com\/lv\/produkts\/metala-mebelu-kaja-anvil-17-cm-melna\/#breadcrumb\"},\"inLanguage\":\"lv-LV\",\"potentialAction\":[{\"@type\":\"ReadAction\",\"target\":[\"https:\/\/metaltale.com\/lv\/produkts\/metala-mebelu-kaja-anvil-17-cm-melna\/\"]}]},{\"@type\":\"ImageObject\",\"inLanguage\":\"lv-LV\",\"@id\":\"https:\/\/metaltale.com\/lv\/produkts\/metala-mebelu-kaja-anvil-17-cm-melna\/#primaryimage\",\"url\":\"https:\/\/metaltale.com\/wp-content\/uploads\/2023\/12\/baldu-kojeles-4.jpg\",\"contentUrl\":\"https:\/\/metaltale.com\/wp-content\/uploads\/2023\/12\/baldu-kojeles-4.jpg\",\"width\":800,\"height\":800,\"caption\":\"m\u0113be\u013cu k\u0101jas\"},{\"@type\":\"BreadcrumbList\",\"@id\":\"https:\/\/metaltale.com\/lv\/produkts\/metala-mebelu-kaja-anvil-17-cm-melna\/#breadcrumb\",\"itemListElement\":[{\"@type\":\"ListItem\",\"position\":1,\"name\":\"Home\",\"item\":\"https:\/\/metaltale.com\/lv\/majas\/\"},{\"@type\":\"ListItem\",\"position\":2,\"name\":\"Veikals\",\"item\":\"https:\/\/metaltale.com\/lv\/shop\/\"},{\"@type\":\"ListItem\",\"position\":3,\"name\":\"Met\u0101la m\u0113be\u013cu k\u0101ja ANVIL 17 cm, melna\"}]},{\"@type\":\"WebSite\",\"@id\":\"https:\/\/metaltale.com\/lv\/#website\",\"url\":\"https:\/\/metaltale.com\/lv\/\",\"name\":\"Metaltale.com\",\"description\":\"\",\"potentialAction\":[{\"@type\":\"SearchAction\",\"target\":{\"@type\":\"EntryPoint\",\"urlTemplate\":\"https:\/\/metaltale.com\/lv\/?s={search_term_string}\"},\"query-input\":{\"@type\":\"PropertyValueSpecification\",\"valueRequired\":true,\"valueName\":\"search_term_string\"}}],\"inLanguage\":\"lv-LV\"}]}<\/script>\n<!-- \/ Yoast SEO plugin. -->","yoast_head_json":{"title":"Met\u0101la m\u0113be\u013cu k\u0101ja ANVIL 17 cm, melna - MetalTale.com","robots":{"index":"index","follow":"follow","max-snippet":"max-snippet:-1","max-image-preview":"max-image-preview:large","max-video-preview":"max-video-preview:-1"},"canonical":"https:\/\/metaltale.com\/lv\/produkts\/metala-mebelu-kaja-anvil-17-cm-melna\/","og_locale":"lv_LV","og_type":"article","og_title":"Met\u0101la m\u0113be\u013cu k\u0101ja ANVIL 17 cm, melna - MetalTale.com","og_description":"Modelis RR.NB. KOW EAN. 5905369905438 Materi\u0101ls T\u0113rauds Kop\u0113jais augstums (cm ) 17 Kop\u0113jais platums (cm ) 38 Pamatnes izm\u0113ri (cm)","og_url":"https:\/\/metaltale.com\/lv\/produkts\/metala-mebelu-kaja-anvil-17-cm-melna\/","og_site_name":"MetalTale.com","og_image":[{"width":800,"height":800,"url":"https:\/\/metaltale.com\/wp-content\/uploads\/2023\/12\/baldu-kojeles-4.jpg","type":"image\/jpeg"}],"twitter_card":"summary_large_image","twitter_misc":{"Est. reading time":"1 minute"},"schema":{"@context":"https:\/\/schema.org","@graph":[{"@type":"WebPage","@id":"https:\/\/metaltale.com\/lv\/produkts\/metala-mebelu-kaja-anvil-17-cm-melna\/","url":"https:\/\/metaltale.com\/lv\/produkts\/metala-mebelu-kaja-anvil-17-cm-melna\/","name":"Met\u0101la m\u0113be\u013cu k\u0101ja ANVIL 17 cm, melna - MetalTale.com","isPartOf":{"@id":"https:\/\/metaltale.com\/lv\/#website"},"primaryImageOfPage":{"@id":"https:\/\/metaltale.com\/lv\/produkts\/metala-mebelu-kaja-anvil-17-cm-melna\/#primaryimage"},"image":{"@id":"https:\/\/metaltale.com\/lv\/produkts\/metala-mebelu-kaja-anvil-17-cm-melna\/#primaryimage"},"thumbnailUrl":"https:\/\/metaltale.com\/wp-content\/uploads\/2023\/12\/baldu-kojeles-4.jpg","datePublished":"2024-02-13T11:21:46+00:00","breadcrumb":{"@id":"https:\/\/metaltale.com\/lv\/produkts\/metala-mebelu-kaja-anvil-17-cm-melna\/#breadcrumb"},"inLanguage":"lv-LV","potentialAction":[{"@type":"ReadAction","target":["https:\/\/metaltale.com\/lv\/produkts\/metala-mebelu-kaja-anvil-17-cm-melna\/"]}]},{"@type":"ImageObject","inLanguage":"lv-LV","@id":"https:\/\/metaltale.com\/lv\/produkts\/metala-mebelu-kaja-anvil-17-cm-melna\/#primaryimage","url":"https:\/\/metaltale.com\/wp-content\/uploads\/2023\/12\/baldu-kojeles-4.jpg","contentUrl":"https:\/\/metaltale.com\/wp-content\/uploads\/2023\/12\/baldu-kojeles-4.jpg","width":800,"height":800,"caption":"m\u0113be\u013cu k\u0101jas"},{"@type":"BreadcrumbList","@id":"https:\/\/metaltale.com\/lv\/produkts\/metala-mebelu-kaja-anvil-17-cm-melna\/#breadcrumb","itemListElement":[{"@type":"ListItem","position":1,"name":"Home","item":"https:\/\/metaltale.com\/lv\/majas\/"},{"@type":"ListItem","position":2,"name":"Veikals","item":"https:\/\/metaltale.com\/lv\/shop\/"},{"@type":"ListItem","position":3,"name":"Met\u0101la m\u0113be\u013cu k\u0101ja ANVIL 17 cm, melna"}]},{"@type":"WebSite","@id":"https:\/\/metaltale.com\/lv\/#website","url":"https:\/\/metaltale.com\/lv\/","name":"Metaltale.com","description":"","potentialAction":[{"@type":"SearchAction","target":{"@type":"EntryPoint","urlTemplate":"https:\/\/metaltale.com\/lv\/?s={search_term_string}"},"query-input":{"@type":"PropertyValueSpecification","valueRequired":true,"valueName":"search_term_string"}}],"inLanguage":"lv-LV"}]}},"_links":{"self":[{"href":"https:\/\/metaltale.com\/lv\/wp-json\/wp\/v2\/product\/135917","targetHints":{"allow":["GET"]}}],"collection":[{"href":"https:\/\/metaltale.com\/lv\/wp-json\/wp\/v2\/product"}],"about":[{"href":"https:\/\/metaltale.com\/lv\/wp-json\/wp\/v2\/types\/product"}],"replies":[{"embeddable":true,"href":"https:\/\/metaltale.com\/lv\/wp-json\/wp\/v2\/comments?post=135917"}],"version-history":[{"count":0,"href":"https:\/\/metaltale.com\/lv\/wp-json\/wp\/v2\/product\/135917\/revisions"}],"wp:featuredmedia":[{"embeddable":true,"href":"https:\/\/metaltale.com\/lv\/wp-json\/wp\/v2\/media\/119137"}],"wp:attachment":[{"href":"https:\/\/metaltale.com\/lv\/wp-json\/wp\/v2\/media?parent=135917"}],"wp:term":[{"taxonomy":"product_brand","embeddable":true,"href":"https:\/\/metaltale.com\/lv\/wp-json\/wp\/v2\/product_brand?post=135917"},{"taxonomy":"product_cat","embeddable":true,"href":"https:\/\/metaltale.com\/lv\/wp-json\/wp\/v2\/product_cat?post=135917"},{"taxonomy":"product_tag","embeddable":true,"href":"https:\/\/metaltale.com\/lv\/wp-json\/wp\/v2\/product_tag?post=135917"}],"curies":[{"name":"wp","href":"https:\/\/api.w.org\/{rel}","templated":true}]}}