{"id":135885,"date":"2024-02-13T14:37:40","date_gmt":"2024-02-13T12:37:40","guid":{"rendered":"https:\/\/metaltale.com\/produktas\/metala-dekorativa-plaksne-vw-combi\/"},"modified":"2024-02-13T14:37:40","modified_gmt":"2024-02-13T12:37:40","slug":"metala-dekorativa-plaksne-vw-combi","status":"publish","type":"product","link":"https:\/\/metaltale.com\/lv\/produkts\/metala-dekorativa-plaksne-vw-combi\/","title":{"rendered":"Met\u0101la dekorat\u012bv\u0101 pl\u0101ksne VW COMBI"},"content":{"rendered":"<div class=\"prod_data\"><strong>Modelis<\/strong> IN.50006  <br \/><strong>EAN.<\/strong>  5905369910500  <br \/><strong>Platums (cm<\/strong> ) 30  <br \/><strong>Augstums (cm<\/strong> ) 20  <br \/><strong>Materi\u0101ls<\/strong> T\u0113rauds  <br \/><strong>Formas<\/strong> Taisnst\u016bra <strong>formas<\/strong>  <br \/><strong>Orient\u0101cija<\/strong> Horizont\u0101l\u0101  <br \/><strong>Istabas<\/strong> gar\u0101\u017ea  <br \/><strong>Motiva<\/strong> motoriz\u0101cija  <\/p>\n<p>Taisnst\u016bra formas met\u0101la pl\u0101ksne. Plak\u0101ts ir p\u0101rkl\u0101ts ar augstas nodilumiztur\u012bbas kr\u0101su un aizsarg\u0101ts ar pret nodilumu aizsarg\u0101jo\u0161u laku. Jaukajai grafikai piem\u012bt retro pastkartes raksturs. Ori\u0123inalit\u0101ti pie\u0161\u0137ir apzin\u0101ti malu skr\u0101p\u0113jumi un nostal\u0123iskas kr\u0101sas. Pl\u0101ksne ir piestiprin\u0101ta ar smalkiem stiprin\u0101juma caurumiem.<\/p>\n<p>Produkts ir VW Combi.  <\/p>\n<p>Retro met\u0101la dekorat\u012bv\u0101 pl\u0101ksn\u012bte, kas paredz\u0113ta veco automobi\u013cu un Volkswagen z\u012bmola faniem. Pla\u0161ais plak\u0101tu ar automobi\u013cu tematiku kl\u0101sts \u013cauj jums izveidot unik\u0101lu kompoz\u012bciju uz dz\u012bvojam\u0101s istabas, biroja vai b\u0101ra sienas.<br \/>Met\u0101la plak\u0101ts ir ori\u0123in\u0101la d\u0101vin\u0101juma ideja.<\/p>\n<\/div>\n","protected":false},"excerpt":{"rendered":"<p>Modelis IN.50006 EAN. 5905369910500 Platums (cm ) 30 Augstums (cm ) 20 Materi\u0101ls T\u0113rauds Formas Taisnst\u016bra formas Orient\u0101cija Horizont\u0101l\u0101 Istabas<\/p>\n","protected":false},"featured_media":71341,"comment_status":"open","ping_status":"closed","template":"","meta":{"_acf_changed":false,"pmpro_default_level":""},"product_brand":[],"product_cat":[24055],"product_tag":[],"class_list":{"0":"post-135885","1":"product","2":"type-product","3":"status-publish","4":"has-post-thumbnail","6":"product_cat-rotajumi","7":"pmpro-has-access","9":"first","10":"instock","11":"shipping-taxable","12":"purchasable","13":"product-type-simple"},"acf":[],"yoast_head":"<!-- This site is optimized with the Yoast SEO plugin v24.9 - https:\/\/yoast.com\/wordpress\/plugins\/seo\/ -->\n<title>Met\u0101la dekorat\u012bv\u0101 pl\u0101ksne VW COMBI - MetalTale.com<\/title>\n<meta name=\"robots\" content=\"index, follow, max-snippet:-1, max-image-preview:large, max-video-preview:-1\" \/>\n<link rel=\"canonical\" href=\"https:\/\/metaltale.com\/lv\/produkts\/metala-dekorativa-plaksne-vw-combi\/\" \/>\n<meta property=\"og:locale\" content=\"lv_LV\" \/>\n<meta property=\"og:type\" content=\"article\" \/>\n<meta property=\"og:title\" content=\"Met\u0101la dekorat\u012bv\u0101 pl\u0101ksne VW COMBI - MetalTale.com\" \/>\n<meta property=\"og:description\" content=\"Modelis IN.50006 EAN. 5905369910500 Platums (cm ) 30 Augstums (cm ) 20 Materi\u0101ls T\u0113rauds Formas Taisnst\u016bra formas Orient\u0101cija Horizont\u0101l\u0101 Istabas\" \/>\n<meta property=\"og:url\" content=\"https:\/\/metaltale.com\/lv\/produkts\/metala-dekorativa-plaksne-vw-combi\/\" \/>\n<meta property=\"og:site_name\" content=\"MetalTale.com\" \/>\n<meta name=\"twitter:card\" content=\"summary_large_image\" \/>\n<meta name=\"twitter:label1\" content=\"Est. reading time\" \/>\n\t<meta name=\"twitter:data1\" content=\"1 minute\" \/>\n<script type=\"application\/ld+json\" class=\"yoast-schema-graph\">{\"@context\":\"https:\/\/schema.org\",\"@graph\":[{\"@type\":\"WebPage\",\"@id\":\"https:\/\/metaltale.com\/lv\/produkts\/metala-dekorativa-plaksne-vw-combi\/\",\"url\":\"https:\/\/metaltale.com\/lv\/produkts\/metala-dekorativa-plaksne-vw-combi\/\",\"name\":\"Met\u0101la dekorat\u012bv\u0101 pl\u0101ksne VW COMBI - MetalTale.com\",\"isPartOf\":{\"@id\":\"https:\/\/metaltale.com\/lv\/#website\"},\"primaryImageOfPage\":{\"@id\":\"https:\/\/metaltale.com\/lv\/produkts\/metala-dekorativa-plaksne-vw-combi\/#primaryimage\"},\"image\":{\"@id\":\"https:\/\/metaltale.com\/lv\/produkts\/metala-dekorativa-plaksne-vw-combi\/#primaryimage\"},\"thumbnailUrl\":\"https:\/\/metaltale.com\/wp-content\/uploads\/2023\/09\/Metalinx117-dekoratyvinx117-plokx161tx117-VW-COMBI.jpg\",\"datePublished\":\"2024-02-13T12:37:40+00:00\",\"breadcrumb\":{\"@id\":\"https:\/\/metaltale.com\/lv\/produkts\/metala-dekorativa-plaksne-vw-combi\/#breadcrumb\"},\"inLanguage\":\"lv-LV\",\"potentialAction\":[{\"@type\":\"ReadAction\",\"target\":[\"https:\/\/metaltale.com\/lv\/produkts\/metala-dekorativa-plaksne-vw-combi\/\"]}]},{\"@type\":\"ImageObject\",\"inLanguage\":\"lv-LV\",\"@id\":\"https:\/\/metaltale.com\/lv\/produkts\/metala-dekorativa-plaksne-vw-combi\/#primaryimage\",\"url\":\"https:\/\/metaltale.com\/wp-content\/uploads\/2023\/09\/Metalinx117-dekoratyvinx117-plokx161tx117-VW-COMBI.jpg\",\"contentUrl\":\"https:\/\/metaltale.com\/wp-content\/uploads\/2023\/09\/Metalinx117-dekoratyvinx117-plokx161tx117-VW-COMBI.jpg\",\"width\":800,\"height\":800},{\"@type\":\"BreadcrumbList\",\"@id\":\"https:\/\/metaltale.com\/lv\/produkts\/metala-dekorativa-plaksne-vw-combi\/#breadcrumb\",\"itemListElement\":[{\"@type\":\"ListItem\",\"position\":1,\"name\":\"Home\",\"item\":\"https:\/\/metaltale.com\/lv\/majas\/\"},{\"@type\":\"ListItem\",\"position\":2,\"name\":\"Veikals\",\"item\":\"https:\/\/metaltale.com\/lv\/shop\/\"},{\"@type\":\"ListItem\",\"position\":3,\"name\":\"Met\u0101la dekorat\u012bv\u0101 pl\u0101ksne VW COMBI\"}]},{\"@type\":\"WebSite\",\"@id\":\"https:\/\/metaltale.com\/lv\/#website\",\"url\":\"https:\/\/metaltale.com\/lv\/\",\"name\":\"Metaltale.com\",\"description\":\"\",\"potentialAction\":[{\"@type\":\"SearchAction\",\"target\":{\"@type\":\"EntryPoint\",\"urlTemplate\":\"https:\/\/metaltale.com\/lv\/?s={search_term_string}\"},\"query-input\":{\"@type\":\"PropertyValueSpecification\",\"valueRequired\":true,\"valueName\":\"search_term_string\"}}],\"inLanguage\":\"lv-LV\"}]}<\/script>\n<!-- \/ Yoast SEO plugin. -->","yoast_head_json":{"title":"Met\u0101la dekorat\u012bv\u0101 pl\u0101ksne VW COMBI - MetalTale.com","robots":{"index":"index","follow":"follow","max-snippet":"max-snippet:-1","max-image-preview":"max-image-preview:large","max-video-preview":"max-video-preview:-1"},"canonical":"https:\/\/metaltale.com\/lv\/produkts\/metala-dekorativa-plaksne-vw-combi\/","og_locale":"lv_LV","og_type":"article","og_title":"Met\u0101la dekorat\u012bv\u0101 pl\u0101ksne VW COMBI - MetalTale.com","og_description":"Modelis IN.50006 EAN. 5905369910500 Platums (cm ) 30 Augstums (cm ) 20 Materi\u0101ls T\u0113rauds Formas Taisnst\u016bra formas Orient\u0101cija Horizont\u0101l\u0101 Istabas","og_url":"https:\/\/metaltale.com\/lv\/produkts\/metala-dekorativa-plaksne-vw-combi\/","og_site_name":"MetalTale.com","twitter_card":"summary_large_image","twitter_misc":{"Est. reading time":"1 minute"},"schema":{"@context":"https:\/\/schema.org","@graph":[{"@type":"WebPage","@id":"https:\/\/metaltale.com\/lv\/produkts\/metala-dekorativa-plaksne-vw-combi\/","url":"https:\/\/metaltale.com\/lv\/produkts\/metala-dekorativa-plaksne-vw-combi\/","name":"Met\u0101la dekorat\u012bv\u0101 pl\u0101ksne VW COMBI - MetalTale.com","isPartOf":{"@id":"https:\/\/metaltale.com\/lv\/#website"},"primaryImageOfPage":{"@id":"https:\/\/metaltale.com\/lv\/produkts\/metala-dekorativa-plaksne-vw-combi\/#primaryimage"},"image":{"@id":"https:\/\/metaltale.com\/lv\/produkts\/metala-dekorativa-plaksne-vw-combi\/#primaryimage"},"thumbnailUrl":"https:\/\/metaltale.com\/wp-content\/uploads\/2023\/09\/Metalinx117-dekoratyvinx117-plokx161tx117-VW-COMBI.jpg","datePublished":"2024-02-13T12:37:40+00:00","breadcrumb":{"@id":"https:\/\/metaltale.com\/lv\/produkts\/metala-dekorativa-plaksne-vw-combi\/#breadcrumb"},"inLanguage":"lv-LV","potentialAction":[{"@type":"ReadAction","target":["https:\/\/metaltale.com\/lv\/produkts\/metala-dekorativa-plaksne-vw-combi\/"]}]},{"@type":"ImageObject","inLanguage":"lv-LV","@id":"https:\/\/metaltale.com\/lv\/produkts\/metala-dekorativa-plaksne-vw-combi\/#primaryimage","url":"https:\/\/metaltale.com\/wp-content\/uploads\/2023\/09\/Metalinx117-dekoratyvinx117-plokx161tx117-VW-COMBI.jpg","contentUrl":"https:\/\/metaltale.com\/wp-content\/uploads\/2023\/09\/Metalinx117-dekoratyvinx117-plokx161tx117-VW-COMBI.jpg","width":800,"height":800},{"@type":"BreadcrumbList","@id":"https:\/\/metaltale.com\/lv\/produkts\/metala-dekorativa-plaksne-vw-combi\/#breadcrumb","itemListElement":[{"@type":"ListItem","position":1,"name":"Home","item":"https:\/\/metaltale.com\/lv\/majas\/"},{"@type":"ListItem","position":2,"name":"Veikals","item":"https:\/\/metaltale.com\/lv\/shop\/"},{"@type":"ListItem","position":3,"name":"Met\u0101la dekorat\u012bv\u0101 pl\u0101ksne VW COMBI"}]},{"@type":"WebSite","@id":"https:\/\/metaltale.com\/lv\/#website","url":"https:\/\/metaltale.com\/lv\/","name":"Metaltale.com","description":"","potentialAction":[{"@type":"SearchAction","target":{"@type":"EntryPoint","urlTemplate":"https:\/\/metaltale.com\/lv\/?s={search_term_string}"},"query-input":{"@type":"PropertyValueSpecification","valueRequired":true,"valueName":"search_term_string"}}],"inLanguage":"lv-LV"}]}},"_links":{"self":[{"href":"https:\/\/metaltale.com\/lv\/wp-json\/wp\/v2\/product\/135885","targetHints":{"allow":["GET"]}}],"collection":[{"href":"https:\/\/metaltale.com\/lv\/wp-json\/wp\/v2\/product"}],"about":[{"href":"https:\/\/metaltale.com\/lv\/wp-json\/wp\/v2\/types\/product"}],"replies":[{"embeddable":true,"href":"https:\/\/metaltale.com\/lv\/wp-json\/wp\/v2\/comments?post=135885"}],"version-history":[{"count":0,"href":"https:\/\/metaltale.com\/lv\/wp-json\/wp\/v2\/product\/135885\/revisions"}],"wp:featuredmedia":[{"embeddable":true,"href":"https:\/\/metaltale.com\/lv\/wp-json\/wp\/v2\/media\/71341"}],"wp:attachment":[{"href":"https:\/\/metaltale.com\/lv\/wp-json\/wp\/v2\/media?parent=135885"}],"wp:term":[{"taxonomy":"product_brand","embeddable":true,"href":"https:\/\/metaltale.com\/lv\/wp-json\/wp\/v2\/product_brand?post=135885"},{"taxonomy":"product_cat","embeddable":true,"href":"https:\/\/metaltale.com\/lv\/wp-json\/wp\/v2\/product_cat?post=135885"},{"taxonomy":"product_tag","embeddable":true,"href":"https:\/\/metaltale.com\/lv\/wp-json\/wp\/v2\/product_tag?post=135885"}],"curies":[{"name":"wp","href":"https:\/\/api.w.org\/{rel}","templated":true}]}}