{"id":135803,"date":"2024-02-13T15:11:04","date_gmt":"2024-02-13T13:11:04","guid":{"rendered":"https:\/\/metaltale.com\/produktas\/metala-dekorativais-panelis-tikai-iegadatajiem\/"},"modified":"2024-02-13T15:11:04","modified_gmt":"2024-02-13T13:11:04","slug":"metala-dekorativais-panelis-tikai-iegadatajiem","status":"publish","type":"product","link":"https:\/\/metaltale.com\/lv\/produkts\/metala-dekorativais-panelis-tikai-iegadatajiem\/","title":{"rendered":"Met\u0101la dekorat\u012bvais panelis TIKAI IEG\u0100D\u0100T\u0100JIEM"},"content":{"rendered":"<div class=\"prod_data\"><strong>Modelis<\/strong> IN.20256  <br \/><strong>EAN.<\/strong>  5905369930652  <br \/><strong>Orient\u0101cija<\/strong> Vertik\u0101l\u0101  <br \/><strong>Istaba<\/strong> Pusaud\u017eu istaba  <br \/>Inform\u0101cija par <strong>mot\u012bviem<\/strong>  <br \/><strong>Materi\u0101ls<\/strong> T\u0113rauds  <br \/><strong>Platums (cm<\/strong> ) 20  <br \/><strong>Augstums (cm<\/strong> ) 30  <br \/><strong>Formas<\/strong> Taisnst\u016bra <strong>formas<\/strong>  <\/p>\n<p>Dekorat\u012bvs taisnst\u016bra formas panelis. Plak\u0101ts tika izgatavots ar augstas nodilumiztur\u012bbas kr\u0101su un aizsarg\u0101ts ar aizsarglaku. Tabletei ir apzin\u0101ta kr\u0101sas mai\u0146a un r\u016bsas efekts, kas tai pie\u0161\u0137ir autentisku retro stilu. Plak\u0101ts tika uzskat\u012bts par dzeltenu br\u012bdin\u0101juma un inform\u0101cijas stilu. Ar smalkiem stiprin\u0101juma caurumiem izstr\u0101d\u0101jumu var nostiprin\u0101t.<\/p>\n<p>Izstr\u0101d\u0101jumam ir pievienots konsoles paliktnis ar uzrakstu &#8220;Tikai br\u012bdin\u0101juma sp\u0113l\u0113t\u0101jiem&#8221;.<\/p>\n<p>Pl\u0101ksne b\u016bs piem\u0113rota retro un vintage interjeriem. Met\u0101la plak\u0101ts ir ar\u012b lieliska d\u0101vin\u0101juma ideja, \u012bpa\u0161i datorsp\u0113\u013cu cien\u012bt\u0101jiem.<\/p>\n<\/div>\n","protected":false},"excerpt":{"rendered":"<p>Modelis IN.20256 EAN. 5905369930652 Orient\u0101cija Vertik\u0101l\u0101 Istaba Pusaud\u017eu istaba Inform\u0101cija par mot\u012bviem Materi\u0101ls T\u0113rauds Platums (cm ) 20 Augstums (cm<\/p>\n","protected":false},"featured_media":93538,"comment_status":"open","ping_status":"closed","template":"","meta":{"_acf_changed":false,"pmpro_default_level":""},"product_brand":[],"product_cat":[24085],"product_tag":[],"class_list":{"0":"post-135803","1":"product","2":"type-product","3":"status-publish","4":"has-post-thumbnail","6":"product_cat-metala-dekorativas-plaksnes","7":"pmpro-has-access","9":"first","10":"instock","11":"shipping-taxable","12":"purchasable","13":"product-type-simple"},"acf":[],"yoast_head":"<!-- This site is optimized with the Yoast SEO plugin v24.9 - https:\/\/yoast.com\/wordpress\/plugins\/seo\/ -->\n<title>Met\u0101la dekorat\u012bvais panelis TIKAI IEG\u0100D\u0100T\u0100JIEM - MetalTale.com<\/title>\n<meta name=\"robots\" content=\"index, follow, max-snippet:-1, max-image-preview:large, max-video-preview:-1\" \/>\n<link rel=\"canonical\" href=\"https:\/\/metaltale.com\/lv\/produkts\/metala-dekorativais-panelis-tikai-iegadatajiem\/\" \/>\n<meta property=\"og:locale\" content=\"lv_LV\" \/>\n<meta property=\"og:type\" content=\"article\" \/>\n<meta property=\"og:title\" content=\"Met\u0101la dekorat\u012bvais panelis TIKAI IEG\u0100D\u0100T\u0100JIEM - MetalTale.com\" \/>\n<meta property=\"og:description\" content=\"Modelis IN.20256 EAN. 5905369930652 Orient\u0101cija Vertik\u0101l\u0101 Istaba Pusaud\u017eu istaba Inform\u0101cija par mot\u012bviem Materi\u0101ls T\u0113rauds Platums (cm ) 20 Augstums (cm\" \/>\n<meta property=\"og:url\" content=\"https:\/\/metaltale.com\/lv\/produkts\/metala-dekorativais-panelis-tikai-iegadatajiem\/\" \/>\n<meta property=\"og:site_name\" content=\"MetalTale.com\" \/>\n<meta name=\"twitter:card\" content=\"summary_large_image\" \/>\n<meta name=\"twitter:label1\" content=\"Est. reading time\" \/>\n\t<meta name=\"twitter:data1\" content=\"1 minute\" \/>\n<script type=\"application\/ld+json\" class=\"yoast-schema-graph\">{\"@context\":\"https:\/\/schema.org\",\"@graph\":[{\"@type\":\"WebPage\",\"@id\":\"https:\/\/metaltale.com\/lv\/produkts\/metala-dekorativais-panelis-tikai-iegadatajiem\/\",\"url\":\"https:\/\/metaltale.com\/lv\/produkts\/metala-dekorativais-panelis-tikai-iegadatajiem\/\",\"name\":\"Met\u0101la dekorat\u012bvais panelis TIKAI IEG\u0100D\u0100T\u0100JIEM - MetalTale.com\",\"isPartOf\":{\"@id\":\"https:\/\/metaltale.com\/lv\/#website\"},\"primaryImageOfPage\":{\"@id\":\"https:\/\/metaltale.com\/lv\/produkts\/metala-dekorativais-panelis-tikai-iegadatajiem\/#primaryimage\"},\"image\":{\"@id\":\"https:\/\/metaltale.com\/lv\/produkts\/metala-dekorativais-panelis-tikai-iegadatajiem\/#primaryimage\"},\"thumbnailUrl\":\"https:\/\/metaltale.com\/wp-content\/uploads\/2023\/10\/Metalinx117-dekoratyvinx117-plokx161tx117-TIK-x17DAIDx116JAMS.jpg\",\"datePublished\":\"2024-02-13T13:11:04+00:00\",\"breadcrumb\":{\"@id\":\"https:\/\/metaltale.com\/lv\/produkts\/metala-dekorativais-panelis-tikai-iegadatajiem\/#breadcrumb\"},\"inLanguage\":\"lv-LV\",\"potentialAction\":[{\"@type\":\"ReadAction\",\"target\":[\"https:\/\/metaltale.com\/lv\/produkts\/metala-dekorativais-panelis-tikai-iegadatajiem\/\"]}]},{\"@type\":\"ImageObject\",\"inLanguage\":\"lv-LV\",\"@id\":\"https:\/\/metaltale.com\/lv\/produkts\/metala-dekorativais-panelis-tikai-iegadatajiem\/#primaryimage\",\"url\":\"https:\/\/metaltale.com\/wp-content\/uploads\/2023\/10\/Metalinx117-dekoratyvinx117-plokx161tx117-TIK-x17DAIDx116JAMS.jpg\",\"contentUrl\":\"https:\/\/metaltale.com\/wp-content\/uploads\/2023\/10\/Metalinx117-dekoratyvinx117-plokx161tx117-TIK-x17DAIDx116JAMS.jpg\",\"width\":800,\"height\":800},{\"@type\":\"BreadcrumbList\",\"@id\":\"https:\/\/metaltale.com\/lv\/produkts\/metala-dekorativais-panelis-tikai-iegadatajiem\/#breadcrumb\",\"itemListElement\":[{\"@type\":\"ListItem\",\"position\":1,\"name\":\"Home\",\"item\":\"https:\/\/metaltale.com\/lv\/majas\/\"},{\"@type\":\"ListItem\",\"position\":2,\"name\":\"Veikals\",\"item\":\"https:\/\/metaltale.com\/lv\/shop\/\"},{\"@type\":\"ListItem\",\"position\":3,\"name\":\"Met\u0101la dekorat\u012bvais panelis TIKAI IEG\u0100D\u0100T\u0100JIEM\"}]},{\"@type\":\"WebSite\",\"@id\":\"https:\/\/metaltale.com\/lv\/#website\",\"url\":\"https:\/\/metaltale.com\/lv\/\",\"name\":\"Metaltale.com\",\"description\":\"\",\"potentialAction\":[{\"@type\":\"SearchAction\",\"target\":{\"@type\":\"EntryPoint\",\"urlTemplate\":\"https:\/\/metaltale.com\/lv\/?s={search_term_string}\"},\"query-input\":{\"@type\":\"PropertyValueSpecification\",\"valueRequired\":true,\"valueName\":\"search_term_string\"}}],\"inLanguage\":\"lv-LV\"}]}<\/script>\n<!-- \/ Yoast SEO plugin. -->","yoast_head_json":{"title":"Met\u0101la dekorat\u012bvais panelis TIKAI IEG\u0100D\u0100T\u0100JIEM - MetalTale.com","robots":{"index":"index","follow":"follow","max-snippet":"max-snippet:-1","max-image-preview":"max-image-preview:large","max-video-preview":"max-video-preview:-1"},"canonical":"https:\/\/metaltale.com\/lv\/produkts\/metala-dekorativais-panelis-tikai-iegadatajiem\/","og_locale":"lv_LV","og_type":"article","og_title":"Met\u0101la dekorat\u012bvais panelis TIKAI IEG\u0100D\u0100T\u0100JIEM - MetalTale.com","og_description":"Modelis IN.20256 EAN. 5905369930652 Orient\u0101cija Vertik\u0101l\u0101 Istaba Pusaud\u017eu istaba Inform\u0101cija par mot\u012bviem Materi\u0101ls T\u0113rauds Platums (cm ) 20 Augstums (cm","og_url":"https:\/\/metaltale.com\/lv\/produkts\/metala-dekorativais-panelis-tikai-iegadatajiem\/","og_site_name":"MetalTale.com","twitter_card":"summary_large_image","twitter_misc":{"Est. reading time":"1 minute"},"schema":{"@context":"https:\/\/schema.org","@graph":[{"@type":"WebPage","@id":"https:\/\/metaltale.com\/lv\/produkts\/metala-dekorativais-panelis-tikai-iegadatajiem\/","url":"https:\/\/metaltale.com\/lv\/produkts\/metala-dekorativais-panelis-tikai-iegadatajiem\/","name":"Met\u0101la dekorat\u012bvais panelis TIKAI IEG\u0100D\u0100T\u0100JIEM - MetalTale.com","isPartOf":{"@id":"https:\/\/metaltale.com\/lv\/#website"},"primaryImageOfPage":{"@id":"https:\/\/metaltale.com\/lv\/produkts\/metala-dekorativais-panelis-tikai-iegadatajiem\/#primaryimage"},"image":{"@id":"https:\/\/metaltale.com\/lv\/produkts\/metala-dekorativais-panelis-tikai-iegadatajiem\/#primaryimage"},"thumbnailUrl":"https:\/\/metaltale.com\/wp-content\/uploads\/2023\/10\/Metalinx117-dekoratyvinx117-plokx161tx117-TIK-x17DAIDx116JAMS.jpg","datePublished":"2024-02-13T13:11:04+00:00","breadcrumb":{"@id":"https:\/\/metaltale.com\/lv\/produkts\/metala-dekorativais-panelis-tikai-iegadatajiem\/#breadcrumb"},"inLanguage":"lv-LV","potentialAction":[{"@type":"ReadAction","target":["https:\/\/metaltale.com\/lv\/produkts\/metala-dekorativais-panelis-tikai-iegadatajiem\/"]}]},{"@type":"ImageObject","inLanguage":"lv-LV","@id":"https:\/\/metaltale.com\/lv\/produkts\/metala-dekorativais-panelis-tikai-iegadatajiem\/#primaryimage","url":"https:\/\/metaltale.com\/wp-content\/uploads\/2023\/10\/Metalinx117-dekoratyvinx117-plokx161tx117-TIK-x17DAIDx116JAMS.jpg","contentUrl":"https:\/\/metaltale.com\/wp-content\/uploads\/2023\/10\/Metalinx117-dekoratyvinx117-plokx161tx117-TIK-x17DAIDx116JAMS.jpg","width":800,"height":800},{"@type":"BreadcrumbList","@id":"https:\/\/metaltale.com\/lv\/produkts\/metala-dekorativais-panelis-tikai-iegadatajiem\/#breadcrumb","itemListElement":[{"@type":"ListItem","position":1,"name":"Home","item":"https:\/\/metaltale.com\/lv\/majas\/"},{"@type":"ListItem","position":2,"name":"Veikals","item":"https:\/\/metaltale.com\/lv\/shop\/"},{"@type":"ListItem","position":3,"name":"Met\u0101la dekorat\u012bvais panelis TIKAI IEG\u0100D\u0100T\u0100JIEM"}]},{"@type":"WebSite","@id":"https:\/\/metaltale.com\/lv\/#website","url":"https:\/\/metaltale.com\/lv\/","name":"Metaltale.com","description":"","potentialAction":[{"@type":"SearchAction","target":{"@type":"EntryPoint","urlTemplate":"https:\/\/metaltale.com\/lv\/?s={search_term_string}"},"query-input":{"@type":"PropertyValueSpecification","valueRequired":true,"valueName":"search_term_string"}}],"inLanguage":"lv-LV"}]}},"_links":{"self":[{"href":"https:\/\/metaltale.com\/lv\/wp-json\/wp\/v2\/product\/135803","targetHints":{"allow":["GET"]}}],"collection":[{"href":"https:\/\/metaltale.com\/lv\/wp-json\/wp\/v2\/product"}],"about":[{"href":"https:\/\/metaltale.com\/lv\/wp-json\/wp\/v2\/types\/product"}],"replies":[{"embeddable":true,"href":"https:\/\/metaltale.com\/lv\/wp-json\/wp\/v2\/comments?post=135803"}],"version-history":[{"count":0,"href":"https:\/\/metaltale.com\/lv\/wp-json\/wp\/v2\/product\/135803\/revisions"}],"wp:featuredmedia":[{"embeddable":true,"href":"https:\/\/metaltale.com\/lv\/wp-json\/wp\/v2\/media\/93538"}],"wp:attachment":[{"href":"https:\/\/metaltale.com\/lv\/wp-json\/wp\/v2\/media?parent=135803"}],"wp:term":[{"taxonomy":"product_brand","embeddable":true,"href":"https:\/\/metaltale.com\/lv\/wp-json\/wp\/v2\/product_brand?post=135803"},{"taxonomy":"product_cat","embeddable":true,"href":"https:\/\/metaltale.com\/lv\/wp-json\/wp\/v2\/product_cat?post=135803"},{"taxonomy":"product_tag","embeddable":true,"href":"https:\/\/metaltale.com\/lv\/wp-json\/wp\/v2\/product_tag?post=135803"}],"curies":[{"name":"wp","href":"https:\/\/api.w.org\/{rel}","templated":true}]}}