{"id":135790,"date":"2024-02-13T14:49:46","date_gmt":"2024-02-13T12:49:46","guid":{"rendered":"https:\/\/metaltale.com\/produktas\/metala-dekorativais-panelis-the-clash-1\/"},"modified":"2024-02-13T14:49:46","modified_gmt":"2024-02-13T12:49:46","slug":"metala-dekorativais-panelis-the-clash-1","status":"publish","type":"product","link":"https:\/\/metaltale.com\/lv\/produkts\/metala-dekorativais-panelis-the-clash-1\/","title":{"rendered":"Met\u0101la dekorat\u012bvais panelis THE CLASH 1"},"content":{"rendered":"<div class=\"prod_data\"><strong>Modelis<\/strong> IN.40401  <br \/><strong>EAN.<\/strong>  5905369910135  <br \/><strong>Orient\u0101cija<\/strong> Vertik\u0101l\u0101  <br \/><strong>Telpu<\/strong> kafejn\u012bca  <br \/><strong>Motiv M\u016bzika<\/strong>  <br \/><strong>Materi\u0101ls<\/strong> T\u0113rauds  <br \/><strong>Platums (cm<\/strong> ) 20  <br \/><strong>Augstums (cm<\/strong> ) 30  <br \/><strong>Formas<\/strong> Taisnst\u016bra <strong>formas<\/strong>  <\/p>\n<p>Taisnst\u016bra formas met\u0101la pl\u0101ksne. Plak\u0101ts ir izgatavots no augst\u0101k\u0101s kvalit\u0101tes materi\u0101la un papildus p\u0101rkl\u0101ts ar pret skr\u0101p\u0113jumiem iztur\u012bgu laku. Stabilu pane\u013ca nostiprin\u0101\u0161anu nodro\u0161ina nelielie caurumi katr\u0101 izstr\u0101d\u0101juma st\u016br\u012b. Tabletei ir apzin\u0101ta skr\u0101p\u0113jumu un kr\u0101sas mai\u0146as efekts, kas tai pie\u0161\u0137ir noveco\u0161an\u0101s efektu. Ori\u0123inalit\u0101ti nodro\u0161ina izteiksm\u012bg\u0101s kr\u0101sas un 90. gadu stils.<\/p>\n<p>Uz produkta ir plak\u0101ts, kas v\u0113sta par grupas THE CLASH koncertu.<\/p>\n<p>Panelis b\u016bs piem\u0113rots gan retro, gan vintage interjeriem. Tas b\u016bs ori\u0123in\u0101ls dekors kafejn\u012bc\u0101s, restor\u0101nos vai b\u0101ros.<br \/>Met\u0101la plak\u0101ts ar\u012b ir lieliska d\u0101vin\u0101juma ideja, \u012bpa\u0161i grupas faniem.<\/p>\n<\/div>\n","protected":false},"excerpt":{"rendered":"<p>Modelis IN.40401 EAN. 5905369910135 Orient\u0101cija Vertik\u0101l\u0101 Telpu kafejn\u012bca Motiv M\u016bzika Materi\u0101ls T\u0113rauds Platums (cm ) 20 Augstums (cm ) 30<\/p>\n","protected":false},"featured_media":72532,"comment_status":"open","ping_status":"closed","template":"","meta":{"_acf_changed":false,"pmpro_default_level":""},"product_brand":[],"product_cat":[24055],"product_tag":[],"class_list":{"0":"post-135790","1":"product","2":"type-product","3":"status-publish","4":"has-post-thumbnail","6":"product_cat-rotajumi","7":"pmpro-has-access","9":"first","10":"instock","11":"shipping-taxable","12":"purchasable","13":"product-type-simple"},"acf":[],"yoast_head":"<!-- This site is optimized with the Yoast SEO plugin v24.9 - https:\/\/yoast.com\/wordpress\/plugins\/seo\/ -->\n<title>Met\u0101la dekorat\u012bvais panelis THE CLASH 1 - MetalTale.com<\/title>\n<meta name=\"robots\" content=\"index, follow, max-snippet:-1, max-image-preview:large, max-video-preview:-1\" \/>\n<link rel=\"canonical\" href=\"https:\/\/metaltale.com\/lv\/produkts\/metala-dekorativais-panelis-the-clash-1\/\" \/>\n<meta property=\"og:locale\" content=\"lv_LV\" \/>\n<meta property=\"og:type\" content=\"article\" \/>\n<meta property=\"og:title\" content=\"Met\u0101la dekorat\u012bvais panelis THE CLASH 1 - MetalTale.com\" \/>\n<meta property=\"og:description\" content=\"Modelis IN.40401 EAN. 5905369910135 Orient\u0101cija Vertik\u0101l\u0101 Telpu kafejn\u012bca Motiv M\u016bzika Materi\u0101ls T\u0113rauds Platums (cm ) 20 Augstums (cm ) 30\" \/>\n<meta property=\"og:url\" content=\"https:\/\/metaltale.com\/lv\/produkts\/metala-dekorativais-panelis-the-clash-1\/\" \/>\n<meta property=\"og:site_name\" content=\"MetalTale.com\" \/>\n<meta name=\"twitter:card\" content=\"summary_large_image\" \/>\n<meta name=\"twitter:label1\" content=\"Est. reading time\" \/>\n\t<meta name=\"twitter:data1\" content=\"1 minute\" \/>\n<script type=\"application\/ld+json\" class=\"yoast-schema-graph\">{\"@context\":\"https:\/\/schema.org\",\"@graph\":[{\"@type\":\"WebPage\",\"@id\":\"https:\/\/metaltale.com\/lv\/produkts\/metala-dekorativais-panelis-the-clash-1\/\",\"url\":\"https:\/\/metaltale.com\/lv\/produkts\/metala-dekorativais-panelis-the-clash-1\/\",\"name\":\"Met\u0101la dekorat\u012bvais panelis THE CLASH 1 - MetalTale.com\",\"isPartOf\":{\"@id\":\"https:\/\/metaltale.com\/lv\/#website\"},\"primaryImageOfPage\":{\"@id\":\"https:\/\/metaltale.com\/lv\/produkts\/metala-dekorativais-panelis-the-clash-1\/#primaryimage\"},\"image\":{\"@id\":\"https:\/\/metaltale.com\/lv\/produkts\/metala-dekorativais-panelis-the-clash-1\/#primaryimage\"},\"thumbnailUrl\":\"https:\/\/metaltale.com\/wp-content\/uploads\/2023\/09\/Metalinx117-dekoratyvinx117-plokx161tx117-THE-CLASH-1.jpg\",\"datePublished\":\"2024-02-13T12:49:46+00:00\",\"breadcrumb\":{\"@id\":\"https:\/\/metaltale.com\/lv\/produkts\/metala-dekorativais-panelis-the-clash-1\/#breadcrumb\"},\"inLanguage\":\"lv-LV\",\"potentialAction\":[{\"@type\":\"ReadAction\",\"target\":[\"https:\/\/metaltale.com\/lv\/produkts\/metala-dekorativais-panelis-the-clash-1\/\"]}]},{\"@type\":\"ImageObject\",\"inLanguage\":\"lv-LV\",\"@id\":\"https:\/\/metaltale.com\/lv\/produkts\/metala-dekorativais-panelis-the-clash-1\/#primaryimage\",\"url\":\"https:\/\/metaltale.com\/wp-content\/uploads\/2023\/09\/Metalinx117-dekoratyvinx117-plokx161tx117-THE-CLASH-1.jpg\",\"contentUrl\":\"https:\/\/metaltale.com\/wp-content\/uploads\/2023\/09\/Metalinx117-dekoratyvinx117-plokx161tx117-THE-CLASH-1.jpg\",\"width\":800,\"height\":800},{\"@type\":\"BreadcrumbList\",\"@id\":\"https:\/\/metaltale.com\/lv\/produkts\/metala-dekorativais-panelis-the-clash-1\/#breadcrumb\",\"itemListElement\":[{\"@type\":\"ListItem\",\"position\":1,\"name\":\"Home\",\"item\":\"https:\/\/metaltale.com\/lv\/majas\/\"},{\"@type\":\"ListItem\",\"position\":2,\"name\":\"Veikals\",\"item\":\"https:\/\/metaltale.com\/lv\/shop\/\"},{\"@type\":\"ListItem\",\"position\":3,\"name\":\"Met\u0101la dekorat\u012bvais panelis THE CLASH 1\"}]},{\"@type\":\"WebSite\",\"@id\":\"https:\/\/metaltale.com\/lv\/#website\",\"url\":\"https:\/\/metaltale.com\/lv\/\",\"name\":\"Metaltale.com\",\"description\":\"\",\"potentialAction\":[{\"@type\":\"SearchAction\",\"target\":{\"@type\":\"EntryPoint\",\"urlTemplate\":\"https:\/\/metaltale.com\/lv\/?s={search_term_string}\"},\"query-input\":{\"@type\":\"PropertyValueSpecification\",\"valueRequired\":true,\"valueName\":\"search_term_string\"}}],\"inLanguage\":\"lv-LV\"}]}<\/script>\n<!-- \/ Yoast SEO plugin. -->","yoast_head_json":{"title":"Met\u0101la dekorat\u012bvais panelis THE CLASH 1 - MetalTale.com","robots":{"index":"index","follow":"follow","max-snippet":"max-snippet:-1","max-image-preview":"max-image-preview:large","max-video-preview":"max-video-preview:-1"},"canonical":"https:\/\/metaltale.com\/lv\/produkts\/metala-dekorativais-panelis-the-clash-1\/","og_locale":"lv_LV","og_type":"article","og_title":"Met\u0101la dekorat\u012bvais panelis THE CLASH 1 - MetalTale.com","og_description":"Modelis IN.40401 EAN. 5905369910135 Orient\u0101cija Vertik\u0101l\u0101 Telpu kafejn\u012bca Motiv M\u016bzika Materi\u0101ls T\u0113rauds Platums (cm ) 20 Augstums (cm ) 30","og_url":"https:\/\/metaltale.com\/lv\/produkts\/metala-dekorativais-panelis-the-clash-1\/","og_site_name":"MetalTale.com","twitter_card":"summary_large_image","twitter_misc":{"Est. reading time":"1 minute"},"schema":{"@context":"https:\/\/schema.org","@graph":[{"@type":"WebPage","@id":"https:\/\/metaltale.com\/lv\/produkts\/metala-dekorativais-panelis-the-clash-1\/","url":"https:\/\/metaltale.com\/lv\/produkts\/metala-dekorativais-panelis-the-clash-1\/","name":"Met\u0101la dekorat\u012bvais panelis THE CLASH 1 - MetalTale.com","isPartOf":{"@id":"https:\/\/metaltale.com\/lv\/#website"},"primaryImageOfPage":{"@id":"https:\/\/metaltale.com\/lv\/produkts\/metala-dekorativais-panelis-the-clash-1\/#primaryimage"},"image":{"@id":"https:\/\/metaltale.com\/lv\/produkts\/metala-dekorativais-panelis-the-clash-1\/#primaryimage"},"thumbnailUrl":"https:\/\/metaltale.com\/wp-content\/uploads\/2023\/09\/Metalinx117-dekoratyvinx117-plokx161tx117-THE-CLASH-1.jpg","datePublished":"2024-02-13T12:49:46+00:00","breadcrumb":{"@id":"https:\/\/metaltale.com\/lv\/produkts\/metala-dekorativais-panelis-the-clash-1\/#breadcrumb"},"inLanguage":"lv-LV","potentialAction":[{"@type":"ReadAction","target":["https:\/\/metaltale.com\/lv\/produkts\/metala-dekorativais-panelis-the-clash-1\/"]}]},{"@type":"ImageObject","inLanguage":"lv-LV","@id":"https:\/\/metaltale.com\/lv\/produkts\/metala-dekorativais-panelis-the-clash-1\/#primaryimage","url":"https:\/\/metaltale.com\/wp-content\/uploads\/2023\/09\/Metalinx117-dekoratyvinx117-plokx161tx117-THE-CLASH-1.jpg","contentUrl":"https:\/\/metaltale.com\/wp-content\/uploads\/2023\/09\/Metalinx117-dekoratyvinx117-plokx161tx117-THE-CLASH-1.jpg","width":800,"height":800},{"@type":"BreadcrumbList","@id":"https:\/\/metaltale.com\/lv\/produkts\/metala-dekorativais-panelis-the-clash-1\/#breadcrumb","itemListElement":[{"@type":"ListItem","position":1,"name":"Home","item":"https:\/\/metaltale.com\/lv\/majas\/"},{"@type":"ListItem","position":2,"name":"Veikals","item":"https:\/\/metaltale.com\/lv\/shop\/"},{"@type":"ListItem","position":3,"name":"Met\u0101la dekorat\u012bvais panelis THE CLASH 1"}]},{"@type":"WebSite","@id":"https:\/\/metaltale.com\/lv\/#website","url":"https:\/\/metaltale.com\/lv\/","name":"Metaltale.com","description":"","potentialAction":[{"@type":"SearchAction","target":{"@type":"EntryPoint","urlTemplate":"https:\/\/metaltale.com\/lv\/?s={search_term_string}"},"query-input":{"@type":"PropertyValueSpecification","valueRequired":true,"valueName":"search_term_string"}}],"inLanguage":"lv-LV"}]}},"_links":{"self":[{"href":"https:\/\/metaltale.com\/lv\/wp-json\/wp\/v2\/product\/135790","targetHints":{"allow":["GET"]}}],"collection":[{"href":"https:\/\/metaltale.com\/lv\/wp-json\/wp\/v2\/product"}],"about":[{"href":"https:\/\/metaltale.com\/lv\/wp-json\/wp\/v2\/types\/product"}],"replies":[{"embeddable":true,"href":"https:\/\/metaltale.com\/lv\/wp-json\/wp\/v2\/comments?post=135790"}],"version-history":[{"count":0,"href":"https:\/\/metaltale.com\/lv\/wp-json\/wp\/v2\/product\/135790\/revisions"}],"wp:featuredmedia":[{"embeddable":true,"href":"https:\/\/metaltale.com\/lv\/wp-json\/wp\/v2\/media\/72532"}],"wp:attachment":[{"href":"https:\/\/metaltale.com\/lv\/wp-json\/wp\/v2\/media?parent=135790"}],"wp:term":[{"taxonomy":"product_brand","embeddable":true,"href":"https:\/\/metaltale.com\/lv\/wp-json\/wp\/v2\/product_brand?post=135790"},{"taxonomy":"product_cat","embeddable":true,"href":"https:\/\/metaltale.com\/lv\/wp-json\/wp\/v2\/product_cat?post=135790"},{"taxonomy":"product_tag","embeddable":true,"href":"https:\/\/metaltale.com\/lv\/wp-json\/wp\/v2\/product_tag?post=135790"}],"curies":[{"name":"wp","href":"https:\/\/api.w.org\/{rel}","templated":true}]}}