{"id":135773,"date":"2024-02-13T15:09:42","date_gmt":"2024-02-13T13:09:42","guid":{"rendered":"https:\/\/metaltale.com\/produktas\/metala-numura-zime-no-asv-hawaii-3\/"},"modified":"2024-02-13T15:09:42","modified_gmt":"2024-02-13T13:09:42","slug":"metala-numura-zime-no-asv-hawaii-3","status":"publish","type":"product","link":"https:\/\/metaltale.com\/lv\/produkts\/metala-numura-zime-no-asv-hawaii-3\/","title":{"rendered":"Met\u0101la numura z\u012bme no ASV HAWAII 3"},"content":{"rendered":"<div class=\"prod_data\"><strong>Modelis<\/strong> uz. C242  <br \/><strong>EAN.<\/strong>  5905369929847  <br \/><strong>Orient\u0101cija<\/strong> Horizont\u0101l\u0101  <br \/><strong>Istabas<\/strong> b\u0101rs, gar\u0101\u017ea  <br \/><strong>Motivu<\/strong> pane\u013ci  <br \/><strong>Materi\u0101ls<\/strong> T\u0113rauds  <br \/><strong>Platums (cm<\/strong> ) 30  <br \/><strong>Augstums (cm<\/strong> ) 15  <br \/><strong>Formas<\/strong> Taisnst\u016bra <strong>formas<\/strong>  <\/p>\n<p>Taisnst\u016brveida numura z\u012bme. Tas ir izgatavots no augst\u0101k\u0101s kvalit\u0101tes materi\u0101liem un tam ir papildu laka pret skr\u0101p\u0113jumiem. Pl\u0101k\u0161\u0146u virsma bija stipri novecojusi, mainot kr\u0101su un r\u016bs\u0113jot, t\u0101p\u0113c izstr\u0101d\u0101jums bija \u013coti rustik\u0101ls. Katrs eksempl\u0101rs ir aizsarg\u0101ts ar aizsargpl\u0113vi. Pl\u0101ksn\u0113 ir smalki caurumi, kas \u013coti atvieglo produkta piestiprin\u0101\u0161anu.<\/p>\n<p>Uz izstr\u0101d\u0101juma ir nor\u0101d\u012bts HAWAII re\u0123istr\u0101cijas numurs.<\/p>\n<p>Retro panelis noder\u0113s ne tikai b\u0101ros, bet ar\u012b k\u0101 stil\u012bgs vintage interjera dizaina papildin\u0101jums. Met\u0101la plak\u0101ts ir ori\u0123in\u0101la d\u0101vin\u0101juma ideja.<\/p>\n<\/div>\n","protected":false},"excerpt":{"rendered":"<p>Modelis uz. C242 EAN. 5905369929847 Orient\u0101cija Horizont\u0101l\u0101 Istabas b\u0101rs, gar\u0101\u017ea Motivu pane\u013ci Materi\u0101ls T\u0113rauds Platums (cm ) 30 Augstums (cm<\/p>\n","protected":false},"featured_media":98584,"comment_status":"open","ping_status":"closed","template":"","meta":{"_acf_changed":false,"pmpro_default_level":""},"product_brand":[],"product_cat":[24085],"product_tag":[],"class_list":{"0":"post-135773","1":"product","2":"type-product","3":"status-publish","4":"has-post-thumbnail","6":"product_cat-metala-dekorativas-plaksnes","7":"pmpro-has-access","9":"first","10":"instock","11":"shipping-taxable","12":"purchasable","13":"product-type-simple"},"acf":[],"yoast_head":"<!-- This site is optimized with the Yoast SEO plugin v24.9 - https:\/\/yoast.com\/wordpress\/plugins\/seo\/ -->\n<title>Met\u0101la numura z\u012bme no ASV HAWAII 3 - MetalTale.com<\/title>\n<meta name=\"robots\" content=\"index, follow, max-snippet:-1, max-image-preview:large, max-video-preview:-1\" \/>\n<link rel=\"canonical\" href=\"https:\/\/metaltale.com\/lv\/produkts\/metala-numura-zime-no-asv-hawaii-3\/\" \/>\n<meta property=\"og:locale\" content=\"lv_LV\" \/>\n<meta property=\"og:type\" content=\"article\" \/>\n<meta property=\"og:title\" content=\"Met\u0101la numura z\u012bme no ASV HAWAII 3 - MetalTale.com\" \/>\n<meta property=\"og:description\" content=\"Modelis uz. C242 EAN. 5905369929847 Orient\u0101cija Horizont\u0101l\u0101 Istabas b\u0101rs, gar\u0101\u017ea Motivu pane\u013ci Materi\u0101ls T\u0113rauds Platums (cm ) 30 Augstums (cm\" \/>\n<meta property=\"og:url\" content=\"https:\/\/metaltale.com\/lv\/produkts\/metala-numura-zime-no-asv-hawaii-3\/\" \/>\n<meta property=\"og:site_name\" content=\"MetalTale.com\" \/>\n<meta name=\"twitter:card\" content=\"summary_large_image\" \/>\n<meta name=\"twitter:label1\" content=\"Est. reading time\" \/>\n\t<meta name=\"twitter:data1\" content=\"1 minute\" \/>\n<script type=\"application\/ld+json\" class=\"yoast-schema-graph\">{\"@context\":\"https:\/\/schema.org\",\"@graph\":[{\"@type\":\"WebPage\",\"@id\":\"https:\/\/metaltale.com\/lv\/produkts\/metala-numura-zime-no-asv-hawaii-3\/\",\"url\":\"https:\/\/metaltale.com\/lv\/produkts\/metala-numura-zime-no-asv-hawaii-3\/\",\"name\":\"Met\u0101la numura z\u012bme no ASV HAWAII 3 - MetalTale.com\",\"isPartOf\":{\"@id\":\"https:\/\/metaltale.com\/lv\/#website\"},\"primaryImageOfPage\":{\"@id\":\"https:\/\/metaltale.com\/lv\/produkts\/metala-numura-zime-no-asv-hawaii-3\/#primaryimage\"},\"image\":{\"@id\":\"https:\/\/metaltale.com\/lv\/produkts\/metala-numura-zime-no-asv-hawaii-3\/#primaryimage\"},\"thumbnailUrl\":\"https:\/\/metaltale.com\/wp-content\/uploads\/2023\/11\/Metalinis-valstybinis-numeris-ix161-JAV-HAWAII-3.jpg\",\"datePublished\":\"2024-02-13T13:09:42+00:00\",\"breadcrumb\":{\"@id\":\"https:\/\/metaltale.com\/lv\/produkts\/metala-numura-zime-no-asv-hawaii-3\/#breadcrumb\"},\"inLanguage\":\"lv-LV\",\"potentialAction\":[{\"@type\":\"ReadAction\",\"target\":[\"https:\/\/metaltale.com\/lv\/produkts\/metala-numura-zime-no-asv-hawaii-3\/\"]}]},{\"@type\":\"ImageObject\",\"inLanguage\":\"lv-LV\",\"@id\":\"https:\/\/metaltale.com\/lv\/produkts\/metala-numura-zime-no-asv-hawaii-3\/#primaryimage\",\"url\":\"https:\/\/metaltale.com\/wp-content\/uploads\/2023\/11\/Metalinis-valstybinis-numeris-ix161-JAV-HAWAII-3.jpg\",\"contentUrl\":\"https:\/\/metaltale.com\/wp-content\/uploads\/2023\/11\/Metalinis-valstybinis-numeris-ix161-JAV-HAWAII-3.jpg\",\"width\":800,\"height\":800},{\"@type\":\"BreadcrumbList\",\"@id\":\"https:\/\/metaltale.com\/lv\/produkts\/metala-numura-zime-no-asv-hawaii-3\/#breadcrumb\",\"itemListElement\":[{\"@type\":\"ListItem\",\"position\":1,\"name\":\"Home\",\"item\":\"https:\/\/metaltale.com\/lv\/majas\/\"},{\"@type\":\"ListItem\",\"position\":2,\"name\":\"Veikals\",\"item\":\"https:\/\/metaltale.com\/lv\/shop\/\"},{\"@type\":\"ListItem\",\"position\":3,\"name\":\"Met\u0101la numura z\u012bme no ASV HAWAII 3\"}]},{\"@type\":\"WebSite\",\"@id\":\"https:\/\/metaltale.com\/lv\/#website\",\"url\":\"https:\/\/metaltale.com\/lv\/\",\"name\":\"Metaltale.com\",\"description\":\"\",\"potentialAction\":[{\"@type\":\"SearchAction\",\"target\":{\"@type\":\"EntryPoint\",\"urlTemplate\":\"https:\/\/metaltale.com\/lv\/?s={search_term_string}\"},\"query-input\":{\"@type\":\"PropertyValueSpecification\",\"valueRequired\":true,\"valueName\":\"search_term_string\"}}],\"inLanguage\":\"lv-LV\"}]}<\/script>\n<!-- \/ Yoast SEO plugin. -->","yoast_head_json":{"title":"Met\u0101la numura z\u012bme no ASV HAWAII 3 - MetalTale.com","robots":{"index":"index","follow":"follow","max-snippet":"max-snippet:-1","max-image-preview":"max-image-preview:large","max-video-preview":"max-video-preview:-1"},"canonical":"https:\/\/metaltale.com\/lv\/produkts\/metala-numura-zime-no-asv-hawaii-3\/","og_locale":"lv_LV","og_type":"article","og_title":"Met\u0101la numura z\u012bme no ASV HAWAII 3 - MetalTale.com","og_description":"Modelis uz. C242 EAN. 5905369929847 Orient\u0101cija Horizont\u0101l\u0101 Istabas b\u0101rs, gar\u0101\u017ea Motivu pane\u013ci Materi\u0101ls T\u0113rauds Platums (cm ) 30 Augstums (cm","og_url":"https:\/\/metaltale.com\/lv\/produkts\/metala-numura-zime-no-asv-hawaii-3\/","og_site_name":"MetalTale.com","twitter_card":"summary_large_image","twitter_misc":{"Est. reading time":"1 minute"},"schema":{"@context":"https:\/\/schema.org","@graph":[{"@type":"WebPage","@id":"https:\/\/metaltale.com\/lv\/produkts\/metala-numura-zime-no-asv-hawaii-3\/","url":"https:\/\/metaltale.com\/lv\/produkts\/metala-numura-zime-no-asv-hawaii-3\/","name":"Met\u0101la numura z\u012bme no ASV HAWAII 3 - MetalTale.com","isPartOf":{"@id":"https:\/\/metaltale.com\/lv\/#website"},"primaryImageOfPage":{"@id":"https:\/\/metaltale.com\/lv\/produkts\/metala-numura-zime-no-asv-hawaii-3\/#primaryimage"},"image":{"@id":"https:\/\/metaltale.com\/lv\/produkts\/metala-numura-zime-no-asv-hawaii-3\/#primaryimage"},"thumbnailUrl":"https:\/\/metaltale.com\/wp-content\/uploads\/2023\/11\/Metalinis-valstybinis-numeris-ix161-JAV-HAWAII-3.jpg","datePublished":"2024-02-13T13:09:42+00:00","breadcrumb":{"@id":"https:\/\/metaltale.com\/lv\/produkts\/metala-numura-zime-no-asv-hawaii-3\/#breadcrumb"},"inLanguage":"lv-LV","potentialAction":[{"@type":"ReadAction","target":["https:\/\/metaltale.com\/lv\/produkts\/metala-numura-zime-no-asv-hawaii-3\/"]}]},{"@type":"ImageObject","inLanguage":"lv-LV","@id":"https:\/\/metaltale.com\/lv\/produkts\/metala-numura-zime-no-asv-hawaii-3\/#primaryimage","url":"https:\/\/metaltale.com\/wp-content\/uploads\/2023\/11\/Metalinis-valstybinis-numeris-ix161-JAV-HAWAII-3.jpg","contentUrl":"https:\/\/metaltale.com\/wp-content\/uploads\/2023\/11\/Metalinis-valstybinis-numeris-ix161-JAV-HAWAII-3.jpg","width":800,"height":800},{"@type":"BreadcrumbList","@id":"https:\/\/metaltale.com\/lv\/produkts\/metala-numura-zime-no-asv-hawaii-3\/#breadcrumb","itemListElement":[{"@type":"ListItem","position":1,"name":"Home","item":"https:\/\/metaltale.com\/lv\/majas\/"},{"@type":"ListItem","position":2,"name":"Veikals","item":"https:\/\/metaltale.com\/lv\/shop\/"},{"@type":"ListItem","position":3,"name":"Met\u0101la numura z\u012bme no ASV HAWAII 3"}]},{"@type":"WebSite","@id":"https:\/\/metaltale.com\/lv\/#website","url":"https:\/\/metaltale.com\/lv\/","name":"Metaltale.com","description":"","potentialAction":[{"@type":"SearchAction","target":{"@type":"EntryPoint","urlTemplate":"https:\/\/metaltale.com\/lv\/?s={search_term_string}"},"query-input":{"@type":"PropertyValueSpecification","valueRequired":true,"valueName":"search_term_string"}}],"inLanguage":"lv-LV"}]}},"_links":{"self":[{"href":"https:\/\/metaltale.com\/lv\/wp-json\/wp\/v2\/product\/135773","targetHints":{"allow":["GET"]}}],"collection":[{"href":"https:\/\/metaltale.com\/lv\/wp-json\/wp\/v2\/product"}],"about":[{"href":"https:\/\/metaltale.com\/lv\/wp-json\/wp\/v2\/types\/product"}],"replies":[{"embeddable":true,"href":"https:\/\/metaltale.com\/lv\/wp-json\/wp\/v2\/comments?post=135773"}],"version-history":[{"count":0,"href":"https:\/\/metaltale.com\/lv\/wp-json\/wp\/v2\/product\/135773\/revisions"}],"wp:featuredmedia":[{"embeddable":true,"href":"https:\/\/metaltale.com\/lv\/wp-json\/wp\/v2\/media\/98584"}],"wp:attachment":[{"href":"https:\/\/metaltale.com\/lv\/wp-json\/wp\/v2\/media?parent=135773"}],"wp:term":[{"taxonomy":"product_brand","embeddable":true,"href":"https:\/\/metaltale.com\/lv\/wp-json\/wp\/v2\/product_brand?post=135773"},{"taxonomy":"product_cat","embeddable":true,"href":"https:\/\/metaltale.com\/lv\/wp-json\/wp\/v2\/product_cat?post=135773"},{"taxonomy":"product_tag","embeddable":true,"href":"https:\/\/metaltale.com\/lv\/wp-json\/wp\/v2\/product_tag?post=135773"}],"curies":[{"name":"wp","href":"https:\/\/api.w.org\/{rel}","templated":true}]}}