{"id":135682,"date":"2023-12-11T01:38:02","date_gmt":"2023-12-10T23:38:02","guid":{"rendered":"https:\/\/metaltale.com\/produktas\/metala-dvielu-turetajs-forged-heart\/"},"modified":"2023-12-11T01:38:02","modified_gmt":"2023-12-10T23:38:02","slug":"metala-dvielu-turetajs-forged-heart","status":"publish","type":"product","link":"https:\/\/metaltale.com\/lv\/produkts\/metala-dvielu-turetajs-forged-heart\/","title":{"rendered":"Met\u0101la dvie\u013cu tur\u0113t\u0101js FORGED HEART"},"content":{"rendered":"<div class=\"prod_data\">\n<p><strong>Modelis<\/strong> CH.54707<br \/>\n<strong>Materi\u0101ls<\/strong> T\u0113rauds<br \/>\n<strong>Kop\u0113jais augstums (cm<\/strong> ) 12<br \/>\n<strong>Kop\u0113jais diametrs (cm<\/strong> ) 16<br \/>\n<strong>Kop\u0113j\u0101 projekcija (cm<\/strong> ) 16<br \/>\n<strong>Att\u0101lums starp<\/strong> caurumiem (<strong>cm<\/strong> ) 2,5<br \/>\nMont\u0101\u017eas skr\u016bves J\u0101<br \/>\nT\u0113rauda <strong>kr\u0101sa<\/strong><br \/>\n<strong>Apdare<\/strong> Lakots<\/p>\n<p>balstiek\u0101rta ir izgatavota no t\u0113rauda, t\u0101p\u0113c t\u0101 kalpos ilgu laiku.<\/p>\n<p>ori\u0123in\u0101ls lauku dizains<\/p>\n<p>ir iek\u013cauts skr\u016bvju komplekts \u0101trai uzst\u0101d\u012b\u0161anai.<\/p>\n<hr>\n<p>Sienas dvie\u013cu tur\u0113t\u0101js ir stil\u012bgs papildin\u0101jums jebkurai retro vai lauku stila vannas istabai. Tas ir izgatavots no t\u0113rauda, kas garant\u0113 ilgu kalpo\u0161anas laiku. Lai pakarin\u0101tu dvieli, vienk\u0101r\u0161i uzlieciet to uz gredzena, kas ir piestiprin\u0101ts pie tur\u0113t\u0101ja. \u0160is praktiskais dizains nodro\u0161ina vieglu un \u0113rtu pakaram\u0101 lieto\u0161anu, \u013caujot dvieli uzglab\u0101t pieejam\u0101 un est\u0113tiski pievilc\u012bg\u0101 viet\u0101. Dekorat\u012bv\u0101 sirds un neapstr\u0101d\u0101t\u0101 t\u0113rauda kr\u0101sa izce\u013c izstr\u0101d\u0101juma rustik\u0101lo raksturu.<\/p>\n<\/div>\n","protected":false},"excerpt":{"rendered":"<p>Modelis CH.54707 Materi\u0101ls T\u0113rauds Kop\u0113jais augstums (cm ) 12 Kop\u0113jais diametrs (cm ) 16 Kop\u0113j\u0101 projekcija (cm ) 16 Att\u0101lums<\/p>\n","protected":false},"featured_media":117158,"comment_status":"open","ping_status":"closed","template":"","meta":{"_acf_changed":false,"pmpro_default_level":""},"product_brand":[],"product_cat":[23837,23872],"product_tag":[],"class_list":{"0":"post-135682","1":"product","2":"type-product","3":"status-publish","4":"has-post-thumbnail","6":"product_cat-mebeles-piederumi","7":"product_cat-ranksluosciu-kabyklos-lv","8":"pmpro-has-access","10":"first","11":"instock","12":"shipping-taxable","13":"purchasable","14":"product-type-simple"},"acf":[],"yoast_head":"<!-- This site is optimized with the Yoast SEO plugin v24.9 - https:\/\/yoast.com\/wordpress\/plugins\/seo\/ -->\n<title>Met\u0101la dvie\u013cu tur\u0113t\u0101js FORGED HEART - MetalTale.com<\/title>\n<meta name=\"robots\" content=\"index, follow, max-snippet:-1, max-image-preview:large, max-video-preview:-1\" \/>\n<link rel=\"canonical\" href=\"https:\/\/metaltale.com\/lv\/produkts\/metala-dvielu-turetajs-forged-heart\/\" \/>\n<meta property=\"og:locale\" content=\"lv_LV\" \/>\n<meta property=\"og:type\" content=\"article\" \/>\n<meta property=\"og:title\" content=\"Met\u0101la dvie\u013cu tur\u0113t\u0101js FORGED HEART - MetalTale.com\" \/>\n<meta property=\"og:description\" content=\"Modelis CH.54707 Materi\u0101ls T\u0113rauds Kop\u0113jais augstums (cm ) 12 Kop\u0113jais diametrs (cm ) 16 Kop\u0113j\u0101 projekcija (cm ) 16 Att\u0101lums\" \/>\n<meta property=\"og:url\" content=\"https:\/\/metaltale.com\/lv\/produkts\/metala-dvielu-turetajs-forged-heart\/\" \/>\n<meta property=\"og:site_name\" content=\"MetalTale.com\" \/>\n<meta property=\"og:image\" content=\"https:\/\/metaltale.com\/wp-content\/uploads\/2023\/12\/Metalinis-rankx161luosx10Dix173-laikiklis-su-kalta-x161irdimi.jpg\" \/>\n\t<meta property=\"og:image:width\" content=\"800\" \/>\n\t<meta property=\"og:image:height\" content=\"800\" \/>\n\t<meta property=\"og:image:type\" content=\"image\/jpeg\" \/>\n<meta name=\"twitter:card\" content=\"summary_large_image\" \/>\n<meta name=\"twitter:label1\" content=\"Est. reading time\" \/>\n\t<meta name=\"twitter:data1\" content=\"1 minute\" \/>\n<script type=\"application\/ld+json\" class=\"yoast-schema-graph\">{\"@context\":\"https:\/\/schema.org\",\"@graph\":[{\"@type\":\"WebPage\",\"@id\":\"https:\/\/metaltale.com\/lv\/produkts\/metala-dvielu-turetajs-forged-heart\/\",\"url\":\"https:\/\/metaltale.com\/lv\/produkts\/metala-dvielu-turetajs-forged-heart\/\",\"name\":\"Met\u0101la dvie\u013cu tur\u0113t\u0101js FORGED HEART - MetalTale.com\",\"isPartOf\":{\"@id\":\"https:\/\/metaltale.com\/lv\/#website\"},\"primaryImageOfPage\":{\"@id\":\"https:\/\/metaltale.com\/lv\/produkts\/metala-dvielu-turetajs-forged-heart\/#primaryimage\"},\"image\":{\"@id\":\"https:\/\/metaltale.com\/lv\/produkts\/metala-dvielu-turetajs-forged-heart\/#primaryimage\"},\"thumbnailUrl\":\"https:\/\/metaltale.com\/wp-content\/uploads\/2023\/12\/Metalinis-rankx161luosx10Dix173-laikiklis-su-kalta-x161irdimi.jpg\",\"datePublished\":\"2023-12-10T23:38:02+00:00\",\"breadcrumb\":{\"@id\":\"https:\/\/metaltale.com\/lv\/produkts\/metala-dvielu-turetajs-forged-heart\/#breadcrumb\"},\"inLanguage\":\"lv-LV\",\"potentialAction\":[{\"@type\":\"ReadAction\",\"target\":[\"https:\/\/metaltale.com\/lv\/produkts\/metala-dvielu-turetajs-forged-heart\/\"]}]},{\"@type\":\"ImageObject\",\"inLanguage\":\"lv-LV\",\"@id\":\"https:\/\/metaltale.com\/lv\/produkts\/metala-dvielu-turetajs-forged-heart\/#primaryimage\",\"url\":\"https:\/\/metaltale.com\/wp-content\/uploads\/2023\/12\/Metalinis-rankx161luosx10Dix173-laikiklis-su-kalta-x161irdimi.jpg\",\"contentUrl\":\"https:\/\/metaltale.com\/wp-content\/uploads\/2023\/12\/Metalinis-rankx161luosx10Dix173-laikiklis-su-kalta-x161irdimi.jpg\",\"width\":800,\"height\":800,\"caption\":\"Met\u0101la dvie\u013cu tur\u0113t\u0101js FORGED HEART\"},{\"@type\":\"BreadcrumbList\",\"@id\":\"https:\/\/metaltale.com\/lv\/produkts\/metala-dvielu-turetajs-forged-heart\/#breadcrumb\",\"itemListElement\":[{\"@type\":\"ListItem\",\"position\":1,\"name\":\"Home\",\"item\":\"https:\/\/metaltale.com\/lv\/majas\/\"},{\"@type\":\"ListItem\",\"position\":2,\"name\":\"Veikals\",\"item\":\"https:\/\/metaltale.com\/lv\/shop\/\"},{\"@type\":\"ListItem\",\"position\":3,\"name\":\"Met\u0101la dvie\u013cu tur\u0113t\u0101js FORGED HEART\"}]},{\"@type\":\"WebSite\",\"@id\":\"https:\/\/metaltale.com\/lv\/#website\",\"url\":\"https:\/\/metaltale.com\/lv\/\",\"name\":\"Metaltale.com\",\"description\":\"\",\"potentialAction\":[{\"@type\":\"SearchAction\",\"target\":{\"@type\":\"EntryPoint\",\"urlTemplate\":\"https:\/\/metaltale.com\/lv\/?s={search_term_string}\"},\"query-input\":{\"@type\":\"PropertyValueSpecification\",\"valueRequired\":true,\"valueName\":\"search_term_string\"}}],\"inLanguage\":\"lv-LV\"}]}<\/script>\n<!-- \/ Yoast SEO plugin. -->","yoast_head_json":{"title":"Met\u0101la dvie\u013cu tur\u0113t\u0101js FORGED HEART - MetalTale.com","robots":{"index":"index","follow":"follow","max-snippet":"max-snippet:-1","max-image-preview":"max-image-preview:large","max-video-preview":"max-video-preview:-1"},"canonical":"https:\/\/metaltale.com\/lv\/produkts\/metala-dvielu-turetajs-forged-heart\/","og_locale":"lv_LV","og_type":"article","og_title":"Met\u0101la dvie\u013cu tur\u0113t\u0101js FORGED HEART - MetalTale.com","og_description":"Modelis CH.54707 Materi\u0101ls T\u0113rauds Kop\u0113jais augstums (cm ) 12 Kop\u0113jais diametrs (cm ) 16 Kop\u0113j\u0101 projekcija (cm ) 16 Att\u0101lums","og_url":"https:\/\/metaltale.com\/lv\/produkts\/metala-dvielu-turetajs-forged-heart\/","og_site_name":"MetalTale.com","og_image":[{"width":800,"height":800,"url":"https:\/\/metaltale.com\/wp-content\/uploads\/2023\/12\/Metalinis-rankx161luosx10Dix173-laikiklis-su-kalta-x161irdimi.jpg","type":"image\/jpeg"}],"twitter_card":"summary_large_image","twitter_misc":{"Est. reading time":"1 minute"},"schema":{"@context":"https:\/\/schema.org","@graph":[{"@type":"WebPage","@id":"https:\/\/metaltale.com\/lv\/produkts\/metala-dvielu-turetajs-forged-heart\/","url":"https:\/\/metaltale.com\/lv\/produkts\/metala-dvielu-turetajs-forged-heart\/","name":"Met\u0101la dvie\u013cu tur\u0113t\u0101js FORGED HEART - MetalTale.com","isPartOf":{"@id":"https:\/\/metaltale.com\/lv\/#website"},"primaryImageOfPage":{"@id":"https:\/\/metaltale.com\/lv\/produkts\/metala-dvielu-turetajs-forged-heart\/#primaryimage"},"image":{"@id":"https:\/\/metaltale.com\/lv\/produkts\/metala-dvielu-turetajs-forged-heart\/#primaryimage"},"thumbnailUrl":"https:\/\/metaltale.com\/wp-content\/uploads\/2023\/12\/Metalinis-rankx161luosx10Dix173-laikiklis-su-kalta-x161irdimi.jpg","datePublished":"2023-12-10T23:38:02+00:00","breadcrumb":{"@id":"https:\/\/metaltale.com\/lv\/produkts\/metala-dvielu-turetajs-forged-heart\/#breadcrumb"},"inLanguage":"lv-LV","potentialAction":[{"@type":"ReadAction","target":["https:\/\/metaltale.com\/lv\/produkts\/metala-dvielu-turetajs-forged-heart\/"]}]},{"@type":"ImageObject","inLanguage":"lv-LV","@id":"https:\/\/metaltale.com\/lv\/produkts\/metala-dvielu-turetajs-forged-heart\/#primaryimage","url":"https:\/\/metaltale.com\/wp-content\/uploads\/2023\/12\/Metalinis-rankx161luosx10Dix173-laikiklis-su-kalta-x161irdimi.jpg","contentUrl":"https:\/\/metaltale.com\/wp-content\/uploads\/2023\/12\/Metalinis-rankx161luosx10Dix173-laikiklis-su-kalta-x161irdimi.jpg","width":800,"height":800,"caption":"Met\u0101la dvie\u013cu tur\u0113t\u0101js FORGED HEART"},{"@type":"BreadcrumbList","@id":"https:\/\/metaltale.com\/lv\/produkts\/metala-dvielu-turetajs-forged-heart\/#breadcrumb","itemListElement":[{"@type":"ListItem","position":1,"name":"Home","item":"https:\/\/metaltale.com\/lv\/majas\/"},{"@type":"ListItem","position":2,"name":"Veikals","item":"https:\/\/metaltale.com\/lv\/shop\/"},{"@type":"ListItem","position":3,"name":"Met\u0101la dvie\u013cu tur\u0113t\u0101js FORGED HEART"}]},{"@type":"WebSite","@id":"https:\/\/metaltale.com\/lv\/#website","url":"https:\/\/metaltale.com\/lv\/","name":"Metaltale.com","description":"","potentialAction":[{"@type":"SearchAction","target":{"@type":"EntryPoint","urlTemplate":"https:\/\/metaltale.com\/lv\/?s={search_term_string}"},"query-input":{"@type":"PropertyValueSpecification","valueRequired":true,"valueName":"search_term_string"}}],"inLanguage":"lv-LV"}]}},"_links":{"self":[{"href":"https:\/\/metaltale.com\/lv\/wp-json\/wp\/v2\/product\/135682","targetHints":{"allow":["GET"]}}],"collection":[{"href":"https:\/\/metaltale.com\/lv\/wp-json\/wp\/v2\/product"}],"about":[{"href":"https:\/\/metaltale.com\/lv\/wp-json\/wp\/v2\/types\/product"}],"replies":[{"embeddable":true,"href":"https:\/\/metaltale.com\/lv\/wp-json\/wp\/v2\/comments?post=135682"}],"version-history":[{"count":0,"href":"https:\/\/metaltale.com\/lv\/wp-json\/wp\/v2\/product\/135682\/revisions"}],"wp:featuredmedia":[{"embeddable":true,"href":"https:\/\/metaltale.com\/lv\/wp-json\/wp\/v2\/media\/117158"}],"wp:attachment":[{"href":"https:\/\/metaltale.com\/lv\/wp-json\/wp\/v2\/media?parent=135682"}],"wp:term":[{"taxonomy":"product_brand","embeddable":true,"href":"https:\/\/metaltale.com\/lv\/wp-json\/wp\/v2\/product_brand?post=135682"},{"taxonomy":"product_cat","embeddable":true,"href":"https:\/\/metaltale.com\/lv\/wp-json\/wp\/v2\/product_cat?post=135682"},{"taxonomy":"product_tag","embeddable":true,"href":"https:\/\/metaltale.com\/lv\/wp-json\/wp\/v2\/product_tag?post=135682"}],"curies":[{"name":"wp","href":"https:\/\/api.w.org\/{rel}","templated":true}]}}