{"id":135677,"date":"2024-02-13T14:39:55","date_gmt":"2024-02-13T12:39:55","guid":{"rendered":"https:\/\/metaltale.com\/produktas\/metala-pastavigais-svecturis-lily\/"},"modified":"2024-02-13T14:39:55","modified_gmt":"2024-02-13T12:39:55","slug":"metala-pastavigais-svecturis-lily","status":"publish","type":"product","link":"https:\/\/metaltale.com\/lv\/produkts\/metala-pastavigais-svecturis-lily\/","title":{"rendered":"Met\u0101la past\u0101v\u012bgais sve\u010dturis LILY"},"content":{"rendered":"<div class=\"prod_data\"><strong>Modelis<\/strong> AF.794.85-PRGR  <br \/><strong>Materi\u0101ls<\/strong> Met\u0101ls  <br \/><strong>Kop\u0113jais augstums (cm<\/strong> ) 15, 25  <br \/><strong>Kop\u0113jais diametrs (cm<\/strong> ) 9, 10  <br \/><strong>Kr\u0101sa<\/strong> Melna  <\/p>\n<p>&#8211; ar rok\u0101m darin\u0101ts sve\u010dturis<br \/>&#8211; meln\u0101 dzelzs izstr\u0101d\u0101jumi<br \/>&#8211; sveces tur\u0113t\u0101jam izv\u0113lieties sveci, kuras diametrs ir 2,2 cm.<\/p>\n<hr>\n<p>Vien\u012bgais kaltais sve\u010dturis ir ori\u0123in\u0101ls interjera aksesu\u0101rs, kas lieliski izskat\u012bsies retro viesistab\u0101s un lauku \u0113damistab\u0101s. Melnais augstais sve\u010dturis ar redzam\u0101m \u0101mura z\u012bm\u0113m izce\u013cas ar savu vienk\u0101r\u0161\u012bbu, kas \u013cauj izmantot vair\u0101kus eksempl\u0101rus, lai izveidotu unik\u0101lu kompoz\u012bciju. Sveces LELIJA sve\u010dtur\u012b pie\u0161\u0137irs svin\u012bbu atmosf\u0113ru retro stil\u0101.  <\/p>\n<\/div>\n","protected":false},"excerpt":{"rendered":"<p>Modelis AF.794.85-PRGR Materi\u0101ls Met\u0101ls Kop\u0113jais augstums (cm ) 15, 25 Kop\u0113jais diametrs (cm ) 9, 10 Kr\u0101sa Melna &#8211; ar<\/p>\n","protected":false},"featured_media":89097,"comment_status":"open","ping_status":"closed","template":"","meta":{"_acf_changed":false,"pmpro_default_level":""},"product_brand":[],"product_cat":[24105],"product_tag":[],"class_list":{"0":"post-135677","1":"product","2":"type-product","3":"status-publish","4":"has-post-thumbnail","6":"product_cat-uzcelamie-svecturi","7":"pmpro-has-access","9":"first","10":"instock","11":"shipping-taxable","12":"purchasable","13":"product-type-simple"},"acf":[],"yoast_head":"<!-- This site is optimized with the Yoast SEO plugin v24.9 - https:\/\/yoast.com\/wordpress\/plugins\/seo\/ -->\n<title>Met\u0101la past\u0101v\u012bgais sve\u010dturis LILY - MetalTale.com<\/title>\n<meta name=\"robots\" content=\"index, follow, max-snippet:-1, max-image-preview:large, max-video-preview:-1\" \/>\n<link rel=\"canonical\" href=\"https:\/\/metaltale.com\/lv\/produkts\/metala-pastavigais-svecturis-lily\/\" \/>\n<meta property=\"og:locale\" content=\"lv_LV\" \/>\n<meta property=\"og:type\" content=\"article\" \/>\n<meta property=\"og:title\" content=\"Met\u0101la past\u0101v\u012bgais sve\u010dturis LILY - MetalTale.com\" \/>\n<meta property=\"og:description\" content=\"Modelis AF.794.85-PRGR Materi\u0101ls Met\u0101ls Kop\u0113jais augstums (cm ) 15, 25 Kop\u0113jais diametrs (cm ) 9, 10 Kr\u0101sa Melna &#8211; ar\" \/>\n<meta property=\"og:url\" content=\"https:\/\/metaltale.com\/lv\/produkts\/metala-pastavigais-svecturis-lily\/\" \/>\n<meta property=\"og:site_name\" content=\"MetalTale.com\" \/>\n<meta name=\"twitter:card\" content=\"summary_large_image\" \/>\n<meta name=\"twitter:label1\" content=\"Est. reading time\" \/>\n\t<meta name=\"twitter:data1\" content=\"1 minute\" \/>\n<script type=\"application\/ld+json\" class=\"yoast-schema-graph\">{\"@context\":\"https:\/\/schema.org\",\"@graph\":[{\"@type\":\"WebPage\",\"@id\":\"https:\/\/metaltale.com\/lv\/produkts\/metala-pastavigais-svecturis-lily\/\",\"url\":\"https:\/\/metaltale.com\/lv\/produkts\/metala-pastavigais-svecturis-lily\/\",\"name\":\"Met\u0101la past\u0101v\u012bgais sve\u010dturis LILY - MetalTale.com\",\"isPartOf\":{\"@id\":\"https:\/\/metaltale.com\/lv\/#website\"},\"primaryImageOfPage\":{\"@id\":\"https:\/\/metaltale.com\/lv\/produkts\/metala-pastavigais-svecturis-lily\/#primaryimage\"},\"image\":{\"@id\":\"https:\/\/metaltale.com\/lv\/produkts\/metala-pastavigais-svecturis-lily\/#primaryimage\"},\"thumbnailUrl\":\"https:\/\/metaltale.com\/wp-content\/uploads\/2023\/10\/x17Dvakidx117-LILY-15cm.jpg\",\"datePublished\":\"2024-02-13T12:39:55+00:00\",\"breadcrumb\":{\"@id\":\"https:\/\/metaltale.com\/lv\/produkts\/metala-pastavigais-svecturis-lily\/#breadcrumb\"},\"inLanguage\":\"lv-LV\",\"potentialAction\":[{\"@type\":\"ReadAction\",\"target\":[\"https:\/\/metaltale.com\/lv\/produkts\/metala-pastavigais-svecturis-lily\/\"]}]},{\"@type\":\"ImageObject\",\"inLanguage\":\"lv-LV\",\"@id\":\"https:\/\/metaltale.com\/lv\/produkts\/metala-pastavigais-svecturis-lily\/#primaryimage\",\"url\":\"https:\/\/metaltale.com\/wp-content\/uploads\/2023\/10\/x17Dvakidx117-LILY-15cm.jpg\",\"contentUrl\":\"https:\/\/metaltale.com\/wp-content\/uploads\/2023\/10\/x17Dvakidx117-LILY-15cm.jpg\",\"width\":800,\"height\":800},{\"@type\":\"BreadcrumbList\",\"@id\":\"https:\/\/metaltale.com\/lv\/produkts\/metala-pastavigais-svecturis-lily\/#breadcrumb\",\"itemListElement\":[{\"@type\":\"ListItem\",\"position\":1,\"name\":\"Home\",\"item\":\"https:\/\/metaltale.com\/lv\/majas\/\"},{\"@type\":\"ListItem\",\"position\":2,\"name\":\"Veikals\",\"item\":\"https:\/\/metaltale.com\/lv\/shop\/\"},{\"@type\":\"ListItem\",\"position\":3,\"name\":\"Met\u0101la past\u0101v\u012bgais sve\u010dturis LILY\"}]},{\"@type\":\"WebSite\",\"@id\":\"https:\/\/metaltale.com\/lv\/#website\",\"url\":\"https:\/\/metaltale.com\/lv\/\",\"name\":\"Metaltale.com\",\"description\":\"\",\"potentialAction\":[{\"@type\":\"SearchAction\",\"target\":{\"@type\":\"EntryPoint\",\"urlTemplate\":\"https:\/\/metaltale.com\/lv\/?s={search_term_string}\"},\"query-input\":{\"@type\":\"PropertyValueSpecification\",\"valueRequired\":true,\"valueName\":\"search_term_string\"}}],\"inLanguage\":\"lv-LV\"}]}<\/script>\n<!-- \/ Yoast SEO plugin. -->","yoast_head_json":{"title":"Met\u0101la past\u0101v\u012bgais sve\u010dturis LILY - MetalTale.com","robots":{"index":"index","follow":"follow","max-snippet":"max-snippet:-1","max-image-preview":"max-image-preview:large","max-video-preview":"max-video-preview:-1"},"canonical":"https:\/\/metaltale.com\/lv\/produkts\/metala-pastavigais-svecturis-lily\/","og_locale":"lv_LV","og_type":"article","og_title":"Met\u0101la past\u0101v\u012bgais sve\u010dturis LILY - MetalTale.com","og_description":"Modelis AF.794.85-PRGR Materi\u0101ls Met\u0101ls Kop\u0113jais augstums (cm ) 15, 25 Kop\u0113jais diametrs (cm ) 9, 10 Kr\u0101sa Melna &#8211; ar","og_url":"https:\/\/metaltale.com\/lv\/produkts\/metala-pastavigais-svecturis-lily\/","og_site_name":"MetalTale.com","twitter_card":"summary_large_image","twitter_misc":{"Est. reading time":"1 minute"},"schema":{"@context":"https:\/\/schema.org","@graph":[{"@type":"WebPage","@id":"https:\/\/metaltale.com\/lv\/produkts\/metala-pastavigais-svecturis-lily\/","url":"https:\/\/metaltale.com\/lv\/produkts\/metala-pastavigais-svecturis-lily\/","name":"Met\u0101la past\u0101v\u012bgais sve\u010dturis LILY - MetalTale.com","isPartOf":{"@id":"https:\/\/metaltale.com\/lv\/#website"},"primaryImageOfPage":{"@id":"https:\/\/metaltale.com\/lv\/produkts\/metala-pastavigais-svecturis-lily\/#primaryimage"},"image":{"@id":"https:\/\/metaltale.com\/lv\/produkts\/metala-pastavigais-svecturis-lily\/#primaryimage"},"thumbnailUrl":"https:\/\/metaltale.com\/wp-content\/uploads\/2023\/10\/x17Dvakidx117-LILY-15cm.jpg","datePublished":"2024-02-13T12:39:55+00:00","breadcrumb":{"@id":"https:\/\/metaltale.com\/lv\/produkts\/metala-pastavigais-svecturis-lily\/#breadcrumb"},"inLanguage":"lv-LV","potentialAction":[{"@type":"ReadAction","target":["https:\/\/metaltale.com\/lv\/produkts\/metala-pastavigais-svecturis-lily\/"]}]},{"@type":"ImageObject","inLanguage":"lv-LV","@id":"https:\/\/metaltale.com\/lv\/produkts\/metala-pastavigais-svecturis-lily\/#primaryimage","url":"https:\/\/metaltale.com\/wp-content\/uploads\/2023\/10\/x17Dvakidx117-LILY-15cm.jpg","contentUrl":"https:\/\/metaltale.com\/wp-content\/uploads\/2023\/10\/x17Dvakidx117-LILY-15cm.jpg","width":800,"height":800},{"@type":"BreadcrumbList","@id":"https:\/\/metaltale.com\/lv\/produkts\/metala-pastavigais-svecturis-lily\/#breadcrumb","itemListElement":[{"@type":"ListItem","position":1,"name":"Home","item":"https:\/\/metaltale.com\/lv\/majas\/"},{"@type":"ListItem","position":2,"name":"Veikals","item":"https:\/\/metaltale.com\/lv\/shop\/"},{"@type":"ListItem","position":3,"name":"Met\u0101la past\u0101v\u012bgais sve\u010dturis LILY"}]},{"@type":"WebSite","@id":"https:\/\/metaltale.com\/lv\/#website","url":"https:\/\/metaltale.com\/lv\/","name":"Metaltale.com","description":"","potentialAction":[{"@type":"SearchAction","target":{"@type":"EntryPoint","urlTemplate":"https:\/\/metaltale.com\/lv\/?s={search_term_string}"},"query-input":{"@type":"PropertyValueSpecification","valueRequired":true,"valueName":"search_term_string"}}],"inLanguage":"lv-LV"}]}},"_links":{"self":[{"href":"https:\/\/metaltale.com\/lv\/wp-json\/wp\/v2\/product\/135677","targetHints":{"allow":["GET"]}}],"collection":[{"href":"https:\/\/metaltale.com\/lv\/wp-json\/wp\/v2\/product"}],"about":[{"href":"https:\/\/metaltale.com\/lv\/wp-json\/wp\/v2\/types\/product"}],"replies":[{"embeddable":true,"href":"https:\/\/metaltale.com\/lv\/wp-json\/wp\/v2\/comments?post=135677"}],"version-history":[{"count":0,"href":"https:\/\/metaltale.com\/lv\/wp-json\/wp\/v2\/product\/135677\/revisions"}],"wp:featuredmedia":[{"embeddable":true,"href":"https:\/\/metaltale.com\/lv\/wp-json\/wp\/v2\/media\/89097"}],"wp:attachment":[{"href":"https:\/\/metaltale.com\/lv\/wp-json\/wp\/v2\/media?parent=135677"}],"wp:term":[{"taxonomy":"product_brand","embeddable":true,"href":"https:\/\/metaltale.com\/lv\/wp-json\/wp\/v2\/product_brand?post=135677"},{"taxonomy":"product_cat","embeddable":true,"href":"https:\/\/metaltale.com\/lv\/wp-json\/wp\/v2\/product_cat?post=135677"},{"taxonomy":"product_tag","embeddable":true,"href":"https:\/\/metaltale.com\/lv\/wp-json\/wp\/v2\/product_tag?post=135677"}],"curies":[{"name":"wp","href":"https:\/\/api.w.org\/{rel}","templated":true}]}}