{"id":135674,"date":"2024-02-13T15:01:05","date_gmt":"2024-02-13T13:01:05","guid":{"rendered":"https:\/\/metaltale.com\/produktas\/metala-3d-glezna-loft-machine-100x75-cm\/"},"modified":"2024-02-13T15:01:05","modified_gmt":"2024-02-13T13:01:05","slug":"metala-3d-glezna-loft-machine-100x75-cm","status":"publish","type":"product","link":"https:\/\/metaltale.com\/lv\/produkts\/metala-3d-glezna-loft-machine-100x75-cm\/","title":{"rendered":"Met\u0101la 3D glezna LOFT MACHINE 100&#215;75 cm"},"content":{"rendered":"<div class=\"prod_data\">\n<p><strong>Modelis<\/strong> PT. L22133<br \/>\n<strong>EAN.<\/strong>  5907772074718<br \/>\n<strong>Platums (cm)<\/strong> 100<br \/>\n<strong>Augstums (cm<\/strong> ) 75<br \/>\n<strong>Biezums (cm<\/strong> ) 4,5<br \/>\n<strong>Materi\u0101ls<\/strong> T\u0113rauds<br \/>\n<strong>Formas<\/strong> Taisnst\u016bra <strong>formas<\/strong><br \/>\nOrient\u0101cija Horizont\u0101l\u0101<br \/>\n<strong>Motivs<\/strong> J\u016bras ku\u0123niec\u012bba<\/p>\n<p>&#8211; met\u0101la 3D att\u0113ls no p\u0101rstr\u0101d\u0101ta t\u0113rauda<br \/>\n&#8211; \u012astas p\u0101rkares satrieco\u0161am tr\u012bsdimensiju efektam<br \/>\n&#8211; kr\u0101sas, ko rada kr\u0101sa vai dabiska kr\u0101sas mai\u0146a un korozija.<br \/>\n&#8211; impregn\u0113\u0161ana ar caursp\u012bd\u012bgu laku garant\u0113 kr\u0101sas notur\u012bbu un iztur\u012bbu pret skr\u0101p\u0113jumiem.<br \/>\n&#8211; glezn\u0101 att\u0113lots v\u012brietis ar lietussargu liet\u016b.<\/p>\n<hr>\n<p>Tr\u012bsdimensiju dekoru izmanto\u0161ana interjera dizain\u0101 p\u0113d\u0113j\u0101 laik\u0101 k\u013c\u016bst arvien popul\u0101r\u0101ka. P\u0101rstr\u0101d\u0101t\u0101 t\u0113rauda dizains pie\u0161\u0137ir apdarei ori\u0123in\u0101lu raksturu. Kr\u0101su izmanto\u0161ana padara att\u0113lu ide\u0101li piem\u0113rotu b\u0113ni\u0146u stilam. Uzman\u012bba tiek piev\u0113rsta ar\u012b laikrakstu izgriezumu fonam. Turkl\u0101t noveco\u0161an\u0101s efektu pastiprin\u0101ja redzam\u0101s skr\u0101p\u0113jumu un &#8220;nokritu\u0161\u0101s&#8221; kr\u0101sas p\u0113das. Katrs eksempl\u0101rs ir izgatavots ar rok\u0101m, t\u0101p\u0113c tas ir unik\u0101ls. Tas viss padara tr\u012bsdimensiju sienas rot\u0101jumus par maziem m\u0101kslas darbiem, kas lieliski noder ar\u012b k\u0101 d\u0101vanas. Apdares uzst\u0101d\u012b\u0161ana ir iesp\u0113jama, pateicoties komplekt\u0101 iek\u013cautajiem stiprin\u0101juma kron\u0161teiniem.<\/p>\n<\/div>\n","protected":false},"excerpt":{"rendered":"<p>Modelis PT. L22133 EAN. 5907772074718 Platums (cm) 100 Augstums (cm ) 75 Biezums (cm ) 4,5 Materi\u0101ls T\u0113rauds Formas Taisnst\u016bra<\/p>\n","protected":false},"featured_media":103042,"comment_status":"open","ping_status":"closed","template":"","meta":{"_acf_changed":false,"pmpro_default_level":""},"product_brand":[],"product_cat":[24055,23908],"product_tag":[],"class_list":{"0":"post-135674","1":"product","2":"type-product","3":"status-publish","4":"has-post-thumbnail","6":"product_cat-rotajumi","7":"product_cat-3d-paveikslai-lv","8":"pmpro-has-access","10":"first","11":"instock","12":"shipping-taxable","13":"purchasable","14":"product-type-simple"},"acf":[],"yoast_head":"<!-- This site is optimized with the Yoast SEO plugin v24.9 - https:\/\/yoast.com\/wordpress\/plugins\/seo\/ -->\n<title>Met\u0101la 3D glezna LOFT MACHINE 100x75 cm - MetalTale.com<\/title>\n<meta name=\"robots\" content=\"index, follow, max-snippet:-1, max-image-preview:large, max-video-preview:-1\" \/>\n<link rel=\"canonical\" href=\"https:\/\/metaltale.com\/lv\/produkts\/metala-3d-glezna-loft-machine-100x75-cm\/\" \/>\n<meta property=\"og:locale\" content=\"lv_LV\" \/>\n<meta property=\"og:type\" content=\"article\" \/>\n<meta property=\"og:title\" content=\"Met\u0101la 3D glezna LOFT MACHINE 100x75 cm - MetalTale.com\" \/>\n<meta property=\"og:description\" content=\"Modelis PT. L22133 EAN. 5907772074718 Platums (cm) 100 Augstums (cm ) 75 Biezums (cm ) 4,5 Materi\u0101ls T\u0113rauds Formas Taisnst\u016bra\" \/>\n<meta property=\"og:url\" content=\"https:\/\/metaltale.com\/lv\/produkts\/metala-3d-glezna-loft-machine-100x75-cm\/\" \/>\n<meta property=\"og:site_name\" content=\"MetalTale.com\" \/>\n<meta name=\"twitter:card\" content=\"summary_large_image\" \/>\n<meta name=\"twitter:label1\" content=\"Est. reading time\" \/>\n\t<meta name=\"twitter:data1\" content=\"1 minute\" \/>\n<script type=\"application\/ld+json\" class=\"yoast-schema-graph\">{\"@context\":\"https:\/\/schema.org\",\"@graph\":[{\"@type\":\"WebPage\",\"@id\":\"https:\/\/metaltale.com\/lv\/produkts\/metala-3d-glezna-loft-machine-100x75-cm\/\",\"url\":\"https:\/\/metaltale.com\/lv\/produkts\/metala-3d-glezna-loft-machine-100x75-cm\/\",\"name\":\"Met\u0101la 3D glezna LOFT MACHINE 100x75 cm - MetalTale.com\",\"isPartOf\":{\"@id\":\"https:\/\/metaltale.com\/lv\/#website\"},\"primaryImageOfPage\":{\"@id\":\"https:\/\/metaltale.com\/lv\/produkts\/metala-3d-glezna-loft-machine-100x75-cm\/#primaryimage\"},\"image\":{\"@id\":\"https:\/\/metaltale.com\/lv\/produkts\/metala-3d-glezna-loft-machine-100x75-cm\/#primaryimage\"},\"thumbnailUrl\":\"https:\/\/metaltale.com\/wp-content\/uploads\/2023\/11\/3D-vaizdas-LOFTO-STIEBAS.jpg\",\"datePublished\":\"2024-02-13T13:01:05+00:00\",\"breadcrumb\":{\"@id\":\"https:\/\/metaltale.com\/lv\/produkts\/metala-3d-glezna-loft-machine-100x75-cm\/#breadcrumb\"},\"inLanguage\":\"lv-LV\",\"potentialAction\":[{\"@type\":\"ReadAction\",\"target\":[\"https:\/\/metaltale.com\/lv\/produkts\/metala-3d-glezna-loft-machine-100x75-cm\/\"]}]},{\"@type\":\"ImageObject\",\"inLanguage\":\"lv-LV\",\"@id\":\"https:\/\/metaltale.com\/lv\/produkts\/metala-3d-glezna-loft-machine-100x75-cm\/#primaryimage\",\"url\":\"https:\/\/metaltale.com\/wp-content\/uploads\/2023\/11\/3D-vaizdas-LOFTO-STIEBAS.jpg\",\"contentUrl\":\"https:\/\/metaltale.com\/wp-content\/uploads\/2023\/11\/3D-vaizdas-LOFTO-STIEBAS.jpg\",\"width\":800,\"height\":800},{\"@type\":\"BreadcrumbList\",\"@id\":\"https:\/\/metaltale.com\/lv\/produkts\/metala-3d-glezna-loft-machine-100x75-cm\/#breadcrumb\",\"itemListElement\":[{\"@type\":\"ListItem\",\"position\":1,\"name\":\"Home\",\"item\":\"https:\/\/metaltale.com\/lv\/majas\/\"},{\"@type\":\"ListItem\",\"position\":2,\"name\":\"Veikals\",\"item\":\"https:\/\/metaltale.com\/lv\/shop\/\"},{\"@type\":\"ListItem\",\"position\":3,\"name\":\"Met\u0101la 3D glezna LOFT MACHINE 100&#215;75 cm\"}]},{\"@type\":\"WebSite\",\"@id\":\"https:\/\/metaltale.com\/lv\/#website\",\"url\":\"https:\/\/metaltale.com\/lv\/\",\"name\":\"Metaltale.com\",\"description\":\"\",\"potentialAction\":[{\"@type\":\"SearchAction\",\"target\":{\"@type\":\"EntryPoint\",\"urlTemplate\":\"https:\/\/metaltale.com\/lv\/?s={search_term_string}\"},\"query-input\":{\"@type\":\"PropertyValueSpecification\",\"valueRequired\":true,\"valueName\":\"search_term_string\"}}],\"inLanguage\":\"lv-LV\"}]}<\/script>\n<!-- \/ Yoast SEO plugin. -->","yoast_head_json":{"title":"Met\u0101la 3D glezna LOFT MACHINE 100x75 cm - MetalTale.com","robots":{"index":"index","follow":"follow","max-snippet":"max-snippet:-1","max-image-preview":"max-image-preview:large","max-video-preview":"max-video-preview:-1"},"canonical":"https:\/\/metaltale.com\/lv\/produkts\/metala-3d-glezna-loft-machine-100x75-cm\/","og_locale":"lv_LV","og_type":"article","og_title":"Met\u0101la 3D glezna LOFT MACHINE 100x75 cm - MetalTale.com","og_description":"Modelis PT. L22133 EAN. 5907772074718 Platums (cm) 100 Augstums (cm ) 75 Biezums (cm ) 4,5 Materi\u0101ls T\u0113rauds Formas Taisnst\u016bra","og_url":"https:\/\/metaltale.com\/lv\/produkts\/metala-3d-glezna-loft-machine-100x75-cm\/","og_site_name":"MetalTale.com","twitter_card":"summary_large_image","twitter_misc":{"Est. reading time":"1 minute"},"schema":{"@context":"https:\/\/schema.org","@graph":[{"@type":"WebPage","@id":"https:\/\/metaltale.com\/lv\/produkts\/metala-3d-glezna-loft-machine-100x75-cm\/","url":"https:\/\/metaltale.com\/lv\/produkts\/metala-3d-glezna-loft-machine-100x75-cm\/","name":"Met\u0101la 3D glezna LOFT MACHINE 100x75 cm - MetalTale.com","isPartOf":{"@id":"https:\/\/metaltale.com\/lv\/#website"},"primaryImageOfPage":{"@id":"https:\/\/metaltale.com\/lv\/produkts\/metala-3d-glezna-loft-machine-100x75-cm\/#primaryimage"},"image":{"@id":"https:\/\/metaltale.com\/lv\/produkts\/metala-3d-glezna-loft-machine-100x75-cm\/#primaryimage"},"thumbnailUrl":"https:\/\/metaltale.com\/wp-content\/uploads\/2023\/11\/3D-vaizdas-LOFTO-STIEBAS.jpg","datePublished":"2024-02-13T13:01:05+00:00","breadcrumb":{"@id":"https:\/\/metaltale.com\/lv\/produkts\/metala-3d-glezna-loft-machine-100x75-cm\/#breadcrumb"},"inLanguage":"lv-LV","potentialAction":[{"@type":"ReadAction","target":["https:\/\/metaltale.com\/lv\/produkts\/metala-3d-glezna-loft-machine-100x75-cm\/"]}]},{"@type":"ImageObject","inLanguage":"lv-LV","@id":"https:\/\/metaltale.com\/lv\/produkts\/metala-3d-glezna-loft-machine-100x75-cm\/#primaryimage","url":"https:\/\/metaltale.com\/wp-content\/uploads\/2023\/11\/3D-vaizdas-LOFTO-STIEBAS.jpg","contentUrl":"https:\/\/metaltale.com\/wp-content\/uploads\/2023\/11\/3D-vaizdas-LOFTO-STIEBAS.jpg","width":800,"height":800},{"@type":"BreadcrumbList","@id":"https:\/\/metaltale.com\/lv\/produkts\/metala-3d-glezna-loft-machine-100x75-cm\/#breadcrumb","itemListElement":[{"@type":"ListItem","position":1,"name":"Home","item":"https:\/\/metaltale.com\/lv\/majas\/"},{"@type":"ListItem","position":2,"name":"Veikals","item":"https:\/\/metaltale.com\/lv\/shop\/"},{"@type":"ListItem","position":3,"name":"Met\u0101la 3D glezna LOFT MACHINE 100&#215;75 cm"}]},{"@type":"WebSite","@id":"https:\/\/metaltale.com\/lv\/#website","url":"https:\/\/metaltale.com\/lv\/","name":"Metaltale.com","description":"","potentialAction":[{"@type":"SearchAction","target":{"@type":"EntryPoint","urlTemplate":"https:\/\/metaltale.com\/lv\/?s={search_term_string}"},"query-input":{"@type":"PropertyValueSpecification","valueRequired":true,"valueName":"search_term_string"}}],"inLanguage":"lv-LV"}]}},"_links":{"self":[{"href":"https:\/\/metaltale.com\/lv\/wp-json\/wp\/v2\/product\/135674","targetHints":{"allow":["GET"]}}],"collection":[{"href":"https:\/\/metaltale.com\/lv\/wp-json\/wp\/v2\/product"}],"about":[{"href":"https:\/\/metaltale.com\/lv\/wp-json\/wp\/v2\/types\/product"}],"replies":[{"embeddable":true,"href":"https:\/\/metaltale.com\/lv\/wp-json\/wp\/v2\/comments?post=135674"}],"version-history":[{"count":0,"href":"https:\/\/metaltale.com\/lv\/wp-json\/wp\/v2\/product\/135674\/revisions"}],"wp:featuredmedia":[{"embeddable":true,"href":"https:\/\/metaltale.com\/lv\/wp-json\/wp\/v2\/media\/103042"}],"wp:attachment":[{"href":"https:\/\/metaltale.com\/lv\/wp-json\/wp\/v2\/media?parent=135674"}],"wp:term":[{"taxonomy":"product_brand","embeddable":true,"href":"https:\/\/metaltale.com\/lv\/wp-json\/wp\/v2\/product_brand?post=135674"},{"taxonomy":"product_cat","embeddable":true,"href":"https:\/\/metaltale.com\/lv\/wp-json\/wp\/v2\/product_cat?post=135674"},{"taxonomy":"product_tag","embeddable":true,"href":"https:\/\/metaltale.com\/lv\/wp-json\/wp\/v2\/product_tag?post=135674"}],"curies":[{"name":"wp","href":"https:\/\/api.w.org\/{rel}","templated":true}]}}