{"id":135668,"date":"2024-02-13T15:01:05","date_gmt":"2024-02-13T13:01:05","guid":{"rendered":"https:\/\/metaltale.com\/produktas\/metala-3d-loft-violinas-pilditaja-attels-100x100-cm\/"},"modified":"2024-02-13T15:01:05","modified_gmt":"2024-02-13T13:01:05","slug":"metala-3d-loft-violinas-pilditaja-attels-100x100-cm","status":"publish","type":"product","link":"https:\/\/metaltale.com\/lv\/produkts\/metala-3d-loft-violinas-pilditaja-attels-100x100-cm\/","title":{"rendered":"Met\u0101la 3D LOFT VIOL\u012aNAS PILD\u012aT\u0100JA att\u0113ls 100&#215;100 cm"},"content":{"rendered":"<div class=\"prod_data\">\n<p><strong>Modelis<\/strong> PT. A22012<br \/>\n<strong>EAN.<\/strong>  5907772074695<br \/>\n<strong>Platums (cm)<\/strong> 100<br \/>\n<strong>Augstums (cm<\/strong> ) 100<br \/>\n<strong>Biezums (cm<\/strong> ) 2<br \/>\n<strong>Materi\u0101ls<\/strong> T\u0113rauds<br \/>\n<strong>Forma<\/strong> Kvadr\u0101ts<br \/>\nOrient\u0101cija Vertik\u0101l\u0101<br \/>\nCilv\u0113ki ar mot\u012bviem<\/p>\n<p>&#8211; met\u0101la 3D att\u0113ls no p\u0101rstr\u0101d\u0101ta t\u0113rauda<br \/>\n&#8211; \u012astas p\u0101rkares satrieco\u0161am tr\u012bsdimensiju efektam<br \/>\n&#8211; kr\u0101sas, ko rada kr\u0101sa vai dabiska kr\u0101sas mai\u0146a un korozija.<br \/>\n&#8211; impregn\u0113\u0161ana ar caursp\u012bd\u012bgu laku garant\u0113 kr\u0101sas notur\u012bbu un iztur\u012bbu pret skr\u0101p\u0113jumiem.<br \/>\n&#8211; att\u0113l\u0101 redzama vijolniece sarkan\u0101 kleit\u0101.<\/p>\n<hr>\n<p>3D met\u0101la telpiskais att\u0113ls ir \u012bsts m\u0101kslas darbs, kas ar savu izpild\u012bjumu iepriecin\u0101s ikvienu. Izgatavots saska\u0146\u0101 ar manufakt\u016bras principiem, izmantojot t\u0113raudu. Tas iepriecin\u0101s ne tikai m\u0101kslas cien\u012bt\u0101jus, bet ar\u012b ikvienu, kas nov\u0113rt\u0113 ori\u0123in\u0101lus interjera dekorus.<br \/>\nT\u0101 smagums un izmantot\u0101s kr\u0101sas padara to piem\u0113rotu gan lauku, gan b\u0113ni\u0146u stilam. Spilgtu uzman\u012bbu piesaista sarkan\u0101 kr\u0101sa, kas izmantota vijolnieces t\u0113rp\u0101. Glezna ir ar\u012b lieliska d\u0101vin\u0101juma ideja, kas j\u016bsu interjeru rot\u0101s gadiem ilgi. M\u0101kslas darbu piestiprin\u0101\u0161ana ir iesp\u0113jama, pateicoties komplekt\u0101 iek\u013cautajiem stiprin\u0101jumiem.<\/p>\n<\/div>\n","protected":false},"excerpt":{"rendered":"<p>Modelis PT. A22012 EAN. 5907772074695 Platums (cm) 100 Augstums (cm ) 100 Biezums (cm ) 2 Materi\u0101ls T\u0113rauds Forma Kvadr\u0101ts<\/p>\n","protected":false},"featured_media":74077,"comment_status":"open","ping_status":"closed","template":"","meta":{"_acf_changed":false,"pmpro_default_level":""},"product_brand":[],"product_cat":[24055,23908],"product_tag":[],"class_list":{"0":"post-135668","1":"product","2":"type-product","3":"status-publish","4":"has-post-thumbnail","6":"product_cat-rotajumi","7":"product_cat-3d-paveikslai-lv","8":"pmpro-has-access","10":"first","11":"instock","12":"shipping-taxable","13":"purchasable","14":"product-type-simple"},"acf":[],"yoast_head":"<!-- This site is optimized with the Yoast SEO plugin v24.9 - https:\/\/yoast.com\/wordpress\/plugins\/seo\/ -->\n<title>Met\u0101la 3D LOFT VIOL\u012aNAS PILD\u012aT\u0100JA att\u0113ls 100x100 cm - MetalTale.com<\/title>\n<meta name=\"robots\" content=\"index, follow, max-snippet:-1, max-image-preview:large, max-video-preview:-1\" \/>\n<link rel=\"canonical\" href=\"https:\/\/metaltale.com\/lv\/produkts\/metala-3d-loft-violinas-pilditaja-attels-100x100-cm\/\" \/>\n<meta property=\"og:locale\" content=\"lv_LV\" \/>\n<meta property=\"og:type\" content=\"article\" \/>\n<meta property=\"og:title\" content=\"Met\u0101la 3D LOFT VIOL\u012aNAS PILD\u012aT\u0100JA att\u0113ls 100x100 cm - MetalTale.com\" \/>\n<meta property=\"og:description\" content=\"Modelis PT. A22012 EAN. 5907772074695 Platums (cm) 100 Augstums (cm ) 100 Biezums (cm ) 2 Materi\u0101ls T\u0113rauds Forma Kvadr\u0101ts\" \/>\n<meta property=\"og:url\" content=\"https:\/\/metaltale.com\/lv\/produkts\/metala-3d-loft-violinas-pilditaja-attels-100x100-cm\/\" \/>\n<meta property=\"og:site_name\" content=\"MetalTale.com\" \/>\n<meta name=\"twitter:card\" content=\"summary_large_image\" \/>\n<meta name=\"twitter:label1\" content=\"Est. reading time\" \/>\n\t<meta name=\"twitter:data1\" content=\"1 minute\" \/>\n<script type=\"application\/ld+json\" class=\"yoast-schema-graph\">{\"@context\":\"https:\/\/schema.org\",\"@graph\":[{\"@type\":\"WebPage\",\"@id\":\"https:\/\/metaltale.com\/lv\/produkts\/metala-3d-loft-violinas-pilditaja-attels-100x100-cm\/\",\"url\":\"https:\/\/metaltale.com\/lv\/produkts\/metala-3d-loft-violinas-pilditaja-attels-100x100-cm\/\",\"name\":\"Met\u0101la 3D LOFT VIOL\u012aNAS PILD\u012aT\u0100JA att\u0113ls 100x100 cm - MetalTale.com\",\"isPartOf\":{\"@id\":\"https:\/\/metaltale.com\/lv\/#website\"},\"primaryImageOfPage\":{\"@id\":\"https:\/\/metaltale.com\/lv\/produkts\/metala-3d-loft-violinas-pilditaja-attels-100x100-cm\/#primaryimage\"},\"image\":{\"@id\":\"https:\/\/metaltale.com\/lv\/produkts\/metala-3d-loft-violinas-pilditaja-attels-100x100-cm\/#primaryimage\"},\"thumbnailUrl\":\"https:\/\/metaltale.com\/wp-content\/uploads\/2023\/09\/3D-vaizdas-LOFTAS-SMUIKININKAS.jpg\",\"datePublished\":\"2024-02-13T13:01:05+00:00\",\"breadcrumb\":{\"@id\":\"https:\/\/metaltale.com\/lv\/produkts\/metala-3d-loft-violinas-pilditaja-attels-100x100-cm\/#breadcrumb\"},\"inLanguage\":\"lv-LV\",\"potentialAction\":[{\"@type\":\"ReadAction\",\"target\":[\"https:\/\/metaltale.com\/lv\/produkts\/metala-3d-loft-violinas-pilditaja-attels-100x100-cm\/\"]}]},{\"@type\":\"ImageObject\",\"inLanguage\":\"lv-LV\",\"@id\":\"https:\/\/metaltale.com\/lv\/produkts\/metala-3d-loft-violinas-pilditaja-attels-100x100-cm\/#primaryimage\",\"url\":\"https:\/\/metaltale.com\/wp-content\/uploads\/2023\/09\/3D-vaizdas-LOFTAS-SMUIKININKAS.jpg\",\"contentUrl\":\"https:\/\/metaltale.com\/wp-content\/uploads\/2023\/09\/3D-vaizdas-LOFTAS-SMUIKININKAS.jpg\",\"width\":800,\"height\":800},{\"@type\":\"BreadcrumbList\",\"@id\":\"https:\/\/metaltale.com\/lv\/produkts\/metala-3d-loft-violinas-pilditaja-attels-100x100-cm\/#breadcrumb\",\"itemListElement\":[{\"@type\":\"ListItem\",\"position\":1,\"name\":\"Home\",\"item\":\"https:\/\/metaltale.com\/lv\/majas\/\"},{\"@type\":\"ListItem\",\"position\":2,\"name\":\"Veikals\",\"item\":\"https:\/\/metaltale.com\/lv\/shop\/\"},{\"@type\":\"ListItem\",\"position\":3,\"name\":\"Met\u0101la 3D LOFT VIOL\u012aNAS PILD\u012aT\u0100JA att\u0113ls 100&#215;100 cm\"}]},{\"@type\":\"WebSite\",\"@id\":\"https:\/\/metaltale.com\/lv\/#website\",\"url\":\"https:\/\/metaltale.com\/lv\/\",\"name\":\"Metaltale.com\",\"description\":\"\",\"potentialAction\":[{\"@type\":\"SearchAction\",\"target\":{\"@type\":\"EntryPoint\",\"urlTemplate\":\"https:\/\/metaltale.com\/lv\/?s={search_term_string}\"},\"query-input\":{\"@type\":\"PropertyValueSpecification\",\"valueRequired\":true,\"valueName\":\"search_term_string\"}}],\"inLanguage\":\"lv-LV\"}]}<\/script>\n<!-- \/ Yoast SEO plugin. -->","yoast_head_json":{"title":"Met\u0101la 3D LOFT VIOL\u012aNAS PILD\u012aT\u0100JA att\u0113ls 100x100 cm - MetalTale.com","robots":{"index":"index","follow":"follow","max-snippet":"max-snippet:-1","max-image-preview":"max-image-preview:large","max-video-preview":"max-video-preview:-1"},"canonical":"https:\/\/metaltale.com\/lv\/produkts\/metala-3d-loft-violinas-pilditaja-attels-100x100-cm\/","og_locale":"lv_LV","og_type":"article","og_title":"Met\u0101la 3D LOFT VIOL\u012aNAS PILD\u012aT\u0100JA att\u0113ls 100x100 cm - MetalTale.com","og_description":"Modelis PT. A22012 EAN. 5907772074695 Platums (cm) 100 Augstums (cm ) 100 Biezums (cm ) 2 Materi\u0101ls T\u0113rauds Forma Kvadr\u0101ts","og_url":"https:\/\/metaltale.com\/lv\/produkts\/metala-3d-loft-violinas-pilditaja-attels-100x100-cm\/","og_site_name":"MetalTale.com","twitter_card":"summary_large_image","twitter_misc":{"Est. reading time":"1 minute"},"schema":{"@context":"https:\/\/schema.org","@graph":[{"@type":"WebPage","@id":"https:\/\/metaltale.com\/lv\/produkts\/metala-3d-loft-violinas-pilditaja-attels-100x100-cm\/","url":"https:\/\/metaltale.com\/lv\/produkts\/metala-3d-loft-violinas-pilditaja-attels-100x100-cm\/","name":"Met\u0101la 3D LOFT VIOL\u012aNAS PILD\u012aT\u0100JA att\u0113ls 100x100 cm - MetalTale.com","isPartOf":{"@id":"https:\/\/metaltale.com\/lv\/#website"},"primaryImageOfPage":{"@id":"https:\/\/metaltale.com\/lv\/produkts\/metala-3d-loft-violinas-pilditaja-attels-100x100-cm\/#primaryimage"},"image":{"@id":"https:\/\/metaltale.com\/lv\/produkts\/metala-3d-loft-violinas-pilditaja-attels-100x100-cm\/#primaryimage"},"thumbnailUrl":"https:\/\/metaltale.com\/wp-content\/uploads\/2023\/09\/3D-vaizdas-LOFTAS-SMUIKININKAS.jpg","datePublished":"2024-02-13T13:01:05+00:00","breadcrumb":{"@id":"https:\/\/metaltale.com\/lv\/produkts\/metala-3d-loft-violinas-pilditaja-attels-100x100-cm\/#breadcrumb"},"inLanguage":"lv-LV","potentialAction":[{"@type":"ReadAction","target":["https:\/\/metaltale.com\/lv\/produkts\/metala-3d-loft-violinas-pilditaja-attels-100x100-cm\/"]}]},{"@type":"ImageObject","inLanguage":"lv-LV","@id":"https:\/\/metaltale.com\/lv\/produkts\/metala-3d-loft-violinas-pilditaja-attels-100x100-cm\/#primaryimage","url":"https:\/\/metaltale.com\/wp-content\/uploads\/2023\/09\/3D-vaizdas-LOFTAS-SMUIKININKAS.jpg","contentUrl":"https:\/\/metaltale.com\/wp-content\/uploads\/2023\/09\/3D-vaizdas-LOFTAS-SMUIKININKAS.jpg","width":800,"height":800},{"@type":"BreadcrumbList","@id":"https:\/\/metaltale.com\/lv\/produkts\/metala-3d-loft-violinas-pilditaja-attels-100x100-cm\/#breadcrumb","itemListElement":[{"@type":"ListItem","position":1,"name":"Home","item":"https:\/\/metaltale.com\/lv\/majas\/"},{"@type":"ListItem","position":2,"name":"Veikals","item":"https:\/\/metaltale.com\/lv\/shop\/"},{"@type":"ListItem","position":3,"name":"Met\u0101la 3D LOFT VIOL\u012aNAS PILD\u012aT\u0100JA att\u0113ls 100&#215;100 cm"}]},{"@type":"WebSite","@id":"https:\/\/metaltale.com\/lv\/#website","url":"https:\/\/metaltale.com\/lv\/","name":"Metaltale.com","description":"","potentialAction":[{"@type":"SearchAction","target":{"@type":"EntryPoint","urlTemplate":"https:\/\/metaltale.com\/lv\/?s={search_term_string}"},"query-input":{"@type":"PropertyValueSpecification","valueRequired":true,"valueName":"search_term_string"}}],"inLanguage":"lv-LV"}]}},"_links":{"self":[{"href":"https:\/\/metaltale.com\/lv\/wp-json\/wp\/v2\/product\/135668","targetHints":{"allow":["GET"]}}],"collection":[{"href":"https:\/\/metaltale.com\/lv\/wp-json\/wp\/v2\/product"}],"about":[{"href":"https:\/\/metaltale.com\/lv\/wp-json\/wp\/v2\/types\/product"}],"replies":[{"embeddable":true,"href":"https:\/\/metaltale.com\/lv\/wp-json\/wp\/v2\/comments?post=135668"}],"version-history":[{"count":0,"href":"https:\/\/metaltale.com\/lv\/wp-json\/wp\/v2\/product\/135668\/revisions"}],"wp:featuredmedia":[{"embeddable":true,"href":"https:\/\/metaltale.com\/lv\/wp-json\/wp\/v2\/media\/74077"}],"wp:attachment":[{"href":"https:\/\/metaltale.com\/lv\/wp-json\/wp\/v2\/media?parent=135668"}],"wp:term":[{"taxonomy":"product_brand","embeddable":true,"href":"https:\/\/metaltale.com\/lv\/wp-json\/wp\/v2\/product_brand?post=135668"},{"taxonomy":"product_cat","embeddable":true,"href":"https:\/\/metaltale.com\/lv\/wp-json\/wp\/v2\/product_cat?post=135668"},{"taxonomy":"product_tag","embeddable":true,"href":"https:\/\/metaltale.com\/lv\/wp-json\/wp\/v2\/product_tag?post=135668"}],"curies":[{"name":"wp","href":"https:\/\/api.w.org\/{rel}","templated":true}]}}