{"id":135652,"date":"2024-02-13T13:21:05","date_gmt":"2024-02-13T11:21:05","guid":{"rendered":"https:\/\/metaltale.com\/produktas\/metala-galda-kaja-valot-melna\/"},"modified":"2024-02-13T13:21:05","modified_gmt":"2024-02-13T11:21:05","slug":"metala-galda-kaja-valot-melna","status":"publish","type":"product","link":"https:\/\/metaltale.com\/lv\/produkts\/metala-galda-kaja-valot-melna\/","title":{"rendered":"Met\u0101la galda k\u0101ja VALOT, melna"},"content":{"rendered":"<div class=\"prod_data\">\n<p>ZA <strong>modelis<\/strong>. N03. NDS<br \/>\n<strong>Materi\u0101ls<\/strong> T\u0113rauds<br \/>\n<strong>Biezums (cm<\/strong> ) 8<br \/>\n<strong>Materi\u0101la biezums (cm<\/strong> ) PROFILS 4 x 2<br \/>\n<strong>Kop\u0113jais augstums (cm<\/strong> ) 72<br \/>\n<strong>Kop\u0113jais platums (cm<\/strong> ) 75<br \/>\nMont\u0101\u017eas skr\u016bves N\u0113<br \/>\n<strong>Kr\u0101sa<\/strong> Melna<br \/>\nDaudzums komplekt\u0101 1 gab.<\/p>\n<p>&#8211; t\u0113rauda galda k\u0101ja &#8211; stabila pamatne galda virsmai.<br \/>\n&#8211; melna met\u0101la k\u0101ja ar pulverkr\u0101sas p\u0101rkl\u0101jumu, \u013coti iztur\u012bga pret skr\u0101p\u0113jumiem.<br \/>\n&#8211; izstr\u0101d\u0101jumu kr\u0101sa var at\u0161\u0137irties no galerij\u0101 redzamajiem att\u0113liem individu\u0101lu monitora iestat\u012bjumu un materi\u0101lu \u012bpa\u0161\u012bbu d\u0113\u013c &#8211; t\u0113rauds ir neapstr\u0101d\u0101ts materi\u0101ls, kura kr\u0101sa, tonis un tekst\u016bra var at\u0161\u0137irties no parauga uz paraugu vai no partijas uz partiju.<\/p>\n<hr>\n<p>Galda k\u0101jas, kas veido stabilu un stabilu pamatu lielam koka galda virsmam, ir ide\u0101ls risin\u0101jums. Ierosin\u0101t\u0101s k\u0101jas vienk\u0101r\u0161\u0101, ta\u010du intri\u0123\u0113jo\u0161\u0101 forma noteikti k\u013c\u016bs par vienu no galvenajiem interjera elementiem. Unik\u0101l\u0101 dizaina un klasisk\u0101 skaistuma d\u0113\u013c \u0161o t\u0113rauda k\u0101ju var izmantot ar\u012b k\u0101 rakst\u0101mgalda vai tualetes galdi\u0146a pamatni. \u0160is modelis lieliski iederas retro un industri\u0101lajos interjeros, un tas ir pieejams ar\u012b div\u0101s kr\u0101s\u0101s. T\u0113raudam ar redzam\u0101m noveco\u0161anas paz\u012bm\u0113m un \u0161uv\u0113m piem\u012bt tipisks vecas r\u016bpn\u012bcas raksturs. Pulverkr\u0101sain\u0101 meln\u0101 kr\u0101sa ir m\u016b\u017eam eleganta un daudzpus\u012bga. Valot galda met\u0101la k\u0101jas, kas izgatavotas no 4 x 2 cm profiliem, nodro\u0161ina stabilu un iztur\u012bgu pamatu galda virsmai, vienlaikus sniedzot iesp\u0113ju izveidot unik\u0101lu un ori\u0123in\u0101lu m\u0113beli, kas m\u0101j\u0101s kalpos daudzus gadus. Augstas kvalit\u0101tes produkts ir apmierin\u0101t\u012bbas garantija.<\/p>\n<\/div>\n","protected":false},"excerpt":{"rendered":"<p>ZA modelis. N03. NDS Materi\u0101ls T\u0113rauds Biezums (cm ) 8 Materi\u0101la biezums (cm ) PROFILS 4 x 2 Kop\u0113jais augstums<\/p>\n","protected":false},"featured_media":76240,"comment_status":"open","ping_status":"closed","template":"","meta":{"_acf_changed":false,"pmpro_default_level":""},"product_brand":[],"product_cat":[24056,23916],"product_tag":[],"class_list":{"0":"post-135652","1":"product","2":"type-product","3":"status-publish","4":"has-post-thumbnail","6":"product_cat-mebelu-kajas","7":"product_cat-stalo-kojos-lv","8":"pmpro-has-access","10":"first","11":"instock","12":"shipping-taxable","13":"purchasable","14":"product-type-simple"},"acf":[],"yoast_head":"<!-- This site is optimized with the Yoast SEO plugin v24.9 - https:\/\/yoast.com\/wordpress\/plugins\/seo\/ -->\n<title>Met\u0101la galda k\u0101ja VALOT, melna - MetalTale.com<\/title>\n<meta name=\"robots\" content=\"index, follow, max-snippet:-1, max-image-preview:large, max-video-preview:-1\" \/>\n<link rel=\"canonical\" href=\"https:\/\/metaltale.com\/lv\/produkts\/metala-galda-kaja-valot-melna\/\" \/>\n<meta property=\"og:locale\" content=\"lv_LV\" \/>\n<meta property=\"og:type\" content=\"article\" \/>\n<meta property=\"og:title\" content=\"Met\u0101la galda k\u0101ja VALOT, melna - MetalTale.com\" \/>\n<meta property=\"og:description\" content=\"ZA modelis. N03. NDS Materi\u0101ls T\u0113rauds Biezums (cm ) 8 Materi\u0101la biezums (cm ) PROFILS 4 x 2 Kop\u0113jais augstums\" \/>\n<meta property=\"og:url\" content=\"https:\/\/metaltale.com\/lv\/produkts\/metala-galda-kaja-valot-melna\/\" \/>\n<meta property=\"og:site_name\" content=\"MetalTale.com\" \/>\n<meta name=\"twitter:card\" content=\"summary_large_image\" \/>\n<meta name=\"twitter:label1\" content=\"Est. reading time\" \/>\n\t<meta name=\"twitter:data1\" content=\"1 minute\" \/>\n<script type=\"application\/ld+json\" class=\"yoast-schema-graph\">{\"@context\":\"https:\/\/schema.org\",\"@graph\":[{\"@type\":\"WebPage\",\"@id\":\"https:\/\/metaltale.com\/lv\/produkts\/metala-galda-kaja-valot-melna\/\",\"url\":\"https:\/\/metaltale.com\/lv\/produkts\/metala-galda-kaja-valot-melna\/\",\"name\":\"Met\u0101la galda k\u0101ja VALOT, melna - MetalTale.com\",\"isPartOf\":{\"@id\":\"https:\/\/metaltale.com\/lv\/#website\"},\"primaryImageOfPage\":{\"@id\":\"https:\/\/metaltale.com\/lv\/produkts\/metala-galda-kaja-valot-melna\/#primaryimage\"},\"image\":{\"@id\":\"https:\/\/metaltale.com\/lv\/produkts\/metala-galda-kaja-valot-melna\/#primaryimage\"},\"thumbnailUrl\":\"https:\/\/metaltale.com\/wp-content\/uploads\/2023\/10\/Koja-VALOT-BLACK.jpg\",\"datePublished\":\"2024-02-13T11:21:05+00:00\",\"breadcrumb\":{\"@id\":\"https:\/\/metaltale.com\/lv\/produkts\/metala-galda-kaja-valot-melna\/#breadcrumb\"},\"inLanguage\":\"lv-LV\",\"potentialAction\":[{\"@type\":\"ReadAction\",\"target\":[\"https:\/\/metaltale.com\/lv\/produkts\/metala-galda-kaja-valot-melna\/\"]}]},{\"@type\":\"ImageObject\",\"inLanguage\":\"lv-LV\",\"@id\":\"https:\/\/metaltale.com\/lv\/produkts\/metala-galda-kaja-valot-melna\/#primaryimage\",\"url\":\"https:\/\/metaltale.com\/wp-content\/uploads\/2023\/10\/Koja-VALOT-BLACK.jpg\",\"contentUrl\":\"https:\/\/metaltale.com\/wp-content\/uploads\/2023\/10\/Koja-VALOT-BLACK.jpg\",\"width\":1222,\"height\":1222,\"caption\":\"Met\u0101la galda k\u0101jas\"},{\"@type\":\"BreadcrumbList\",\"@id\":\"https:\/\/metaltale.com\/lv\/produkts\/metala-galda-kaja-valot-melna\/#breadcrumb\",\"itemListElement\":[{\"@type\":\"ListItem\",\"position\":1,\"name\":\"Home\",\"item\":\"https:\/\/metaltale.com\/lv\/majas\/\"},{\"@type\":\"ListItem\",\"position\":2,\"name\":\"Veikals\",\"item\":\"https:\/\/metaltale.com\/lv\/shop\/\"},{\"@type\":\"ListItem\",\"position\":3,\"name\":\"Met\u0101la galda k\u0101ja VALOT, melna\"}]},{\"@type\":\"WebSite\",\"@id\":\"https:\/\/metaltale.com\/lv\/#website\",\"url\":\"https:\/\/metaltale.com\/lv\/\",\"name\":\"Metaltale.com\",\"description\":\"\",\"potentialAction\":[{\"@type\":\"SearchAction\",\"target\":{\"@type\":\"EntryPoint\",\"urlTemplate\":\"https:\/\/metaltale.com\/lv\/?s={search_term_string}\"},\"query-input\":{\"@type\":\"PropertyValueSpecification\",\"valueRequired\":true,\"valueName\":\"search_term_string\"}}],\"inLanguage\":\"lv-LV\"}]}<\/script>\n<!-- \/ Yoast SEO plugin. -->","yoast_head_json":{"title":"Met\u0101la galda k\u0101ja VALOT, melna - MetalTale.com","robots":{"index":"index","follow":"follow","max-snippet":"max-snippet:-1","max-image-preview":"max-image-preview:large","max-video-preview":"max-video-preview:-1"},"canonical":"https:\/\/metaltale.com\/lv\/produkts\/metala-galda-kaja-valot-melna\/","og_locale":"lv_LV","og_type":"article","og_title":"Met\u0101la galda k\u0101ja VALOT, melna - MetalTale.com","og_description":"ZA modelis. N03. NDS Materi\u0101ls T\u0113rauds Biezums (cm ) 8 Materi\u0101la biezums (cm ) PROFILS 4 x 2 Kop\u0113jais augstums","og_url":"https:\/\/metaltale.com\/lv\/produkts\/metala-galda-kaja-valot-melna\/","og_site_name":"MetalTale.com","twitter_card":"summary_large_image","twitter_misc":{"Est. reading time":"1 minute"},"schema":{"@context":"https:\/\/schema.org","@graph":[{"@type":"WebPage","@id":"https:\/\/metaltale.com\/lv\/produkts\/metala-galda-kaja-valot-melna\/","url":"https:\/\/metaltale.com\/lv\/produkts\/metala-galda-kaja-valot-melna\/","name":"Met\u0101la galda k\u0101ja VALOT, melna - MetalTale.com","isPartOf":{"@id":"https:\/\/metaltale.com\/lv\/#website"},"primaryImageOfPage":{"@id":"https:\/\/metaltale.com\/lv\/produkts\/metala-galda-kaja-valot-melna\/#primaryimage"},"image":{"@id":"https:\/\/metaltale.com\/lv\/produkts\/metala-galda-kaja-valot-melna\/#primaryimage"},"thumbnailUrl":"https:\/\/metaltale.com\/wp-content\/uploads\/2023\/10\/Koja-VALOT-BLACK.jpg","datePublished":"2024-02-13T11:21:05+00:00","breadcrumb":{"@id":"https:\/\/metaltale.com\/lv\/produkts\/metala-galda-kaja-valot-melna\/#breadcrumb"},"inLanguage":"lv-LV","potentialAction":[{"@type":"ReadAction","target":["https:\/\/metaltale.com\/lv\/produkts\/metala-galda-kaja-valot-melna\/"]}]},{"@type":"ImageObject","inLanguage":"lv-LV","@id":"https:\/\/metaltale.com\/lv\/produkts\/metala-galda-kaja-valot-melna\/#primaryimage","url":"https:\/\/metaltale.com\/wp-content\/uploads\/2023\/10\/Koja-VALOT-BLACK.jpg","contentUrl":"https:\/\/metaltale.com\/wp-content\/uploads\/2023\/10\/Koja-VALOT-BLACK.jpg","width":1222,"height":1222,"caption":"Met\u0101la galda k\u0101jas"},{"@type":"BreadcrumbList","@id":"https:\/\/metaltale.com\/lv\/produkts\/metala-galda-kaja-valot-melna\/#breadcrumb","itemListElement":[{"@type":"ListItem","position":1,"name":"Home","item":"https:\/\/metaltale.com\/lv\/majas\/"},{"@type":"ListItem","position":2,"name":"Veikals","item":"https:\/\/metaltale.com\/lv\/shop\/"},{"@type":"ListItem","position":3,"name":"Met\u0101la galda k\u0101ja VALOT, melna"}]},{"@type":"WebSite","@id":"https:\/\/metaltale.com\/lv\/#website","url":"https:\/\/metaltale.com\/lv\/","name":"Metaltale.com","description":"","potentialAction":[{"@type":"SearchAction","target":{"@type":"EntryPoint","urlTemplate":"https:\/\/metaltale.com\/lv\/?s={search_term_string}"},"query-input":{"@type":"PropertyValueSpecification","valueRequired":true,"valueName":"search_term_string"}}],"inLanguage":"lv-LV"}]}},"_links":{"self":[{"href":"https:\/\/metaltale.com\/lv\/wp-json\/wp\/v2\/product\/135652","targetHints":{"allow":["GET"]}}],"collection":[{"href":"https:\/\/metaltale.com\/lv\/wp-json\/wp\/v2\/product"}],"about":[{"href":"https:\/\/metaltale.com\/lv\/wp-json\/wp\/v2\/types\/product"}],"replies":[{"embeddable":true,"href":"https:\/\/metaltale.com\/lv\/wp-json\/wp\/v2\/comments?post=135652"}],"version-history":[{"count":0,"href":"https:\/\/metaltale.com\/lv\/wp-json\/wp\/v2\/product\/135652\/revisions"}],"wp:featuredmedia":[{"embeddable":true,"href":"https:\/\/metaltale.com\/lv\/wp-json\/wp\/v2\/media\/76240"}],"wp:attachment":[{"href":"https:\/\/metaltale.com\/lv\/wp-json\/wp\/v2\/media?parent=135652"}],"wp:term":[{"taxonomy":"product_brand","embeddable":true,"href":"https:\/\/metaltale.com\/lv\/wp-json\/wp\/v2\/product_brand?post=135652"},{"taxonomy":"product_cat","embeddable":true,"href":"https:\/\/metaltale.com\/lv\/wp-json\/wp\/v2\/product_cat?post=135652"},{"taxonomy":"product_tag","embeddable":true,"href":"https:\/\/metaltale.com\/lv\/wp-json\/wp\/v2\/product_tag?post=135652"}],"curies":[{"name":"wp","href":"https:\/\/api.w.org\/{rel}","templated":true}]}}